{"id":7988,"date":"2024-12-21T16:33:28","date_gmt":"2024-12-21T15:33:28","guid":{"rendered":"https:\/\/anguilleresponsable.com\/?page_id=7988"},"modified":"2024-12-27T08:08:15","modified_gmt":"2024-12-27T07:08:15","slug":"standard-afpmar","status":"publish","type":"page","link":"https:\/\/anguilleresponsable.com\/index.php\/standard-afpmar\/","title":{"rendered":"Standard AFPMAR"},"content":{"rendered":"<p>Le standard AFPMAR comprend deux \u00e9l\u00e9ments :<\/p>\n<p>1 &#8211; Un tableau de crit\u00e8res avec les contr\u00f4les assur\u00e9s par les services de l\u2019\u00c9tat seuls habilit\u00e9s \u00e0 faire ces contr\u00f4les sur le terrain durant la saison de p\u00eache ou chez les mareyeurs qui assurent le stockage des poissons et les transports vers l&rsquo;utilisateur final.<\/p>\n<p>Notez qu&rsquo;il n&rsquo;existe aucune autre structure habilit\u00e9e \u00e0 faire les contr\u00f4les n\u00e9cessaires \u00e0 assurer la l\u00e9galit\u00e9 de la p\u00eache, du transport, du mareyage ainsi que la tra\u00e7abilit\u00e9 des produits de la capture jusqu&rsquo;\u00e0 l&rsquo;utilisateur final pour le repeuplement ou la consommation. <a href=\"https:\/\/anguilleresponsable.com\/index.php\/criteres-et-controles\/\">crit\u00e8res et contr\u00f4les &#8211; Anguille Responsable<\/a><\/p>\n<p>2 &#8211; Un certificat de garantie avec le num\u00e9ro de l&rsquo;adh\u00e9rent assurant la capture ou le mareyage de la civelle et\/ou des autres stades de capture. La qualit\u00e9 des individus est assur\u00e9e par le mareyeur affili\u00e9 \u00e0 l&rsquo;AFPMAR. <a href=\"https:\/\/anguilleresponsable.com\/index.php\/certificat-de-garantie-afpmar\/\">Certificat de garantie AFPMAR &#8211; Anguille Responsable<\/a><\/p>\n","protected":false},"excerpt":{"rendered":"Le standard AFPMAR comprend deux \u00e9l\u00e9ments : 1 &#8211; Un tableau de crit\u00e8res avec les contr\u00f4les assur\u00e9s par les services de l\u2019\u00c9tat seuls habilit\u00e9s \u00e0 faire ces contr\u00f4les sur le terrain durant la saison de p\u00eache ou chez les mareyeurs qui assurent le stockage des poissons et les transports vers l&rsquo;utilisateur final. Notez qu&rsquo;il n&rsquo;existe ","protected":false},"author":2,"featured_media":0,"parent":0,"menu_order":0,"comment_status":"closed","ping_status":"closed","template":"","meta":{"footnotes":""},"class_list":["post-7988","page","type-page","status-publish","hentry"],"yoast_head":"<!-- This site is optimized with the Yoast SEO plugin v27.4 - https:\/\/yoast.com\/product\/yoast-seo-wordpress\/ -->\n<title>Standard AFPMAR - Anguille Responsable<\/title>\n<meta name=\"robots\" content=\"index, follow, max-snippet:-1, max-image-preview:large, max-video-preview:-1\" \/>\n<link rel=\"canonical\" href=\"https:\/\/anguilleresponsable.com\/index.php\/standard-afpmar\/\" \/>\n<meta property=\"og:locale\" content=\"fr_FR\" \/>\n<meta property=\"og:type\" content=\"article\" \/>\n<meta property=\"og:title\" content=\"Standard AFPMAR - Anguille Responsable\" \/>\n<meta property=\"og:description\" content=\"Le standard AFPMAR comprend deux \u00e9l\u00e9ments : 1 &#8211; Un tableau de crit\u00e8res avec les contr\u00f4les assur\u00e9s par les services de l\u2019\u00c9tat seuls habilit\u00e9s \u00e0 faire ces contr\u00f4les sur le terrain durant la saison de p\u00eache ou chez les mareyeurs qui assurent le stockage des poissons et les transports vers l&rsquo;utilisateur final. Notez qu&rsquo;il n&rsquo;existe\" \/>\n<meta property=\"og:url\" content=\"https:\/\/anguilleresponsable.com\/index.php\/standard-afpmar\/\" \/>\n<meta property=\"og:site_name\" content=\"Anguille Responsable\" \/>\n<meta property=\"article:modified_time\" content=\"2024-12-27T07:08:15+00:00\" \/>\n<meta property=\"og:image\" content=\"https:\/\/anguilleresponsable.com\/wp-content\/uploads\/2024\/06\/marqueAFPMAR.jpg\" \/>\n\t<meta property=\"og:image:width\" content=\"1563\" \/>\n\t<meta property=\"og:image:height\" content=\"1563\" \/>\n\t<meta property=\"og:image:type\" content=\"image\/jpeg\" \/>\n<meta name=\"twitter:card\" content=\"summary_large_image\" \/>\n<meta name=\"twitter:label1\" content=\"Dur\u00e9e de lecture estim\u00e9e\" \/>\n\t<meta name=\"twitter:data1\" content=\"1 minute\" \/>\n<script type=\"application\/ld+json\" class=\"yoast-schema-graph\">{\"@context\":\"https:\\\/\\\/schema.org\",\"@graph\":[{\"@type\":\"WebPage\",\"@id\":\"https:\\\/\\\/anguilleresponsable.com\\\/index.php\\\/standard-afpmar\\\/\",\"url\":\"https:\\\/\\\/anguilleresponsable.com\\\/index.php\\\/standard-afpmar\\\/\",\"name\":\"Standard AFPMAR - Anguille Responsable\",\"isPartOf\":{\"@id\":\"https:\\\/\\\/anguilleresponsable.com\\\/#website\"},\"datePublished\":\"2024-12-21T15:33:28+00:00\",\"dateModified\":\"2024-12-27T07:08:15+00:00\",\"breadcrumb\":{\"@id\":\"https:\\\/\\\/anguilleresponsable.com\\\/index.php\\\/standard-afpmar\\\/#breadcrumb\"},\"inLanguage\":\"fr-FR\",\"potentialAction\":[{\"@type\":\"ReadAction\",\"target\":[\"https:\\\/\\\/anguilleresponsable.com\\\/index.php\\\/standard-afpmar\\\/\"]}]},{\"@type\":\"BreadcrumbList\",\"@id\":\"https:\\\/\\\/anguilleresponsable.com\\\/index.php\\\/standard-afpmar\\\/#breadcrumb\",\"itemListElement\":[{\"@type\":\"ListItem\",\"position\":1,\"name\":\"Accueil\",\"item\":\"https:\\\/\\\/anguilleresponsable.com\\\/\"},{\"@type\":\"ListItem\",\"position\":2,\"name\":\"Standard AFPMAR\"}]},{\"@type\":\"WebSite\",\"@id\":\"https:\\\/\\\/anguilleresponsable.com\\\/#website\",\"url\":\"https:\\\/\\\/anguilleresponsable.com\\\/\",\"name\":\"Anguille Responsable\",\"description\":\"Association Fran\u00e7aise pour la Promotion de la Marque Anguille Responsable\",\"publisher\":{\"@id\":\"https:\\\/\\\/anguilleresponsable.com\\\/#organization\"},\"alternateName\":\"AFPMAR\",\"potentialAction\":[{\"@type\":\"SearchAction\",\"target\":{\"@type\":\"EntryPoint\",\"urlTemplate\":\"https:\\\/\\\/anguilleresponsable.com\\\/?s={search_term_string}\"},\"query-input\":{\"@type\":\"PropertyValueSpecification\",\"valueRequired\":true,\"valueName\":\"search_term_string\"}}],\"inLanguage\":\"fr-FR\"},{\"@type\":\"Organization\",\"@id\":\"https:\\\/\\\/anguilleresponsable.com\\\/#organization\",\"name\":\"Anguille responsable\",\"alternateName\":\"AFPMAR\",\"url\":\"https:\\\/\\\/anguilleresponsable.com\\\/\",\"logo\":{\"@type\":\"ImageObject\",\"inLanguage\":\"fr-FR\",\"@id\":\"https:\\\/\\\/anguilleresponsable.com\\\/#\\\/schema\\\/logo\\\/image\\\/\",\"url\":\"https:\\\/\\\/anguilleresponsable.com\\\/wp-content\\\/uploads\\\/2024\\\/06\\\/marqueAFPMAR.jpg\",\"contentUrl\":\"https:\\\/\\\/anguilleresponsable.com\\\/wp-content\\\/uploads\\\/2024\\\/06\\\/marqueAFPMAR.jpg\",\"width\":1563,\"height\":1563,\"caption\":\"Anguille responsable\"},\"image\":{\"@id\":\"https:\\\/\\\/anguilleresponsable.com\\\/#\\\/schema\\\/logo\\\/image\\\/\"}}]}<\/script>\n<!-- \/ Yoast SEO plugin. -->","yoast_head_json":{"title":"Standard AFPMAR - Anguille Responsable","robots":{"index":"index","follow":"follow","max-snippet":"max-snippet:-1","max-image-preview":"max-image-preview:large","max-video-preview":"max-video-preview:-1"},"canonical":"https:\/\/anguilleresponsable.com\/index.php\/standard-afpmar\/","og_locale":"fr_FR","og_type":"article","og_title":"Standard AFPMAR - Anguille Responsable","og_description":"Le standard AFPMAR comprend deux \u00e9l\u00e9ments : 1 &#8211; Un tableau de crit\u00e8res avec les contr\u00f4les assur\u00e9s par les services de l\u2019\u00c9tat seuls habilit\u00e9s \u00e0 faire ces contr\u00f4les sur le terrain durant la saison de p\u00eache ou chez les mareyeurs qui assurent le stockage des poissons et les transports vers l&rsquo;utilisateur final. Notez qu&rsquo;il n&rsquo;existe","og_url":"https:\/\/anguilleresponsable.com\/index.php\/standard-afpmar\/","og_site_name":"Anguille Responsable","article_modified_time":"2024-12-27T07:08:15+00:00","og_image":[{"width":1563,"height":1563,"url":"https:\/\/anguilleresponsable.com\/wp-content\/uploads\/2024\/06\/marqueAFPMAR.jpg","type":"image\/jpeg"}],"twitter_card":"summary_large_image","twitter_misc":{"Dur\u00e9e de lecture estim\u00e9e":"1 minute"},"schema":{"@context":"https:\/\/schema.org","@graph":[{"@type":"WebPage","@id":"https:\/\/anguilleresponsable.com\/index.php\/standard-afpmar\/","url":"https:\/\/anguilleresponsable.com\/index.php\/standard-afpmar\/","name":"Standard AFPMAR - Anguille Responsable","isPartOf":{"@id":"https:\/\/anguilleresponsable.com\/#website"},"datePublished":"2024-12-21T15:33:28+00:00","dateModified":"2024-12-27T07:08:15+00:00","breadcrumb":{"@id":"https:\/\/anguilleresponsable.com\/index.php\/standard-afpmar\/#breadcrumb"},"inLanguage":"fr-FR","potentialAction":[{"@type":"ReadAction","target":["https:\/\/anguilleresponsable.com\/index.php\/standard-afpmar\/"]}]},{"@type":"BreadcrumbList","@id":"https:\/\/anguilleresponsable.com\/index.php\/standard-afpmar\/#breadcrumb","itemListElement":[{"@type":"ListItem","position":1,"name":"Accueil","item":"https:\/\/anguilleresponsable.com\/"},{"@type":"ListItem","position":2,"name":"Standard AFPMAR"}]},{"@type":"WebSite","@id":"https:\/\/anguilleresponsable.com\/#website","url":"https:\/\/anguilleresponsable.com\/","name":"Anguille Responsable","description":"Association Fran\u00e7aise pour la Promotion de la Marque Anguille Responsable","publisher":{"@id":"https:\/\/anguilleresponsable.com\/#organization"},"alternateName":"AFPMAR","potentialAction":[{"@type":"SearchAction","target":{"@type":"EntryPoint","urlTemplate":"https:\/\/anguilleresponsable.com\/?s={search_term_string}"},"query-input":{"@type":"PropertyValueSpecification","valueRequired":true,"valueName":"search_term_string"}}],"inLanguage":"fr-FR"},{"@type":"Organization","@id":"https:\/\/anguilleresponsable.com\/#organization","name":"Anguille responsable","alternateName":"AFPMAR","url":"https:\/\/anguilleresponsable.com\/","logo":{"@type":"ImageObject","inLanguage":"fr-FR","@id":"https:\/\/anguilleresponsable.com\/#\/schema\/logo\/image\/","url":"https:\/\/anguilleresponsable.com\/wp-content\/uploads\/2024\/06\/marqueAFPMAR.jpg","contentUrl":"https:\/\/anguilleresponsable.com\/wp-content\/uploads\/2024\/06\/marqueAFPMAR.jpg","width":1563,"height":1563,"caption":"Anguille responsable"},"image":{"@id":"https:\/\/anguilleresponsable.com\/#\/schema\/logo\/image\/"}}]}},"_links":{"self":[{"href":"https:\/\/anguilleresponsable.com\/index.php\/wp-json\/wp\/v2\/pages\/7988","targetHints":{"allow":["GET"]}}],"collection":[{"href":"https:\/\/anguilleresponsable.com\/index.php\/wp-json\/wp\/v2\/pages"}],"about":[{"href":"https:\/\/anguilleresponsable.com\/index.php\/wp-json\/wp\/v2\/types\/page"}],"author":[{"embeddable":true,"href":"https:\/\/anguilleresponsable.com\/index.php\/wp-json\/wp\/v2\/users\/2"}],"replies":[{"embeddable":true,"href":"https:\/\/anguilleresponsable.com\/index.php\/wp-json\/wp\/v2\/comments?post=7988"}],"version-history":[{"count":5,"href":"https:\/\/anguilleresponsable.com\/index.php\/wp-json\/wp\/v2\/pages\/7988\/revisions"}],"predecessor-version":[{"id":8050,"href":"https:\/\/anguilleresponsable.com\/index.php\/wp-json\/wp\/v2\/pages\/7988\/revisions\/8050"}],"wp:attachment":[{"href":"https:\/\/anguilleresponsable.com\/index.php\/wp-json\/wp\/v2\/media?parent=7988"}],"curies":[{"name":"wp","href":"https:\/\/api.w.org\/{rel}","templated":true}]}}