{"id":4398,"date":"2022-11-23T09:07:07","date_gmt":"2022-11-23T08:07:07","guid":{"rendered":"https:\/\/anguilleresponsable.com\/?page_id=4398"},"modified":"2022-11-25T18:37:59","modified_gmt":"2022-11-25T17:37:59","slug":"wiederaufstockung","status":"publish","type":"page","link":"https:\/\/anguilleresponsable.com\/index.php\/de\/unsere-maschinen-und-unsere-praktiken\/produktbewertung\/wiederaufstockung\/","title":{"rendered":"Wiederaufstockung"},"content":{"rendered":"\t\t<div data-elementor-type=\"wp-page\" data-elementor-id=\"4398\" class=\"elementor elementor-4398\">\n\t\t\t\t\t\t<section class=\"elementor-section elementor-top-section elementor-element elementor-element-decfcd6 elementor-section-boxed elementor-section-height-default elementor-section-height-default\" data-id=\"decfcd6\" data-element_type=\"section\" data-e-type=\"section\">\n\t\t\t\t\t\t<div class=\"elementor-container elementor-column-gap-default\">\n\t\t\t\t\t<div class=\"elementor-column elementor-col-50 elementor-top-column elementor-element elementor-element-27c898f\" data-id=\"27c898f\" data-element_type=\"column\" data-e-type=\"column\">\n\t\t\t<div class=\"elementor-widget-wrap elementor-element-populated\">\n\t\t\t\t\t\t<div class=\"elementor-element elementor-element-0d08cdc elementor-widget elementor-widget-text-editor\" data-id=\"0d08cdc\" data-element_type=\"widget\" data-e-type=\"widget\" data-widget_type=\"text-editor.default\">\n\t\t\t\t<div class=\"elementor-widget-container\">\n\t\t\t\t\t\t\t\t\t<p>Die EU-Verordnung 1100\/2007 schreibt vor, da\u00df 60 % der F\u00e4nge f\u00fcr die Aufstockung der Best\u00e4nde in Europa aus Glasaalen, die ausschlie\u00dflich in nat\u00fcrlichen Gew\u00e4ssern gefangen wurden, reserviert werden m\u00fcssen, da die k\u00fcnstliche Vermehrung des Europ\u00e4ischen Aals noch nicht m\u00f6glich ist. Aus diesem Grund hat sich Frankreich f\u00fcr die Festlegung einer Gesamtquote entschieden, die von einem wissenschaftlichen Ausschuss, der von den Verwaltungsbeh\u00f6rden und der Berufs- und Freizeitfischerei unabh\u00e4ngig ist, festgelegt wird und die in <strong>Unterquoten f\u00fcr den Verbrauch und Unterquoten f\u00fcr die Wiederaufstockung <\/strong>aufgeteilt wird. Es ist das einzige Land in der Union, das sich f\u00fcr diese Art der Bewirtschaftung entschieden hat.<\/p><p><strong>Die franz\u00f6sische Glasaalfischerei ist die wichtigste in Europa: 80% der 60 Tonnen, die von den Erzeugerl\u00e4ndern im Durchschnitt der letzten f\u00fcnf Jahre<\/strong> gemeldet wurden (laut WGEEL 2022). Auf ihr und der Qualit\u00e4t ihrer Produkte beruht daher ein Gro\u00dfteil des europ\u00e4ischen Wiederauff\u00fcllungsplans.<\/p><p>Der franz\u00f6sische Beitrag ist auf europ\u00e4ischer Ebene alles andere als vernachl\u00e4ssigbar, da der franz\u00f6sische Anteil f\u00fcr das Glasaalstadium fast 60 % (vor dem Hintergrund eines R\u00fcckgangs der Glasaalaussetzungen auf europ\u00e4ischer Ebene) und f\u00fcr das Blankaalstadium (ausschlie\u00dflich aus der Fischerei stammende Individuen) etwas mehr als 45 % der insgesamt ausgesetzten Mengen erreicht. Frankreich setzt keine Individuen im Stadium des Gelbaals aus, von denen der gr\u00f6\u00dfte Teil in Europa aus der Aquakultur stammt (theoretisch aus der Wiederbesetzungsquote von Glasaalen produziert).<\/p><p>\u00a0<\/p>\t\t\t\t\t\t\t\t<\/div>\n\t\t\t\t<\/div>\n\t\t\t\t\t<\/div>\n\t\t<\/div>\n\t\t\t\t<div class=\"elementor-column elementor-col-50 elementor-top-column elementor-element elementor-element-565424e\" data-id=\"565424e\" data-element_type=\"column\" data-e-type=\"column\">\n\t\t\t<div class=\"elementor-widget-wrap elementor-element-populated\">\n\t\t\t\t\t\t<div class=\"elementor-element elementor-element-0bb9d84 elementor-widget elementor-widget-image\" data-id=\"0bb9d84\" data-element_type=\"widget\" data-e-type=\"widget\" data-widget_type=\"image.default\">\n\t\t\t\t<div class=\"elementor-widget-container\">\n\t\t\t\t\t\t\t\t\t\t\t\t<figure class=\"wp-caption\">\n\t\t\t\t\t\t\t\t\t\t<img fetchpriority=\"high\" decoding=\"async\" width=\"765\" height=\"516\" src=\"https:\/\/anguilleresponsable.com\/wp-content\/uploads\/2022\/11\/partrepeuplement.jpg\" class=\"attachment-large size-large wp-image-3737\" alt=\"\" srcset=\"https:\/\/anguilleresponsable.com\/wp-content\/uploads\/2022\/11\/partrepeuplement.jpg 765w, https:\/\/anguilleresponsable.com\/wp-content\/uploads\/2022\/11\/partrepeuplement-300x202.jpg 300w, https:\/\/anguilleresponsable.com\/wp-content\/uploads\/2022\/11\/partrepeuplement-378x255.jpg 378w\" sizes=\"(max-width: 765px) 100vw, 765px\" \/>\t\t\t\t\t\t\t\t\t\t\t<figcaption class=\"widget-image-caption wp-caption-text\">Entwicklung der Anzahl der Aale, die in Europa in verschiedenen Stadien ihres Lebenszyklus in die nat\u00fcrliche Umgebung zur\u00fcckgesetzt werden, und Entwicklung des franz\u00f6sischen Anteils an diesen Populationstransfers (nach WGEEL 2022-Daten).<\/figcaption>\n\t\t\t\t\t\t\t\t\t\t<\/figure>\n\t\t\t\t\t\t\t\t\t<\/div>\n\t\t\t\t<\/div>\n\t\t\t\t<div class=\"elementor-element elementor-element-93e966a elementor-widget elementor-widget-text-editor\" data-id=\"93e966a\" data-element_type=\"widget\" data-e-type=\"widget\" data-widget_type=\"text-editor.default\">\n\t\t\t\t<div class=\"elementor-widget-container\">\n\t\t\t\t\t\t\t\t\t<p>Die Einf\u00fchrung der Charta der guten Praktiken, die jeder franz\u00f6sische Fischer bei der Lizenzierung best\u00e4tigen muss und die von der AFPMAR umgesetzt wird, hat dazu gef\u00fchrt, da\u00df die Jungfische nach dem Fang besser \u00fcberleben und den K\u00e4ufern qualitativ hochwertige Partien angeboten werden k\u00f6nnen. Diese Charta wurde von CONAPPED, dem CNPMEM in Zusammenarbeit mit dem WWF Frankreich festgelegt.<\/p><p>Die Koordination der Wiederbev\u00f6lkerung in Frankreich und die \u00dcberwachung der diesbez\u00fcglichen Ergebnisse werden von der ARA France (Association pour le Repeuplement de l&rsquo;Anguille en France = Vereinigung f\u00fcr die Wiederbesiedlung von Aal in Frankreich) \u00fcbernommen, die ein Partnermitglied von AFPMAR ist.<\/p><p><a href=\"https:\/\/repeuplementanguille.fr\/\">https:\/\/repeuplementanguille.fr\/<\/a><\/p>\t\t\t\t\t\t\t\t<\/div>\n\t\t\t\t<\/div>\n\t\t\t\t\t<\/div>\n\t\t<\/div>\n\t\t\t\t\t<\/div>\n\t\t<\/section>\n\t\t\t\t<\/div>\n\t\t","protected":false},"excerpt":{"rendered":"Die EU-Verordnung 1100\/2007 schreibt vor, da\u00df 60 % der F\u00e4nge f\u00fcr die Aufstockung der Best\u00e4nde in Europa aus Glasaalen, die ausschlie\u00dflich in nat\u00fcrlichen Gew\u00e4ssern gefangen wurden, reserviert werden m\u00fcssen, da die k\u00fcnstliche Vermehrung des Europ\u00e4ischen Aals noch nicht m\u00f6glich ist. Aus diesem Grund hat sich Frankreich f\u00fcr die Festlegung einer Gesamtquote entschieden, die von einem ","protected":false},"author":2,"featured_media":0,"parent":4396,"menu_order":0,"comment_status":"closed","ping_status":"closed","template":"","meta":{"footnotes":""},"class_list":["post-4398","page","type-page","status-publish","hentry"],"yoast_head":"<!-- This site is optimized with the Yoast SEO plugin v27.2 - https:\/\/yoast.com\/product\/yoast-seo-wordpress\/ -->\n<title>Wiederaufstockung - Anguille Responsable<\/title>\n<meta name=\"robots\" content=\"index, follow, max-snippet:-1, max-image-preview:large, max-video-preview:-1\" \/>\n<link rel=\"canonical\" href=\"https:\/\/anguilleresponsable.com\/index.php\/de\/unsere-maschinen-und-unsere-praktiken\/produktbewertung\/wiederaufstockung\/\" \/>\n<meta property=\"og:locale\" content=\"fr_FR\" \/>\n<meta property=\"og:type\" content=\"article\" \/>\n<meta property=\"og:title\" content=\"Wiederaufstockung - Anguille Responsable\" \/>\n<meta property=\"og:description\" content=\"Die EU-Verordnung 1100\/2007 schreibt vor, da\u00df 60 % der F\u00e4nge f\u00fcr die Aufstockung der Best\u00e4nde in Europa aus Glasaalen, die ausschlie\u00dflich in nat\u00fcrlichen Gew\u00e4ssern gefangen wurden, reserviert werden m\u00fcssen, da die k\u00fcnstliche Vermehrung des Europ\u00e4ischen Aals noch nicht m\u00f6glich ist. Aus diesem Grund hat sich Frankreich f\u00fcr die Festlegung einer Gesamtquote entschieden, die von einem\" \/>\n<meta property=\"og:url\" content=\"https:\/\/anguilleresponsable.com\/index.php\/de\/unsere-maschinen-und-unsere-praktiken\/produktbewertung\/wiederaufstockung\/\" \/>\n<meta property=\"og:site_name\" content=\"Anguille Responsable\" \/>\n<meta property=\"article:modified_time\" content=\"2022-11-25T17:37:59+00:00\" \/>\n<meta property=\"og:image\" content=\"https:\/\/anguilleresponsable.com\/wp-content\/uploads\/2022\/11\/partrepeuplement.jpg\" \/>\n<meta name=\"twitter:card\" content=\"summary_large_image\" \/>\n<meta name=\"twitter:label1\" content=\"Dur\u00e9e de lecture estim\u00e9e\" \/>\n\t<meta name=\"twitter:data1\" content=\"2 minutes\" \/>\n<script type=\"application\/ld+json\" class=\"yoast-schema-graph\">{\"@context\":\"https:\/\/schema.org\",\"@graph\":[{\"@type\":\"WebPage\",\"@id\":\"https:\/\/anguilleresponsable.com\/index.php\/de\/unsere-maschinen-und-unsere-praktiken\/produktbewertung\/wiederaufstockung\/\",\"url\":\"https:\/\/anguilleresponsable.com\/index.php\/de\/unsere-maschinen-und-unsere-praktiken\/produktbewertung\/wiederaufstockung\/\",\"name\":\"Wiederaufstockung - Anguille Responsable\",\"isPartOf\":{\"@id\":\"https:\/\/anguilleresponsable.com\/#website\"},\"primaryImageOfPage\":{\"@id\":\"https:\/\/anguilleresponsable.com\/index.php\/de\/unsere-maschinen-und-unsere-praktiken\/produktbewertung\/wiederaufstockung\/#primaryimage\"},\"image\":{\"@id\":\"https:\/\/anguilleresponsable.com\/index.php\/de\/unsere-maschinen-und-unsere-praktiken\/produktbewertung\/wiederaufstockung\/#primaryimage\"},\"thumbnailUrl\":\"https:\/\/anguilleresponsable.com\/wp-content\/uploads\/2022\/11\/partrepeuplement.jpg\",\"datePublished\":\"2022-11-23T08:07:07+00:00\",\"dateModified\":\"2022-11-25T17:37:59+00:00\",\"breadcrumb\":{\"@id\":\"https:\/\/anguilleresponsable.com\/index.php\/de\/unsere-maschinen-und-unsere-praktiken\/produktbewertung\/wiederaufstockung\/#breadcrumb\"},\"inLanguage\":\"fr-FR\",\"potentialAction\":[{\"@type\":\"ReadAction\",\"target\":[\"https:\/\/anguilleresponsable.com\/index.php\/de\/unsere-maschinen-und-unsere-praktiken\/produktbewertung\/wiederaufstockung\/\"]}]},{\"@type\":\"ImageObject\",\"inLanguage\":\"fr-FR\",\"@id\":\"https:\/\/anguilleresponsable.com\/index.php\/de\/unsere-maschinen-und-unsere-praktiken\/produktbewertung\/wiederaufstockung\/#primaryimage\",\"url\":\"https:\/\/anguilleresponsable.com\/wp-content\/uploads\/2022\/11\/partrepeuplement.jpg\",\"contentUrl\":\"https:\/\/anguilleresponsable.com\/wp-content\/uploads\/2022\/11\/partrepeuplement.jpg\",\"width\":765,\"height\":516},{\"@type\":\"BreadcrumbList\",\"@id\":\"https:\/\/anguilleresponsable.com\/index.php\/de\/unsere-maschinen-und-unsere-praktiken\/produktbewertung\/wiederaufstockung\/#breadcrumb\",\"itemListElement\":[{\"@type\":\"ListItem\",\"position\":1,\"name\":\"Accueil\",\"item\":\"https:\/\/anguilleresponsable.com\/\"},{\"@type\":\"ListItem\",\"position\":2,\"name\":\"Unsere Maschinen und unsere Praktiken\",\"item\":\"https:\/\/anguilleresponsable.com\/index.php\/de\/unsere-maschinen-und-unsere-praktiken\/\"},{\"@type\":\"ListItem\",\"position\":3,\"name\":\"Produktbewertung\",\"item\":\"https:\/\/anguilleresponsable.com\/index.php\/de\/unsere-maschinen-und-unsere-praktiken\/produktbewertung\/\"},{\"@type\":\"ListItem\",\"position\":4,\"name\":\"Wiederaufstockung\"}]},{\"@type\":\"WebSite\",\"@id\":\"https:\/\/anguilleresponsable.com\/#website\",\"url\":\"https:\/\/anguilleresponsable.com\/\",\"name\":\"Anguille Responsable\",\"description\":\"Association Fran\u00e7aise pour la Promotion de la Marque Anguille Responsable\",\"publisher\":{\"@id\":\"https:\/\/anguilleresponsable.com\/#organization\"},\"alternateName\":\"AFPMAR\",\"potentialAction\":[{\"@type\":\"SearchAction\",\"target\":{\"@type\":\"EntryPoint\",\"urlTemplate\":\"https:\/\/anguilleresponsable.com\/?s={search_term_string}\"},\"query-input\":{\"@type\":\"PropertyValueSpecification\",\"valueRequired\":true,\"valueName\":\"search_term_string\"}}],\"inLanguage\":\"fr-FR\"},{\"@type\":\"Organization\",\"@id\":\"https:\/\/anguilleresponsable.com\/#organization\",\"name\":\"Anguille responsable\",\"alternateName\":\"AFPMAR\",\"url\":\"https:\/\/anguilleresponsable.com\/\",\"logo\":{\"@type\":\"ImageObject\",\"inLanguage\":\"fr-FR\",\"@id\":\"https:\/\/anguilleresponsable.com\/#\/schema\/logo\/image\/\",\"url\":\"https:\/\/anguilleresponsable.com\/wp-content\/uploads\/2024\/06\/marqueAFPMAR.jpg\",\"contentUrl\":\"https:\/\/anguilleresponsable.com\/wp-content\/uploads\/2024\/06\/marqueAFPMAR.jpg\",\"width\":1563,\"height\":1563,\"caption\":\"Anguille responsable\"},\"image\":{\"@id\":\"https:\/\/anguilleresponsable.com\/#\/schema\/logo\/image\/\"}}]}<\/script>\n<!-- \/ Yoast SEO plugin. -->","yoast_head_json":{"title":"Wiederaufstockung - Anguille Responsable","robots":{"index":"index","follow":"follow","max-snippet":"max-snippet:-1","max-image-preview":"max-image-preview:large","max-video-preview":"max-video-preview:-1"},"canonical":"https:\/\/anguilleresponsable.com\/index.php\/de\/unsere-maschinen-und-unsere-praktiken\/produktbewertung\/wiederaufstockung\/","og_locale":"fr_FR","og_type":"article","og_title":"Wiederaufstockung - Anguille Responsable","og_description":"Die EU-Verordnung 1100\/2007 schreibt vor, da\u00df 60 % der F\u00e4nge f\u00fcr die Aufstockung der Best\u00e4nde in Europa aus Glasaalen, die ausschlie\u00dflich in nat\u00fcrlichen Gew\u00e4ssern gefangen wurden, reserviert werden m\u00fcssen, da die k\u00fcnstliche Vermehrung des Europ\u00e4ischen Aals noch nicht m\u00f6glich ist. Aus diesem Grund hat sich Frankreich f\u00fcr die Festlegung einer Gesamtquote entschieden, die von einem","og_url":"https:\/\/anguilleresponsable.com\/index.php\/de\/unsere-maschinen-und-unsere-praktiken\/produktbewertung\/wiederaufstockung\/","og_site_name":"Anguille Responsable","article_modified_time":"2022-11-25T17:37:59+00:00","og_image":[{"url":"https:\/\/anguilleresponsable.com\/wp-content\/uploads\/2022\/11\/partrepeuplement.jpg","type":"","width":"","height":""}],"twitter_card":"summary_large_image","twitter_misc":{"Dur\u00e9e de lecture estim\u00e9e":"2 minutes"},"schema":{"@context":"https:\/\/schema.org","@graph":[{"@type":"WebPage","@id":"https:\/\/anguilleresponsable.com\/index.php\/de\/unsere-maschinen-und-unsere-praktiken\/produktbewertung\/wiederaufstockung\/","url":"https:\/\/anguilleresponsable.com\/index.php\/de\/unsere-maschinen-und-unsere-praktiken\/produktbewertung\/wiederaufstockung\/","name":"Wiederaufstockung - Anguille Responsable","isPartOf":{"@id":"https:\/\/anguilleresponsable.com\/#website"},"primaryImageOfPage":{"@id":"https:\/\/anguilleresponsable.com\/index.php\/de\/unsere-maschinen-und-unsere-praktiken\/produktbewertung\/wiederaufstockung\/#primaryimage"},"image":{"@id":"https:\/\/anguilleresponsable.com\/index.php\/de\/unsere-maschinen-und-unsere-praktiken\/produktbewertung\/wiederaufstockung\/#primaryimage"},"thumbnailUrl":"https:\/\/anguilleresponsable.com\/wp-content\/uploads\/2022\/11\/partrepeuplement.jpg","datePublished":"2022-11-23T08:07:07+00:00","dateModified":"2022-11-25T17:37:59+00:00","breadcrumb":{"@id":"https:\/\/anguilleresponsable.com\/index.php\/de\/unsere-maschinen-und-unsere-praktiken\/produktbewertung\/wiederaufstockung\/#breadcrumb"},"inLanguage":"fr-FR","potentialAction":[{"@type":"ReadAction","target":["https:\/\/anguilleresponsable.com\/index.php\/de\/unsere-maschinen-und-unsere-praktiken\/produktbewertung\/wiederaufstockung\/"]}]},{"@type":"ImageObject","inLanguage":"fr-FR","@id":"https:\/\/anguilleresponsable.com\/index.php\/de\/unsere-maschinen-und-unsere-praktiken\/produktbewertung\/wiederaufstockung\/#primaryimage","url":"https:\/\/anguilleresponsable.com\/wp-content\/uploads\/2022\/11\/partrepeuplement.jpg","contentUrl":"https:\/\/anguilleresponsable.com\/wp-content\/uploads\/2022\/11\/partrepeuplement.jpg","width":765,"height":516},{"@type":"BreadcrumbList","@id":"https:\/\/anguilleresponsable.com\/index.php\/de\/unsere-maschinen-und-unsere-praktiken\/produktbewertung\/wiederaufstockung\/#breadcrumb","itemListElement":[{"@type":"ListItem","position":1,"name":"Accueil","item":"https:\/\/anguilleresponsable.com\/"},{"@type":"ListItem","position":2,"name":"Unsere Maschinen und unsere Praktiken","item":"https:\/\/anguilleresponsable.com\/index.php\/de\/unsere-maschinen-und-unsere-praktiken\/"},{"@type":"ListItem","position":3,"name":"Produktbewertung","item":"https:\/\/anguilleresponsable.com\/index.php\/de\/unsere-maschinen-und-unsere-praktiken\/produktbewertung\/"},{"@type":"ListItem","position":4,"name":"Wiederaufstockung"}]},{"@type":"WebSite","@id":"https:\/\/anguilleresponsable.com\/#website","url":"https:\/\/anguilleresponsable.com\/","name":"Anguille Responsable","description":"Association Fran\u00e7aise pour la Promotion de la Marque Anguille Responsable","publisher":{"@id":"https:\/\/anguilleresponsable.com\/#organization"},"alternateName":"AFPMAR","potentialAction":[{"@type":"SearchAction","target":{"@type":"EntryPoint","urlTemplate":"https:\/\/anguilleresponsable.com\/?s={search_term_string}"},"query-input":{"@type":"PropertyValueSpecification","valueRequired":true,"valueName":"search_term_string"}}],"inLanguage":"fr-FR"},{"@type":"Organization","@id":"https:\/\/anguilleresponsable.com\/#organization","name":"Anguille responsable","alternateName":"AFPMAR","url":"https:\/\/anguilleresponsable.com\/","logo":{"@type":"ImageObject","inLanguage":"fr-FR","@id":"https:\/\/anguilleresponsable.com\/#\/schema\/logo\/image\/","url":"https:\/\/anguilleresponsable.com\/wp-content\/uploads\/2024\/06\/marqueAFPMAR.jpg","contentUrl":"https:\/\/anguilleresponsable.com\/wp-content\/uploads\/2024\/06\/marqueAFPMAR.jpg","width":1563,"height":1563,"caption":"Anguille responsable"},"image":{"@id":"https:\/\/anguilleresponsable.com\/#\/schema\/logo\/image\/"}}]}},"_links":{"self":[{"href":"https:\/\/anguilleresponsable.com\/index.php\/wp-json\/wp\/v2\/pages\/4398","targetHints":{"allow":["GET"]}}],"collection":[{"href":"https:\/\/anguilleresponsable.com\/index.php\/wp-json\/wp\/v2\/pages"}],"about":[{"href":"https:\/\/anguilleresponsable.com\/index.php\/wp-json\/wp\/v2\/types\/page"}],"author":[{"embeddable":true,"href":"https:\/\/anguilleresponsable.com\/index.php\/wp-json\/wp\/v2\/users\/2"}],"replies":[{"embeddable":true,"href":"https:\/\/anguilleresponsable.com\/index.php\/wp-json\/wp\/v2\/comments?post=4398"}],"version-history":[{"count":10,"href":"https:\/\/anguilleresponsable.com\/index.php\/wp-json\/wp\/v2\/pages\/4398\/revisions"}],"predecessor-version":[{"id":4638,"href":"https:\/\/anguilleresponsable.com\/index.php\/wp-json\/wp\/v2\/pages\/4398\/revisions\/4638"}],"up":[{"embeddable":true,"href":"https:\/\/anguilleresponsable.com\/index.php\/wp-json\/wp\/v2\/pages\/4396"}],"wp:attachment":[{"href":"https:\/\/anguilleresponsable.com\/index.php\/wp-json\/wp\/v2\/media?parent=4398"}],"curies":[{"name":"wp","href":"https:\/\/api.w.org\/{rel}","templated":true}]}}