{"id":4392,"date":"2022-11-23T09:05:17","date_gmt":"2022-11-23T08:05:17","guid":{"rendered":"https:\/\/anguilleresponsable.com\/?page_id=4392"},"modified":"2022-11-25T18:21:23","modified_gmt":"2022-11-25T17:21:23","slug":"gelbaal","status":"publish","type":"page","link":"https:\/\/anguilleresponsable.com\/index.php\/de\/unsere-maschinen-und-unsere-praktiken\/gelbaal\/","title":{"rendered":"Gelbaal"},"content":{"rendered":"\t\t<div data-elementor-type=\"wp-page\" data-elementor-id=\"4392\" class=\"elementor elementor-4392\">\n\t\t\t\t\t\t<section class=\"elementor-section elementor-top-section elementor-element elementor-element-80ce577 elementor-section-boxed elementor-section-height-default elementor-section-height-default\" data-id=\"80ce577\" data-element_type=\"section\" data-e-type=\"section\">\n\t\t\t\t\t\t<div class=\"elementor-container elementor-column-gap-default\">\n\t\t\t\t\t<div class=\"elementor-column elementor-col-100 elementor-top-column elementor-element elementor-element-d220420\" data-id=\"d220420\" data-element_type=\"column\" data-e-type=\"column\">\n\t\t\t<div class=\"elementor-widget-wrap elementor-element-populated\">\n\t\t\t\t\t\t<div class=\"elementor-element elementor-element-340498e elementor-widget elementor-widget-text-editor\" data-id=\"340498e\" data-element_type=\"widget\" data-e-type=\"widget\" data-widget_type=\"text-editor.default\">\n\t\t\t\t<div class=\"elementor-widget-container\">\n\t\t\t\t\t\t\t\t\t<p>Er wird in einer Vielzahl von \u00d6kosystemen gefischt: Seen, Mittelmeerlagunen, B\u00e4che, S\u00fcmpfe (beide mit S\u00fc\u00df- und Salzwasser), Fl\u00fcsse, Flussm\u00fcndungen, Buchten und K\u00fcstenbecken. Diese Art weist eine bemerkenswerte Anpassung an Salzgehaltsschwankungen auf, und Studien, die an ihren Otolithen (kleine Kalksteinkonkretionen im Innenohr des Fisches) durchgef\u00fchrt wurden, zeigen, da\u00df \u00a0Individuen, nachdem sie S\u00fc\u00dfwasser besiedelt haben, in Brackwasser oder noch salzigeres Wasser zur\u00fcckkehren k\u00f6nnen dann zur\u00fcck ins S\u00fc\u00dfwasser.<\/p><p>Diese bemerkenswerte Plastizit\u00e4t seines Migrationsverhaltens erm\u00f6glicht es ihm, viele Umgebungen zu besiedeln, sobald er in einer gegebenen Umgebung nicht mehr die optimalen Bedingungen findet, um sein Wachstum und \u00dcberleben zu sichern. Dies erfordert nat\u00fcrlich eine \u00f6kologische Kontinuit\u00e4t zwischen den verschiedenen Lebensr\u00e4umen, die er besiedeln kann. Dies ist nicht oft der Fall, und seit Mitte des letzten Jahrhunderts st\u00f6\u00dft er auf immer mehr hermetische Hindernisse und gro\u00dfe H\u00f6hen.<\/p><p>Die Pflege von Feuchtgebieten ist oft nicht mehr gew\u00e4hrleistet, und diese Gebiete wurden in den Flussm\u00fcndungsteilen oft als zu erobernde und urbanisierte Gebiete und in den mittleren Teilen als zu entw\u00e4ssernde Flussgebiete angesehen. Fl\u00fcsse und Str\u00f6me werden zunehmend aufgestaut, um gegen steigendes Wasser zu k\u00e4mpfen, was die Verbindungen zwischen dem Fluss und den hydraulischen Nebengeb\u00e4uden einschr\u00e4nkt, die wesentliche aquatische Systeme f\u00fcr die Produktion von kleinen Aalen sind.<\/p><p>Berufsfischer haben diese vielf\u00e4ltigen Umgebungen schon immer bewertet und ihre Fangger\u00e4te an die erforschten \u00d6kosysteme angepasst.So werden die \u201eBosselle\u201c, die Schnur (eine Bodenlinie mit einer begrenzten Anzahl von Haken) in den Nebenfl\u00fcssen mit geringer Breite verwendet; die Garnreuse wird an den Ufern von Str\u00f6men oder Seen ausgelegt, die Reuseleinen werden an der Flussm\u00fcndung verankert; die \u201eCapetchades\u00a0\u00bb (Garnreuse hinter einem Sperrnetz) werden in den Lagunen des Mittelmeers platziert.<\/p><p>Alle diese Fangger\u00e4te, die seit der Antike entwickelt wurden, fangen Aale unterschiedlicher Gr\u00f6\u00dfe, w\u00e4hrend sie sich auf trophischer Wanderung befinden oder vor\u00fcbergehend von einem \u00d6kosystem in ein anderes wechseln. Mit Ausnahme der Schnur erm\u00f6glichen diese regelm\u00e4\u00dfig kontrollierten Fangger\u00e4te, obwohl nicht selektiv, die Freisetzung von F\u00e4ngen unterhalb der vorgeschriebenen oder unerw\u00fcnschten Gr\u00f6\u00dfe unter guten Bedingungen.<\/p>\t\t\t\t\t\t\t\t<\/div>\n\t\t\t\t<\/div>\n\t\t\t\t\t<\/div>\n\t\t<\/div>\n\t\t\t\t\t<\/div>\n\t\t<\/section>\n\t\t\t\t<section class=\"elementor-section elementor-top-section elementor-element elementor-element-02d6946 elementor-section-boxed elementor-section-height-default elementor-section-height-default\" data-id=\"02d6946\" data-element_type=\"section\" data-e-type=\"section\">\n\t\t\t\t\t\t<div class=\"elementor-container elementor-column-gap-default\">\n\t\t\t\t\t<div class=\"elementor-column elementor-col-100 elementor-top-column elementor-element elementor-element-7133142\" data-id=\"7133142\" data-element_type=\"column\" data-e-type=\"column\">\n\t\t\t<div class=\"elementor-widget-wrap elementor-element-populated\">\n\t\t\t\t\t\t<div class=\"elementor-element elementor-element-06e461f animated-fast elementor-invisible elementor-widget elementor-widget-image-gallery\" data-id=\"06e461f\" data-element_type=\"widget\" data-e-type=\"widget\" data-settings=\"{&quot;_animation&quot;:&quot;zoomIn&quot;}\" data-widget_type=\"image-gallery.default\">\n\t\t\t\t<div class=\"elementor-widget-container\">\n\t\t\t\t\t\t\t<div class=\"elementor-image-gallery\">\n\t\t\t<div id='gallery-1' class='gallery galleryid-4392 gallery-columns-5 gallery-size-thumbnail'><figure class='gallery-item'>\n\t\t\t<div class='gallery-icon landscape'>\n\t\t\t\t<a data-elementor-open-lightbox=\"yes\" data-elementor-lightbox-slideshow=\"06e461f\" data-elementor-lightbox-title=\"thau11\" data-e-action-hash=\"#elementor-action%3Aaction%3Dlightbox%26settings%3DeyJpZCI6MTc3NSwidXJsIjoiaHR0cHM6XC9cL2FuZ3VpbGxlcmVzcG9uc2FibGUuY29tXC93cC1jb250ZW50XC91cGxvYWRzXC8yMDIyXC8xMFwvdGhhdTExLTIuYm1wIiwic2xpZGVzaG93IjoiMDZlNDYxZiJ9\" href='https:\/\/anguilleresponsable.com\/wp-content\/uploads\/2022\/10\/thau11-2.bmp'><img decoding=\"async\" width=\"150\" height=\"150\" src=\"https:\/\/anguilleresponsable.com\/wp-content\/uploads\/2022\/10\/thau11-2-150x150.jpg\" class=\"attachment-thumbnail size-thumbnail\" alt=\"\" aria-describedby=\"gallery-1-1775\" \/><\/a>\n\t\t\t<\/div>\n\t\t\t\t<figcaption class='wp-caption-text gallery-caption' id='gallery-1-1775'>\n\t\t\t\tcapetchade de l&rsquo;\u00e9tang de Thau\n\t\t\t\t<\/figcaption><\/figure><figure class='gallery-item'>\n\t\t\t<div class='gallery-icon portrait'>\n\t\t\t\t<a data-elementor-open-lightbox=\"yes\" data-elementor-lightbox-slideshow=\"06e461f\" data-elementor-lightbox-title=\"img095\" data-e-action-hash=\"#elementor-action%3Aaction%3Dlightbox%26settings%3DeyJpZCI6MTc2MywidXJsIjoiaHR0cHM6XC9cL2FuZ3VpbGxlcmVzcG9uc2FibGUuY29tXC93cC1jb250ZW50XC91cGxvYWRzXC8yMDIyXC8xMFwvaW1nMDk1LmpwZyIsInNsaWRlc2hvdyI6IjA2ZTQ2MWYifQ%3D%3D\" href='https:\/\/anguilleresponsable.com\/wp-content\/uploads\/2022\/10\/img095.jpg'><img decoding=\"async\" width=\"150\" height=\"150\" src=\"https:\/\/anguilleresponsable.com\/wp-content\/uploads\/2022\/10\/img095-150x150.jpg\" class=\"attachment-thumbnail size-thumbnail\" alt=\"\" aria-describedby=\"gallery-1-1763\" \/><\/a>\n\t\t\t<\/div>\n\t\t\t\t<figcaption class='wp-caption-text gallery-caption' id='gallery-1-1763'>\n\t\t\t\tfabrication d&rsquo;une bosselle \u00e0 anguille\n\t\t\t\t<\/figcaption><\/figure><figure class='gallery-item'>\n\t\t\t<div class='gallery-icon landscape'>\n\t\t\t\t<a data-elementor-open-lightbox=\"yes\" data-elementor-lightbox-slideshow=\"06e461f\" data-elementor-lightbox-title=\"palavas3\" data-e-action-hash=\"#elementor-action%3Aaction%3Dlightbox%26settings%3DeyJpZCI6MTY3NCwidXJsIjoiaHR0cHM6XC9cL2FuZ3VpbGxlcmVzcG9uc2FibGUuY29tXC93cC1jb250ZW50XC91cGxvYWRzXC8yMDIyXC8xMFwvcGFsYXZhczMuYm1wIiwic2xpZGVzaG93IjoiMDZlNDYxZiJ9\" href='https:\/\/anguilleresponsable.com\/wp-content\/uploads\/2022\/10\/palavas3.bmp'><img decoding=\"async\" width=\"150\" height=\"150\" src=\"https:\/\/anguilleresponsable.com\/wp-content\/uploads\/2022\/10\/palavas3-150x150.jpg\" class=\"attachment-thumbnail size-thumbnail\" alt=\"\" aria-describedby=\"gallery-1-1674\" \/><\/a>\n\t\t\t<\/div>\n\t\t\t\t<figcaption class='wp-caption-text gallery-caption' id='gallery-1-1674'>\n\t\t\t\tverveux mis \u00e0 s\u00e9cher en M\u00e9diterran\u00e9e\n\t\t\t\t<\/figcaption><\/figure><figure class='gallery-item'>\n\t\t\t<div class='gallery-icon landscape'>\n\t\t\t\t<a data-elementor-open-lightbox=\"yes\" data-elementor-lightbox-slideshow=\"06e461f\" data-elementor-lightbox-title=\"releve\u0301nasse\" data-e-action-hash=\"#elementor-action%3Aaction%3Dlightbox%26settings%3DeyJpZCI6MTQ1OSwidXJsIjoiaHR0cHM6XC9cL2FuZ3VpbGxlcmVzcG9uc2FibGUuY29tXC93cC1jb250ZW50XC91cGxvYWRzXC8yMDIyXC8xMFwvcmVsZXZlXHUwMzAxbmFzc2UuanBnIiwic2xpZGVzaG93IjoiMDZlNDYxZiJ9\" href='https:\/\/anguilleresponsable.com\/wp-content\/uploads\/2022\/10\/releve\u0301nasse.jpg'><img loading=\"lazy\" decoding=\"async\" width=\"150\" height=\"150\" src=\"https:\/\/anguilleresponsable.com\/wp-content\/uploads\/2022\/10\/releve\u0301nasse-150x150.jpg\" class=\"attachment-thumbnail size-thumbnail\" alt=\"\" aria-describedby=\"gallery-1-1459\" \/><\/a>\n\t\t\t<\/div>\n\t\t\t\t<figcaption class='wp-caption-text gallery-caption' id='gallery-1-1459'>\n\t\t\t\tFili\u00e8re de nasses dans l&rsquo;Adour\n\t\t\t\t<\/figcaption><\/figure><figure class='gallery-item'>\n\t\t\t<div class='gallery-icon landscape'>\n\t\t\t\t<a data-elementor-open-lightbox=\"yes\" data-elementor-lightbox-slideshow=\"06e461f\" data-elementor-lightbox-title=\"DSC06771\" data-e-action-hash=\"#elementor-action%3Aaction%3Dlightbox%26settings%3DeyJpZCI6MjAyMCwidXJsIjoiaHR0cHM6XC9cL2FuZ3VpbGxlcmVzcG9uc2FibGUuY29tXC93cC1jb250ZW50XC91cGxvYWRzXC8yMDIyXC8xMFwvRFNDMDY3NzEtc2NhbGVkLWUxNjY2MTg3OTcyMjExLmpwZyIsInNsaWRlc2hvdyI6IjA2ZTQ2MWYifQ%3D%3D\" href='https:\/\/anguilleresponsable.com\/wp-content\/uploads\/2022\/10\/DSC06771-scaled-e1666187972211.jpg'><img loading=\"lazy\" decoding=\"async\" width=\"150\" height=\"150\" src=\"https:\/\/anguilleresponsable.com\/wp-content\/uploads\/2022\/10\/DSC06771-scaled-e1666187972211-150x150.jpg\" class=\"attachment-thumbnail size-thumbnail\" alt=\"\" aria-describedby=\"gallery-1-2020\" \/><\/a>\n\t\t\t<\/div>\n\t\t\t\t<figcaption class='wp-caption-text gallery-caption' id='gallery-1-2020'>\n\t\t\t\trelev\u00e9 d&rsquo;un verveux sur les bords de Loire\n\t\t\t\t<\/figcaption><\/figure>\n\t\t<\/div>\n\t\t<\/div>\n\t\t\t\t\t\t<\/div>\n\t\t\t\t<\/div>\n\t\t\t\t\t<\/div>\n\t\t<\/div>\n\t\t\t\t\t<\/div>\n\t\t<\/section>\n\t\t\t\t<section class=\"elementor-section elementor-top-section elementor-element elementor-element-8e31929 elementor-section-boxed elementor-section-height-default elementor-section-height-default\" data-id=\"8e31929\" data-element_type=\"section\" data-e-type=\"section\">\n\t\t\t\t\t\t<div class=\"elementor-container elementor-column-gap-default\">\n\t\t\t\t\t<div class=\"elementor-column elementor-col-100 elementor-top-column elementor-element elementor-element-f26edbe\" data-id=\"f26edbe\" data-element_type=\"column\" data-e-type=\"column\">\n\t\t\t<div class=\"elementor-widget-wrap elementor-element-populated\">\n\t\t\t\t\t\t<div class=\"elementor-element elementor-element-245e302 elementor-widget elementor-widget-text-editor\" data-id=\"245e302\" data-element_type=\"widget\" data-e-type=\"widget\" data-widget_type=\"text-editor.default\">\n\t\t\t\t<div class=\"elementor-widget-container\">\n\t\t\t\t\t\t\t\t\t<p style=\"text-align: center;\"><span style=\"color: #ff0000;\"><em>Cliquer sur la galerie pour obtenir l&rsquo;agrandissement des photos<\/em><\/span><\/p>\t\t\t\t\t\t\t\t<\/div>\n\t\t\t\t<\/div>\n\t\t\t\t\t<\/div>\n\t\t<\/div>\n\t\t\t\t\t<\/div>\n\t\t<\/section>\n\t\t\t\t<\/div>\n\t\t","protected":false},"excerpt":{"rendered":"Er wird in einer Vielzahl von \u00d6kosystemen gefischt: Seen, Mittelmeerlagunen, B\u00e4che, S\u00fcmpfe (beide mit S\u00fc\u00df- und Salzwasser), Fl\u00fcsse, Flussm\u00fcndungen, Buchten und K\u00fcstenbecken. Diese Art weist eine bemerkenswerte Anpassung an Salzgehaltsschwankungen auf, und Studien, die an ihren Otolithen (kleine Kalksteinkonkretionen im Innenohr des Fisches) durchgef\u00fchrt wurden, zeigen, da\u00df \u00a0Individuen, nachdem sie S\u00fc\u00dfwasser besiedelt haben, in Brackwasser ","protected":false},"author":2,"featured_media":0,"parent":4380,"menu_order":0,"comment_status":"closed","ping_status":"closed","template":"","meta":{"footnotes":""},"class_list":["post-4392","page","type-page","status-publish","hentry"],"yoast_head":"<!-- This site is optimized with the Yoast SEO plugin v27.4 - https:\/\/yoast.com\/product\/yoast-seo-wordpress\/ -->\n<title>Gelbaal - Anguille Responsable<\/title>\n<meta name=\"robots\" content=\"index, follow, max-snippet:-1, max-image-preview:large, max-video-preview:-1\" \/>\n<link rel=\"canonical\" href=\"https:\/\/anguilleresponsable.com\/index.php\/de\/unsere-maschinen-und-unsere-praktiken\/gelbaal\/\" \/>\n<meta property=\"og:locale\" content=\"fr_FR\" \/>\n<meta property=\"og:type\" content=\"article\" \/>\n<meta property=\"og:title\" content=\"Gelbaal - Anguille Responsable\" \/>\n<meta property=\"og:description\" content=\"Er wird in einer Vielzahl von \u00d6kosystemen gefischt: Seen, Mittelmeerlagunen, B\u00e4che, S\u00fcmpfe (beide mit S\u00fc\u00df- und Salzwasser), Fl\u00fcsse, Flussm\u00fcndungen, Buchten und K\u00fcstenbecken. Diese Art weist eine bemerkenswerte Anpassung an Salzgehaltsschwankungen auf, und Studien, die an ihren Otolithen (kleine Kalksteinkonkretionen im Innenohr des Fisches) durchgef\u00fchrt wurden, zeigen, da\u00df \u00a0Individuen, nachdem sie S\u00fc\u00dfwasser besiedelt haben, in Brackwasser\" \/>\n<meta property=\"og:url\" content=\"https:\/\/anguilleresponsable.com\/index.php\/de\/unsere-maschinen-und-unsere-praktiken\/gelbaal\/\" \/>\n<meta property=\"og:site_name\" content=\"Anguille Responsable\" \/>\n<meta property=\"article:modified_time\" content=\"2022-11-25T17:21:23+00:00\" \/>\n<meta property=\"og:image\" content=\"https:\/\/anguilleresponsable.com\/wp-content\/uploads\/2022\/10\/thau11-2-150x150.jpg\" \/>\n<meta name=\"twitter:card\" content=\"summary_large_image\" \/>\n<meta name=\"twitter:label1\" content=\"Dur\u00e9e de lecture estim\u00e9e\" \/>\n\t<meta name=\"twitter:data1\" content=\"2 minutes\" \/>\n<script type=\"application\/ld+json\" class=\"yoast-schema-graph\">{\"@context\":\"https:\\\/\\\/schema.org\",\"@graph\":[{\"@type\":\"WebPage\",\"@id\":\"https:\\\/\\\/anguilleresponsable.com\\\/index.php\\\/de\\\/unsere-maschinen-und-unsere-praktiken\\\/gelbaal\\\/\",\"url\":\"https:\\\/\\\/anguilleresponsable.com\\\/index.php\\\/de\\\/unsere-maschinen-und-unsere-praktiken\\\/gelbaal\\\/\",\"name\":\"Gelbaal - Anguille Responsable\",\"isPartOf\":{\"@id\":\"https:\\\/\\\/anguilleresponsable.com\\\/#website\"},\"primaryImageOfPage\":{\"@id\":\"https:\\\/\\\/anguilleresponsable.com\\\/index.php\\\/de\\\/unsere-maschinen-und-unsere-praktiken\\\/gelbaal\\\/#primaryimage\"},\"image\":{\"@id\":\"https:\\\/\\\/anguilleresponsable.com\\\/index.php\\\/de\\\/unsere-maschinen-und-unsere-praktiken\\\/gelbaal\\\/#primaryimage\"},\"thumbnailUrl\":\"https:\\\/\\\/anguilleresponsable.com\\\/wp-content\\\/uploads\\\/2022\\\/10\\\/thau11-2-150x150.jpg\",\"datePublished\":\"2022-11-23T08:05:17+00:00\",\"dateModified\":\"2022-11-25T17:21:23+00:00\",\"breadcrumb\":{\"@id\":\"https:\\\/\\\/anguilleresponsable.com\\\/index.php\\\/de\\\/unsere-maschinen-und-unsere-praktiken\\\/gelbaal\\\/#breadcrumb\"},\"inLanguage\":\"fr-FR\",\"potentialAction\":[{\"@type\":\"ReadAction\",\"target\":[\"https:\\\/\\\/anguilleresponsable.com\\\/index.php\\\/de\\\/unsere-maschinen-und-unsere-praktiken\\\/gelbaal\\\/\"]}]},{\"@type\":\"ImageObject\",\"inLanguage\":\"fr-FR\",\"@id\":\"https:\\\/\\\/anguilleresponsable.com\\\/index.php\\\/de\\\/unsere-maschinen-und-unsere-praktiken\\\/gelbaal\\\/#primaryimage\",\"url\":\"https:\\\/\\\/anguilleresponsable.com\\\/wp-content\\\/uploads\\\/2022\\\/10\\\/thau11-2-150x150.jpg\",\"contentUrl\":\"https:\\\/\\\/anguilleresponsable.com\\\/wp-content\\\/uploads\\\/2022\\\/10\\\/thau11-2-150x150.jpg\"},{\"@type\":\"BreadcrumbList\",\"@id\":\"https:\\\/\\\/anguilleresponsable.com\\\/index.php\\\/de\\\/unsere-maschinen-und-unsere-praktiken\\\/gelbaal\\\/#breadcrumb\",\"itemListElement\":[{\"@type\":\"ListItem\",\"position\":1,\"name\":\"Accueil\",\"item\":\"https:\\\/\\\/anguilleresponsable.com\\\/\"},{\"@type\":\"ListItem\",\"position\":2,\"name\":\"Unsere Maschinen und unsere Praktiken\",\"item\":\"https:\\\/\\\/anguilleresponsable.com\\\/index.php\\\/de\\\/unsere-maschinen-und-unsere-praktiken\\\/\"},{\"@type\":\"ListItem\",\"position\":3,\"name\":\"Gelbaal\"}]},{\"@type\":\"WebSite\",\"@id\":\"https:\\\/\\\/anguilleresponsable.com\\\/#website\",\"url\":\"https:\\\/\\\/anguilleresponsable.com\\\/\",\"name\":\"Anguille Responsable\",\"description\":\"Association Fran\u00e7aise pour la Promotion de la Marque Anguille Responsable\",\"publisher\":{\"@id\":\"https:\\\/\\\/anguilleresponsable.com\\\/#organization\"},\"alternateName\":\"AFPMAR\",\"potentialAction\":[{\"@type\":\"SearchAction\",\"target\":{\"@type\":\"EntryPoint\",\"urlTemplate\":\"https:\\\/\\\/anguilleresponsable.com\\\/?s={search_term_string}\"},\"query-input\":{\"@type\":\"PropertyValueSpecification\",\"valueRequired\":true,\"valueName\":\"search_term_string\"}}],\"inLanguage\":\"fr-FR\"},{\"@type\":\"Organization\",\"@id\":\"https:\\\/\\\/anguilleresponsable.com\\\/#organization\",\"name\":\"Anguille responsable\",\"alternateName\":\"AFPMAR\",\"url\":\"https:\\\/\\\/anguilleresponsable.com\\\/\",\"logo\":{\"@type\":\"ImageObject\",\"inLanguage\":\"fr-FR\",\"@id\":\"https:\\\/\\\/anguilleresponsable.com\\\/#\\\/schema\\\/logo\\\/image\\\/\",\"url\":\"https:\\\/\\\/anguilleresponsable.com\\\/wp-content\\\/uploads\\\/2024\\\/06\\\/marqueAFPMAR.jpg\",\"contentUrl\":\"https:\\\/\\\/anguilleresponsable.com\\\/wp-content\\\/uploads\\\/2024\\\/06\\\/marqueAFPMAR.jpg\",\"width\":1563,\"height\":1563,\"caption\":\"Anguille responsable\"},\"image\":{\"@id\":\"https:\\\/\\\/anguilleresponsable.com\\\/#\\\/schema\\\/logo\\\/image\\\/\"}}]}<\/script>\n<!-- \/ Yoast SEO plugin. -->","yoast_head_json":{"title":"Gelbaal - Anguille Responsable","robots":{"index":"index","follow":"follow","max-snippet":"max-snippet:-1","max-image-preview":"max-image-preview:large","max-video-preview":"max-video-preview:-1"},"canonical":"https:\/\/anguilleresponsable.com\/index.php\/de\/unsere-maschinen-und-unsere-praktiken\/gelbaal\/","og_locale":"fr_FR","og_type":"article","og_title":"Gelbaal - Anguille Responsable","og_description":"Er wird in einer Vielzahl von \u00d6kosystemen gefischt: Seen, Mittelmeerlagunen, B\u00e4che, S\u00fcmpfe (beide mit S\u00fc\u00df- und Salzwasser), Fl\u00fcsse, Flussm\u00fcndungen, Buchten und K\u00fcstenbecken. Diese Art weist eine bemerkenswerte Anpassung an Salzgehaltsschwankungen auf, und Studien, die an ihren Otolithen (kleine Kalksteinkonkretionen im Innenohr des Fisches) durchgef\u00fchrt wurden, zeigen, da\u00df \u00a0Individuen, nachdem sie S\u00fc\u00dfwasser besiedelt haben, in Brackwasser","og_url":"https:\/\/anguilleresponsable.com\/index.php\/de\/unsere-maschinen-und-unsere-praktiken\/gelbaal\/","og_site_name":"Anguille Responsable","article_modified_time":"2022-11-25T17:21:23+00:00","og_image":[{"url":"https:\/\/anguilleresponsable.com\/wp-content\/uploads\/2022\/10\/thau11-2-150x150.jpg","type":"","width":"","height":""}],"twitter_card":"summary_large_image","twitter_misc":{"Dur\u00e9e de lecture estim\u00e9e":"2 minutes"},"schema":{"@context":"https:\/\/schema.org","@graph":[{"@type":"WebPage","@id":"https:\/\/anguilleresponsable.com\/index.php\/de\/unsere-maschinen-und-unsere-praktiken\/gelbaal\/","url":"https:\/\/anguilleresponsable.com\/index.php\/de\/unsere-maschinen-und-unsere-praktiken\/gelbaal\/","name":"Gelbaal - Anguille Responsable","isPartOf":{"@id":"https:\/\/anguilleresponsable.com\/#website"},"primaryImageOfPage":{"@id":"https:\/\/anguilleresponsable.com\/index.php\/de\/unsere-maschinen-und-unsere-praktiken\/gelbaal\/#primaryimage"},"image":{"@id":"https:\/\/anguilleresponsable.com\/index.php\/de\/unsere-maschinen-und-unsere-praktiken\/gelbaal\/#primaryimage"},"thumbnailUrl":"https:\/\/anguilleresponsable.com\/wp-content\/uploads\/2022\/10\/thau11-2-150x150.jpg","datePublished":"2022-11-23T08:05:17+00:00","dateModified":"2022-11-25T17:21:23+00:00","breadcrumb":{"@id":"https:\/\/anguilleresponsable.com\/index.php\/de\/unsere-maschinen-und-unsere-praktiken\/gelbaal\/#breadcrumb"},"inLanguage":"fr-FR","potentialAction":[{"@type":"ReadAction","target":["https:\/\/anguilleresponsable.com\/index.php\/de\/unsere-maschinen-und-unsere-praktiken\/gelbaal\/"]}]},{"@type":"ImageObject","inLanguage":"fr-FR","@id":"https:\/\/anguilleresponsable.com\/index.php\/de\/unsere-maschinen-und-unsere-praktiken\/gelbaal\/#primaryimage","url":"https:\/\/anguilleresponsable.com\/wp-content\/uploads\/2022\/10\/thau11-2-150x150.jpg","contentUrl":"https:\/\/anguilleresponsable.com\/wp-content\/uploads\/2022\/10\/thau11-2-150x150.jpg"},{"@type":"BreadcrumbList","@id":"https:\/\/anguilleresponsable.com\/index.php\/de\/unsere-maschinen-und-unsere-praktiken\/gelbaal\/#breadcrumb","itemListElement":[{"@type":"ListItem","position":1,"name":"Accueil","item":"https:\/\/anguilleresponsable.com\/"},{"@type":"ListItem","position":2,"name":"Unsere Maschinen und unsere Praktiken","item":"https:\/\/anguilleresponsable.com\/index.php\/de\/unsere-maschinen-und-unsere-praktiken\/"},{"@type":"ListItem","position":3,"name":"Gelbaal"}]},{"@type":"WebSite","@id":"https:\/\/anguilleresponsable.com\/#website","url":"https:\/\/anguilleresponsable.com\/","name":"Anguille Responsable","description":"Association Fran\u00e7aise pour la Promotion de la Marque Anguille Responsable","publisher":{"@id":"https:\/\/anguilleresponsable.com\/#organization"},"alternateName":"AFPMAR","potentialAction":[{"@type":"SearchAction","target":{"@type":"EntryPoint","urlTemplate":"https:\/\/anguilleresponsable.com\/?s={search_term_string}"},"query-input":{"@type":"PropertyValueSpecification","valueRequired":true,"valueName":"search_term_string"}}],"inLanguage":"fr-FR"},{"@type":"Organization","@id":"https:\/\/anguilleresponsable.com\/#organization","name":"Anguille responsable","alternateName":"AFPMAR","url":"https:\/\/anguilleresponsable.com\/","logo":{"@type":"ImageObject","inLanguage":"fr-FR","@id":"https:\/\/anguilleresponsable.com\/#\/schema\/logo\/image\/","url":"https:\/\/anguilleresponsable.com\/wp-content\/uploads\/2024\/06\/marqueAFPMAR.jpg","contentUrl":"https:\/\/anguilleresponsable.com\/wp-content\/uploads\/2024\/06\/marqueAFPMAR.jpg","width":1563,"height":1563,"caption":"Anguille responsable"},"image":{"@id":"https:\/\/anguilleresponsable.com\/#\/schema\/logo\/image\/"}}]}},"_links":{"self":[{"href":"https:\/\/anguilleresponsable.com\/index.php\/wp-json\/wp\/v2\/pages\/4392","targetHints":{"allow":["GET"]}}],"collection":[{"href":"https:\/\/anguilleresponsable.com\/index.php\/wp-json\/wp\/v2\/pages"}],"about":[{"href":"https:\/\/anguilleresponsable.com\/index.php\/wp-json\/wp\/v2\/types\/page"}],"author":[{"embeddable":true,"href":"https:\/\/anguilleresponsable.com\/index.php\/wp-json\/wp\/v2\/users\/2"}],"replies":[{"embeddable":true,"href":"https:\/\/anguilleresponsable.com\/index.php\/wp-json\/wp\/v2\/comments?post=4392"}],"version-history":[{"count":6,"href":"https:\/\/anguilleresponsable.com\/index.php\/wp-json\/wp\/v2\/pages\/4392\/revisions"}],"predecessor-version":[{"id":4615,"href":"https:\/\/anguilleresponsable.com\/index.php\/wp-json\/wp\/v2\/pages\/4392\/revisions\/4615"}],"up":[{"embeddable":true,"href":"https:\/\/anguilleresponsable.com\/index.php\/wp-json\/wp\/v2\/pages\/4380"}],"wp:attachment":[{"href":"https:\/\/anguilleresponsable.com\/index.php\/wp-json\/wp\/v2\/media?parent=4392"}],"curies":[{"name":"wp","href":"https:\/\/api.w.org\/{rel}","templated":true}]}}