{"id":4390,"date":"2022-11-23T09:04:12","date_gmt":"2022-11-23T08:04:12","guid":{"rendered":"https:\/\/anguilleresponsable.com\/?page_id=4390"},"modified":"2022-11-25T18:31:30","modified_gmt":"2022-11-25T17:31:30","slug":"silberaal","status":"publish","type":"page","link":"https:\/\/anguilleresponsable.com\/index.php\/de\/unsere-maschinen-und-unsere-praktiken\/silberaal\/","title":{"rendered":"Blankaal"},"content":{"rendered":"\t\t<div data-elementor-type=\"wp-page\" data-elementor-id=\"4390\" class=\"elementor elementor-4390\">\n\t\t\t\t\t\t<section class=\"elementor-section elementor-top-section elementor-element elementor-element-872e629 elementor-section-boxed elementor-section-height-default elementor-section-height-default\" data-id=\"872e629\" data-element_type=\"section\" data-e-type=\"section\">\n\t\t\t\t\t\t<div class=\"elementor-container elementor-column-gap-default\">\n\t\t\t\t\t<div class=\"elementor-column elementor-col-100 elementor-top-column elementor-element elementor-element-15a2fba\" data-id=\"15a2fba\" data-element_type=\"column\" data-e-type=\"column\">\n\t\t\t<div class=\"elementor-widget-wrap elementor-element-populated\">\n\t\t\t\t\t\t<div class=\"elementor-element elementor-element-8d785c6 elementor-widget elementor-widget-text-editor\" data-id=\"8d785c6\" data-element_type=\"widget\" data-e-type=\"widget\" data-widget_type=\"text-editor.default\">\n\t\t\t\t<div class=\"elementor-widget-container\">\n\t\t\t\t\t\t\t\t\t<p>Er wird auch als Aal der Abwanderung bezeichnet, die eigentliche Wanderform des Aals. Es ist das biologische Stadium, das den Beginn der Fortpflanzungsphase ank\u00fcndigt, deren Ort sich im Nordostatlantik \u00a0in der Sargassosee befindet. Die neuesten Markierungen mit Argos-Sender, Baken, die auf gro\u00dfen Aalen implantiert wurden und sich nach einer gewissen Zeit vom Tier l\u00f6sen und an der Oberfl\u00e4che eine bestimmte Anzahl von Daten abgeben: Temperatur der durchquerten Gew\u00e4sser, Druckschwankungen des Tieres und geografische Position des Ortes der Abl\u00f6sung der Markierung, haben gezeigt, da\u00df Aale des gesamten Verbreitungsgebiets in Richtung Azoren unterwegs sind. Die 2018 und 2019 auf den Azoren durchgef\u00fchrten Markierungen von erwachsenen Aalen konnten dann zeigen, da\u00df diese zu einem Ort in der Sargassosee wanderten, der von J. Schmidt Anfang des letzten Jahrhunderts als der einzigartige Fortpflanzungsort unseres Europ\u00e4ischen Aals identifiziert wurde. So rei\u00dft der Schleier, der das Geheimnis der Fortpflanzung des Europ\u00e4ischen Aals bedeckt, allm\u00e4hlich auf. Allerdings muss die Fortpflanzung des Aals in seinem nat\u00fcrlichen Lebensraum noch <em>in situ<\/em> beobachtet werden.<\/p><p>Zu Beginn seiner langen Fortpflanzungsreise wird der Blankaal mit verschiedenen Fangger\u00e4ten und in begrenzten Gebieten gefangen. Sein Fang an der Atlantikk\u00fcste ist stark reglementiert und aus Gr\u00fcnden des Artenschutzes oft nicht erlaubt. Einige Fischer betreiben diesen Fischfang in der Loire, auf der Erdre oder auf dem See von Grand-Lieu. In den Lagunen des Mittelmeers wird er hingegen und bislang h\u00e4ufig befischt.<\/p><p>Die gesammelten Daten sind sehr n\u00fctzlich f\u00fcr die Bewertung des sogenannten abwandernden Bestands oder der \u00ab\u00a0Flucht\u00a0\u00bb. Leider haben die Beh\u00f6rden den professionellen Strukturen nicht die notwendigen Mittel zur Verf\u00fcgung gestellt, um diese \u00dcberwachungsreihe fortzusetzen, da sie f\u00e4lschlicherweise glauben, da\u00df wir genug \u00fcber die Entwicklung dieses Indikators wissen, der jedoch sehr n\u00fctzlich ist, um die Entwicklung der Population im Loire becken zu kennen.<\/p><p>Diese Fischerei wird mit gro\u00dfen Fangger\u00e4ten ausge\u00fcbt, von denen einige f\u00fcr das Loire-Becken typisch sind, wie z. B. das \u201eGuideau\u201c oder \u201eDideau\u201c, ein Netz mit einer konischen \u00d6ffnung, das an einem Reusenboot, einem Boot mit flachem Boden, befestigt ist. Dieses Netz wird mit einem Verveux oder \u201eT\u00e9zelle\u201c abgeschlossen.<\/p>\t\t\t\t\t\t\t\t<\/div>\n\t\t\t\t<\/div>\n\t\t\t\t<div class=\"elementor-element elementor-element-2c70651 elementor-widget elementor-widget-image\" data-id=\"2c70651\" data-element_type=\"widget\" data-e-type=\"widget\" data-widget_type=\"image.default\">\n\t\t\t\t<div class=\"elementor-widget-container\">\n\t\t\t\t\t\t\t\t\t\t\t\t<figure class=\"wp-caption\">\n\t\t\t\t\t\t\t\t\t\t<img fetchpriority=\"high\" decoding=\"async\" width=\"665\" height=\"156\" src=\"https:\/\/anguilleresponsable.com\/wp-content\/uploads\/2022\/10\/guideauschema.jpg\" class=\"attachment-1536x1536 size-1536x1536 wp-image-2992\" alt=\"\" srcset=\"https:\/\/anguilleresponsable.com\/wp-content\/uploads\/2022\/10\/guideauschema.jpg 665w, https:\/\/anguilleresponsable.com\/wp-content\/uploads\/2022\/10\/guideauschema-300x70.jpg 300w, https:\/\/anguilleresponsable.com\/wp-content\/uploads\/2022\/10\/guideauschema-378x89.jpg 378w\" sizes=\"(max-width: 665px) 100vw, 665px\" \/>\t\t\t\t\t\t\t\t\t\t\t<figcaption class=\"widget-image-caption wp-caption-text\">Funktionsprinzip eines F\u00fchrers (guideau oder dideau) in der Loire. Das Toue (Boot) wird am Boden verankert. Das Netz wird mithilfe von zwei Holzst\u00e4mmen ge\u00f6ffnet, die an einer Winde h\u00e4ngen, die an der Trommel befestigt ist. Das Netz wird gegen die Str\u00f6mung gelegt (\u00d6ffnung stromaufw\u00e4rts) und f\u00e4ngt einen Teil der Aale, die in Richtung Meer absteigen. Die Ernte erfolgt durch Anheben der Endtasche oder Verveux.<\/figcaption>\n\t\t\t\t\t\t\t\t\t\t<\/figure>\n\t\t\t\t\t\t\t\t\t<\/div>\n\t\t\t\t<\/div>\n\t\t\t\t<div class=\"elementor-element elementor-element-081988a elementor-widget elementor-widget-text-editor\" data-id=\"081988a\" data-element_type=\"widget\" data-e-type=\"widget\" data-widget_type=\"text-editor.default\">\n\t\t\t\t<div class=\"elementor-widget-container\">\n\t\t\t\t\t\t\t\t\t<p>In den Lagunen des Mittelmeers wird der Aal mithilfe von Sperrnetzen in die Garnreuse geleitet. Das Ganze bildet ein typisches Fangger\u00e4t dieser Gebiete: die Capetschade. Im s\u00fcdlichen Mittelmeerraum gibt es sogenannte Bordigues, die nicht speziell auf Aal ausgerichtet sind, sondern seinen Fang w\u00e4hrend seiner Wanderung erm\u00f6glichen.<\/p>\t\t\t\t\t\t\t\t<\/div>\n\t\t\t\t<\/div>\n\t\t\t\t<div class=\"elementor-element elementor-element-1bfbfbd elementor-arrows-position-inside elementor-pagination-position-outside elementor-widget elementor-widget-image-carousel\" data-id=\"1bfbfbd\" data-element_type=\"widget\" data-e-type=\"widget\" data-settings=\"{&quot;navigation&quot;:&quot;both&quot;,&quot;autoplay&quot;:&quot;yes&quot;,&quot;pause_on_hover&quot;:&quot;yes&quot;,&quot;pause_on_interaction&quot;:&quot;yes&quot;,&quot;autoplay_speed&quot;:5000,&quot;infinite&quot;:&quot;yes&quot;,&quot;speed&quot;:500}\" data-widget_type=\"image-carousel.default\">\n\t\t\t\t<div class=\"elementor-widget-container\">\n\t\t\t\t\t\t\t<div class=\"elementor-image-carousel-wrapper swiper\" role=\"region\" aria-roledescription=\"carousel\" aria-label=\"Bild Karussell\" dir=\"ltr\">\n\t\t\t<div class=\"elementor-image-carousel swiper-wrapper\" aria-live=\"off\">\n\t\t\t\t\t\t\t\t<div class=\"swiper-slide\" role=\"group\" aria-roledescription=\"slide\" aria-label=\"1 von 5\"><figure class=\"swiper-slide-inner\"><img decoding=\"async\" class=\"swiper-slide-image\" src=\"https:\/\/anguilleresponsable.com\/wp-content\/uploads\/2022\/10\/DSC06785-768x576.jpg\" alt=\"filet d&#039;entr\u00e9e du guideau\" \/><figcaption class=\"elementor-image-carousel-caption\">filet d'entr\u00e9e du guideau<\/figcaption><\/figure><\/div><div class=\"swiper-slide\" role=\"group\" aria-roledescription=\"slide\" aria-label=\"2 von 5\"><figure class=\"swiper-slide-inner\"><img decoding=\"async\" class=\"swiper-slide-image\" src=\"https:\/\/anguilleresponsable.com\/wp-content\/uploads\/2022\/10\/thau5-768x576.jpg\" alt=\"capetchade Etang de Thau\" \/><figcaption class=\"elementor-image-carousel-caption\">capetchade Etang de Thau<\/figcaption><\/figure><\/div><div class=\"swiper-slide\" role=\"group\" aria-roledescription=\"slide\" aria-label=\"3 von 5\"><figure class=\"swiper-slide-inner\"><img decoding=\"async\" class=\"swiper-slide-image\" src=\"https:\/\/anguilleresponsable.com\/wp-content\/uploads\/2022\/10\/thau11-2.bmp\" alt=\"capetchade de l&#039;\u00e9tang de Thau\" \/><figcaption class=\"elementor-image-carousel-caption\">capetchade de l'\u00e9tang de Thau<\/figcaption><\/figure><\/div><div class=\"swiper-slide\" role=\"group\" aria-roledescription=\"slide\" aria-label=\"4 von 5\"><figure class=\"swiper-slide-inner\"><img decoding=\"async\" class=\"swiper-slide-image\" src=\"https:\/\/anguilleresponsable.com\/wp-content\/uploads\/2022\/10\/DSC06777-768x576.jpg\" alt=\"Toue de Loire\" \/><figcaption class=\"elementor-image-carousel-caption\">Toue de Loire<\/figcaption><\/figure><\/div><div class=\"swiper-slide\" role=\"group\" aria-roledescription=\"slide\" aria-label=\"5 von 5\"><figure class=\"swiper-slide-inner\"><img decoding=\"async\" class=\"swiper-slide-image\" src=\"https:\/\/anguilleresponsable.com\/wp-content\/uploads\/2022\/10\/DSC06786-768x576.jpg\" alt=\"DSC06786\" \/><\/figure><\/div>\t\t\t<\/div>\n\t\t\t\t\t\t\t\t\t\t\t\t<div class=\"elementor-swiper-button elementor-swiper-button-prev\" role=\"button\" tabindex=\"0\">\n\t\t\t\t\t\t<i aria-hidden=\"true\" class=\"eicon-chevron-left\"><\/i>\t\t\t\t\t<\/div>\n\t\t\t\t\t<div class=\"elementor-swiper-button elementor-swiper-button-next\" role=\"button\" tabindex=\"0\">\n\t\t\t\t\t\t<i aria-hidden=\"true\" class=\"eicon-chevron-right\"><\/i>\t\t\t\t\t<\/div>\n\t\t\t\t\n\t\t\t\t\t\t\t\t\t<div class=\"swiper-pagination\"><\/div>\n\t\t\t\t\t\t\t\t\t<\/div>\n\t\t\t\t\t\t<\/div>\n\t\t\t\t<\/div>\n\t\t\t\t\t<\/div>\n\t\t<\/div>\n\t\t\t\t\t<\/div>\n\t\t<\/section>\n\t\t\t\t<\/div>\n\t\t","protected":false},"excerpt":{"rendered":"Er wird auch als Aal der Abwanderung bezeichnet, die eigentliche Wanderform des Aals. Es ist das biologische Stadium, das den Beginn der Fortpflanzungsphase ank\u00fcndigt, deren Ort sich im Nordostatlantik \u00a0in der Sargassosee befindet. Die neuesten Markierungen mit Argos-Sender, Baken, die auf gro\u00dfen Aalen implantiert wurden und sich nach einer gewissen Zeit vom Tier l\u00f6sen und ","protected":false},"author":2,"featured_media":0,"parent":4380,"menu_order":0,"comment_status":"closed","ping_status":"closed","template":"","meta":{"footnotes":""},"class_list":["post-4390","page","type-page","status-publish","hentry"],"yoast_head":"<!-- This site is optimized with the Yoast SEO plugin v27.2 - https:\/\/yoast.com\/product\/yoast-seo-wordpress\/ -->\n<title>Blankaal - Anguille Responsable<\/title>\n<meta name=\"robots\" content=\"index, follow, max-snippet:-1, max-image-preview:large, max-video-preview:-1\" \/>\n<link rel=\"canonical\" href=\"https:\/\/anguilleresponsable.com\/index.php\/de\/unsere-maschinen-und-unsere-praktiken\/silberaal\/\" \/>\n<meta property=\"og:locale\" content=\"fr_FR\" \/>\n<meta property=\"og:type\" content=\"article\" \/>\n<meta property=\"og:title\" content=\"Blankaal - Anguille Responsable\" \/>\n<meta property=\"og:description\" content=\"Er wird auch als Aal der Abwanderung bezeichnet, die eigentliche Wanderform des Aals. Es ist das biologische Stadium, das den Beginn der Fortpflanzungsphase ank\u00fcndigt, deren Ort sich im Nordostatlantik \u00a0in der Sargassosee befindet. Die neuesten Markierungen mit Argos-Sender, Baken, die auf gro\u00dfen Aalen implantiert wurden und sich nach einer gewissen Zeit vom Tier l\u00f6sen und\" \/>\n<meta property=\"og:url\" content=\"https:\/\/anguilleresponsable.com\/index.php\/de\/unsere-maschinen-und-unsere-praktiken\/silberaal\/\" \/>\n<meta property=\"og:site_name\" content=\"Anguille Responsable\" \/>\n<meta property=\"article:modified_time\" content=\"2022-11-25T17:31:30+00:00\" \/>\n<meta property=\"og:image\" content=\"https:\/\/anguilleresponsable.com\/wp-content\/uploads\/2022\/10\/guideauschema.jpg\" \/>\n<meta name=\"twitter:card\" content=\"summary_large_image\" \/>\n<meta name=\"twitter:label1\" content=\"Dur\u00e9e de lecture estim\u00e9e\" \/>\n\t<meta name=\"twitter:data1\" content=\"2 minutes\" \/>\n<script type=\"application\/ld+json\" class=\"yoast-schema-graph\">{\"@context\":\"https:\/\/schema.org\",\"@graph\":[{\"@type\":\"WebPage\",\"@id\":\"https:\/\/anguilleresponsable.com\/index.php\/de\/unsere-maschinen-und-unsere-praktiken\/silberaal\/\",\"url\":\"https:\/\/anguilleresponsable.com\/index.php\/de\/unsere-maschinen-und-unsere-praktiken\/silberaal\/\",\"name\":\"Blankaal - Anguille Responsable\",\"isPartOf\":{\"@id\":\"https:\/\/anguilleresponsable.com\/#website\"},\"primaryImageOfPage\":{\"@id\":\"https:\/\/anguilleresponsable.com\/index.php\/de\/unsere-maschinen-und-unsere-praktiken\/silberaal\/#primaryimage\"},\"image\":{\"@id\":\"https:\/\/anguilleresponsable.com\/index.php\/de\/unsere-maschinen-und-unsere-praktiken\/silberaal\/#primaryimage\"},\"thumbnailUrl\":\"https:\/\/anguilleresponsable.com\/wp-content\/uploads\/2022\/10\/guideauschema.jpg\",\"datePublished\":\"2022-11-23T08:04:12+00:00\",\"dateModified\":\"2022-11-25T17:31:30+00:00\",\"breadcrumb\":{\"@id\":\"https:\/\/anguilleresponsable.com\/index.php\/de\/unsere-maschinen-und-unsere-praktiken\/silberaal\/#breadcrumb\"},\"inLanguage\":\"fr-FR\",\"potentialAction\":[{\"@type\":\"ReadAction\",\"target\":[\"https:\/\/anguilleresponsable.com\/index.php\/de\/unsere-maschinen-und-unsere-praktiken\/silberaal\/\"]}]},{\"@type\":\"ImageObject\",\"inLanguage\":\"fr-FR\",\"@id\":\"https:\/\/anguilleresponsable.com\/index.php\/de\/unsere-maschinen-und-unsere-praktiken\/silberaal\/#primaryimage\",\"url\":\"https:\/\/anguilleresponsable.com\/wp-content\/uploads\/2022\/10\/guideauschema.jpg\",\"contentUrl\":\"https:\/\/anguilleresponsable.com\/wp-content\/uploads\/2022\/10\/guideauschema.jpg\",\"width\":665,\"height\":156},{\"@type\":\"BreadcrumbList\",\"@id\":\"https:\/\/anguilleresponsable.com\/index.php\/de\/unsere-maschinen-und-unsere-praktiken\/silberaal\/#breadcrumb\",\"itemListElement\":[{\"@type\":\"ListItem\",\"position\":1,\"name\":\"Accueil\",\"item\":\"https:\/\/anguilleresponsable.com\/\"},{\"@type\":\"ListItem\",\"position\":2,\"name\":\"Unsere Maschinen und unsere Praktiken\",\"item\":\"https:\/\/anguilleresponsable.com\/index.php\/de\/unsere-maschinen-und-unsere-praktiken\/\"},{\"@type\":\"ListItem\",\"position\":3,\"name\":\"Blankaal\"}]},{\"@type\":\"WebSite\",\"@id\":\"https:\/\/anguilleresponsable.com\/#website\",\"url\":\"https:\/\/anguilleresponsable.com\/\",\"name\":\"Anguille Responsable\",\"description\":\"Association Fran\u00e7aise pour la Promotion de la Marque Anguille Responsable\",\"publisher\":{\"@id\":\"https:\/\/anguilleresponsable.com\/#organization\"},\"alternateName\":\"AFPMAR\",\"potentialAction\":[{\"@type\":\"SearchAction\",\"target\":{\"@type\":\"EntryPoint\",\"urlTemplate\":\"https:\/\/anguilleresponsable.com\/?s={search_term_string}\"},\"query-input\":{\"@type\":\"PropertyValueSpecification\",\"valueRequired\":true,\"valueName\":\"search_term_string\"}}],\"inLanguage\":\"fr-FR\"},{\"@type\":\"Organization\",\"@id\":\"https:\/\/anguilleresponsable.com\/#organization\",\"name\":\"Anguille responsable\",\"alternateName\":\"AFPMAR\",\"url\":\"https:\/\/anguilleresponsable.com\/\",\"logo\":{\"@type\":\"ImageObject\",\"inLanguage\":\"fr-FR\",\"@id\":\"https:\/\/anguilleresponsable.com\/#\/schema\/logo\/image\/\",\"url\":\"https:\/\/anguilleresponsable.com\/wp-content\/uploads\/2024\/06\/marqueAFPMAR.jpg\",\"contentUrl\":\"https:\/\/anguilleresponsable.com\/wp-content\/uploads\/2024\/06\/marqueAFPMAR.jpg\",\"width\":1563,\"height\":1563,\"caption\":\"Anguille responsable\"},\"image\":{\"@id\":\"https:\/\/anguilleresponsable.com\/#\/schema\/logo\/image\/\"}}]}<\/script>\n<!-- \/ Yoast SEO plugin. -->","yoast_head_json":{"title":"Blankaal - Anguille Responsable","robots":{"index":"index","follow":"follow","max-snippet":"max-snippet:-1","max-image-preview":"max-image-preview:large","max-video-preview":"max-video-preview:-1"},"canonical":"https:\/\/anguilleresponsable.com\/index.php\/de\/unsere-maschinen-und-unsere-praktiken\/silberaal\/","og_locale":"fr_FR","og_type":"article","og_title":"Blankaal - Anguille Responsable","og_description":"Er wird auch als Aal der Abwanderung bezeichnet, die eigentliche Wanderform des Aals. Es ist das biologische Stadium, das den Beginn der Fortpflanzungsphase ank\u00fcndigt, deren Ort sich im Nordostatlantik \u00a0in der Sargassosee befindet. Die neuesten Markierungen mit Argos-Sender, Baken, die auf gro\u00dfen Aalen implantiert wurden und sich nach einer gewissen Zeit vom Tier l\u00f6sen und","og_url":"https:\/\/anguilleresponsable.com\/index.php\/de\/unsere-maschinen-und-unsere-praktiken\/silberaal\/","og_site_name":"Anguille Responsable","article_modified_time":"2022-11-25T17:31:30+00:00","og_image":[{"url":"https:\/\/anguilleresponsable.com\/wp-content\/uploads\/2022\/10\/guideauschema.jpg","type":"","width":"","height":""}],"twitter_card":"summary_large_image","twitter_misc":{"Dur\u00e9e de lecture estim\u00e9e":"2 minutes"},"schema":{"@context":"https:\/\/schema.org","@graph":[{"@type":"WebPage","@id":"https:\/\/anguilleresponsable.com\/index.php\/de\/unsere-maschinen-und-unsere-praktiken\/silberaal\/","url":"https:\/\/anguilleresponsable.com\/index.php\/de\/unsere-maschinen-und-unsere-praktiken\/silberaal\/","name":"Blankaal - Anguille Responsable","isPartOf":{"@id":"https:\/\/anguilleresponsable.com\/#website"},"primaryImageOfPage":{"@id":"https:\/\/anguilleresponsable.com\/index.php\/de\/unsere-maschinen-und-unsere-praktiken\/silberaal\/#primaryimage"},"image":{"@id":"https:\/\/anguilleresponsable.com\/index.php\/de\/unsere-maschinen-und-unsere-praktiken\/silberaal\/#primaryimage"},"thumbnailUrl":"https:\/\/anguilleresponsable.com\/wp-content\/uploads\/2022\/10\/guideauschema.jpg","datePublished":"2022-11-23T08:04:12+00:00","dateModified":"2022-11-25T17:31:30+00:00","breadcrumb":{"@id":"https:\/\/anguilleresponsable.com\/index.php\/de\/unsere-maschinen-und-unsere-praktiken\/silberaal\/#breadcrumb"},"inLanguage":"fr-FR","potentialAction":[{"@type":"ReadAction","target":["https:\/\/anguilleresponsable.com\/index.php\/de\/unsere-maschinen-und-unsere-praktiken\/silberaal\/"]}]},{"@type":"ImageObject","inLanguage":"fr-FR","@id":"https:\/\/anguilleresponsable.com\/index.php\/de\/unsere-maschinen-und-unsere-praktiken\/silberaal\/#primaryimage","url":"https:\/\/anguilleresponsable.com\/wp-content\/uploads\/2022\/10\/guideauschema.jpg","contentUrl":"https:\/\/anguilleresponsable.com\/wp-content\/uploads\/2022\/10\/guideauschema.jpg","width":665,"height":156},{"@type":"BreadcrumbList","@id":"https:\/\/anguilleresponsable.com\/index.php\/de\/unsere-maschinen-und-unsere-praktiken\/silberaal\/#breadcrumb","itemListElement":[{"@type":"ListItem","position":1,"name":"Accueil","item":"https:\/\/anguilleresponsable.com\/"},{"@type":"ListItem","position":2,"name":"Unsere Maschinen und unsere Praktiken","item":"https:\/\/anguilleresponsable.com\/index.php\/de\/unsere-maschinen-und-unsere-praktiken\/"},{"@type":"ListItem","position":3,"name":"Blankaal"}]},{"@type":"WebSite","@id":"https:\/\/anguilleresponsable.com\/#website","url":"https:\/\/anguilleresponsable.com\/","name":"Anguille Responsable","description":"Association Fran\u00e7aise pour la Promotion de la Marque Anguille Responsable","publisher":{"@id":"https:\/\/anguilleresponsable.com\/#organization"},"alternateName":"AFPMAR","potentialAction":[{"@type":"SearchAction","target":{"@type":"EntryPoint","urlTemplate":"https:\/\/anguilleresponsable.com\/?s={search_term_string}"},"query-input":{"@type":"PropertyValueSpecification","valueRequired":true,"valueName":"search_term_string"}}],"inLanguage":"fr-FR"},{"@type":"Organization","@id":"https:\/\/anguilleresponsable.com\/#organization","name":"Anguille responsable","alternateName":"AFPMAR","url":"https:\/\/anguilleresponsable.com\/","logo":{"@type":"ImageObject","inLanguage":"fr-FR","@id":"https:\/\/anguilleresponsable.com\/#\/schema\/logo\/image\/","url":"https:\/\/anguilleresponsable.com\/wp-content\/uploads\/2024\/06\/marqueAFPMAR.jpg","contentUrl":"https:\/\/anguilleresponsable.com\/wp-content\/uploads\/2024\/06\/marqueAFPMAR.jpg","width":1563,"height":1563,"caption":"Anguille responsable"},"image":{"@id":"https:\/\/anguilleresponsable.com\/#\/schema\/logo\/image\/"}}]}},"_links":{"self":[{"href":"https:\/\/anguilleresponsable.com\/index.php\/wp-json\/wp\/v2\/pages\/4390","targetHints":{"allow":["GET"]}}],"collection":[{"href":"https:\/\/anguilleresponsable.com\/index.php\/wp-json\/wp\/v2\/pages"}],"about":[{"href":"https:\/\/anguilleresponsable.com\/index.php\/wp-json\/wp\/v2\/types\/page"}],"author":[{"embeddable":true,"href":"https:\/\/anguilleresponsable.com\/index.php\/wp-json\/wp\/v2\/users\/2"}],"replies":[{"embeddable":true,"href":"https:\/\/anguilleresponsable.com\/index.php\/wp-json\/wp\/v2\/comments?post=4390"}],"version-history":[{"count":14,"href":"https:\/\/anguilleresponsable.com\/index.php\/wp-json\/wp\/v2\/pages\/4390\/revisions"}],"predecessor-version":[{"id":4628,"href":"https:\/\/anguilleresponsable.com\/index.php\/wp-json\/wp\/v2\/pages\/4390\/revisions\/4628"}],"up":[{"embeddable":true,"href":"https:\/\/anguilleresponsable.com\/index.php\/wp-json\/wp\/v2\/pages\/4380"}],"wp:attachment":[{"href":"https:\/\/anguilleresponsable.com\/index.php\/wp-json\/wp\/v2\/media?parent=4390"}],"curies":[{"name":"wp","href":"https:\/\/api.w.org\/{rel}","templated":true}]}}