{"id":4388,"date":"2022-11-23T09:03:31","date_gmt":"2022-11-23T08:03:31","guid":{"rendered":"https:\/\/anguilleresponsable.com\/?page_id=4388"},"modified":"2022-11-30T15:11:56","modified_gmt":"2022-11-30T14:11:56","slug":"armelkanal","status":"publish","type":"page","link":"https:\/\/anguilleresponsable.com\/index.php\/de\/armelkanal\/","title":{"rendered":"\u00c4rmelkanal"},"content":{"rendered":"\t\t<div data-elementor-type=\"wp-page\" data-elementor-id=\"4388\" class=\"elementor elementor-4388\">\n\t\t\t\t\t\t<section class=\"elementor-section elementor-top-section elementor-element elementor-element-0e2bb33 elementor-section-boxed elementor-section-height-default elementor-section-height-default\" data-id=\"0e2bb33\" data-element_type=\"section\" data-e-type=\"section\">\n\t\t\t\t\t\t<div class=\"elementor-container elementor-column-gap-default\">\n\t\t\t\t\t<div class=\"elementor-column elementor-col-50 elementor-top-column elementor-element elementor-element-52b348e\" data-id=\"52b348e\" data-element_type=\"column\" data-e-type=\"column\">\n\t\t\t<div class=\"elementor-widget-wrap elementor-element-populated\">\n\t\t\t\t\t\t<div class=\"elementor-element elementor-element-c194025 elementor-widget elementor-widget-text-editor\" data-id=\"c194025\" data-element_type=\"widget\" data-e-type=\"widget\" data-widget_type=\"text-editor.default\">\n\t\t\t\t<div class=\"elementor-widget-container\">\n\t\t\t\t\t\t\t\t\t<p>Es ist keine K\u00fcste, an der der Aalfang stark ausgepr\u00e4gt ist wie an der Atlantikk\u00fcste oder der Mittelmeerk\u00fcste, aber der Aalfang ist Teil der Fischereiaktivit\u00e4ten der Seefischergemeinschaften.<\/p>\t\t\t\t\t\t\t\t<\/div>\n\t\t\t\t<\/div>\n\t\t\t\t\t<\/div>\n\t\t<\/div>\n\t\t\t\t<div class=\"elementor-column elementor-col-50 elementor-top-column elementor-element elementor-element-b27ddc9\" data-id=\"b27ddc9\" data-element_type=\"column\" data-e-type=\"column\">\n\t\t\t<div class=\"elementor-widget-wrap elementor-element-populated\">\n\t\t\t\t\t\t<div class=\"elementor-element elementor-element-e892171 elementor-widget elementor-widget-text-editor\" data-id=\"e892171\" data-element_type=\"widget\" data-e-type=\"widget\" data-widget_type=\"text-editor.default\">\n\t\t\t\t<div class=\"elementor-widget-container\">\n\t\t\t\t\t\t\t\t\t<p><strong>23 Seefischer<\/strong> fischen Glasaale und Gelbaale und haben Schiffe in den H\u00e4fen von Dieppe, Le Havre, Cherbourg, Caen und Boulogne registriert.<\/p><p>Es gibt <strong>4 Flussfischer<\/strong>, die auf dem Rhein, der Ill und dem Rheinseitenkanal\u00a0auf Gelbaal fischen.<\/p>\t\t\t\t\t\t\t\t<\/div>\n\t\t\t\t<\/div>\n\t\t\t\t\t<\/div>\n\t\t<\/div>\n\t\t\t\t\t<\/div>\n\t\t<\/section>\n\t\t\t\t<\/div>\n\t\t","protected":false},"excerpt":{"rendered":"Es ist keine K\u00fcste, an der der Aalfang stark ausgepr\u00e4gt ist wie an der Atlantikk\u00fcste oder der Mittelmeerk\u00fcste, aber der Aalfang ist Teil der Fischereiaktivit\u00e4ten der Seefischergemeinschaften. 23 Seefischer fischen Glasaale und Gelbaale und haben Schiffe in den H\u00e4fen von Dieppe, Le Havre, Cherbourg, Caen und Boulogne registriert. Es gibt 4 Flussfischer, die auf dem ","protected":false},"author":2,"featured_media":0,"parent":0,"menu_order":0,"comment_status":"closed","ping_status":"closed","template":"","meta":{"footnotes":""},"class_list":["post-4388","page","type-page","status-publish","hentry"],"yoast_head":"<!-- This site is optimized with the Yoast SEO plugin v27.2 - https:\/\/yoast.com\/product\/yoast-seo-wordpress\/ -->\n<title>\u00c4rmelkanal - Anguille Responsable<\/title>\n<meta name=\"robots\" content=\"index, follow, max-snippet:-1, max-image-preview:large, max-video-preview:-1\" \/>\n<link rel=\"canonical\" href=\"https:\/\/anguilleresponsable.com\/index.php\/de\/armelkanal\/\" \/>\n<meta property=\"og:locale\" content=\"fr_FR\" \/>\n<meta property=\"og:type\" content=\"article\" \/>\n<meta property=\"og:title\" content=\"\u00c4rmelkanal - Anguille Responsable\" \/>\n<meta property=\"og:description\" content=\"Es ist keine K\u00fcste, an der der Aalfang stark ausgepr\u00e4gt ist wie an der Atlantikk\u00fcste oder der Mittelmeerk\u00fcste, aber der Aalfang ist Teil der Fischereiaktivit\u00e4ten der Seefischergemeinschaften. 23 Seefischer fischen Glasaale und Gelbaale und haben Schiffe in den H\u00e4fen von Dieppe, Le Havre, Cherbourg, Caen und Boulogne registriert. Es gibt 4 Flussfischer, die auf dem\" \/>\n<meta property=\"og:url\" content=\"https:\/\/anguilleresponsable.com\/index.php\/de\/armelkanal\/\" \/>\n<meta property=\"og:site_name\" content=\"Anguille Responsable\" \/>\n<meta property=\"article:modified_time\" content=\"2022-11-30T14:11:56+00:00\" \/>\n<meta property=\"og:image\" content=\"https:\/\/anguilleresponsable.com\/wp-content\/uploads\/2024\/06\/marqueAFPMAR.jpg\" \/>\n\t<meta property=\"og:image:width\" content=\"1563\" \/>\n\t<meta property=\"og:image:height\" content=\"1563\" \/>\n\t<meta property=\"og:image:type\" content=\"image\/jpeg\" \/>\n<meta name=\"twitter:card\" content=\"summary_large_image\" \/>\n<script type=\"application\/ld+json\" class=\"yoast-schema-graph\">{\"@context\":\"https:\/\/schema.org\",\"@graph\":[{\"@type\":\"WebPage\",\"@id\":\"https:\/\/anguilleresponsable.com\/index.php\/de\/armelkanal\/\",\"url\":\"https:\/\/anguilleresponsable.com\/index.php\/de\/armelkanal\/\",\"name\":\"\u00c4rmelkanal - Anguille Responsable\",\"isPartOf\":{\"@id\":\"https:\/\/anguilleresponsable.com\/#website\"},\"datePublished\":\"2022-11-23T08:03:31+00:00\",\"dateModified\":\"2022-11-30T14:11:56+00:00\",\"breadcrumb\":{\"@id\":\"https:\/\/anguilleresponsable.com\/index.php\/de\/armelkanal\/#breadcrumb\"},\"inLanguage\":\"fr-FR\",\"potentialAction\":[{\"@type\":\"ReadAction\",\"target\":[\"https:\/\/anguilleresponsable.com\/index.php\/de\/armelkanal\/\"]}]},{\"@type\":\"BreadcrumbList\",\"@id\":\"https:\/\/anguilleresponsable.com\/index.php\/de\/armelkanal\/#breadcrumb\",\"itemListElement\":[{\"@type\":\"ListItem\",\"position\":1,\"name\":\"Accueil\",\"item\":\"https:\/\/anguilleresponsable.com\/\"},{\"@type\":\"ListItem\",\"position\":2,\"name\":\"\u00c4rmelkanal\"}]},{\"@type\":\"WebSite\",\"@id\":\"https:\/\/anguilleresponsable.com\/#website\",\"url\":\"https:\/\/anguilleresponsable.com\/\",\"name\":\"Anguille Responsable\",\"description\":\"Association Fran\u00e7aise pour la Promotion de la Marque Anguille Responsable\",\"publisher\":{\"@id\":\"https:\/\/anguilleresponsable.com\/#organization\"},\"alternateName\":\"AFPMAR\",\"potentialAction\":[{\"@type\":\"SearchAction\",\"target\":{\"@type\":\"EntryPoint\",\"urlTemplate\":\"https:\/\/anguilleresponsable.com\/?s={search_term_string}\"},\"query-input\":{\"@type\":\"PropertyValueSpecification\",\"valueRequired\":true,\"valueName\":\"search_term_string\"}}],\"inLanguage\":\"fr-FR\"},{\"@type\":\"Organization\",\"@id\":\"https:\/\/anguilleresponsable.com\/#organization\",\"name\":\"Anguille responsable\",\"alternateName\":\"AFPMAR\",\"url\":\"https:\/\/anguilleresponsable.com\/\",\"logo\":{\"@type\":\"ImageObject\",\"inLanguage\":\"fr-FR\",\"@id\":\"https:\/\/anguilleresponsable.com\/#\/schema\/logo\/image\/\",\"url\":\"https:\/\/anguilleresponsable.com\/wp-content\/uploads\/2024\/06\/marqueAFPMAR.jpg\",\"contentUrl\":\"https:\/\/anguilleresponsable.com\/wp-content\/uploads\/2024\/06\/marqueAFPMAR.jpg\",\"width\":1563,\"height\":1563,\"caption\":\"Anguille responsable\"},\"image\":{\"@id\":\"https:\/\/anguilleresponsable.com\/#\/schema\/logo\/image\/\"}}]}<\/script>\n<!-- \/ Yoast SEO plugin. -->","yoast_head_json":{"title":"\u00c4rmelkanal - Anguille Responsable","robots":{"index":"index","follow":"follow","max-snippet":"max-snippet:-1","max-image-preview":"max-image-preview:large","max-video-preview":"max-video-preview:-1"},"canonical":"https:\/\/anguilleresponsable.com\/index.php\/de\/armelkanal\/","og_locale":"fr_FR","og_type":"article","og_title":"\u00c4rmelkanal - Anguille Responsable","og_description":"Es ist keine K\u00fcste, an der der Aalfang stark ausgepr\u00e4gt ist wie an der Atlantikk\u00fcste oder der Mittelmeerk\u00fcste, aber der Aalfang ist Teil der Fischereiaktivit\u00e4ten der Seefischergemeinschaften. 23 Seefischer fischen Glasaale und Gelbaale und haben Schiffe in den H\u00e4fen von Dieppe, Le Havre, Cherbourg, Caen und Boulogne registriert. Es gibt 4 Flussfischer, die auf dem","og_url":"https:\/\/anguilleresponsable.com\/index.php\/de\/armelkanal\/","og_site_name":"Anguille Responsable","article_modified_time":"2022-11-30T14:11:56+00:00","og_image":[{"width":1563,"height":1563,"url":"https:\/\/anguilleresponsable.com\/wp-content\/uploads\/2024\/06\/marqueAFPMAR.jpg","type":"image\/jpeg"}],"twitter_card":"summary_large_image","schema":{"@context":"https:\/\/schema.org","@graph":[{"@type":"WebPage","@id":"https:\/\/anguilleresponsable.com\/index.php\/de\/armelkanal\/","url":"https:\/\/anguilleresponsable.com\/index.php\/de\/armelkanal\/","name":"\u00c4rmelkanal - Anguille Responsable","isPartOf":{"@id":"https:\/\/anguilleresponsable.com\/#website"},"datePublished":"2022-11-23T08:03:31+00:00","dateModified":"2022-11-30T14:11:56+00:00","breadcrumb":{"@id":"https:\/\/anguilleresponsable.com\/index.php\/de\/armelkanal\/#breadcrumb"},"inLanguage":"fr-FR","potentialAction":[{"@type":"ReadAction","target":["https:\/\/anguilleresponsable.com\/index.php\/de\/armelkanal\/"]}]},{"@type":"BreadcrumbList","@id":"https:\/\/anguilleresponsable.com\/index.php\/de\/armelkanal\/#breadcrumb","itemListElement":[{"@type":"ListItem","position":1,"name":"Accueil","item":"https:\/\/anguilleresponsable.com\/"},{"@type":"ListItem","position":2,"name":"\u00c4rmelkanal"}]},{"@type":"WebSite","@id":"https:\/\/anguilleresponsable.com\/#website","url":"https:\/\/anguilleresponsable.com\/","name":"Anguille Responsable","description":"Association Fran\u00e7aise pour la Promotion de la Marque Anguille Responsable","publisher":{"@id":"https:\/\/anguilleresponsable.com\/#organization"},"alternateName":"AFPMAR","potentialAction":[{"@type":"SearchAction","target":{"@type":"EntryPoint","urlTemplate":"https:\/\/anguilleresponsable.com\/?s={search_term_string}"},"query-input":{"@type":"PropertyValueSpecification","valueRequired":true,"valueName":"search_term_string"}}],"inLanguage":"fr-FR"},{"@type":"Organization","@id":"https:\/\/anguilleresponsable.com\/#organization","name":"Anguille responsable","alternateName":"AFPMAR","url":"https:\/\/anguilleresponsable.com\/","logo":{"@type":"ImageObject","inLanguage":"fr-FR","@id":"https:\/\/anguilleresponsable.com\/#\/schema\/logo\/image\/","url":"https:\/\/anguilleresponsable.com\/wp-content\/uploads\/2024\/06\/marqueAFPMAR.jpg","contentUrl":"https:\/\/anguilleresponsable.com\/wp-content\/uploads\/2024\/06\/marqueAFPMAR.jpg","width":1563,"height":1563,"caption":"Anguille responsable"},"image":{"@id":"https:\/\/anguilleresponsable.com\/#\/schema\/logo\/image\/"}}]}},"_links":{"self":[{"href":"https:\/\/anguilleresponsable.com\/index.php\/wp-json\/wp\/v2\/pages\/4388","targetHints":{"allow":["GET"]}}],"collection":[{"href":"https:\/\/anguilleresponsable.com\/index.php\/wp-json\/wp\/v2\/pages"}],"about":[{"href":"https:\/\/anguilleresponsable.com\/index.php\/wp-json\/wp\/v2\/types\/page"}],"author":[{"embeddable":true,"href":"https:\/\/anguilleresponsable.com\/index.php\/wp-json\/wp\/v2\/users\/2"}],"replies":[{"embeddable":true,"href":"https:\/\/anguilleresponsable.com\/index.php\/wp-json\/wp\/v2\/comments?post=4388"}],"version-history":[{"count":4,"href":"https:\/\/anguilleresponsable.com\/index.php\/wp-json\/wp\/v2\/pages\/4388\/revisions"}],"predecessor-version":[{"id":4668,"href":"https:\/\/anguilleresponsable.com\/index.php\/wp-json\/wp\/v2\/pages\/4388\/revisions\/4668"}],"wp:attachment":[{"href":"https:\/\/anguilleresponsable.com\/index.php\/wp-json\/wp\/v2\/media?parent=4388"}],"curies":[{"name":"wp","href":"https:\/\/api.w.org\/{rel}","templated":true}]}}