{"id":4382,"date":"2022-11-23T08:58:59","date_gmt":"2022-11-23T07:58:59","guid":{"rendered":"https:\/\/anguilleresponsable.com\/?page_id=4382"},"modified":"2022-12-03T11:01:36","modified_gmt":"2022-12-03T10:01:36","slug":"flusse-strome-und-seen","status":"publish","type":"page","link":"https:\/\/anguilleresponsable.com\/index.php\/de\/flusse-strome-und-seen\/","title":{"rendered":"Fl\u00fcsse, Str\u00f6me und Seen"},"content":{"rendered":"\t\t<div data-elementor-type=\"wp-page\" data-elementor-id=\"4382\" class=\"elementor elementor-4382\">\n\t\t\t\t\t\t<section class=\"elementor-section elementor-top-section elementor-element elementor-element-4c9c8ef elementor-section-boxed elementor-section-height-default elementor-section-height-default\" data-id=\"4c9c8ef\" data-element_type=\"section\" data-e-type=\"section\">\n\t\t\t\t\t\t<div class=\"elementor-container elementor-column-gap-default\">\n\t\t\t\t\t<div class=\"elementor-column elementor-col-50 elementor-top-column elementor-element elementor-element-186252c\" data-id=\"186252c\" data-element_type=\"column\" data-e-type=\"column\">\n\t\t\t<div class=\"elementor-widget-wrap elementor-element-populated\">\n\t\t\t\t\t\t<div class=\"elementor-element elementor-element-aaac113 elementor-widget elementor-widget-text-editor\" data-id=\"aaac113\" data-element_type=\"widget\" data-e-type=\"widget\" data-widget_type=\"text-editor.default\">\n\t\t\t\t<div class=\"elementor-widget-container\">\n\t\t\t\t\t\t\t\t\t<p>Die Aalfischerei hat sich in vielen \u00d6kosystemen entwickelt und sich an die unterschiedlichen Verhaltensweisen der Arten angepasst.<\/p><p>Diese Fischerei findet man an gro\u00dfen Fl\u00fcssen wie der Loire, wie dem Flussm\u00fcndungssystem der Gironde \u2013 Garonne \u2013 Dordogne, Adour, aber auch an vielen Nebenfl\u00fcssen oder K\u00fcstenfl\u00fcssen wie der Vilaine, den Fl\u00fcssen der Charente, aber auch Seen wie Grand-Lieu oder S\u00fc\u00df- und Salzwiesen.<\/p>\t\t\t\t\t\t\t\t<\/div>\n\t\t\t\t<\/div>\n\t\t\t\t<div class=\"elementor-element elementor-element-8ec2197 elementor-widget elementor-widget-image\" data-id=\"8ec2197\" data-element_type=\"widget\" data-e-type=\"widget\" data-widget_type=\"image.default\">\n\t\t\t\t<div class=\"elementor-widget-container\">\n\t\t\t\t\t\t\t\t\t\t\t\t<figure class=\"wp-caption\">\n\t\t\t\t\t\t\t\t\t\t<img fetchpriority=\"high\" decoding=\"async\" width=\"1024\" height=\"731\" src=\"https:\/\/anguilleresponsable.com\/wp-content\/uploads\/2022\/10\/DSC06771-scaled-e1666187972211-1024x731.jpg\" class=\"attachment-large size-large wp-image-2020\" alt=\"\" srcset=\"https:\/\/anguilleresponsable.com\/wp-content\/uploads\/2022\/10\/DSC06771-scaled-e1666187972211-1024x731.jpg 1024w, https:\/\/anguilleresponsable.com\/wp-content\/uploads\/2022\/10\/DSC06771-scaled-e1666187972211-300x214.jpg 300w, https:\/\/anguilleresponsable.com\/wp-content\/uploads\/2022\/10\/DSC06771-scaled-e1666187972211-768x548.jpg 768w, https:\/\/anguilleresponsable.com\/wp-content\/uploads\/2022\/10\/DSC06771-scaled-e1666187972211-1536x1096.jpg 1536w, https:\/\/anguilleresponsable.com\/wp-content\/uploads\/2022\/10\/DSC06771-scaled-e1666187972211-2048x1461.jpg 2048w, https:\/\/anguilleresponsable.com\/wp-content\/uploads\/2022\/10\/DSC06771-scaled-e1666187972211-378x270.jpg 378w\" sizes=\"(max-width: 1024px) 100vw, 1024px\" \/>\t\t\t\t\t\t\t\t\t\t\t<figcaption class=\"widget-image-caption wp-caption-text\">Aalf\u00e4nge mit Garnereusen an den Ufern der Loire<\/figcaption>\n\t\t\t\t\t\t\t\t\t\t<\/figure>\n\t\t\t\t\t\t\t\t\t<\/div>\n\t\t\t\t<\/div>\n\t\t\t\t\t<\/div>\n\t\t<\/div>\n\t\t\t\t<div class=\"elementor-column elementor-col-50 elementor-top-column elementor-element elementor-element-435de49\" data-id=\"435de49\" data-element_type=\"column\" data-e-type=\"column\">\n\t\t\t<div class=\"elementor-widget-wrap elementor-element-populated\">\n\t\t\t\t\t\t<div class=\"elementor-element elementor-element-a0b566d elementor-widget elementor-widget-text-editor\" data-id=\"a0b566d\" data-element_type=\"widget\" data-e-type=\"widget\" data-widget_type=\"text-editor.default\">\n\t\t\t\t<div class=\"elementor-widget-container\">\n\t\t\t\t\t\t\t\t\t<p>Gelbaale verbreiten sich in den Flussabschnitten, k\u00f6nnen aber auch in die M\u00fcndungsabschnitte und manchmal auch ins Meer zur\u00fcckkehren. Wenn sie sich entweder zur Nahrungsaufnahme oder zur Erschlie\u00dfung neuer Gebiete in Fl\u00fcssen und Str\u00f6men ausbreiten, k\u00f6nnen sie mit Fallen, Garnreusen, oder Leinen gefangen werden.<\/p><p>Zur Zeit der Wanderung, nach den ersten Wassersch\u00fcben, wandern die Blankaale flussabw\u00e4rts und dann ins Meer. In gro\u00dfen Fl\u00fcssen wie der Loire werden sie von den sogenannten Guideaux oder Dideaux gefangen, deren Anzahl st\u00e4ndig abnimmt. Diese Ger\u00e4te fangen eher gro\u00dfe Aale ab, die meist Weibchen sind, w\u00e4hrend in den unteren Teilen von Fl\u00fcssen oder B\u00e4chen Fallen kleinere Aale und meist M\u00e4nnchen fangen.<\/p><p>In Seen wie dem Lac de Grand-Lieu zum Beispiel sind die \u00d6kosysteme sehr vielf\u00e4ltig. Der Grand-Lieu-See ist als nationales und regionales Naturschutzgebiet klassifiziert. Im Rahmen der Ramsar-Konvention wurde er als Feuchtgebiet von internationaler Bedeutung eingestuft. Seine Fl\u00e4che ist sehr variabel von 3700 ha im Sommer bis 6500 ha im Winter. Es gibt offene Gew\u00e4sser, bewaldete Schilfgebiete, Feuchtwiesen und schwimmende Seegraswiesen, in denen der Aal vom Glasaalstadium bis zum Blankaalstadium gedeihen kann.<\/p>\t\t\t\t\t\t\t\t<\/div>\n\t\t\t\t<\/div>\n\t\t\t\t\t<\/div>\n\t\t<\/div>\n\t\t\t\t\t<\/div>\n\t\t<\/section>\n\t\t\t\t<\/div>\n\t\t","protected":false},"excerpt":{"rendered":"Die Aalfischerei hat sich in vielen \u00d6kosystemen entwickelt und sich an die unterschiedlichen Verhaltensweisen der Arten angepasst. Diese Fischerei findet man an gro\u00dfen Fl\u00fcssen wie der Loire, wie dem Flussm\u00fcndungssystem der Gironde \u2013 Garonne \u2013 Dordogne, Adour, aber auch an vielen Nebenfl\u00fcssen oder K\u00fcstenfl\u00fcssen wie der Vilaine, den Fl\u00fcssen der Charente, aber auch Seen wie ","protected":false},"author":2,"featured_media":0,"parent":0,"menu_order":0,"comment_status":"closed","ping_status":"closed","template":"","meta":{"footnotes":""},"class_list":["post-4382","page","type-page","status-publish","hentry"],"yoast_head":"<!-- This site is optimized with the Yoast SEO plugin v27.2 - https:\/\/yoast.com\/product\/yoast-seo-wordpress\/ -->\n<title>Fl\u00fcsse, Str\u00f6me und Seen - Anguille Responsable<\/title>\n<meta name=\"robots\" content=\"index, follow, max-snippet:-1, max-image-preview:large, max-video-preview:-1\" \/>\n<link rel=\"canonical\" href=\"https:\/\/anguilleresponsable.com\/index.php\/de\/flusse-strome-und-seen\/\" \/>\n<meta property=\"og:locale\" content=\"fr_FR\" \/>\n<meta property=\"og:type\" content=\"article\" \/>\n<meta property=\"og:title\" content=\"Fl\u00fcsse, Str\u00f6me und Seen - Anguille Responsable\" \/>\n<meta property=\"og:description\" content=\"Die Aalfischerei hat sich in vielen \u00d6kosystemen entwickelt und sich an die unterschiedlichen Verhaltensweisen der Arten angepasst. Diese Fischerei findet man an gro\u00dfen Fl\u00fcssen wie der Loire, wie dem Flussm\u00fcndungssystem der Gironde \u2013 Garonne \u2013 Dordogne, Adour, aber auch an vielen Nebenfl\u00fcssen oder K\u00fcstenfl\u00fcssen wie der Vilaine, den Fl\u00fcssen der Charente, aber auch Seen wie\" \/>\n<meta property=\"og:url\" content=\"https:\/\/anguilleresponsable.com\/index.php\/de\/flusse-strome-und-seen\/\" \/>\n<meta property=\"og:site_name\" content=\"Anguille Responsable\" \/>\n<meta property=\"article:modified_time\" content=\"2022-12-03T10:01:36+00:00\" \/>\n<meta property=\"og:image\" content=\"https:\/\/anguilleresponsable.com\/wp-content\/uploads\/2022\/10\/DSC06771-scaled-e1666187972211-1024x731.jpg\" \/>\n<meta name=\"twitter:card\" content=\"summary_large_image\" \/>\n<meta name=\"twitter:label1\" content=\"Dur\u00e9e de lecture estim\u00e9e\" \/>\n\t<meta name=\"twitter:data1\" content=\"1 minute\" \/>\n<script type=\"application\/ld+json\" class=\"yoast-schema-graph\">{\"@context\":\"https:\/\/schema.org\",\"@graph\":[{\"@type\":\"WebPage\",\"@id\":\"https:\/\/anguilleresponsable.com\/index.php\/de\/flusse-strome-und-seen\/\",\"url\":\"https:\/\/anguilleresponsable.com\/index.php\/de\/flusse-strome-und-seen\/\",\"name\":\"Fl\u00fcsse, Str\u00f6me und Seen - Anguille Responsable\",\"isPartOf\":{\"@id\":\"https:\/\/anguilleresponsable.com\/#website\"},\"primaryImageOfPage\":{\"@id\":\"https:\/\/anguilleresponsable.com\/index.php\/de\/flusse-strome-und-seen\/#primaryimage\"},\"image\":{\"@id\":\"https:\/\/anguilleresponsable.com\/index.php\/de\/flusse-strome-und-seen\/#primaryimage\"},\"thumbnailUrl\":\"https:\/\/anguilleresponsable.com\/wp-content\/uploads\/2022\/10\/DSC06771-scaled-e1666187972211-1024x731.jpg\",\"datePublished\":\"2022-11-23T07:58:59+00:00\",\"dateModified\":\"2022-12-03T10:01:36+00:00\",\"breadcrumb\":{\"@id\":\"https:\/\/anguilleresponsable.com\/index.php\/de\/flusse-strome-und-seen\/#breadcrumb\"},\"inLanguage\":\"fr-FR\",\"potentialAction\":[{\"@type\":\"ReadAction\",\"target\":[\"https:\/\/anguilleresponsable.com\/index.php\/de\/flusse-strome-und-seen\/\"]}]},{\"@type\":\"ImageObject\",\"inLanguage\":\"fr-FR\",\"@id\":\"https:\/\/anguilleresponsable.com\/index.php\/de\/flusse-strome-und-seen\/#primaryimage\",\"url\":\"https:\/\/anguilleresponsable.com\/wp-content\/uploads\/2022\/10\/DSC06771-scaled-e1666187972211.jpg\",\"contentUrl\":\"https:\/\/anguilleresponsable.com\/wp-content\/uploads\/2022\/10\/DSC06771-scaled-e1666187972211.jpg\",\"width\":2188,\"height\":1561,\"caption\":\"relev\u00e9 d'un verveux sur les bords de Loire\"},{\"@type\":\"BreadcrumbList\",\"@id\":\"https:\/\/anguilleresponsable.com\/index.php\/de\/flusse-strome-und-seen\/#breadcrumb\",\"itemListElement\":[{\"@type\":\"ListItem\",\"position\":1,\"name\":\"Accueil\",\"item\":\"https:\/\/anguilleresponsable.com\/\"},{\"@type\":\"ListItem\",\"position\":2,\"name\":\"Fl\u00fcsse, Str\u00f6me und Seen\"}]},{\"@type\":\"WebSite\",\"@id\":\"https:\/\/anguilleresponsable.com\/#website\",\"url\":\"https:\/\/anguilleresponsable.com\/\",\"name\":\"Anguille Responsable\",\"description\":\"Association Fran\u00e7aise pour la Promotion de la Marque Anguille Responsable\",\"publisher\":{\"@id\":\"https:\/\/anguilleresponsable.com\/#organization\"},\"alternateName\":\"AFPMAR\",\"potentialAction\":[{\"@type\":\"SearchAction\",\"target\":{\"@type\":\"EntryPoint\",\"urlTemplate\":\"https:\/\/anguilleresponsable.com\/?s={search_term_string}\"},\"query-input\":{\"@type\":\"PropertyValueSpecification\",\"valueRequired\":true,\"valueName\":\"search_term_string\"}}],\"inLanguage\":\"fr-FR\"},{\"@type\":\"Organization\",\"@id\":\"https:\/\/anguilleresponsable.com\/#organization\",\"name\":\"Anguille responsable\",\"alternateName\":\"AFPMAR\",\"url\":\"https:\/\/anguilleresponsable.com\/\",\"logo\":{\"@type\":\"ImageObject\",\"inLanguage\":\"fr-FR\",\"@id\":\"https:\/\/anguilleresponsable.com\/#\/schema\/logo\/image\/\",\"url\":\"https:\/\/anguilleresponsable.com\/wp-content\/uploads\/2024\/06\/marqueAFPMAR.jpg\",\"contentUrl\":\"https:\/\/anguilleresponsable.com\/wp-content\/uploads\/2024\/06\/marqueAFPMAR.jpg\",\"width\":1563,\"height\":1563,\"caption\":\"Anguille responsable\"},\"image\":{\"@id\":\"https:\/\/anguilleresponsable.com\/#\/schema\/logo\/image\/\"}}]}<\/script>\n<!-- \/ Yoast SEO plugin. -->","yoast_head_json":{"title":"Fl\u00fcsse, Str\u00f6me und Seen - Anguille Responsable","robots":{"index":"index","follow":"follow","max-snippet":"max-snippet:-1","max-image-preview":"max-image-preview:large","max-video-preview":"max-video-preview:-1"},"canonical":"https:\/\/anguilleresponsable.com\/index.php\/de\/flusse-strome-und-seen\/","og_locale":"fr_FR","og_type":"article","og_title":"Fl\u00fcsse, Str\u00f6me und Seen - Anguille Responsable","og_description":"Die Aalfischerei hat sich in vielen \u00d6kosystemen entwickelt und sich an die unterschiedlichen Verhaltensweisen der Arten angepasst. Diese Fischerei findet man an gro\u00dfen Fl\u00fcssen wie der Loire, wie dem Flussm\u00fcndungssystem der Gironde \u2013 Garonne \u2013 Dordogne, Adour, aber auch an vielen Nebenfl\u00fcssen oder K\u00fcstenfl\u00fcssen wie der Vilaine, den Fl\u00fcssen der Charente, aber auch Seen wie","og_url":"https:\/\/anguilleresponsable.com\/index.php\/de\/flusse-strome-und-seen\/","og_site_name":"Anguille Responsable","article_modified_time":"2022-12-03T10:01:36+00:00","og_image":[{"url":"https:\/\/anguilleresponsable.com\/wp-content\/uploads\/2022\/10\/DSC06771-scaled-e1666187972211-1024x731.jpg","type":"","width":"","height":""}],"twitter_card":"summary_large_image","twitter_misc":{"Dur\u00e9e de lecture estim\u00e9e":"1 minute"},"schema":{"@context":"https:\/\/schema.org","@graph":[{"@type":"WebPage","@id":"https:\/\/anguilleresponsable.com\/index.php\/de\/flusse-strome-und-seen\/","url":"https:\/\/anguilleresponsable.com\/index.php\/de\/flusse-strome-und-seen\/","name":"Fl\u00fcsse, Str\u00f6me und Seen - Anguille Responsable","isPartOf":{"@id":"https:\/\/anguilleresponsable.com\/#website"},"primaryImageOfPage":{"@id":"https:\/\/anguilleresponsable.com\/index.php\/de\/flusse-strome-und-seen\/#primaryimage"},"image":{"@id":"https:\/\/anguilleresponsable.com\/index.php\/de\/flusse-strome-und-seen\/#primaryimage"},"thumbnailUrl":"https:\/\/anguilleresponsable.com\/wp-content\/uploads\/2022\/10\/DSC06771-scaled-e1666187972211-1024x731.jpg","datePublished":"2022-11-23T07:58:59+00:00","dateModified":"2022-12-03T10:01:36+00:00","breadcrumb":{"@id":"https:\/\/anguilleresponsable.com\/index.php\/de\/flusse-strome-und-seen\/#breadcrumb"},"inLanguage":"fr-FR","potentialAction":[{"@type":"ReadAction","target":["https:\/\/anguilleresponsable.com\/index.php\/de\/flusse-strome-und-seen\/"]}]},{"@type":"ImageObject","inLanguage":"fr-FR","@id":"https:\/\/anguilleresponsable.com\/index.php\/de\/flusse-strome-und-seen\/#primaryimage","url":"https:\/\/anguilleresponsable.com\/wp-content\/uploads\/2022\/10\/DSC06771-scaled-e1666187972211.jpg","contentUrl":"https:\/\/anguilleresponsable.com\/wp-content\/uploads\/2022\/10\/DSC06771-scaled-e1666187972211.jpg","width":2188,"height":1561,"caption":"relev\u00e9 d'un verveux sur les bords de Loire"},{"@type":"BreadcrumbList","@id":"https:\/\/anguilleresponsable.com\/index.php\/de\/flusse-strome-und-seen\/#breadcrumb","itemListElement":[{"@type":"ListItem","position":1,"name":"Accueil","item":"https:\/\/anguilleresponsable.com\/"},{"@type":"ListItem","position":2,"name":"Fl\u00fcsse, Str\u00f6me und Seen"}]},{"@type":"WebSite","@id":"https:\/\/anguilleresponsable.com\/#website","url":"https:\/\/anguilleresponsable.com\/","name":"Anguille Responsable","description":"Association Fran\u00e7aise pour la Promotion de la Marque Anguille Responsable","publisher":{"@id":"https:\/\/anguilleresponsable.com\/#organization"},"alternateName":"AFPMAR","potentialAction":[{"@type":"SearchAction","target":{"@type":"EntryPoint","urlTemplate":"https:\/\/anguilleresponsable.com\/?s={search_term_string}"},"query-input":{"@type":"PropertyValueSpecification","valueRequired":true,"valueName":"search_term_string"}}],"inLanguage":"fr-FR"},{"@type":"Organization","@id":"https:\/\/anguilleresponsable.com\/#organization","name":"Anguille responsable","alternateName":"AFPMAR","url":"https:\/\/anguilleresponsable.com\/","logo":{"@type":"ImageObject","inLanguage":"fr-FR","@id":"https:\/\/anguilleresponsable.com\/#\/schema\/logo\/image\/","url":"https:\/\/anguilleresponsable.com\/wp-content\/uploads\/2024\/06\/marqueAFPMAR.jpg","contentUrl":"https:\/\/anguilleresponsable.com\/wp-content\/uploads\/2024\/06\/marqueAFPMAR.jpg","width":1563,"height":1563,"caption":"Anguille responsable"},"image":{"@id":"https:\/\/anguilleresponsable.com\/#\/schema\/logo\/image\/"}}]}},"_links":{"self":[{"href":"https:\/\/anguilleresponsable.com\/index.php\/wp-json\/wp\/v2\/pages\/4382","targetHints":{"allow":["GET"]}}],"collection":[{"href":"https:\/\/anguilleresponsable.com\/index.php\/wp-json\/wp\/v2\/pages"}],"about":[{"href":"https:\/\/anguilleresponsable.com\/index.php\/wp-json\/wp\/v2\/types\/page"}],"author":[{"embeddable":true,"href":"https:\/\/anguilleresponsable.com\/index.php\/wp-json\/wp\/v2\/users\/2"}],"replies":[{"embeddable":true,"href":"https:\/\/anguilleresponsable.com\/index.php\/wp-json\/wp\/v2\/comments?post=4382"}],"version-history":[{"count":16,"href":"https:\/\/anguilleresponsable.com\/index.php\/wp-json\/wp\/v2\/pages\/4382\/revisions"}],"predecessor-version":[{"id":4766,"href":"https:\/\/anguilleresponsable.com\/index.php\/wp-json\/wp\/v2\/pages\/4382\/revisions\/4766"}],"wp:attachment":[{"href":"https:\/\/anguilleresponsable.com\/index.php\/wp-json\/wp\/v2\/media?parent=4382"}],"curies":[{"name":"wp","href":"https:\/\/api.w.org\/{rel}","templated":true}]}}