{"id":4376,"date":"2022-11-23T08:56:16","date_gmt":"2022-11-23T07:56:16","guid":{"rendered":"https:\/\/anguilleresponsable.com\/?page_id=4376"},"modified":"2022-12-03T11:09:33","modified_gmt":"2022-12-03T10:09:33","slug":"flussmundungen-und-kusten","status":"publish","type":"page","link":"https:\/\/anguilleresponsable.com\/index.php\/de\/flussmundungen-und-kusten\/","title":{"rendered":"Flussm\u00fcndungen und K\u00fcsten"},"content":{"rendered":"\t\t<div data-elementor-type=\"wp-page\" data-elementor-id=\"4376\" class=\"elementor elementor-4376\">\n\t\t\t\t\t\t<section class=\"elementor-section elementor-top-section elementor-element elementor-element-588088e elementor-section-boxed elementor-section-height-default elementor-section-height-default\" data-id=\"588088e\" data-element_type=\"section\" data-e-type=\"section\">\n\t\t\t\t\t\t<div class=\"elementor-container elementor-column-gap-default\">\n\t\t\t\t\t<div class=\"elementor-column elementor-col-100 elementor-top-column elementor-element elementor-element-dbf7791\" data-id=\"dbf7791\" data-element_type=\"column\" data-e-type=\"column\">\n\t\t\t<div class=\"elementor-widget-wrap elementor-element-populated\">\n\t\t\t\t\t\t<div class=\"elementor-element elementor-element-0243b0f elementor-widget elementor-widget-text-editor\" data-id=\"0243b0f\" data-element_type=\"widget\" data-e-type=\"widget\" data-widget_type=\"text-editor.default\">\n\t\t\t\t<div class=\"elementor-widget-container\">\n\t\t\t\t\t\t\t\t\t<p>Die Glasaalfischerei entwickelte sich in den M\u00fcndungsteilen und war dem Vormarsch der Gezeiten unterworfen. Die Migration findet in offenen Flussm\u00fcndungen wie an der Loire, Gironde oder Adour statt, wird aber auch durch Staud\u00e4mme wie Arzal auf La Vilaine blockiert.<\/p>\n<p>Die M\u00fcndungsgew\u00e4sser k\u00f6nnen klar sein wie die des Adour, der den Aufstieg des Glasaals an die Oberfl\u00e4che verhindert und seine Fangf\u00e4higkeit durch Fangger\u00e4te verringert. Sie k\u00f6nnen tr\u00fcb sein wie die der Loire oder der Gironde, was den Aufstieg von Glasaalen an der Oberfl\u00e4che auch tags\u00fcber erm\u00f6glicht. Weiter flussaufw\u00e4rts verteilen sich die Glasaale in Ufern\u00e4he und konzentrieren sich je nach hydrologischen Bedingungen manchmal an ruhigen Stellen, wo sie mit Handsieben gefangen werden k\u00f6nnen.<\/p>\n<p>Glasaale k\u00f6nnen auch an der K\u00fcste gefangen werden. Dies ist an der K\u00fcste von Landes der Fall, wo einige Fischer die sogenannte \u00ab\u00a0Wellenfischerei\u00a0\u00bb betreiben und mit einem Handsieb die Glasaale aus den Walzen am Meer fangen. Glasaale werden auch im offenen Meer im Meerengegebiete der Charente gefangen. Gefischt wird nicht mehr mit einem Handsieb, sondern mit Schiffen, die mit zwei Pibalours ausgestattet sind, die die K\u00fcstengew\u00e4sser filtern (siehe Bild darunter).<\/p>\t\t\t\t\t\t\t\t<\/div>\n\t\t\t\t<\/div>\n\t\t\t\t<div class=\"elementor-element elementor-element-9748f25 elementor-widget elementor-widget-image\" data-id=\"9748f25\" data-element_type=\"widget\" data-e-type=\"widget\" data-widget_type=\"image.default\">\n\t\t\t\t<div class=\"elementor-widget-container\">\n\t\t\t\t\t\t\t\t\t\t\t\t<figure class=\"wp-caption\">\n\t\t\t\t\t\t\t\t\t\t<img fetchpriority=\"high\" decoding=\"async\" width=\"1024\" height=\"686\" src=\"https:\/\/anguilleresponsable.com\/wp-content\/uploads\/2022\/10\/PDG-DCOM-ph326-3382-1024x686.jpg\" class=\"attachment-large size-large wp-image-1776\" alt=\"\" srcset=\"https:\/\/anguilleresponsable.com\/wp-content\/uploads\/2022\/10\/PDG-DCOM-ph326-3382-1024x686.jpg 1024w, https:\/\/anguilleresponsable.com\/wp-content\/uploads\/2022\/10\/PDG-DCOM-ph326-3382-300x201.jpg 300w, https:\/\/anguilleresponsable.com\/wp-content\/uploads\/2022\/10\/PDG-DCOM-ph326-3382-768x515.jpg 768w, https:\/\/anguilleresponsable.com\/wp-content\/uploads\/2022\/10\/PDG-DCOM-ph326-3382-1536x1029.jpg 1536w, https:\/\/anguilleresponsable.com\/wp-content\/uploads\/2022\/10\/PDG-DCOM-ph326-3382-2048x1373.jpg 2048w, https:\/\/anguilleresponsable.com\/wp-content\/uploads\/2022\/10\/PDG-DCOM-ph326-3382-378x253.jpg 378w\" sizes=\"(max-width: 1024px) 100vw, 1024px\" \/>\t\t\t\t\t\t\t\t\t\t\t<figcaption class=\"widget-image-caption wp-caption-text\">K\u00fcstenschiff mit zwei Pibalours zum Fang von Glasaalen im Meerengegebiete der Charente<\/figcaption>\n\t\t\t\t\t\t\t\t\t\t<\/figure>\n\t\t\t\t\t\t\t\t\t<\/div>\n\t\t\t\t<\/div>\n\t\t\t\t\t<\/div>\n\t\t<\/div>\n\t\t\t\t\t<\/div>\n\t\t<\/section>\n\t\t\t\t<\/div>\n\t\t","protected":false},"excerpt":{"rendered":"Die Glasaalfischerei entwickelte sich in den M\u00fcndungsteilen und war dem Vormarsch der Gezeiten unterworfen. Die Migration findet in offenen Flussm\u00fcndungen wie an der Loire, Gironde oder Adour statt, wird aber auch durch Staud\u00e4mme wie Arzal auf La Vilaine blockiert. Die M\u00fcndungsgew\u00e4sser k\u00f6nnen klar sein wie die des Adour, der den Aufstieg des Glasaals an die ","protected":false},"author":2,"featured_media":0,"parent":0,"menu_order":0,"comment_status":"closed","ping_status":"closed","template":"","meta":{"footnotes":""},"class_list":["post-4376","page","type-page","status-publish","hentry"],"yoast_head":"<!-- This site is optimized with the Yoast SEO plugin v27.2 - https:\/\/yoast.com\/product\/yoast-seo-wordpress\/ -->\n<title>Flussm\u00fcndungen und K\u00fcsten - Anguille Responsable<\/title>\n<meta name=\"robots\" content=\"index, follow, max-snippet:-1, max-image-preview:large, max-video-preview:-1\" \/>\n<link rel=\"canonical\" href=\"https:\/\/anguilleresponsable.com\/index.php\/de\/flussmundungen-und-kusten\/\" \/>\n<meta property=\"og:locale\" content=\"fr_FR\" \/>\n<meta property=\"og:type\" content=\"article\" \/>\n<meta property=\"og:title\" content=\"Flussm\u00fcndungen und K\u00fcsten - Anguille Responsable\" \/>\n<meta property=\"og:description\" content=\"Die Glasaalfischerei entwickelte sich in den M\u00fcndungsteilen und war dem Vormarsch der Gezeiten unterworfen. Die Migration findet in offenen Flussm\u00fcndungen wie an der Loire, Gironde oder Adour statt, wird aber auch durch Staud\u00e4mme wie Arzal auf La Vilaine blockiert. Die M\u00fcndungsgew\u00e4sser k\u00f6nnen klar sein wie die des Adour, der den Aufstieg des Glasaals an die\" \/>\n<meta property=\"og:url\" content=\"https:\/\/anguilleresponsable.com\/index.php\/de\/flussmundungen-und-kusten\/\" \/>\n<meta property=\"og:site_name\" content=\"Anguille Responsable\" \/>\n<meta property=\"article:modified_time\" content=\"2022-12-03T10:09:33+00:00\" \/>\n<meta property=\"og:image\" content=\"https:\/\/anguilleresponsable.com\/wp-content\/uploads\/2022\/10\/PDG-DCOM-ph326-3382-1024x686.jpg\" \/>\n<meta name=\"twitter:card\" content=\"summary_large_image\" \/>\n<meta name=\"twitter:label1\" content=\"Dur\u00e9e de lecture estim\u00e9e\" \/>\n\t<meta name=\"twitter:data1\" content=\"1 minute\" \/>\n<script type=\"application\/ld+json\" class=\"yoast-schema-graph\">{\"@context\":\"https:\/\/schema.org\",\"@graph\":[{\"@type\":\"WebPage\",\"@id\":\"https:\/\/anguilleresponsable.com\/index.php\/de\/flussmundungen-und-kusten\/\",\"url\":\"https:\/\/anguilleresponsable.com\/index.php\/de\/flussmundungen-und-kusten\/\",\"name\":\"Flussm\u00fcndungen und K\u00fcsten - Anguille Responsable\",\"isPartOf\":{\"@id\":\"https:\/\/anguilleresponsable.com\/#website\"},\"primaryImageOfPage\":{\"@id\":\"https:\/\/anguilleresponsable.com\/index.php\/de\/flussmundungen-und-kusten\/#primaryimage\"},\"image\":{\"@id\":\"https:\/\/anguilleresponsable.com\/index.php\/de\/flussmundungen-und-kusten\/#primaryimage\"},\"thumbnailUrl\":\"https:\/\/anguilleresponsable.com\/wp-content\/uploads\/2022\/10\/PDG-DCOM-ph326-3382-1024x686.jpg\",\"datePublished\":\"2022-11-23T07:56:16+00:00\",\"dateModified\":\"2022-12-03T10:09:33+00:00\",\"breadcrumb\":{\"@id\":\"https:\/\/anguilleresponsable.com\/index.php\/de\/flussmundungen-und-kusten\/#breadcrumb\"},\"inLanguage\":\"fr-FR\",\"potentialAction\":[{\"@type\":\"ReadAction\",\"target\":[\"https:\/\/anguilleresponsable.com\/index.php\/de\/flussmundungen-und-kusten\/\"]}]},{\"@type\":\"ImageObject\",\"inLanguage\":\"fr-FR\",\"@id\":\"https:\/\/anguilleresponsable.com\/index.php\/de\/flussmundungen-und-kusten\/#primaryimage\",\"url\":\"https:\/\/anguilleresponsable.com\/wp-content\/uploads\/2022\/10\/PDG-DCOM-ph326-3382-1024x686.jpg\",\"contentUrl\":\"https:\/\/anguilleresponsable.com\/wp-content\/uploads\/2022\/10\/PDG-DCOM-ph326-3382-1024x686.jpg\"},{\"@type\":\"BreadcrumbList\",\"@id\":\"https:\/\/anguilleresponsable.com\/index.php\/de\/flussmundungen-und-kusten\/#breadcrumb\",\"itemListElement\":[{\"@type\":\"ListItem\",\"position\":1,\"name\":\"Accueil\",\"item\":\"https:\/\/anguilleresponsable.com\/\"},{\"@type\":\"ListItem\",\"position\":2,\"name\":\"Flussm\u00fcndungen und K\u00fcsten\"}]},{\"@type\":\"WebSite\",\"@id\":\"https:\/\/anguilleresponsable.com\/#website\",\"url\":\"https:\/\/anguilleresponsable.com\/\",\"name\":\"Anguille Responsable\",\"description\":\"Association Fran\u00e7aise pour la Promotion de la Marque Anguille Responsable\",\"publisher\":{\"@id\":\"https:\/\/anguilleresponsable.com\/#organization\"},\"alternateName\":\"AFPMAR\",\"potentialAction\":[{\"@type\":\"SearchAction\",\"target\":{\"@type\":\"EntryPoint\",\"urlTemplate\":\"https:\/\/anguilleresponsable.com\/?s={search_term_string}\"},\"query-input\":{\"@type\":\"PropertyValueSpecification\",\"valueRequired\":true,\"valueName\":\"search_term_string\"}}],\"inLanguage\":\"fr-FR\"},{\"@type\":\"Organization\",\"@id\":\"https:\/\/anguilleresponsable.com\/#organization\",\"name\":\"Anguille responsable\",\"alternateName\":\"AFPMAR\",\"url\":\"https:\/\/anguilleresponsable.com\/\",\"logo\":{\"@type\":\"ImageObject\",\"inLanguage\":\"fr-FR\",\"@id\":\"https:\/\/anguilleresponsable.com\/#\/schema\/logo\/image\/\",\"url\":\"https:\/\/anguilleresponsable.com\/wp-content\/uploads\/2024\/06\/marqueAFPMAR.jpg\",\"contentUrl\":\"https:\/\/anguilleresponsable.com\/wp-content\/uploads\/2024\/06\/marqueAFPMAR.jpg\",\"width\":1563,\"height\":1563,\"caption\":\"Anguille responsable\"},\"image\":{\"@id\":\"https:\/\/anguilleresponsable.com\/#\/schema\/logo\/image\/\"}}]}<\/script>\n<!-- \/ Yoast SEO plugin. -->","yoast_head_json":{"title":"Flussm\u00fcndungen und K\u00fcsten - Anguille Responsable","robots":{"index":"index","follow":"follow","max-snippet":"max-snippet:-1","max-image-preview":"max-image-preview:large","max-video-preview":"max-video-preview:-1"},"canonical":"https:\/\/anguilleresponsable.com\/index.php\/de\/flussmundungen-und-kusten\/","og_locale":"fr_FR","og_type":"article","og_title":"Flussm\u00fcndungen und K\u00fcsten - Anguille Responsable","og_description":"Die Glasaalfischerei entwickelte sich in den M\u00fcndungsteilen und war dem Vormarsch der Gezeiten unterworfen. Die Migration findet in offenen Flussm\u00fcndungen wie an der Loire, Gironde oder Adour statt, wird aber auch durch Staud\u00e4mme wie Arzal auf La Vilaine blockiert. Die M\u00fcndungsgew\u00e4sser k\u00f6nnen klar sein wie die des Adour, der den Aufstieg des Glasaals an die","og_url":"https:\/\/anguilleresponsable.com\/index.php\/de\/flussmundungen-und-kusten\/","og_site_name":"Anguille Responsable","article_modified_time":"2022-12-03T10:09:33+00:00","og_image":[{"url":"https:\/\/anguilleresponsable.com\/wp-content\/uploads\/2022\/10\/PDG-DCOM-ph326-3382-1024x686.jpg","type":"","width":"","height":""}],"twitter_card":"summary_large_image","twitter_misc":{"Dur\u00e9e de lecture estim\u00e9e":"1 minute"},"schema":{"@context":"https:\/\/schema.org","@graph":[{"@type":"WebPage","@id":"https:\/\/anguilleresponsable.com\/index.php\/de\/flussmundungen-und-kusten\/","url":"https:\/\/anguilleresponsable.com\/index.php\/de\/flussmundungen-und-kusten\/","name":"Flussm\u00fcndungen und K\u00fcsten - Anguille Responsable","isPartOf":{"@id":"https:\/\/anguilleresponsable.com\/#website"},"primaryImageOfPage":{"@id":"https:\/\/anguilleresponsable.com\/index.php\/de\/flussmundungen-und-kusten\/#primaryimage"},"image":{"@id":"https:\/\/anguilleresponsable.com\/index.php\/de\/flussmundungen-und-kusten\/#primaryimage"},"thumbnailUrl":"https:\/\/anguilleresponsable.com\/wp-content\/uploads\/2022\/10\/PDG-DCOM-ph326-3382-1024x686.jpg","datePublished":"2022-11-23T07:56:16+00:00","dateModified":"2022-12-03T10:09:33+00:00","breadcrumb":{"@id":"https:\/\/anguilleresponsable.com\/index.php\/de\/flussmundungen-und-kusten\/#breadcrumb"},"inLanguage":"fr-FR","potentialAction":[{"@type":"ReadAction","target":["https:\/\/anguilleresponsable.com\/index.php\/de\/flussmundungen-und-kusten\/"]}]},{"@type":"ImageObject","inLanguage":"fr-FR","@id":"https:\/\/anguilleresponsable.com\/index.php\/de\/flussmundungen-und-kusten\/#primaryimage","url":"https:\/\/anguilleresponsable.com\/wp-content\/uploads\/2022\/10\/PDG-DCOM-ph326-3382-1024x686.jpg","contentUrl":"https:\/\/anguilleresponsable.com\/wp-content\/uploads\/2022\/10\/PDG-DCOM-ph326-3382-1024x686.jpg"},{"@type":"BreadcrumbList","@id":"https:\/\/anguilleresponsable.com\/index.php\/de\/flussmundungen-und-kusten\/#breadcrumb","itemListElement":[{"@type":"ListItem","position":1,"name":"Accueil","item":"https:\/\/anguilleresponsable.com\/"},{"@type":"ListItem","position":2,"name":"Flussm\u00fcndungen und K\u00fcsten"}]},{"@type":"WebSite","@id":"https:\/\/anguilleresponsable.com\/#website","url":"https:\/\/anguilleresponsable.com\/","name":"Anguille Responsable","description":"Association Fran\u00e7aise pour la Promotion de la Marque Anguille Responsable","publisher":{"@id":"https:\/\/anguilleresponsable.com\/#organization"},"alternateName":"AFPMAR","potentialAction":[{"@type":"SearchAction","target":{"@type":"EntryPoint","urlTemplate":"https:\/\/anguilleresponsable.com\/?s={search_term_string}"},"query-input":{"@type":"PropertyValueSpecification","valueRequired":true,"valueName":"search_term_string"}}],"inLanguage":"fr-FR"},{"@type":"Organization","@id":"https:\/\/anguilleresponsable.com\/#organization","name":"Anguille responsable","alternateName":"AFPMAR","url":"https:\/\/anguilleresponsable.com\/","logo":{"@type":"ImageObject","inLanguage":"fr-FR","@id":"https:\/\/anguilleresponsable.com\/#\/schema\/logo\/image\/","url":"https:\/\/anguilleresponsable.com\/wp-content\/uploads\/2024\/06\/marqueAFPMAR.jpg","contentUrl":"https:\/\/anguilleresponsable.com\/wp-content\/uploads\/2024\/06\/marqueAFPMAR.jpg","width":1563,"height":1563,"caption":"Anguille responsable"},"image":{"@id":"https:\/\/anguilleresponsable.com\/#\/schema\/logo\/image\/"}}]}},"_links":{"self":[{"href":"https:\/\/anguilleresponsable.com\/index.php\/wp-json\/wp\/v2\/pages\/4376","targetHints":{"allow":["GET"]}}],"collection":[{"href":"https:\/\/anguilleresponsable.com\/index.php\/wp-json\/wp\/v2\/pages"}],"about":[{"href":"https:\/\/anguilleresponsable.com\/index.php\/wp-json\/wp\/v2\/types\/page"}],"author":[{"embeddable":true,"href":"https:\/\/anguilleresponsable.com\/index.php\/wp-json\/wp\/v2\/users\/2"}],"replies":[{"embeddable":true,"href":"https:\/\/anguilleresponsable.com\/index.php\/wp-json\/wp\/v2\/comments?post=4376"}],"version-history":[{"count":13,"href":"https:\/\/anguilleresponsable.com\/index.php\/wp-json\/wp\/v2\/pages\/4376\/revisions"}],"predecessor-version":[{"id":4793,"href":"https:\/\/anguilleresponsable.com\/index.php\/wp-json\/wp\/v2\/pages\/4376\/revisions\/4793"}],"wp:attachment":[{"href":"https:\/\/anguilleresponsable.com\/index.php\/wp-json\/wp\/v2\/media?parent=4376"}],"curies":[{"name":"wp","href":"https:\/\/api.w.org\/{rel}","templated":true}]}}