{"id":4374,"date":"2022-11-23T08:55:08","date_gmt":"2022-11-23T07:55:08","guid":{"rendered":"https:\/\/anguilleresponsable.com\/?page_id=4374"},"modified":"2023-01-05T20:00:27","modified_gmt":"2023-01-05T19:00:27","slug":"traces-datei","status":"publish","type":"page","link":"https:\/\/anguilleresponsable.com\/index.php\/de\/ruckverfolgbarkeitskriterien\/traces-datei\/","title":{"rendered":"TRACES-Datei"},"content":{"rendered":"\t\t<div data-elementor-type=\"wp-page\" data-elementor-id=\"4374\" class=\"elementor elementor-4374\">\n\t\t\t\t\t\t<section class=\"elementor-section elementor-top-section elementor-element elementor-element-5ac17fb elementor-section-boxed elementor-section-height-default elementor-section-height-default\" data-id=\"5ac17fb\" data-element_type=\"section\" data-e-type=\"section\">\n\t\t\t\t\t\t<div class=\"elementor-container elementor-column-gap-default\">\n\t\t\t\t\t<div class=\"elementor-column elementor-col-50 elementor-top-column elementor-element elementor-element-c35f2da\" data-id=\"c35f2da\" data-element_type=\"column\" data-e-type=\"column\">\n\t\t\t<div class=\"elementor-widget-wrap elementor-element-populated\">\n\t\t\t\t\t\t<div class=\"elementor-element elementor-element-e94e4b7 elementor-widget elementor-widget-text-editor\" data-id=\"e94e4b7\" data-element_type=\"widget\" data-e-type=\"widget\" data-widget_type=\"text-editor.default\">\n\t\t\t\t<div class=\"elementor-widget-container\">\n\t\t\t\t\t\t\t\t\t<p>\u00a0<\/p><p>\u00a0<\/p><p>TRACES ist ein Akronym und steht f\u00fcr \u00ab\u00a0TRAde Control and Expert System\u00a0\u00bb.<\/p><p>Es gibt verschiedene Arten von Bescheinigungen, von denen einige spezifisch f\u00fcr Fischereierzeugnisse sind: tote, lebende oder verarbeitete Fischereierzeugnisse.<\/p><p>Das nebenstehende Bild vermittelt eine genaue Vorstellung der angeforderten Informationen. Die Namen der beteiligten Strukturen und Personen wurden aus Gr\u00fcnden der Vertraulichkeit verborgen.<\/p><p>Dieser Art von Bescheinigung werden Kopien der folgenden Belege beigef\u00fcgt: Fangberichte, Lieferscheine und Einzelangaben zu den Glasaalchargen der Bestellung. Es darf nichts vermischt werden: Wenn es sich bei der Bestellung um Glasaale f\u00fcr den Verzehr handelt, m\u00fcssen alle transportierten Glasaale aus K\u00e4ufen stammen, die als Verzehr gekennzeichnet sind. Dasselbe gilt f\u00fcr eine Bestellung von Glasaalen zur Wiederbesiedlung. nach jedem Kauf- oder Verkaufsvorgang muss der Fischh\u00e4ndler das Gewicht der verbleibenden Best\u00e4nde in den Fischteichen anpassen.\u00a0<\/p>\t\t\t\t\t\t\t\t<\/div>\n\t\t\t\t<\/div>\n\t\t\t\t\t<\/div>\n\t\t<\/div>\n\t\t\t\t<div class=\"elementor-column elementor-col-50 elementor-top-column elementor-element elementor-element-8db79cb\" data-id=\"8db79cb\" data-element_type=\"column\" data-e-type=\"column\">\n\t\t\t<div class=\"elementor-widget-wrap elementor-element-populated\">\n\t\t\t\t\t\t<div class=\"elementor-element elementor-element-d03de25 elementor-widget elementor-widget-image\" data-id=\"d03de25\" data-element_type=\"widget\" data-e-type=\"widget\" data-widget_type=\"image.default\">\n\t\t\t\t<div class=\"elementor-widget-container\">\n\t\t\t\t\t\t\t\t\t\t\t\t<figure class=\"wp-caption\">\n\t\t\t\t\t\t\t\t\t\t<img fetchpriority=\"high\" decoding=\"async\" width=\"355\" height=\"678\" src=\"https:\/\/anguilleresponsable.com\/wp-content\/uploads\/2022\/11\/TRACES-e1667399113136.jpg\" class=\"attachment-full size-full wp-image-3194\" alt=\"\" srcset=\"https:\/\/anguilleresponsable.com\/wp-content\/uploads\/2022\/11\/TRACES-e1667399113136.jpg 355w, https:\/\/anguilleresponsable.com\/wp-content\/uploads\/2022\/11\/TRACES-e1667399113136-157x300.jpg 157w, https:\/\/anguilleresponsable.com\/wp-content\/uploads\/2022\/11\/TRACES-e1667399113136-141x270.jpg 141w\" sizes=\"(max-width: 355px) 100vw, 355px\" \/>\t\t\t\t\t\t\t\t\t\t\t<figcaption class=\"widget-image-caption wp-caption-text\">TRADES-Zertifikat f\u00fcr den innergemeinschaftlichen Transport.<\/figcaption>\n\t\t\t\t\t\t\t\t\t\t<\/figure>\n\t\t\t\t\t\t\t\t\t<\/div>\n\t\t\t\t<\/div>\n\t\t\t\t\t<\/div>\n\t\t<\/div>\n\t\t\t\t\t<\/div>\n\t\t<\/section>\n\t\t\t\t<\/div>\n\t\t","protected":false},"excerpt":{"rendered":"\u00a0 \u00a0 TRACES ist ein Akronym und steht f\u00fcr \u00ab\u00a0TRAde Control and Expert System\u00a0\u00bb. Es gibt verschiedene Arten von Bescheinigungen, von denen einige spezifisch f\u00fcr Fischereierzeugnisse sind: tote, lebende oder verarbeitete Fischereierzeugnisse. Das nebenstehende Bild vermittelt eine genaue Vorstellung der angeforderten Informationen. Die Namen der beteiligten Strukturen und Personen wurden aus Gr\u00fcnden der Vertraulichkeit verborgen. ","protected":false},"author":2,"featured_media":0,"parent":4368,"menu_order":0,"comment_status":"closed","ping_status":"closed","template":"","meta":{"footnotes":""},"class_list":["post-4374","page","type-page","status-publish","hentry"],"yoast_head":"<!-- This site is optimized with the Yoast SEO plugin v27.2 - https:\/\/yoast.com\/product\/yoast-seo-wordpress\/ -->\n<title>TRACES-Datei - Anguille Responsable<\/title>\n<meta name=\"robots\" content=\"index, follow, max-snippet:-1, max-image-preview:large, max-video-preview:-1\" \/>\n<link rel=\"canonical\" href=\"https:\/\/anguilleresponsable.com\/index.php\/de\/ruckverfolgbarkeitskriterien\/traces-datei\/\" \/>\n<meta property=\"og:locale\" content=\"fr_FR\" \/>\n<meta property=\"og:type\" content=\"article\" \/>\n<meta property=\"og:title\" content=\"TRACES-Datei - Anguille Responsable\" \/>\n<meta property=\"og:description\" content=\"\u00a0 \u00a0 TRACES ist ein Akronym und steht f\u00fcr \u00ab\u00a0TRAde Control and Expert System\u00a0\u00bb. Es gibt verschiedene Arten von Bescheinigungen, von denen einige spezifisch f\u00fcr Fischereierzeugnisse sind: tote, lebende oder verarbeitete Fischereierzeugnisse. Das nebenstehende Bild vermittelt eine genaue Vorstellung der angeforderten Informationen. Die Namen der beteiligten Strukturen und Personen wurden aus Gr\u00fcnden der Vertraulichkeit verborgen.\" \/>\n<meta property=\"og:url\" content=\"https:\/\/anguilleresponsable.com\/index.php\/de\/ruckverfolgbarkeitskriterien\/traces-datei\/\" \/>\n<meta property=\"og:site_name\" content=\"Anguille Responsable\" \/>\n<meta property=\"article:modified_time\" content=\"2023-01-05T19:00:27+00:00\" \/>\n<meta property=\"og:image\" content=\"https:\/\/anguilleresponsable.com\/wp-content\/uploads\/2022\/11\/TRACES-e1667399113136.jpg\" \/>\n<meta name=\"twitter:card\" content=\"summary_large_image\" \/>\n<meta name=\"twitter:label1\" content=\"Dur\u00e9e de lecture estim\u00e9e\" \/>\n\t<meta name=\"twitter:data1\" content=\"1 minute\" \/>\n<script type=\"application\/ld+json\" class=\"yoast-schema-graph\">{\"@context\":\"https:\/\/schema.org\",\"@graph\":[{\"@type\":\"WebPage\",\"@id\":\"https:\/\/anguilleresponsable.com\/index.php\/de\/ruckverfolgbarkeitskriterien\/traces-datei\/\",\"url\":\"https:\/\/anguilleresponsable.com\/index.php\/de\/ruckverfolgbarkeitskriterien\/traces-datei\/\",\"name\":\"TRACES-Datei - Anguille Responsable\",\"isPartOf\":{\"@id\":\"https:\/\/anguilleresponsable.com\/#website\"},\"primaryImageOfPage\":{\"@id\":\"https:\/\/anguilleresponsable.com\/index.php\/de\/ruckverfolgbarkeitskriterien\/traces-datei\/#primaryimage\"},\"image\":{\"@id\":\"https:\/\/anguilleresponsable.com\/index.php\/de\/ruckverfolgbarkeitskriterien\/traces-datei\/#primaryimage\"},\"thumbnailUrl\":\"https:\/\/anguilleresponsable.com\/wp-content\/uploads\/2022\/11\/TRACES-e1667399113136.jpg\",\"datePublished\":\"2022-11-23T07:55:08+00:00\",\"dateModified\":\"2023-01-05T19:00:27+00:00\",\"breadcrumb\":{\"@id\":\"https:\/\/anguilleresponsable.com\/index.php\/de\/ruckverfolgbarkeitskriterien\/traces-datei\/#breadcrumb\"},\"inLanguage\":\"fr-FR\",\"potentialAction\":[{\"@type\":\"ReadAction\",\"target\":[\"https:\/\/anguilleresponsable.com\/index.php\/de\/ruckverfolgbarkeitskriterien\/traces-datei\/\"]}]},{\"@type\":\"ImageObject\",\"inLanguage\":\"fr-FR\",\"@id\":\"https:\/\/anguilleresponsable.com\/index.php\/de\/ruckverfolgbarkeitskriterien\/traces-datei\/#primaryimage\",\"url\":\"https:\/\/anguilleresponsable.com\/wp-content\/uploads\/2022\/11\/TRACES-e1667399113136.jpg\",\"contentUrl\":\"https:\/\/anguilleresponsable.com\/wp-content\/uploads\/2022\/11\/TRACES-e1667399113136.jpg\",\"width\":355,\"height\":678},{\"@type\":\"BreadcrumbList\",\"@id\":\"https:\/\/anguilleresponsable.com\/index.php\/de\/ruckverfolgbarkeitskriterien\/traces-datei\/#breadcrumb\",\"itemListElement\":[{\"@type\":\"ListItem\",\"position\":1,\"name\":\"Accueil\",\"item\":\"https:\/\/anguilleresponsable.com\/\"},{\"@type\":\"ListItem\",\"position\":2,\"name\":\"R\u00fcckverfolgbarkeitskriterien\",\"item\":\"https:\/\/anguilleresponsable.com\/index.php\/de\/ruckverfolgbarkeitskriterien\/\"},{\"@type\":\"ListItem\",\"position\":3,\"name\":\"TRACES-Datei\"}]},{\"@type\":\"WebSite\",\"@id\":\"https:\/\/anguilleresponsable.com\/#website\",\"url\":\"https:\/\/anguilleresponsable.com\/\",\"name\":\"Anguille Responsable\",\"description\":\"Association Fran\u00e7aise pour la Promotion de la Marque Anguille Responsable\",\"publisher\":{\"@id\":\"https:\/\/anguilleresponsable.com\/#organization\"},\"alternateName\":\"AFPMAR\",\"potentialAction\":[{\"@type\":\"SearchAction\",\"target\":{\"@type\":\"EntryPoint\",\"urlTemplate\":\"https:\/\/anguilleresponsable.com\/?s={search_term_string}\"},\"query-input\":{\"@type\":\"PropertyValueSpecification\",\"valueRequired\":true,\"valueName\":\"search_term_string\"}}],\"inLanguage\":\"fr-FR\"},{\"@type\":\"Organization\",\"@id\":\"https:\/\/anguilleresponsable.com\/#organization\",\"name\":\"Anguille responsable\",\"alternateName\":\"AFPMAR\",\"url\":\"https:\/\/anguilleresponsable.com\/\",\"logo\":{\"@type\":\"ImageObject\",\"inLanguage\":\"fr-FR\",\"@id\":\"https:\/\/anguilleresponsable.com\/#\/schema\/logo\/image\/\",\"url\":\"https:\/\/anguilleresponsable.com\/wp-content\/uploads\/2024\/06\/marqueAFPMAR.jpg\",\"contentUrl\":\"https:\/\/anguilleresponsable.com\/wp-content\/uploads\/2024\/06\/marqueAFPMAR.jpg\",\"width\":1563,\"height\":1563,\"caption\":\"Anguille responsable\"},\"image\":{\"@id\":\"https:\/\/anguilleresponsable.com\/#\/schema\/logo\/image\/\"}}]}<\/script>\n<!-- \/ Yoast SEO plugin. -->","yoast_head_json":{"title":"TRACES-Datei - Anguille Responsable","robots":{"index":"index","follow":"follow","max-snippet":"max-snippet:-1","max-image-preview":"max-image-preview:large","max-video-preview":"max-video-preview:-1"},"canonical":"https:\/\/anguilleresponsable.com\/index.php\/de\/ruckverfolgbarkeitskriterien\/traces-datei\/","og_locale":"fr_FR","og_type":"article","og_title":"TRACES-Datei - Anguille Responsable","og_description":"\u00a0 \u00a0 TRACES ist ein Akronym und steht f\u00fcr \u00ab\u00a0TRAde Control and Expert System\u00a0\u00bb. Es gibt verschiedene Arten von Bescheinigungen, von denen einige spezifisch f\u00fcr Fischereierzeugnisse sind: tote, lebende oder verarbeitete Fischereierzeugnisse. Das nebenstehende Bild vermittelt eine genaue Vorstellung der angeforderten Informationen. Die Namen der beteiligten Strukturen und Personen wurden aus Gr\u00fcnden der Vertraulichkeit verborgen.","og_url":"https:\/\/anguilleresponsable.com\/index.php\/de\/ruckverfolgbarkeitskriterien\/traces-datei\/","og_site_name":"Anguille Responsable","article_modified_time":"2023-01-05T19:00:27+00:00","og_image":[{"url":"https:\/\/anguilleresponsable.com\/wp-content\/uploads\/2022\/11\/TRACES-e1667399113136.jpg","type":"","width":"","height":""}],"twitter_card":"summary_large_image","twitter_misc":{"Dur\u00e9e de lecture estim\u00e9e":"1 minute"},"schema":{"@context":"https:\/\/schema.org","@graph":[{"@type":"WebPage","@id":"https:\/\/anguilleresponsable.com\/index.php\/de\/ruckverfolgbarkeitskriterien\/traces-datei\/","url":"https:\/\/anguilleresponsable.com\/index.php\/de\/ruckverfolgbarkeitskriterien\/traces-datei\/","name":"TRACES-Datei - Anguille Responsable","isPartOf":{"@id":"https:\/\/anguilleresponsable.com\/#website"},"primaryImageOfPage":{"@id":"https:\/\/anguilleresponsable.com\/index.php\/de\/ruckverfolgbarkeitskriterien\/traces-datei\/#primaryimage"},"image":{"@id":"https:\/\/anguilleresponsable.com\/index.php\/de\/ruckverfolgbarkeitskriterien\/traces-datei\/#primaryimage"},"thumbnailUrl":"https:\/\/anguilleresponsable.com\/wp-content\/uploads\/2022\/11\/TRACES-e1667399113136.jpg","datePublished":"2022-11-23T07:55:08+00:00","dateModified":"2023-01-05T19:00:27+00:00","breadcrumb":{"@id":"https:\/\/anguilleresponsable.com\/index.php\/de\/ruckverfolgbarkeitskriterien\/traces-datei\/#breadcrumb"},"inLanguage":"fr-FR","potentialAction":[{"@type":"ReadAction","target":["https:\/\/anguilleresponsable.com\/index.php\/de\/ruckverfolgbarkeitskriterien\/traces-datei\/"]}]},{"@type":"ImageObject","inLanguage":"fr-FR","@id":"https:\/\/anguilleresponsable.com\/index.php\/de\/ruckverfolgbarkeitskriterien\/traces-datei\/#primaryimage","url":"https:\/\/anguilleresponsable.com\/wp-content\/uploads\/2022\/11\/TRACES-e1667399113136.jpg","contentUrl":"https:\/\/anguilleresponsable.com\/wp-content\/uploads\/2022\/11\/TRACES-e1667399113136.jpg","width":355,"height":678},{"@type":"BreadcrumbList","@id":"https:\/\/anguilleresponsable.com\/index.php\/de\/ruckverfolgbarkeitskriterien\/traces-datei\/#breadcrumb","itemListElement":[{"@type":"ListItem","position":1,"name":"Accueil","item":"https:\/\/anguilleresponsable.com\/"},{"@type":"ListItem","position":2,"name":"R\u00fcckverfolgbarkeitskriterien","item":"https:\/\/anguilleresponsable.com\/index.php\/de\/ruckverfolgbarkeitskriterien\/"},{"@type":"ListItem","position":3,"name":"TRACES-Datei"}]},{"@type":"WebSite","@id":"https:\/\/anguilleresponsable.com\/#website","url":"https:\/\/anguilleresponsable.com\/","name":"Anguille Responsable","description":"Association Fran\u00e7aise pour la Promotion de la Marque Anguille Responsable","publisher":{"@id":"https:\/\/anguilleresponsable.com\/#organization"},"alternateName":"AFPMAR","potentialAction":[{"@type":"SearchAction","target":{"@type":"EntryPoint","urlTemplate":"https:\/\/anguilleresponsable.com\/?s={search_term_string}"},"query-input":{"@type":"PropertyValueSpecification","valueRequired":true,"valueName":"search_term_string"}}],"inLanguage":"fr-FR"},{"@type":"Organization","@id":"https:\/\/anguilleresponsable.com\/#organization","name":"Anguille responsable","alternateName":"AFPMAR","url":"https:\/\/anguilleresponsable.com\/","logo":{"@type":"ImageObject","inLanguage":"fr-FR","@id":"https:\/\/anguilleresponsable.com\/#\/schema\/logo\/image\/","url":"https:\/\/anguilleresponsable.com\/wp-content\/uploads\/2024\/06\/marqueAFPMAR.jpg","contentUrl":"https:\/\/anguilleresponsable.com\/wp-content\/uploads\/2024\/06\/marqueAFPMAR.jpg","width":1563,"height":1563,"caption":"Anguille responsable"},"image":{"@id":"https:\/\/anguilleresponsable.com\/#\/schema\/logo\/image\/"}}]}},"_links":{"self":[{"href":"https:\/\/anguilleresponsable.com\/index.php\/wp-json\/wp\/v2\/pages\/4374","targetHints":{"allow":["GET"]}}],"collection":[{"href":"https:\/\/anguilleresponsable.com\/index.php\/wp-json\/wp\/v2\/pages"}],"about":[{"href":"https:\/\/anguilleresponsable.com\/index.php\/wp-json\/wp\/v2\/types\/page"}],"author":[{"embeddable":true,"href":"https:\/\/anguilleresponsable.com\/index.php\/wp-json\/wp\/v2\/users\/2"}],"replies":[{"embeddable":true,"href":"https:\/\/anguilleresponsable.com\/index.php\/wp-json\/wp\/v2\/comments?post=4374"}],"version-history":[{"count":7,"href":"https:\/\/anguilleresponsable.com\/index.php\/wp-json\/wp\/v2\/pages\/4374\/revisions"}],"predecessor-version":[{"id":5118,"href":"https:\/\/anguilleresponsable.com\/index.php\/wp-json\/wp\/v2\/pages\/4374\/revisions\/5118"}],"up":[{"embeddable":true,"href":"https:\/\/anguilleresponsable.com\/index.php\/wp-json\/wp\/v2\/pages\/4368"}],"wp:attachment":[{"href":"https:\/\/anguilleresponsable.com\/index.php\/wp-json\/wp\/v2\/media?parent=4374"}],"curies":[{"name":"wp","href":"https:\/\/api.w.org\/{rel}","templated":true}]}}