{"id":4372,"date":"2022-11-23T08:54:17","date_gmt":"2022-11-23T07:54:17","guid":{"rendered":"https:\/\/anguilleresponsable.com\/?page_id=4372"},"modified":"2023-01-05T19:48:50","modified_gmt":"2023-01-05T18:48:50","slug":"fangmeldung","status":"publish","type":"page","link":"https:\/\/anguilleresponsable.com\/index.php\/de\/ruckverfolgbarkeitskriterien\/fangmeldung\/","title":{"rendered":"Fangmeldung"},"content":{"rendered":"\t\t<div data-elementor-type=\"wp-page\" data-elementor-id=\"4372\" class=\"elementor elementor-4372\">\n\t\t\t\t\t\t<section class=\"elementor-section elementor-top-section elementor-element elementor-element-cf87b85 elementor-section-boxed elementor-section-height-default elementor-section-height-default\" data-id=\"cf87b85\" data-element_type=\"section\" data-e-type=\"section\">\n\t\t\t\t\t\t<div class=\"elementor-container elementor-column-gap-default\">\n\t\t\t\t\t<div class=\"elementor-column elementor-col-100 elementor-top-column elementor-element elementor-element-46f821c\" data-id=\"46f821c\" data-element_type=\"column\" data-e-type=\"column\">\n\t\t\t<div class=\"elementor-widget-wrap elementor-element-populated\">\n\t\t\t\t\t\t<div class=\"elementor-element elementor-element-0da8b21 elementor-widget elementor-widget-heading\" data-id=\"0da8b21\" data-element_type=\"widget\" data-e-type=\"widget\" data-widget_type=\"heading.default\">\n\t\t\t\t<div class=\"elementor-widget-container\">\n\t\t\t\t\t<h2 class=\"elementor-heading-title elementor-size-default\">Eine Meldung unmittelbar nach der Fischausfahrt und am Angelplatz<\/h2>\t\t\t\t<\/div>\n\t\t\t\t<\/div>\n\t\t\t\t\t<\/div>\n\t\t<\/div>\n\t\t\t\t\t<\/div>\n\t\t<\/section>\n\t\t\t\t<section class=\"elementor-section elementor-top-section elementor-element elementor-element-38ea31d elementor-section-boxed elementor-section-height-default elementor-section-height-default\" data-id=\"38ea31d\" data-element_type=\"section\" data-e-type=\"section\">\n\t\t\t\t\t\t<div class=\"elementor-container elementor-column-gap-default\">\n\t\t\t\t\t<div class=\"elementor-column elementor-col-50 elementor-top-column elementor-element elementor-element-2050e11\" data-id=\"2050e11\" data-element_type=\"column\" data-e-type=\"column\">\n\t\t\t<div class=\"elementor-widget-wrap elementor-element-populated\">\n\t\t\t\t\t\t<div class=\"elementor-element elementor-element-e7822c6 elementor-widget elementor-widget-text-editor\" data-id=\"e7822c6\" data-element_type=\"widget\" data-e-type=\"widget\" data-widget_type=\"text-editor.default\">\n\t\t\t\t<div class=\"elementor-widget-container\">\n\t\t\t\t\t\t\t\t\t<p>Unmittelbar nach dem Fisch und an seinem Fangplatz muss der Berufsfischer den Fang so genau wie m\u00f6glich wiegen (10 % Fehlergrenze). Anschlie\u00dfend f\u00fcllt er eine Fangmeldung aus, die es ihm erm\u00f6glicht, zu seiner Verkaufs- oder Lagerstelle zu reisen. Ein Muster dieser im maritimen Bereich eingesetzten Karte ist nachfolgend abgebildet:<\/p>\t\t\t\t\t\t\t\t<\/div>\n\t\t\t\t<\/div>\n\t\t\t\t<div class=\"elementor-element elementor-element-5368658 elementor-widget elementor-widget-image\" data-id=\"5368658\" data-element_type=\"widget\" data-e-type=\"widget\" data-widget_type=\"image.default\">\n\t\t\t\t<div class=\"elementor-widget-container\">\n\t\t\t\t\t\t\t\t\t\t\t\t<figure class=\"wp-caption\">\n\t\t\t\t\t\t\t\t\t\t<img fetchpriority=\"high\" decoding=\"async\" width=\"1024\" height=\"690\" src=\"https:\/\/anguilleresponsable.com\/wp-content\/uploads\/2022\/10\/specimenFP-1024x690.jpg\" class=\"attachment-large size-large wp-image-2403\" alt=\"\" srcset=\"https:\/\/anguilleresponsable.com\/wp-content\/uploads\/2022\/10\/specimenFP-1024x690.jpg 1024w, https:\/\/anguilleresponsable.com\/wp-content\/uploads\/2022\/10\/specimenFP-300x202.jpg 300w, https:\/\/anguilleresponsable.com\/wp-content\/uploads\/2022\/10\/specimenFP-768x517.jpg 768w, https:\/\/anguilleresponsable.com\/wp-content\/uploads\/2022\/10\/specimenFP-378x255.jpg 378w, https:\/\/anguilleresponsable.com\/wp-content\/uploads\/2022\/10\/specimenFP.jpg 1514w\" sizes=\"(max-width: 1024px) 100vw, 1024px\" \/>\t\t\t\t\t\t\t\t\t\t\t<figcaption class=\"widget-image-caption wp-caption-text\">Fangkarte zum Fangen von Glasaalen in der Meereszone. F\u00fcr die Flusszone gibt es ein weiteres Formular, das anders gestaltet ist, aber die gleichen Informationen erfordert und mit der gleichen Schnelligkeit ausgef\u00fcllt werden muss, damit es sofort beim Ausschiffen den Kontrollstrukturen vorgelegt werden kann.<\/figcaption>\n\t\t\t\t\t\t\t\t\t\t<\/figure>\n\t\t\t\t\t\t\t\t\t<\/div>\n\t\t\t\t<\/div>\n\t\t\t\t\t<\/div>\n\t\t<\/div>\n\t\t\t\t<div class=\"elementor-column elementor-col-50 elementor-top-column elementor-element elementor-element-a62b59b\" data-id=\"a62b59b\" data-element_type=\"column\" data-e-type=\"column\">\n\t\t\t<div class=\"elementor-widget-wrap elementor-element-populated\">\n\t\t\t\t\t\t<div class=\"elementor-element elementor-element-e391991 elementor-widget elementor-widget-text-editor\" data-id=\"e391991\" data-element_type=\"widget\" data-e-type=\"widget\" data-widget_type=\"text-editor.default\">\n\t\t\t\t<div class=\"elementor-widget-container\">\n\t\t\t\t\t\t\t\t\t<p>Diese Fangkarte enth\u00e4lt den Namen und die Registrierung des Schiffes, den Namen des Eigent\u00fcmers und seine Adresse.<\/p><p>Im unteren Block werden Datum und Ort des Fangs mit der geltenden Nomenklatur, der Fangzeit und den Merkmalen des Fangger\u00e4ts (hier ein Pibalour) detailliert.<\/p><p>Im n\u00e4chsten Block gibt er die Art des Fangs mit dem FAO-Code und der gebr\u00e4uchlichen Bezeichnung an, sowie das gesch\u00e4tztes Gewicht auf dem Schiff auf das n\u00e4chste Dekagramm (hier Glasaal) und dann am Lagerort genauer gewogen. Die Transportart wird vom Ort der Fischerei bis zum Ort der Lagerung identifiziert. Der Fischer muss auch klarstellen, ob dieser Fang <strong>aus der Konsumquote oder der Wiederbesatzquote<\/strong> (hier Konsum) stammt. Dieses Gewicht wird dann entweder von der Gesamtverbrauchsquote des Aalbewirtschaftungsgebiets (hier Garonne-Dordogne-Charente-Seudre-Leyre-Einheit) oder von der individuellen Quote des Fischers abgezogen.<\/p><p>Der letzte Block bezieht sich auf die zur\u00fcckgeworfenen Arten (ELE +12 cm: Aal und SOM: Glanwels).<\/p><p>Dieses Dokument verfolgt den Fang w\u00e4hrend der gesamten Transaktion und wird durch eine Nummer referenziert (oben links, hier FDP 1499351), die auf allen Rechnungen und Verkaufsbl\u00e4ttern angegeben werden muss.<\/p>\t\t\t\t\t\t\t\t<\/div>\n\t\t\t\t<\/div>\n\t\t\t\t\t<\/div>\n\t\t<\/div>\n\t\t\t\t\t<\/div>\n\t\t<\/section>\n\t\t\t\t<\/div>\n\t\t","protected":false},"excerpt":{"rendered":"Eine Meldung unmittelbar nach der Fischausfahrt und am Angelplatz Unmittelbar nach dem Fisch und an seinem Fangplatz muss der Berufsfischer den Fang so genau wie m\u00f6glich wiegen (10 % Fehlergrenze). Anschlie\u00dfend f\u00fcllt er eine Fangmeldung aus, die es ihm erm\u00f6glicht, zu seiner Verkaufs- oder Lagerstelle zu reisen. Ein Muster dieser im maritimen Bereich eingesetzten Karte ","protected":false},"author":2,"featured_media":0,"parent":4368,"menu_order":0,"comment_status":"closed","ping_status":"closed","template":"","meta":{"footnotes":""},"class_list":["post-4372","page","type-page","status-publish","hentry"],"yoast_head":"<!-- This site is optimized with the Yoast SEO plugin v27.2 - https:\/\/yoast.com\/product\/yoast-seo-wordpress\/ -->\n<title>Fangmeldung - Anguille Responsable<\/title>\n<meta name=\"robots\" content=\"index, follow, max-snippet:-1, max-image-preview:large, max-video-preview:-1\" \/>\n<link rel=\"canonical\" href=\"https:\/\/anguilleresponsable.com\/index.php\/de\/ruckverfolgbarkeitskriterien\/fangmeldung\/\" \/>\n<meta property=\"og:locale\" content=\"fr_FR\" \/>\n<meta property=\"og:type\" content=\"article\" \/>\n<meta property=\"og:title\" content=\"Fangmeldung - Anguille Responsable\" \/>\n<meta property=\"og:description\" content=\"Eine Meldung unmittelbar nach der Fischausfahrt und am Angelplatz Unmittelbar nach dem Fisch und an seinem Fangplatz muss der Berufsfischer den Fang so genau wie m\u00f6glich wiegen (10 % Fehlergrenze). Anschlie\u00dfend f\u00fcllt er eine Fangmeldung aus, die es ihm erm\u00f6glicht, zu seiner Verkaufs- oder Lagerstelle zu reisen. Ein Muster dieser im maritimen Bereich eingesetzten Karte\" \/>\n<meta property=\"og:url\" content=\"https:\/\/anguilleresponsable.com\/index.php\/de\/ruckverfolgbarkeitskriterien\/fangmeldung\/\" \/>\n<meta property=\"og:site_name\" content=\"Anguille Responsable\" \/>\n<meta property=\"article:modified_time\" content=\"2023-01-05T18:48:50+00:00\" \/>\n<meta property=\"og:image\" content=\"https:\/\/anguilleresponsable.com\/wp-content\/uploads\/2022\/10\/specimenFP-1024x690.jpg\" \/>\n<meta name=\"twitter:card\" content=\"summary_large_image\" \/>\n<meta name=\"twitter:label1\" content=\"Dur\u00e9e de lecture estim\u00e9e\" \/>\n\t<meta name=\"twitter:data1\" content=\"2 minutes\" \/>\n<script type=\"application\/ld+json\" class=\"yoast-schema-graph\">{\"@context\":\"https:\/\/schema.org\",\"@graph\":[{\"@type\":\"WebPage\",\"@id\":\"https:\/\/anguilleresponsable.com\/index.php\/de\/ruckverfolgbarkeitskriterien\/fangmeldung\/\",\"url\":\"https:\/\/anguilleresponsable.com\/index.php\/de\/ruckverfolgbarkeitskriterien\/fangmeldung\/\",\"name\":\"Fangmeldung - Anguille Responsable\",\"isPartOf\":{\"@id\":\"https:\/\/anguilleresponsable.com\/#website\"},\"primaryImageOfPage\":{\"@id\":\"https:\/\/anguilleresponsable.com\/index.php\/de\/ruckverfolgbarkeitskriterien\/fangmeldung\/#primaryimage\"},\"image\":{\"@id\":\"https:\/\/anguilleresponsable.com\/index.php\/de\/ruckverfolgbarkeitskriterien\/fangmeldung\/#primaryimage\"},\"thumbnailUrl\":\"https:\/\/anguilleresponsable.com\/wp-content\/uploads\/2022\/10\/specimenFP-1024x690.jpg\",\"datePublished\":\"2022-11-23T07:54:17+00:00\",\"dateModified\":\"2023-01-05T18:48:50+00:00\",\"breadcrumb\":{\"@id\":\"https:\/\/anguilleresponsable.com\/index.php\/de\/ruckverfolgbarkeitskriterien\/fangmeldung\/#breadcrumb\"},\"inLanguage\":\"fr-FR\",\"potentialAction\":[{\"@type\":\"ReadAction\",\"target\":[\"https:\/\/anguilleresponsable.com\/index.php\/de\/ruckverfolgbarkeitskriterien\/fangmeldung\/\"]}]},{\"@type\":\"ImageObject\",\"inLanguage\":\"fr-FR\",\"@id\":\"https:\/\/anguilleresponsable.com\/index.php\/de\/ruckverfolgbarkeitskriterien\/fangmeldung\/#primaryimage\",\"url\":\"https:\/\/anguilleresponsable.com\/wp-content\/uploads\/2022\/10\/specimenFP.jpg\",\"contentUrl\":\"https:\/\/anguilleresponsable.com\/wp-content\/uploads\/2022\/10\/specimenFP.jpg\",\"width\":1514,\"height\":1020},{\"@type\":\"BreadcrumbList\",\"@id\":\"https:\/\/anguilleresponsable.com\/index.php\/de\/ruckverfolgbarkeitskriterien\/fangmeldung\/#breadcrumb\",\"itemListElement\":[{\"@type\":\"ListItem\",\"position\":1,\"name\":\"Accueil\",\"item\":\"https:\/\/anguilleresponsable.com\/\"},{\"@type\":\"ListItem\",\"position\":2,\"name\":\"R\u00fcckverfolgbarkeitskriterien\",\"item\":\"https:\/\/anguilleresponsable.com\/index.php\/de\/ruckverfolgbarkeitskriterien\/\"},{\"@type\":\"ListItem\",\"position\":3,\"name\":\"Fangmeldung\"}]},{\"@type\":\"WebSite\",\"@id\":\"https:\/\/anguilleresponsable.com\/#website\",\"url\":\"https:\/\/anguilleresponsable.com\/\",\"name\":\"Anguille Responsable\",\"description\":\"Association Fran\u00e7aise pour la Promotion de la Marque Anguille Responsable\",\"publisher\":{\"@id\":\"https:\/\/anguilleresponsable.com\/#organization\"},\"alternateName\":\"AFPMAR\",\"potentialAction\":[{\"@type\":\"SearchAction\",\"target\":{\"@type\":\"EntryPoint\",\"urlTemplate\":\"https:\/\/anguilleresponsable.com\/?s={search_term_string}\"},\"query-input\":{\"@type\":\"PropertyValueSpecification\",\"valueRequired\":true,\"valueName\":\"search_term_string\"}}],\"inLanguage\":\"fr-FR\"},{\"@type\":\"Organization\",\"@id\":\"https:\/\/anguilleresponsable.com\/#organization\",\"name\":\"Anguille responsable\",\"alternateName\":\"AFPMAR\",\"url\":\"https:\/\/anguilleresponsable.com\/\",\"logo\":{\"@type\":\"ImageObject\",\"inLanguage\":\"fr-FR\",\"@id\":\"https:\/\/anguilleresponsable.com\/#\/schema\/logo\/image\/\",\"url\":\"https:\/\/anguilleresponsable.com\/wp-content\/uploads\/2024\/06\/marqueAFPMAR.jpg\",\"contentUrl\":\"https:\/\/anguilleresponsable.com\/wp-content\/uploads\/2024\/06\/marqueAFPMAR.jpg\",\"width\":1563,\"height\":1563,\"caption\":\"Anguille responsable\"},\"image\":{\"@id\":\"https:\/\/anguilleresponsable.com\/#\/schema\/logo\/image\/\"}}]}<\/script>\n<!-- \/ Yoast SEO plugin. -->","yoast_head_json":{"title":"Fangmeldung - Anguille Responsable","robots":{"index":"index","follow":"follow","max-snippet":"max-snippet:-1","max-image-preview":"max-image-preview:large","max-video-preview":"max-video-preview:-1"},"canonical":"https:\/\/anguilleresponsable.com\/index.php\/de\/ruckverfolgbarkeitskriterien\/fangmeldung\/","og_locale":"fr_FR","og_type":"article","og_title":"Fangmeldung - Anguille Responsable","og_description":"Eine Meldung unmittelbar nach der Fischausfahrt und am Angelplatz Unmittelbar nach dem Fisch und an seinem Fangplatz muss der Berufsfischer den Fang so genau wie m\u00f6glich wiegen (10 % Fehlergrenze). Anschlie\u00dfend f\u00fcllt er eine Fangmeldung aus, die es ihm erm\u00f6glicht, zu seiner Verkaufs- oder Lagerstelle zu reisen. Ein Muster dieser im maritimen Bereich eingesetzten Karte","og_url":"https:\/\/anguilleresponsable.com\/index.php\/de\/ruckverfolgbarkeitskriterien\/fangmeldung\/","og_site_name":"Anguille Responsable","article_modified_time":"2023-01-05T18:48:50+00:00","og_image":[{"url":"https:\/\/anguilleresponsable.com\/wp-content\/uploads\/2022\/10\/specimenFP-1024x690.jpg","type":"","width":"","height":""}],"twitter_card":"summary_large_image","twitter_misc":{"Dur\u00e9e de lecture estim\u00e9e":"2 minutes"},"schema":{"@context":"https:\/\/schema.org","@graph":[{"@type":"WebPage","@id":"https:\/\/anguilleresponsable.com\/index.php\/de\/ruckverfolgbarkeitskriterien\/fangmeldung\/","url":"https:\/\/anguilleresponsable.com\/index.php\/de\/ruckverfolgbarkeitskriterien\/fangmeldung\/","name":"Fangmeldung - Anguille Responsable","isPartOf":{"@id":"https:\/\/anguilleresponsable.com\/#website"},"primaryImageOfPage":{"@id":"https:\/\/anguilleresponsable.com\/index.php\/de\/ruckverfolgbarkeitskriterien\/fangmeldung\/#primaryimage"},"image":{"@id":"https:\/\/anguilleresponsable.com\/index.php\/de\/ruckverfolgbarkeitskriterien\/fangmeldung\/#primaryimage"},"thumbnailUrl":"https:\/\/anguilleresponsable.com\/wp-content\/uploads\/2022\/10\/specimenFP-1024x690.jpg","datePublished":"2022-11-23T07:54:17+00:00","dateModified":"2023-01-05T18:48:50+00:00","breadcrumb":{"@id":"https:\/\/anguilleresponsable.com\/index.php\/de\/ruckverfolgbarkeitskriterien\/fangmeldung\/#breadcrumb"},"inLanguage":"fr-FR","potentialAction":[{"@type":"ReadAction","target":["https:\/\/anguilleresponsable.com\/index.php\/de\/ruckverfolgbarkeitskriterien\/fangmeldung\/"]}]},{"@type":"ImageObject","inLanguage":"fr-FR","@id":"https:\/\/anguilleresponsable.com\/index.php\/de\/ruckverfolgbarkeitskriterien\/fangmeldung\/#primaryimage","url":"https:\/\/anguilleresponsable.com\/wp-content\/uploads\/2022\/10\/specimenFP.jpg","contentUrl":"https:\/\/anguilleresponsable.com\/wp-content\/uploads\/2022\/10\/specimenFP.jpg","width":1514,"height":1020},{"@type":"BreadcrumbList","@id":"https:\/\/anguilleresponsable.com\/index.php\/de\/ruckverfolgbarkeitskriterien\/fangmeldung\/#breadcrumb","itemListElement":[{"@type":"ListItem","position":1,"name":"Accueil","item":"https:\/\/anguilleresponsable.com\/"},{"@type":"ListItem","position":2,"name":"R\u00fcckverfolgbarkeitskriterien","item":"https:\/\/anguilleresponsable.com\/index.php\/de\/ruckverfolgbarkeitskriterien\/"},{"@type":"ListItem","position":3,"name":"Fangmeldung"}]},{"@type":"WebSite","@id":"https:\/\/anguilleresponsable.com\/#website","url":"https:\/\/anguilleresponsable.com\/","name":"Anguille Responsable","description":"Association Fran\u00e7aise pour la Promotion de la Marque Anguille Responsable","publisher":{"@id":"https:\/\/anguilleresponsable.com\/#organization"},"alternateName":"AFPMAR","potentialAction":[{"@type":"SearchAction","target":{"@type":"EntryPoint","urlTemplate":"https:\/\/anguilleresponsable.com\/?s={search_term_string}"},"query-input":{"@type":"PropertyValueSpecification","valueRequired":true,"valueName":"search_term_string"}}],"inLanguage":"fr-FR"},{"@type":"Organization","@id":"https:\/\/anguilleresponsable.com\/#organization","name":"Anguille responsable","alternateName":"AFPMAR","url":"https:\/\/anguilleresponsable.com\/","logo":{"@type":"ImageObject","inLanguage":"fr-FR","@id":"https:\/\/anguilleresponsable.com\/#\/schema\/logo\/image\/","url":"https:\/\/anguilleresponsable.com\/wp-content\/uploads\/2024\/06\/marqueAFPMAR.jpg","contentUrl":"https:\/\/anguilleresponsable.com\/wp-content\/uploads\/2024\/06\/marqueAFPMAR.jpg","width":1563,"height":1563,"caption":"Anguille responsable"},"image":{"@id":"https:\/\/anguilleresponsable.com\/#\/schema\/logo\/image\/"}}]}},"_links":{"self":[{"href":"https:\/\/anguilleresponsable.com\/index.php\/wp-json\/wp\/v2\/pages\/4372","targetHints":{"allow":["GET"]}}],"collection":[{"href":"https:\/\/anguilleresponsable.com\/index.php\/wp-json\/wp\/v2\/pages"}],"about":[{"href":"https:\/\/anguilleresponsable.com\/index.php\/wp-json\/wp\/v2\/types\/page"}],"author":[{"embeddable":true,"href":"https:\/\/anguilleresponsable.com\/index.php\/wp-json\/wp\/v2\/users\/2"}],"replies":[{"embeddable":true,"href":"https:\/\/anguilleresponsable.com\/index.php\/wp-json\/wp\/v2\/comments?post=4372"}],"version-history":[{"count":4,"href":"https:\/\/anguilleresponsable.com\/index.php\/wp-json\/wp\/v2\/pages\/4372\/revisions"}],"predecessor-version":[{"id":5105,"href":"https:\/\/anguilleresponsable.com\/index.php\/wp-json\/wp\/v2\/pages\/4372\/revisions\/5105"}],"up":[{"embeddable":true,"href":"https:\/\/anguilleresponsable.com\/index.php\/wp-json\/wp\/v2\/pages\/4368"}],"wp:attachment":[{"href":"https:\/\/anguilleresponsable.com\/index.php\/wp-json\/wp\/v2\/media?parent=4372"}],"curies":[{"name":"wp","href":"https:\/\/api.w.org\/{rel}","templated":true}]}}