{"id":4358,"date":"2022-11-23T08:45:59","date_gmt":"2022-11-23T07:45:59","guid":{"rendered":"https:\/\/anguilleresponsable.com\/?page_id=4358"},"modified":"2022-11-25T18:43:34","modified_gmt":"2022-11-25T17:43:34","slug":"charta-bewahrter-verfahren-fur-glasaal","status":"publish","type":"page","link":"https:\/\/anguilleresponsable.com\/index.php\/de\/charta-bewahrter-verfahren-fur-glasaal\/","title":{"rendered":"Charta der guten Praktiken f\u00fcr Glasaal"},"content":{"rendered":"\t\t<div data-elementor-type=\"wp-page\" data-elementor-id=\"4358\" class=\"elementor elementor-4358\">\n\t\t\t\t\t\t<section class=\"elementor-section elementor-top-section elementor-element elementor-element-cba08c4 elementor-section-boxed elementor-section-height-default elementor-section-height-default\" data-id=\"cba08c4\" data-element_type=\"section\" data-e-type=\"section\">\n\t\t\t\t\t\t<div class=\"elementor-container elementor-column-gap-default\">\n\t\t\t\t\t<div class=\"elementor-column elementor-col-100 elementor-top-column elementor-element elementor-element-6e30e27\" data-id=\"6e30e27\" data-element_type=\"column\" data-e-type=\"column\">\n\t\t\t<div class=\"elementor-widget-wrap elementor-element-populated\">\n\t\t\t\t\t\t<div class=\"elementor-element elementor-element-fb893d0 elementor-widget elementor-widget-text-editor\" data-id=\"fb893d0\" data-element_type=\"widget\" data-e-type=\"widget\" data-widget_type=\"text-editor.default\">\n\t\t\t\t<div class=\"elementor-widget-container\">\n\t\t\t\t\t\t\t\t\t<p>\u00a0<\/p><p>Diese Charta basiert auf den Erfahrungen der Aalbranche, die nicht nur die Erfahrungen der Fischer (Fangzeit, Maschenweite des Siebs, Schubgeschwindigkeit und Lagermittel an Bord) ber\u00fccksichtigt, sondern auch die der Fischh\u00e4ndler, die die Fang- und Konservierungspraktiken an Bord durch die Beobachtung der Qualit\u00e4t der Glasaale in ihren Lagertanks und der Sterblichkeit nach dem Transport zum Endverbraucher validieren oder nicht.<\/p><p>W\u00e4hrend das Handsieb das Ger\u00e4t ist, das die besten Ergebnisse in Bezug auf die Glasaalqualit\u00e4t liefert, ist das Ankersieb auch eine Fangtechnik, die Glasaale mit geringer Sterblichkeit nach dem Fischen hervorbringt.Auch mit dem Schubsieb oder dem Pibalour kann ein Qualit\u00e4tsglasaal erzeugt werden, sofern die Geschwindigkeit und die Schubzeit des Fangger\u00e4ts sowie seine Maschen den Angaben der Charta der guten Praktiken entsprechen.<\/p><p>Die Validierung der Qualit\u00e4t der Glasaale erfolgt hier durch den von der Marke akkreditierten Fischh\u00e4ndler, der direkt f\u00fcr die Qualit\u00e4t der gelieferten Glasaale gegen\u00fcber dem Endabnehmer verantwortlich ist.<\/p><p>Alle Mitglieder der Marke verpflichten sich selbstverst\u00e4ndlich, diese Charta einzuhalten, aber auch Informationen \u00fcber die F\u00e4nge (gezielt und nicht gezielt) bereitzustellen und mit den Wissenschaftlern zusammenzuarbeiten, die an der Bewirtschaftung dieser Ressource beteiligt sind.<\/p>\t\t\t\t\t\t\t\t<\/div>\n\t\t\t\t<\/div>\n\t\t\t\t\t<\/div>\n\t\t<\/div>\n\t\t\t\t\t<\/div>\n\t\t<\/section>\n\t\t\t\t<section class=\"elementor-section elementor-top-section elementor-element elementor-element-68c506d elementor-section-boxed elementor-section-height-default elementor-section-height-default\" data-id=\"68c506d\" data-element_type=\"section\" data-e-type=\"section\">\n\t\t\t\t\t\t<div class=\"elementor-container elementor-column-gap-default\">\n\t\t\t\t\t<div class=\"elementor-column elementor-col-100 elementor-top-column elementor-element elementor-element-4289b88\" data-id=\"4289b88\" data-element_type=\"column\" data-e-type=\"column\">\n\t\t\t<div class=\"elementor-widget-wrap elementor-element-populated\">\n\t\t\t\t\t\t<div class=\"elementor-element elementor-element-00cf2fd elementor-widget elementor-widget-text-editor\" data-id=\"00cf2fd\" data-element_type=\"widget\" data-e-type=\"widget\" data-widget_type=\"text-editor.default\">\n\t\t\t\t<div class=\"elementor-widget-container\">\n\t\t\t\t\t\t\t\t\t<p><a href=\"https:\/\/anguilleresponsable.com\/wp-content\/uploads\/2022\/10\/Charte-de-Bonnes-Pratiques-relative-a-la-peche-de-la-civelle.pdf\" target=\"_blank\" rel=\"noopener\">https:\/\/anguilleresponsable.com\/wp-content\/uploads\/2022\/10\/Charte-de-Bonnes-Pratiques-relative-a-la-peche-de-la-civelle.pdf<\/a><\/p>\t\t\t\t\t\t\t\t<\/div>\n\t\t\t\t<\/div>\n\t\t\t\t\t<\/div>\n\t\t<\/div>\n\t\t\t\t\t<\/div>\n\t\t<\/section>\n\t\t\t\t<\/div>\n\t\t","protected":false},"excerpt":{"rendered":"\u00a0 Diese Charta basiert auf den Erfahrungen der Aalbranche, die nicht nur die Erfahrungen der Fischer (Fangzeit, Maschenweite des Siebs, Schubgeschwindigkeit und Lagermittel an Bord) ber\u00fccksichtigt, sondern auch die der Fischh\u00e4ndler, die die Fang- und Konservierungspraktiken an Bord durch die Beobachtung der Qualit\u00e4t der Glasaale in ihren Lagertanks und der Sterblichkeit nach dem Transport zum ","protected":false},"author":2,"featured_media":0,"parent":0,"menu_order":0,"comment_status":"closed","ping_status":"closed","template":"","meta":{"footnotes":""},"class_list":["post-4358","page","type-page","status-publish","hentry"],"yoast_head":"<!-- This site is optimized with the Yoast SEO plugin v27.2 - https:\/\/yoast.com\/product\/yoast-seo-wordpress\/ -->\n<title>Charta der guten Praktiken f\u00fcr Glasaal - Anguille Responsable<\/title>\n<meta name=\"robots\" content=\"index, follow, max-snippet:-1, max-image-preview:large, max-video-preview:-1\" \/>\n<link rel=\"canonical\" href=\"https:\/\/anguilleresponsable.com\/index.php\/de\/charta-bewahrter-verfahren-fur-glasaal\/\" \/>\n<meta property=\"og:locale\" content=\"fr_FR\" \/>\n<meta property=\"og:type\" content=\"article\" \/>\n<meta property=\"og:title\" content=\"Charta der guten Praktiken f\u00fcr Glasaal - Anguille Responsable\" \/>\n<meta property=\"og:description\" content=\"\u00a0 Diese Charta basiert auf den Erfahrungen der Aalbranche, die nicht nur die Erfahrungen der Fischer (Fangzeit, Maschenweite des Siebs, Schubgeschwindigkeit und Lagermittel an Bord) ber\u00fccksichtigt, sondern auch die der Fischh\u00e4ndler, die die Fang- und Konservierungspraktiken an Bord durch die Beobachtung der Qualit\u00e4t der Glasaale in ihren Lagertanks und der Sterblichkeit nach dem Transport zum\" \/>\n<meta property=\"og:url\" content=\"https:\/\/anguilleresponsable.com\/index.php\/de\/charta-bewahrter-verfahren-fur-glasaal\/\" \/>\n<meta property=\"og:site_name\" content=\"Anguille Responsable\" \/>\n<meta property=\"article:modified_time\" content=\"2022-11-25T17:43:34+00:00\" \/>\n<meta property=\"og:image\" content=\"https:\/\/anguilleresponsable.com\/wp-content\/uploads\/2024\/06\/marqueAFPMAR.jpg\" \/>\n\t<meta property=\"og:image:width\" content=\"1563\" \/>\n\t<meta property=\"og:image:height\" content=\"1563\" \/>\n\t<meta property=\"og:image:type\" content=\"image\/jpeg\" \/>\n<meta name=\"twitter:card\" content=\"summary_large_image\" \/>\n<meta name=\"twitter:label1\" content=\"Dur\u00e9e de lecture estim\u00e9e\" \/>\n\t<meta name=\"twitter:data1\" content=\"1 minute\" \/>\n<script type=\"application\/ld+json\" class=\"yoast-schema-graph\">{\"@context\":\"https:\/\/schema.org\",\"@graph\":[{\"@type\":\"WebPage\",\"@id\":\"https:\/\/anguilleresponsable.com\/index.php\/de\/charta-bewahrter-verfahren-fur-glasaal\/\",\"url\":\"https:\/\/anguilleresponsable.com\/index.php\/de\/charta-bewahrter-verfahren-fur-glasaal\/\",\"name\":\"Charta der guten Praktiken f\u00fcr Glasaal - Anguille Responsable\",\"isPartOf\":{\"@id\":\"https:\/\/anguilleresponsable.com\/#website\"},\"datePublished\":\"2022-11-23T07:45:59+00:00\",\"dateModified\":\"2022-11-25T17:43:34+00:00\",\"breadcrumb\":{\"@id\":\"https:\/\/anguilleresponsable.com\/index.php\/de\/charta-bewahrter-verfahren-fur-glasaal\/#breadcrumb\"},\"inLanguage\":\"fr-FR\",\"potentialAction\":[{\"@type\":\"ReadAction\",\"target\":[\"https:\/\/anguilleresponsable.com\/index.php\/de\/charta-bewahrter-verfahren-fur-glasaal\/\"]}]},{\"@type\":\"BreadcrumbList\",\"@id\":\"https:\/\/anguilleresponsable.com\/index.php\/de\/charta-bewahrter-verfahren-fur-glasaal\/#breadcrumb\",\"itemListElement\":[{\"@type\":\"ListItem\",\"position\":1,\"name\":\"Accueil\",\"item\":\"https:\/\/anguilleresponsable.com\/\"},{\"@type\":\"ListItem\",\"position\":2,\"name\":\"Charta der guten Praktiken f\u00fcr Glasaal\"}]},{\"@type\":\"WebSite\",\"@id\":\"https:\/\/anguilleresponsable.com\/#website\",\"url\":\"https:\/\/anguilleresponsable.com\/\",\"name\":\"Anguille Responsable\",\"description\":\"Association Fran\u00e7aise pour la Promotion de la Marque Anguille Responsable\",\"publisher\":{\"@id\":\"https:\/\/anguilleresponsable.com\/#organization\"},\"alternateName\":\"AFPMAR\",\"potentialAction\":[{\"@type\":\"SearchAction\",\"target\":{\"@type\":\"EntryPoint\",\"urlTemplate\":\"https:\/\/anguilleresponsable.com\/?s={search_term_string}\"},\"query-input\":{\"@type\":\"PropertyValueSpecification\",\"valueRequired\":true,\"valueName\":\"search_term_string\"}}],\"inLanguage\":\"fr-FR\"},{\"@type\":\"Organization\",\"@id\":\"https:\/\/anguilleresponsable.com\/#organization\",\"name\":\"Anguille responsable\",\"alternateName\":\"AFPMAR\",\"url\":\"https:\/\/anguilleresponsable.com\/\",\"logo\":{\"@type\":\"ImageObject\",\"inLanguage\":\"fr-FR\",\"@id\":\"https:\/\/anguilleresponsable.com\/#\/schema\/logo\/image\/\",\"url\":\"https:\/\/anguilleresponsable.com\/wp-content\/uploads\/2024\/06\/marqueAFPMAR.jpg\",\"contentUrl\":\"https:\/\/anguilleresponsable.com\/wp-content\/uploads\/2024\/06\/marqueAFPMAR.jpg\",\"width\":1563,\"height\":1563,\"caption\":\"Anguille responsable\"},\"image\":{\"@id\":\"https:\/\/anguilleresponsable.com\/#\/schema\/logo\/image\/\"}}]}<\/script>\n<!-- \/ Yoast SEO plugin. -->","yoast_head_json":{"title":"Charta der guten Praktiken f\u00fcr Glasaal - Anguille Responsable","robots":{"index":"index","follow":"follow","max-snippet":"max-snippet:-1","max-image-preview":"max-image-preview:large","max-video-preview":"max-video-preview:-1"},"canonical":"https:\/\/anguilleresponsable.com\/index.php\/de\/charta-bewahrter-verfahren-fur-glasaal\/","og_locale":"fr_FR","og_type":"article","og_title":"Charta der guten Praktiken f\u00fcr Glasaal - Anguille Responsable","og_description":"\u00a0 Diese Charta basiert auf den Erfahrungen der Aalbranche, die nicht nur die Erfahrungen der Fischer (Fangzeit, Maschenweite des Siebs, Schubgeschwindigkeit und Lagermittel an Bord) ber\u00fccksichtigt, sondern auch die der Fischh\u00e4ndler, die die Fang- und Konservierungspraktiken an Bord durch die Beobachtung der Qualit\u00e4t der Glasaale in ihren Lagertanks und der Sterblichkeit nach dem Transport zum","og_url":"https:\/\/anguilleresponsable.com\/index.php\/de\/charta-bewahrter-verfahren-fur-glasaal\/","og_site_name":"Anguille Responsable","article_modified_time":"2022-11-25T17:43:34+00:00","og_image":[{"width":1563,"height":1563,"url":"https:\/\/anguilleresponsable.com\/wp-content\/uploads\/2024\/06\/marqueAFPMAR.jpg","type":"image\/jpeg"}],"twitter_card":"summary_large_image","twitter_misc":{"Dur\u00e9e de lecture estim\u00e9e":"1 minute"},"schema":{"@context":"https:\/\/schema.org","@graph":[{"@type":"WebPage","@id":"https:\/\/anguilleresponsable.com\/index.php\/de\/charta-bewahrter-verfahren-fur-glasaal\/","url":"https:\/\/anguilleresponsable.com\/index.php\/de\/charta-bewahrter-verfahren-fur-glasaal\/","name":"Charta der guten Praktiken f\u00fcr Glasaal - Anguille Responsable","isPartOf":{"@id":"https:\/\/anguilleresponsable.com\/#website"},"datePublished":"2022-11-23T07:45:59+00:00","dateModified":"2022-11-25T17:43:34+00:00","breadcrumb":{"@id":"https:\/\/anguilleresponsable.com\/index.php\/de\/charta-bewahrter-verfahren-fur-glasaal\/#breadcrumb"},"inLanguage":"fr-FR","potentialAction":[{"@type":"ReadAction","target":["https:\/\/anguilleresponsable.com\/index.php\/de\/charta-bewahrter-verfahren-fur-glasaal\/"]}]},{"@type":"BreadcrumbList","@id":"https:\/\/anguilleresponsable.com\/index.php\/de\/charta-bewahrter-verfahren-fur-glasaal\/#breadcrumb","itemListElement":[{"@type":"ListItem","position":1,"name":"Accueil","item":"https:\/\/anguilleresponsable.com\/"},{"@type":"ListItem","position":2,"name":"Charta der guten Praktiken f\u00fcr Glasaal"}]},{"@type":"WebSite","@id":"https:\/\/anguilleresponsable.com\/#website","url":"https:\/\/anguilleresponsable.com\/","name":"Anguille Responsable","description":"Association Fran\u00e7aise pour la Promotion de la Marque Anguille Responsable","publisher":{"@id":"https:\/\/anguilleresponsable.com\/#organization"},"alternateName":"AFPMAR","potentialAction":[{"@type":"SearchAction","target":{"@type":"EntryPoint","urlTemplate":"https:\/\/anguilleresponsable.com\/?s={search_term_string}"},"query-input":{"@type":"PropertyValueSpecification","valueRequired":true,"valueName":"search_term_string"}}],"inLanguage":"fr-FR"},{"@type":"Organization","@id":"https:\/\/anguilleresponsable.com\/#organization","name":"Anguille responsable","alternateName":"AFPMAR","url":"https:\/\/anguilleresponsable.com\/","logo":{"@type":"ImageObject","inLanguage":"fr-FR","@id":"https:\/\/anguilleresponsable.com\/#\/schema\/logo\/image\/","url":"https:\/\/anguilleresponsable.com\/wp-content\/uploads\/2024\/06\/marqueAFPMAR.jpg","contentUrl":"https:\/\/anguilleresponsable.com\/wp-content\/uploads\/2024\/06\/marqueAFPMAR.jpg","width":1563,"height":1563,"caption":"Anguille responsable"},"image":{"@id":"https:\/\/anguilleresponsable.com\/#\/schema\/logo\/image\/"}}]}},"_links":{"self":[{"href":"https:\/\/anguilleresponsable.com\/index.php\/wp-json\/wp\/v2\/pages\/4358","targetHints":{"allow":["GET"]}}],"collection":[{"href":"https:\/\/anguilleresponsable.com\/index.php\/wp-json\/wp\/v2\/pages"}],"about":[{"href":"https:\/\/anguilleresponsable.com\/index.php\/wp-json\/wp\/v2\/types\/page"}],"author":[{"embeddable":true,"href":"https:\/\/anguilleresponsable.com\/index.php\/wp-json\/wp\/v2\/users\/2"}],"replies":[{"embeddable":true,"href":"https:\/\/anguilleresponsable.com\/index.php\/wp-json\/wp\/v2\/comments?post=4358"}],"version-history":[{"count":8,"href":"https:\/\/anguilleresponsable.com\/index.php\/wp-json\/wp\/v2\/pages\/4358\/revisions"}],"predecessor-version":[{"id":4644,"href":"https:\/\/anguilleresponsable.com\/index.php\/wp-json\/wp\/v2\/pages\/4358\/revisions\/4644"}],"wp:attachment":[{"href":"https:\/\/anguilleresponsable.com\/index.php\/wp-json\/wp\/v2\/media?parent=4358"}],"curies":[{"name":"wp","href":"https:\/\/api.w.org\/{rel}","templated":true}]}}