{"id":3522,"date":"2022-11-04T17:21:22","date_gmt":"2022-11-04T16:21:22","guid":{"rendered":"https:\/\/anguilleresponsable.com\/?page_id=3522"},"modified":"2022-11-12T17:34:12","modified_gmt":"2022-11-12T16:34:12","slug":"yellow-eel","status":"publish","type":"page","link":"https:\/\/anguilleresponsable.com\/index.php\/en\/yellow-eel\/","title":{"rendered":"Yellow eel"},"content":{"rendered":"\t\t<div data-elementor-type=\"wp-page\" data-elementor-id=\"3522\" class=\"elementor elementor-3522\">\n\t\t\t\t\t\t<section class=\"elementor-section elementor-top-section elementor-element elementor-element-80ce577 elementor-section-boxed elementor-section-height-default elementor-section-height-default\" data-id=\"80ce577\" data-element_type=\"section\" data-e-type=\"section\">\n\t\t\t\t\t\t<div class=\"elementor-container elementor-column-gap-default\">\n\t\t\t\t\t<div class=\"elementor-column elementor-col-100 elementor-top-column elementor-element elementor-element-d220420\" data-id=\"d220420\" data-element_type=\"column\" data-e-type=\"column\">\n\t\t\t<div class=\"elementor-widget-wrap elementor-element-populated\">\n\t\t\t\t\t\t<div class=\"elementor-element elementor-element-340498e elementor-widget elementor-widget-text-editor\" data-id=\"340498e\" data-element_type=\"widget\" data-e-type=\"widget\" data-widget_type=\"text-editor.default\">\n\t\t\t\t<div class=\"elementor-widget-container\">\n\t\t\t\t\t\t\t\t\t<p>It is caught in a wide variety of ecosystems: lakes, Mediterranean lagoons, streams, fresh and salt marshes, rivers, estuaries, bays and coastal basins. This species shows a remarkable adaptation to variations in salinity and studies carried out on its otoliths (small calcareous concretions located in the inner ear of the fish) show that individuals can, after having colonised fresh water, leave for brackish water or even saltier water and then return to fresh water.This remarkable plasticity of its migratory behaviour allows it to colonise numerous environments when it no longer finds the optimal conditions for its growth and survival in a specific environment. This obviously requires that ecological continuity be ensured between the different habitats that it can colonise. This is often not the case, and since the middle of the last century it has encountered more and more hermetic obstacles and of great height. The maintenance of wetlands is often no longer ensured and these lands have often been considered in the estuarine parts as areas to be conquered and urbanised, in the middle parts of rivers as areas to be drained. Rivers are increasingly dammed up to protect against rising water levels, which limits the links between the river and the hydrological annexes, which are essential aquatic systems for the production of young eels.<\/p><p>Professional fishermen have always exploited these various environments and adapted their fishing gears to the ecosystems explored. Thus, in small tributaries, the bosselle and the cordeau (a bottom line with a limited number of hooks) are used; the fyke net is placed on the banks of rivers or lakes, and the bow net lines are anchored at the mouths of rivers; the capetchades (fyke nets placed behind a barrier net) are used in the Mediterranean lagoons. All these devices, developed since ancient times, capture eels of different sizes while they are on trophic migration or when they temporarily move from one ecosystem to another. With the exception of the cordeau, these fishing gears, which are regularly lifted, although not selective, allow the release of undersized or unwanted catches in good conditions.<\/p>\t\t\t\t\t\t\t\t<\/div>\n\t\t\t\t<\/div>\n\t\t\t\t\t<\/div>\n\t\t<\/div>\n\t\t\t\t\t<\/div>\n\t\t<\/section>\n\t\t\t\t<section class=\"elementor-section elementor-top-section elementor-element elementor-element-02d6946 elementor-section-boxed elementor-section-height-default elementor-section-height-default\" data-id=\"02d6946\" data-element_type=\"section\" data-e-type=\"section\">\n\t\t\t\t\t\t<div class=\"elementor-container elementor-column-gap-default\">\n\t\t\t\t\t<div class=\"elementor-column elementor-col-100 elementor-top-column elementor-element elementor-element-7133142\" data-id=\"7133142\" data-element_type=\"column\" data-e-type=\"column\">\n\t\t\t<div class=\"elementor-widget-wrap elementor-element-populated\">\n\t\t\t\t\t\t<div class=\"elementor-element elementor-element-06e461f animated-fast elementor-invisible elementor-widget elementor-widget-image-gallery\" data-id=\"06e461f\" data-element_type=\"widget\" data-e-type=\"widget\" data-settings=\"{&quot;_animation&quot;:&quot;zoomIn&quot;}\" data-widget_type=\"image-gallery.default\">\n\t\t\t\t<div class=\"elementor-widget-container\">\n\t\t\t\t\t\t\t<div class=\"elementor-image-gallery\">\n\t\t\t<div id='gallery-1' class='gallery galleryid-3522 gallery-columns-5 gallery-size-thumbnail'><figure class='gallery-item'>\n\t\t\t<div class='gallery-icon landscape'>\n\t\t\t\t<a data-elementor-open-lightbox=\"yes\" data-elementor-lightbox-slideshow=\"06e461f\" data-elementor-lightbox-title=\"thau11\" data-e-action-hash=\"#elementor-action%3Aaction%3Dlightbox%26settings%3DeyJpZCI6MTc3NSwidXJsIjoiaHR0cHM6XC9cL2FuZ3VpbGxlcmVzcG9uc2FibGUuY29tXC93cC1jb250ZW50XC91cGxvYWRzXC8yMDIyXC8xMFwvdGhhdTExLTIuYm1wIiwic2xpZGVzaG93IjoiMDZlNDYxZiJ9\" href='https:\/\/anguilleresponsable.com\/wp-content\/uploads\/2022\/10\/thau11-2.bmp'><img decoding=\"async\" width=\"150\" height=\"150\" src=\"https:\/\/anguilleresponsable.com\/wp-content\/uploads\/2022\/10\/thau11-2-150x150.jpg\" class=\"attachment-thumbnail size-thumbnail\" alt=\"\" aria-describedby=\"gallery-1-1775\" \/><\/a>\n\t\t\t<\/div>\n\t\t\t\t<figcaption class='wp-caption-text gallery-caption' id='gallery-1-1775'>\n\t\t\t\tcapetchade de l&#8217;\u00e9tang de Thau\n\t\t\t\t<\/figcaption><\/figure><figure class='gallery-item'>\n\t\t\t<div class='gallery-icon portrait'>\n\t\t\t\t<a data-elementor-open-lightbox=\"yes\" data-elementor-lightbox-slideshow=\"06e461f\" data-elementor-lightbox-title=\"img095\" data-e-action-hash=\"#elementor-action%3Aaction%3Dlightbox%26settings%3DeyJpZCI6MTc2MywidXJsIjoiaHR0cHM6XC9cL2FuZ3VpbGxlcmVzcG9uc2FibGUuY29tXC93cC1jb250ZW50XC91cGxvYWRzXC8yMDIyXC8xMFwvaW1nMDk1LmpwZyIsInNsaWRlc2hvdyI6IjA2ZTQ2MWYifQ%3D%3D\" href='https:\/\/anguilleresponsable.com\/wp-content\/uploads\/2022\/10\/img095.jpg'><img decoding=\"async\" width=\"150\" height=\"150\" src=\"https:\/\/anguilleresponsable.com\/wp-content\/uploads\/2022\/10\/img095-150x150.jpg\" class=\"attachment-thumbnail size-thumbnail\" alt=\"\" aria-describedby=\"gallery-1-1763\" \/><\/a>\n\t\t\t<\/div>\n\t\t\t\t<figcaption class='wp-caption-text gallery-caption' id='gallery-1-1763'>\n\t\t\t\tfabrication d&#8217;une bosselle \u00e0 anguille\n\t\t\t\t<\/figcaption><\/figure><figure class='gallery-item'>\n\t\t\t<div class='gallery-icon landscape'>\n\t\t\t\t<a data-elementor-open-lightbox=\"yes\" data-elementor-lightbox-slideshow=\"06e461f\" data-elementor-lightbox-title=\"palavas3\" data-e-action-hash=\"#elementor-action%3Aaction%3Dlightbox%26settings%3DeyJpZCI6MTY3NCwidXJsIjoiaHR0cHM6XC9cL2FuZ3VpbGxlcmVzcG9uc2FibGUuY29tXC93cC1jb250ZW50XC91cGxvYWRzXC8yMDIyXC8xMFwvcGFsYXZhczMuYm1wIiwic2xpZGVzaG93IjoiMDZlNDYxZiJ9\" href='https:\/\/anguilleresponsable.com\/wp-content\/uploads\/2022\/10\/palavas3.bmp'><img decoding=\"async\" width=\"150\" height=\"150\" src=\"https:\/\/anguilleresponsable.com\/wp-content\/uploads\/2022\/10\/palavas3-150x150.jpg\" class=\"attachment-thumbnail size-thumbnail\" alt=\"\" aria-describedby=\"gallery-1-1674\" \/><\/a>\n\t\t\t<\/div>\n\t\t\t\t<figcaption class='wp-caption-text gallery-caption' id='gallery-1-1674'>\n\t\t\t\tverveux mis \u00e0 s\u00e9cher en M\u00e9diterran\u00e9e\n\t\t\t\t<\/figcaption><\/figure><figure class='gallery-item'>\n\t\t\t<div class='gallery-icon landscape'>\n\t\t\t\t<a data-elementor-open-lightbox=\"yes\" data-elementor-lightbox-slideshow=\"06e461f\" data-elementor-lightbox-title=\"releve\u0301nasse\" data-e-action-hash=\"#elementor-action%3Aaction%3Dlightbox%26settings%3DeyJpZCI6MTQ1OSwidXJsIjoiaHR0cHM6XC9cL2FuZ3VpbGxlcmVzcG9uc2FibGUuY29tXC93cC1jb250ZW50XC91cGxvYWRzXC8yMDIyXC8xMFwvcmVsZXZlXHUwMzAxbmFzc2UuanBnIiwic2xpZGVzaG93IjoiMDZlNDYxZiJ9\" href='https:\/\/anguilleresponsable.com\/wp-content\/uploads\/2022\/10\/releve\u0301nasse.jpg'><img loading=\"lazy\" decoding=\"async\" width=\"150\" height=\"150\" src=\"https:\/\/anguilleresponsable.com\/wp-content\/uploads\/2022\/10\/releve\u0301nasse-150x150.jpg\" class=\"attachment-thumbnail size-thumbnail\" alt=\"\" aria-describedby=\"gallery-1-1459\" \/><\/a>\n\t\t\t<\/div>\n\t\t\t\t<figcaption class='wp-caption-text gallery-caption' id='gallery-1-1459'>\n\t\t\t\tFili\u00e8re de nasses dans l&#8217;Adour\n\t\t\t\t<\/figcaption><\/figure><figure class='gallery-item'>\n\t\t\t<div class='gallery-icon landscape'>\n\t\t\t\t<a data-elementor-open-lightbox=\"yes\" data-elementor-lightbox-slideshow=\"06e461f\" data-elementor-lightbox-title=\"DSC06771\" data-e-action-hash=\"#elementor-action%3Aaction%3Dlightbox%26settings%3DeyJpZCI6MjAyMCwidXJsIjoiaHR0cHM6XC9cL2FuZ3VpbGxlcmVzcG9uc2FibGUuY29tXC93cC1jb250ZW50XC91cGxvYWRzXC8yMDIyXC8xMFwvRFNDMDY3NzEtc2NhbGVkLWUxNjY2MTg3OTcyMjExLmpwZyIsInNsaWRlc2hvdyI6IjA2ZTQ2MWYifQ%3D%3D\" href='https:\/\/anguilleresponsable.com\/wp-content\/uploads\/2022\/10\/DSC06771-scaled-e1666187972211.jpg'><img loading=\"lazy\" decoding=\"async\" width=\"150\" height=\"150\" src=\"https:\/\/anguilleresponsable.com\/wp-content\/uploads\/2022\/10\/DSC06771-scaled-e1666187972211-150x150.jpg\" class=\"attachment-thumbnail size-thumbnail\" alt=\"\" aria-describedby=\"gallery-1-2020\" \/><\/a>\n\t\t\t<\/div>\n\t\t\t\t<figcaption class='wp-caption-text gallery-caption' id='gallery-1-2020'>\n\t\t\t\trelev\u00e9 d&#8217;un verveux sur les bords de Loire\n\t\t\t\t<\/figcaption><\/figure>\n\t\t<\/div>\n\t\t<\/div>\n\t\t\t\t\t\t<\/div>\n\t\t\t\t<\/div>\n\t\t\t\t\t<\/div>\n\t\t<\/div>\n\t\t\t\t\t<\/div>\n\t\t<\/section>\n\t\t\t\t<section class=\"elementor-section elementor-top-section elementor-element elementor-element-8e31929 elementor-section-boxed elementor-section-height-default elementor-section-height-default\" data-id=\"8e31929\" data-element_type=\"section\" data-e-type=\"section\">\n\t\t\t\t\t\t<div class=\"elementor-container elementor-column-gap-default\">\n\t\t\t\t\t<div class=\"elementor-column elementor-col-100 elementor-top-column elementor-element elementor-element-f26edbe\" data-id=\"f26edbe\" data-element_type=\"column\" data-e-type=\"column\">\n\t\t\t<div class=\"elementor-widget-wrap elementor-element-populated\">\n\t\t\t\t\t\t<div class=\"elementor-element elementor-element-245e302 elementor-widget elementor-widget-text-editor\" data-id=\"245e302\" data-element_type=\"widget\" data-e-type=\"widget\" data-widget_type=\"text-editor.default\">\n\t\t\t\t<div class=\"elementor-widget-container\">\n\t\t\t\t\t\t\t\t\t<p style=\"text-align: center;\"><span style=\"color: #ff0000;\"><em>Cliquer sur la galerie pour obtenir l&rsquo;agrandissement des photos<\/em><\/span><\/p>\t\t\t\t\t\t\t\t<\/div>\n\t\t\t\t<\/div>\n\t\t\t\t\t<\/div>\n\t\t<\/div>\n\t\t\t\t\t<\/div>\n\t\t<\/section>\n\t\t\t\t<\/div>\n\t\t","protected":false},"excerpt":{"rendered":"It is caught in a wide variety of ecosystems: lakes, Mediterranean lagoons, streams, fresh and salt marshes, rivers, estuaries, bays and coastal basins. This species shows a remarkable adaptation to variations in salinity and studies carried out on its otoliths (small calcareous concretions located in the inner ear of the fish) show that individuals can, ","protected":false},"author":2,"featured_media":0,"parent":0,"menu_order":0,"comment_status":"closed","ping_status":"closed","template":"","meta":{"footnotes":""},"class_list":["post-3522","page","type-page","status-publish","hentry"],"yoast_head":"<!-- This site is optimized with the Yoast SEO plugin v27.2 - https:\/\/yoast.com\/product\/yoast-seo-wordpress\/ -->\n<title>Yellow eel - Anguille Responsable<\/title>\n<meta name=\"robots\" content=\"index, follow, max-snippet:-1, max-image-preview:large, max-video-preview:-1\" \/>\n<link rel=\"canonical\" href=\"https:\/\/anguilleresponsable.com\/index.php\/en\/yellow-eel\/\" \/>\n<meta property=\"og:locale\" content=\"fr_FR\" \/>\n<meta property=\"og:type\" content=\"article\" \/>\n<meta property=\"og:title\" content=\"Yellow eel - Anguille Responsable\" \/>\n<meta property=\"og:description\" content=\"It is caught in a wide variety of ecosystems: lakes, Mediterranean lagoons, streams, fresh and salt marshes, rivers, estuaries, bays and coastal basins. This species shows a remarkable adaptation to variations in salinity and studies carried out on its otoliths (small calcareous concretions located in the inner ear of the fish) show that individuals can,\" \/>\n<meta property=\"og:url\" content=\"https:\/\/anguilleresponsable.com\/index.php\/en\/yellow-eel\/\" \/>\n<meta property=\"og:site_name\" content=\"Anguille Responsable\" \/>\n<meta property=\"article:modified_time\" content=\"2022-11-12T16:34:12+00:00\" \/>\n<meta property=\"og:image\" content=\"https:\/\/anguilleresponsable.com\/wp-content\/uploads\/2022\/10\/thau11-2-150x150.jpg\" \/>\n<meta name=\"twitter:card\" content=\"summary_large_image\" \/>\n<meta name=\"twitter:label1\" content=\"Dur\u00e9e de lecture estim\u00e9e\" \/>\n\t<meta name=\"twitter:data1\" content=\"2 minutes\" \/>\n<script type=\"application\/ld+json\" class=\"yoast-schema-graph\">{\"@context\":\"https:\/\/schema.org\",\"@graph\":[{\"@type\":\"WebPage\",\"@id\":\"https:\/\/anguilleresponsable.com\/index.php\/en\/yellow-eel\/\",\"url\":\"https:\/\/anguilleresponsable.com\/index.php\/en\/yellow-eel\/\",\"name\":\"Yellow eel - Anguille Responsable\",\"isPartOf\":{\"@id\":\"https:\/\/anguilleresponsable.com\/#website\"},\"primaryImageOfPage\":{\"@id\":\"https:\/\/anguilleresponsable.com\/index.php\/en\/yellow-eel\/#primaryimage\"},\"image\":{\"@id\":\"https:\/\/anguilleresponsable.com\/index.php\/en\/yellow-eel\/#primaryimage\"},\"thumbnailUrl\":\"https:\/\/anguilleresponsable.com\/wp-content\/uploads\/2022\/10\/thau11-2-150x150.jpg\",\"datePublished\":\"2022-11-04T16:21:22+00:00\",\"dateModified\":\"2022-11-12T16:34:12+00:00\",\"breadcrumb\":{\"@id\":\"https:\/\/anguilleresponsable.com\/index.php\/en\/yellow-eel\/#breadcrumb\"},\"inLanguage\":\"fr-FR\",\"potentialAction\":[{\"@type\":\"ReadAction\",\"target\":[\"https:\/\/anguilleresponsable.com\/index.php\/en\/yellow-eel\/\"]}]},{\"@type\":\"ImageObject\",\"inLanguage\":\"fr-FR\",\"@id\":\"https:\/\/anguilleresponsable.com\/index.php\/en\/yellow-eel\/#primaryimage\",\"url\":\"https:\/\/anguilleresponsable.com\/wp-content\/uploads\/2022\/10\/thau11-2-150x150.jpg\",\"contentUrl\":\"https:\/\/anguilleresponsable.com\/wp-content\/uploads\/2022\/10\/thau11-2-150x150.jpg\"},{\"@type\":\"BreadcrumbList\",\"@id\":\"https:\/\/anguilleresponsable.com\/index.php\/en\/yellow-eel\/#breadcrumb\",\"itemListElement\":[{\"@type\":\"ListItem\",\"position\":1,\"name\":\"Accueil\",\"item\":\"https:\/\/anguilleresponsable.com\/\"},{\"@type\":\"ListItem\",\"position\":2,\"name\":\"Yellow eel\"}]},{\"@type\":\"WebSite\",\"@id\":\"https:\/\/anguilleresponsable.com\/#website\",\"url\":\"https:\/\/anguilleresponsable.com\/\",\"name\":\"Anguille Responsable\",\"description\":\"Association Fran\u00e7aise pour la Promotion de la Marque Anguille Responsable\",\"publisher\":{\"@id\":\"https:\/\/anguilleresponsable.com\/#organization\"},\"alternateName\":\"AFPMAR\",\"potentialAction\":[{\"@type\":\"SearchAction\",\"target\":{\"@type\":\"EntryPoint\",\"urlTemplate\":\"https:\/\/anguilleresponsable.com\/?s={search_term_string}\"},\"query-input\":{\"@type\":\"PropertyValueSpecification\",\"valueRequired\":true,\"valueName\":\"search_term_string\"}}],\"inLanguage\":\"fr-FR\"},{\"@type\":\"Organization\",\"@id\":\"https:\/\/anguilleresponsable.com\/#organization\",\"name\":\"Anguille responsable\",\"alternateName\":\"AFPMAR\",\"url\":\"https:\/\/anguilleresponsable.com\/\",\"logo\":{\"@type\":\"ImageObject\",\"inLanguage\":\"fr-FR\",\"@id\":\"https:\/\/anguilleresponsable.com\/#\/schema\/logo\/image\/\",\"url\":\"https:\/\/anguilleresponsable.com\/wp-content\/uploads\/2024\/06\/marqueAFPMAR.jpg\",\"contentUrl\":\"https:\/\/anguilleresponsable.com\/wp-content\/uploads\/2024\/06\/marqueAFPMAR.jpg\",\"width\":1563,\"height\":1563,\"caption\":\"Anguille responsable\"},\"image\":{\"@id\":\"https:\/\/anguilleresponsable.com\/#\/schema\/logo\/image\/\"}}]}<\/script>\n<!-- \/ Yoast SEO plugin. -->","yoast_head_json":{"title":"Yellow eel - Anguille Responsable","robots":{"index":"index","follow":"follow","max-snippet":"max-snippet:-1","max-image-preview":"max-image-preview:large","max-video-preview":"max-video-preview:-1"},"canonical":"https:\/\/anguilleresponsable.com\/index.php\/en\/yellow-eel\/","og_locale":"fr_FR","og_type":"article","og_title":"Yellow eel - Anguille Responsable","og_description":"It is caught in a wide variety of ecosystems: lakes, Mediterranean lagoons, streams, fresh and salt marshes, rivers, estuaries, bays and coastal basins. This species shows a remarkable adaptation to variations in salinity and studies carried out on its otoliths (small calcareous concretions located in the inner ear of the fish) show that individuals can,","og_url":"https:\/\/anguilleresponsable.com\/index.php\/en\/yellow-eel\/","og_site_name":"Anguille Responsable","article_modified_time":"2022-11-12T16:34:12+00:00","og_image":[{"url":"https:\/\/anguilleresponsable.com\/wp-content\/uploads\/2022\/10\/thau11-2-150x150.jpg","type":"","width":"","height":""}],"twitter_card":"summary_large_image","twitter_misc":{"Dur\u00e9e de lecture estim\u00e9e":"2 minutes"},"schema":{"@context":"https:\/\/schema.org","@graph":[{"@type":"WebPage","@id":"https:\/\/anguilleresponsable.com\/index.php\/en\/yellow-eel\/","url":"https:\/\/anguilleresponsable.com\/index.php\/en\/yellow-eel\/","name":"Yellow eel - Anguille Responsable","isPartOf":{"@id":"https:\/\/anguilleresponsable.com\/#website"},"primaryImageOfPage":{"@id":"https:\/\/anguilleresponsable.com\/index.php\/en\/yellow-eel\/#primaryimage"},"image":{"@id":"https:\/\/anguilleresponsable.com\/index.php\/en\/yellow-eel\/#primaryimage"},"thumbnailUrl":"https:\/\/anguilleresponsable.com\/wp-content\/uploads\/2022\/10\/thau11-2-150x150.jpg","datePublished":"2022-11-04T16:21:22+00:00","dateModified":"2022-11-12T16:34:12+00:00","breadcrumb":{"@id":"https:\/\/anguilleresponsable.com\/index.php\/en\/yellow-eel\/#breadcrumb"},"inLanguage":"fr-FR","potentialAction":[{"@type":"ReadAction","target":["https:\/\/anguilleresponsable.com\/index.php\/en\/yellow-eel\/"]}]},{"@type":"ImageObject","inLanguage":"fr-FR","@id":"https:\/\/anguilleresponsable.com\/index.php\/en\/yellow-eel\/#primaryimage","url":"https:\/\/anguilleresponsable.com\/wp-content\/uploads\/2022\/10\/thau11-2-150x150.jpg","contentUrl":"https:\/\/anguilleresponsable.com\/wp-content\/uploads\/2022\/10\/thau11-2-150x150.jpg"},{"@type":"BreadcrumbList","@id":"https:\/\/anguilleresponsable.com\/index.php\/en\/yellow-eel\/#breadcrumb","itemListElement":[{"@type":"ListItem","position":1,"name":"Accueil","item":"https:\/\/anguilleresponsable.com\/"},{"@type":"ListItem","position":2,"name":"Yellow eel"}]},{"@type":"WebSite","@id":"https:\/\/anguilleresponsable.com\/#website","url":"https:\/\/anguilleresponsable.com\/","name":"Anguille Responsable","description":"Association Fran\u00e7aise pour la Promotion de la Marque Anguille Responsable","publisher":{"@id":"https:\/\/anguilleresponsable.com\/#organization"},"alternateName":"AFPMAR","potentialAction":[{"@type":"SearchAction","target":{"@type":"EntryPoint","urlTemplate":"https:\/\/anguilleresponsable.com\/?s={search_term_string}"},"query-input":{"@type":"PropertyValueSpecification","valueRequired":true,"valueName":"search_term_string"}}],"inLanguage":"fr-FR"},{"@type":"Organization","@id":"https:\/\/anguilleresponsable.com\/#organization","name":"Anguille responsable","alternateName":"AFPMAR","url":"https:\/\/anguilleresponsable.com\/","logo":{"@type":"ImageObject","inLanguage":"fr-FR","@id":"https:\/\/anguilleresponsable.com\/#\/schema\/logo\/image\/","url":"https:\/\/anguilleresponsable.com\/wp-content\/uploads\/2024\/06\/marqueAFPMAR.jpg","contentUrl":"https:\/\/anguilleresponsable.com\/wp-content\/uploads\/2024\/06\/marqueAFPMAR.jpg","width":1563,"height":1563,"caption":"Anguille responsable"},"image":{"@id":"https:\/\/anguilleresponsable.com\/#\/schema\/logo\/image\/"}}]}},"_links":{"self":[{"href":"https:\/\/anguilleresponsable.com\/index.php\/wp-json\/wp\/v2\/pages\/3522","targetHints":{"allow":["GET"]}}],"collection":[{"href":"https:\/\/anguilleresponsable.com\/index.php\/wp-json\/wp\/v2\/pages"}],"about":[{"href":"https:\/\/anguilleresponsable.com\/index.php\/wp-json\/wp\/v2\/types\/page"}],"author":[{"embeddable":true,"href":"https:\/\/anguilleresponsable.com\/index.php\/wp-json\/wp\/v2\/users\/2"}],"replies":[{"embeddable":true,"href":"https:\/\/anguilleresponsable.com\/index.php\/wp-json\/wp\/v2\/comments?post=3522"}],"version-history":[{"count":7,"href":"https:\/\/anguilleresponsable.com\/index.php\/wp-json\/wp\/v2\/pages\/3522\/revisions"}],"predecessor-version":[{"id":3935,"href":"https:\/\/anguilleresponsable.com\/index.php\/wp-json\/wp\/v2\/pages\/3522\/revisions\/3935"}],"wp:attachment":[{"href":"https:\/\/anguilleresponsable.com\/index.php\/wp-json\/wp\/v2\/media?parent=3522"}],"curies":[{"name":"wp","href":"https:\/\/api.w.org\/{rel}","templated":true}]}}