{"id":1998,"date":"2022-10-17T15:25:35","date_gmt":"2022-10-17T13:25:35","guid":{"rendered":"https:\/\/anguilleresponsable.com\/?page_id=1998"},"modified":"2022-11-08T18:19:11","modified_gmt":"2022-11-08T17:19:11","slug":"estuaires-et-littoraux","status":"publish","type":"page","link":"https:\/\/anguilleresponsable.com\/index.php\/estuaires-et-littoraux\/","title":{"rendered":"Estuaires et littoraux"},"content":{"rendered":"\t\t<div data-elementor-type=\"wp-page\" data-elementor-id=\"1998\" class=\"elementor elementor-1998\">\n\t\t\t\t\t\t<section class=\"elementor-section elementor-top-section elementor-element elementor-element-588088e elementor-section-boxed elementor-section-height-default elementor-section-height-default\" data-id=\"588088e\" data-element_type=\"section\" data-e-type=\"section\">\n\t\t\t\t\t\t<div class=\"elementor-container elementor-column-gap-default\">\n\t\t\t\t\t<div class=\"elementor-column elementor-col-100 elementor-top-column elementor-element elementor-element-dbf7791\" data-id=\"dbf7791\" data-element_type=\"column\" data-e-type=\"column\">\n\t\t\t<div class=\"elementor-widget-wrap elementor-element-populated\">\n\t\t\t\t\t\t<div class=\"elementor-element elementor-element-0243b0f elementor-widget elementor-widget-text-editor\" data-id=\"0243b0f\" data-element_type=\"widget\" data-e-type=\"widget\" data-widget_type=\"text-editor.default\">\n\t\t\t\t<div class=\"elementor-widget-container\">\n\t\t\t\t\t\t\t\t\t<p>Les p\u00eacheries de civelles se sont d\u00e9velopp\u00e9es dans les parties estuariennes et soumises \u00e0 l&rsquo;avanc\u00e9e de la mar\u00e9e. La migration se fait dans des estuaires ouverts comme sur La Loire, sur la Gironde ou sur l&rsquo;Adour, mais aussi se trouve bloqu\u00e9e par des barrages comme celui d&rsquo;Arzal sur La Vilaine.<\/p><p>Les eaux estuariennes peuvent \u00eatre claires comme celles de l&rsquo;Adour ce qui bloque la remont\u00e9e de la civelle en surface et diminue sa capturabilit\u00e9 par les engins de p\u00eache. Elles peuvent \u00eatre turbides comme celles de La Loire ou de la Gironde, ce qui permet la remont\u00e9e, m\u00eame de jour, des civelles en surface. Plus en amont, les civelles se r\u00e9partissent pr\u00e8s des berges et se concentrent parfois, suivant les conditions hydrologiques, dans des endroits de calme o\u00f9 elles peuvent \u00eatre captur\u00e9es par des tamis \u00e0 main.<\/p><p>Les civelles peuvent \u00e9galement \u00eatre captur\u00e9es sur le littoral. C&rsquo;est le cas sur la c\u00f4te des Landes o\u00f9 certains p\u00eacheurs pratiquent la p\u00eache dite \u00ab\u00a0\u00e0 la vague\u00a0\u00bb et capturent avec un tamis \u00e0 main les civelles qui sont prises dans les rouleaux en bord de mer. La p\u00eache de la civelle se pratique \u00e9galement en pleine mer dans la zone des pertuis charentais. La p\u00eache ne se pratique plus avec un tamis \u00e0 main, mais par des navires arm\u00e9s par deux pibalours qui filtrent les eaux c\u00f4ti\u00e8res. <\/p>\t\t\t\t\t\t\t\t<\/div>\n\t\t\t\t<\/div>\n\t\t\t\t<div class=\"elementor-element elementor-element-9748f25 elementor-widget elementor-widget-image\" data-id=\"9748f25\" data-element_type=\"widget\" data-e-type=\"widget\" data-widget_type=\"image.default\">\n\t\t\t\t<div class=\"elementor-widget-container\">\n\t\t\t\t\t\t\t\t\t\t\t\t<figure class=\"wp-caption\">\n\t\t\t\t\t\t\t\t\t\t<img fetchpriority=\"high\" decoding=\"async\" width=\"1024\" height=\"686\" src=\"https:\/\/anguilleresponsable.com\/wp-content\/uploads\/2022\/10\/PDG-DCOM-ph326-3382-1024x686.jpg\" class=\"attachment-large size-large wp-image-1776\" alt=\"\" srcset=\"https:\/\/anguilleresponsable.com\/wp-content\/uploads\/2022\/10\/PDG-DCOM-ph326-3382-1024x686.jpg 1024w, https:\/\/anguilleresponsable.com\/wp-content\/uploads\/2022\/10\/PDG-DCOM-ph326-3382-300x201.jpg 300w, https:\/\/anguilleresponsable.com\/wp-content\/uploads\/2022\/10\/PDG-DCOM-ph326-3382-768x515.jpg 768w, https:\/\/anguilleresponsable.com\/wp-content\/uploads\/2022\/10\/PDG-DCOM-ph326-3382-1536x1029.jpg 1536w, https:\/\/anguilleresponsable.com\/wp-content\/uploads\/2022\/10\/PDG-DCOM-ph326-3382-2048x1373.jpg 2048w, https:\/\/anguilleresponsable.com\/wp-content\/uploads\/2022\/10\/PDG-DCOM-ph326-3382-378x253.jpg 378w\" sizes=\"(max-width: 1024px) 100vw, 1024px\" \/>\t\t\t\t\t\t\t\t\t\t\t<figcaption class=\"widget-image-caption wp-caption-text\">Navire c\u00f4tier arm\u00e9 avec deux pibalours pour capturer la civelle dans les pertuis charentais <\/figcaption>\n\t\t\t\t\t\t\t\t\t\t<\/figure>\n\t\t\t\t\t\t\t\t\t<\/div>\n\t\t\t\t<\/div>\n\t\t\t\t\t<\/div>\n\t\t<\/div>\n\t\t\t\t\t<\/div>\n\t\t<\/section>\n\t\t\t\t<\/div>\n\t\t","protected":false},"excerpt":{"rendered":"Les p\u00eacheries de civelles se sont d\u00e9velopp\u00e9es dans les parties estuariennes et soumises \u00e0 l&rsquo;avanc\u00e9e de la mar\u00e9e. La migration se fait dans des estuaires ouverts comme sur La Loire, sur la Gironde ou sur l&rsquo;Adour, mais aussi se trouve bloqu\u00e9e par des barrages comme celui d&rsquo;Arzal sur La Vilaine. Les eaux estuariennes peuvent \u00eatre ","protected":false},"author":2,"featured_media":0,"parent":0,"menu_order":0,"comment_status":"closed","ping_status":"closed","template":"","meta":{"footnotes":""},"class_list":["post-1998","page","type-page","status-publish","hentry"],"yoast_head":"<!-- This site is optimized with the Yoast SEO plugin v27.2 - https:\/\/yoast.com\/product\/yoast-seo-wordpress\/ -->\n<title>Estuaires et littoraux - Anguille Responsable<\/title>\n<meta name=\"robots\" content=\"index, follow, max-snippet:-1, max-image-preview:large, max-video-preview:-1\" \/>\n<link rel=\"canonical\" href=\"https:\/\/anguilleresponsable.com\/index.php\/estuaires-et-littoraux\/\" \/>\n<meta property=\"og:locale\" content=\"fr_FR\" \/>\n<meta property=\"og:type\" content=\"article\" \/>\n<meta property=\"og:title\" content=\"Estuaires et littoraux - Anguille Responsable\" \/>\n<meta property=\"og:description\" content=\"Les p\u00eacheries de civelles se sont d\u00e9velopp\u00e9es dans les parties estuariennes et soumises \u00e0 l&rsquo;avanc\u00e9e de la mar\u00e9e. La migration se fait dans des estuaires ouverts comme sur La Loire, sur la Gironde ou sur l&rsquo;Adour, mais aussi se trouve bloqu\u00e9e par des barrages comme celui d&rsquo;Arzal sur La Vilaine. Les eaux estuariennes peuvent \u00eatre\" \/>\n<meta property=\"og:url\" content=\"https:\/\/anguilleresponsable.com\/index.php\/estuaires-et-littoraux\/\" \/>\n<meta property=\"og:site_name\" content=\"Anguille Responsable\" \/>\n<meta property=\"article:modified_time\" content=\"2022-11-08T17:19:11+00:00\" \/>\n<meta property=\"og:image\" content=\"https:\/\/anguilleresponsable.com\/wp-content\/uploads\/2022\/10\/PDG-DCOM-ph326-3382-1024x686.jpg\" \/>\n<meta name=\"twitter:card\" content=\"summary_large_image\" \/>\n<meta name=\"twitter:label1\" content=\"Dur\u00e9e de lecture estim\u00e9e\" \/>\n\t<meta name=\"twitter:data1\" content=\"1 minute\" \/>\n<script type=\"application\/ld+json\" class=\"yoast-schema-graph\">{\"@context\":\"https:\/\/schema.org\",\"@graph\":[{\"@type\":\"WebPage\",\"@id\":\"https:\/\/anguilleresponsable.com\/index.php\/estuaires-et-littoraux\/\",\"url\":\"https:\/\/anguilleresponsable.com\/index.php\/estuaires-et-littoraux\/\",\"name\":\"Estuaires et littoraux - Anguille Responsable\",\"isPartOf\":{\"@id\":\"https:\/\/anguilleresponsable.com\/#website\"},\"primaryImageOfPage\":{\"@id\":\"https:\/\/anguilleresponsable.com\/index.php\/estuaires-et-littoraux\/#primaryimage\"},\"image\":{\"@id\":\"https:\/\/anguilleresponsable.com\/index.php\/estuaires-et-littoraux\/#primaryimage\"},\"thumbnailUrl\":\"https:\/\/anguilleresponsable.com\/wp-content\/uploads\/2022\/10\/PDG-DCOM-ph326-3382-1024x686.jpg\",\"datePublished\":\"2022-10-17T13:25:35+00:00\",\"dateModified\":\"2022-11-08T17:19:11+00:00\",\"breadcrumb\":{\"@id\":\"https:\/\/anguilleresponsable.com\/index.php\/estuaires-et-littoraux\/#breadcrumb\"},\"inLanguage\":\"fr-FR\",\"potentialAction\":[{\"@type\":\"ReadAction\",\"target\":[\"https:\/\/anguilleresponsable.com\/index.php\/estuaires-et-littoraux\/\"]}]},{\"@type\":\"ImageObject\",\"inLanguage\":\"fr-FR\",\"@id\":\"https:\/\/anguilleresponsable.com\/index.php\/estuaires-et-littoraux\/#primaryimage\",\"url\":\"https:\/\/anguilleresponsable.com\/wp-content\/uploads\/2022\/10\/PDG-DCOM-ph326-3382-1024x686.jpg\",\"contentUrl\":\"https:\/\/anguilleresponsable.com\/wp-content\/uploads\/2022\/10\/PDG-DCOM-ph326-3382-1024x686.jpg\"},{\"@type\":\"BreadcrumbList\",\"@id\":\"https:\/\/anguilleresponsable.com\/index.php\/estuaires-et-littoraux\/#breadcrumb\",\"itemListElement\":[{\"@type\":\"ListItem\",\"position\":1,\"name\":\"Accueil\",\"item\":\"https:\/\/anguilleresponsable.com\/\"},{\"@type\":\"ListItem\",\"position\":2,\"name\":\"Estuaires et littoraux\"}]},{\"@type\":\"WebSite\",\"@id\":\"https:\/\/anguilleresponsable.com\/#website\",\"url\":\"https:\/\/anguilleresponsable.com\/\",\"name\":\"Anguille Responsable\",\"description\":\"Association Fran\u00e7aise pour la Promotion de la Marque Anguille Responsable\",\"publisher\":{\"@id\":\"https:\/\/anguilleresponsable.com\/#organization\"},\"alternateName\":\"AFPMAR\",\"potentialAction\":[{\"@type\":\"SearchAction\",\"target\":{\"@type\":\"EntryPoint\",\"urlTemplate\":\"https:\/\/anguilleresponsable.com\/?s={search_term_string}\"},\"query-input\":{\"@type\":\"PropertyValueSpecification\",\"valueRequired\":true,\"valueName\":\"search_term_string\"}}],\"inLanguage\":\"fr-FR\"},{\"@type\":\"Organization\",\"@id\":\"https:\/\/anguilleresponsable.com\/#organization\",\"name\":\"Anguille responsable\",\"alternateName\":\"AFPMAR\",\"url\":\"https:\/\/anguilleresponsable.com\/\",\"logo\":{\"@type\":\"ImageObject\",\"inLanguage\":\"fr-FR\",\"@id\":\"https:\/\/anguilleresponsable.com\/#\/schema\/logo\/image\/\",\"url\":\"https:\/\/anguilleresponsable.com\/wp-content\/uploads\/2024\/06\/marqueAFPMAR.jpg\",\"contentUrl\":\"https:\/\/anguilleresponsable.com\/wp-content\/uploads\/2024\/06\/marqueAFPMAR.jpg\",\"width\":1563,\"height\":1563,\"caption\":\"Anguille responsable\"},\"image\":{\"@id\":\"https:\/\/anguilleresponsable.com\/#\/schema\/logo\/image\/\"}}]}<\/script>\n<!-- \/ Yoast SEO plugin. -->","yoast_head_json":{"title":"Estuaires et littoraux - Anguille Responsable","robots":{"index":"index","follow":"follow","max-snippet":"max-snippet:-1","max-image-preview":"max-image-preview:large","max-video-preview":"max-video-preview:-1"},"canonical":"https:\/\/anguilleresponsable.com\/index.php\/estuaires-et-littoraux\/","og_locale":"fr_FR","og_type":"article","og_title":"Estuaires et littoraux - Anguille Responsable","og_description":"Les p\u00eacheries de civelles se sont d\u00e9velopp\u00e9es dans les parties estuariennes et soumises \u00e0 l&rsquo;avanc\u00e9e de la mar\u00e9e. La migration se fait dans des estuaires ouverts comme sur La Loire, sur la Gironde ou sur l&rsquo;Adour, mais aussi se trouve bloqu\u00e9e par des barrages comme celui d&rsquo;Arzal sur La Vilaine. Les eaux estuariennes peuvent \u00eatre","og_url":"https:\/\/anguilleresponsable.com\/index.php\/estuaires-et-littoraux\/","og_site_name":"Anguille Responsable","article_modified_time":"2022-11-08T17:19:11+00:00","og_image":[{"url":"https:\/\/anguilleresponsable.com\/wp-content\/uploads\/2022\/10\/PDG-DCOM-ph326-3382-1024x686.jpg","type":"","width":"","height":""}],"twitter_card":"summary_large_image","twitter_misc":{"Dur\u00e9e de lecture estim\u00e9e":"1 minute"},"schema":{"@context":"https:\/\/schema.org","@graph":[{"@type":"WebPage","@id":"https:\/\/anguilleresponsable.com\/index.php\/estuaires-et-littoraux\/","url":"https:\/\/anguilleresponsable.com\/index.php\/estuaires-et-littoraux\/","name":"Estuaires et littoraux - Anguille Responsable","isPartOf":{"@id":"https:\/\/anguilleresponsable.com\/#website"},"primaryImageOfPage":{"@id":"https:\/\/anguilleresponsable.com\/index.php\/estuaires-et-littoraux\/#primaryimage"},"image":{"@id":"https:\/\/anguilleresponsable.com\/index.php\/estuaires-et-littoraux\/#primaryimage"},"thumbnailUrl":"https:\/\/anguilleresponsable.com\/wp-content\/uploads\/2022\/10\/PDG-DCOM-ph326-3382-1024x686.jpg","datePublished":"2022-10-17T13:25:35+00:00","dateModified":"2022-11-08T17:19:11+00:00","breadcrumb":{"@id":"https:\/\/anguilleresponsable.com\/index.php\/estuaires-et-littoraux\/#breadcrumb"},"inLanguage":"fr-FR","potentialAction":[{"@type":"ReadAction","target":["https:\/\/anguilleresponsable.com\/index.php\/estuaires-et-littoraux\/"]}]},{"@type":"ImageObject","inLanguage":"fr-FR","@id":"https:\/\/anguilleresponsable.com\/index.php\/estuaires-et-littoraux\/#primaryimage","url":"https:\/\/anguilleresponsable.com\/wp-content\/uploads\/2022\/10\/PDG-DCOM-ph326-3382-1024x686.jpg","contentUrl":"https:\/\/anguilleresponsable.com\/wp-content\/uploads\/2022\/10\/PDG-DCOM-ph326-3382-1024x686.jpg"},{"@type":"BreadcrumbList","@id":"https:\/\/anguilleresponsable.com\/index.php\/estuaires-et-littoraux\/#breadcrumb","itemListElement":[{"@type":"ListItem","position":1,"name":"Accueil","item":"https:\/\/anguilleresponsable.com\/"},{"@type":"ListItem","position":2,"name":"Estuaires et littoraux"}]},{"@type":"WebSite","@id":"https:\/\/anguilleresponsable.com\/#website","url":"https:\/\/anguilleresponsable.com\/","name":"Anguille Responsable","description":"Association Fran\u00e7aise pour la Promotion de la Marque Anguille Responsable","publisher":{"@id":"https:\/\/anguilleresponsable.com\/#organization"},"alternateName":"AFPMAR","potentialAction":[{"@type":"SearchAction","target":{"@type":"EntryPoint","urlTemplate":"https:\/\/anguilleresponsable.com\/?s={search_term_string}"},"query-input":{"@type":"PropertyValueSpecification","valueRequired":true,"valueName":"search_term_string"}}],"inLanguage":"fr-FR"},{"@type":"Organization","@id":"https:\/\/anguilleresponsable.com\/#organization","name":"Anguille responsable","alternateName":"AFPMAR","url":"https:\/\/anguilleresponsable.com\/","logo":{"@type":"ImageObject","inLanguage":"fr-FR","@id":"https:\/\/anguilleresponsable.com\/#\/schema\/logo\/image\/","url":"https:\/\/anguilleresponsable.com\/wp-content\/uploads\/2024\/06\/marqueAFPMAR.jpg","contentUrl":"https:\/\/anguilleresponsable.com\/wp-content\/uploads\/2024\/06\/marqueAFPMAR.jpg","width":1563,"height":1563,"caption":"Anguille responsable"},"image":{"@id":"https:\/\/anguilleresponsable.com\/#\/schema\/logo\/image\/"}}]}},"_links":{"self":[{"href":"https:\/\/anguilleresponsable.com\/index.php\/wp-json\/wp\/v2\/pages\/1998","targetHints":{"allow":["GET"]}}],"collection":[{"href":"https:\/\/anguilleresponsable.com\/index.php\/wp-json\/wp\/v2\/pages"}],"about":[{"href":"https:\/\/anguilleresponsable.com\/index.php\/wp-json\/wp\/v2\/types\/page"}],"author":[{"embeddable":true,"href":"https:\/\/anguilleresponsable.com\/index.php\/wp-json\/wp\/v2\/users\/2"}],"replies":[{"embeddable":true,"href":"https:\/\/anguilleresponsable.com\/index.php\/wp-json\/wp\/v2\/comments?post=1998"}],"version-history":[{"count":13,"href":"https:\/\/anguilleresponsable.com\/index.php\/wp-json\/wp\/v2\/pages\/1998\/revisions"}],"predecessor-version":[{"id":3704,"href":"https:\/\/anguilleresponsable.com\/index.php\/wp-json\/wp\/v2\/pages\/1998\/revisions\/3704"}],"wp:attachment":[{"href":"https:\/\/anguilleresponsable.com\/index.php\/wp-json\/wp\/v2\/media?parent=1998"}],"curies":[{"name":"wp","href":"https:\/\/api.w.org\/{rel}","templated":true}]}}