{"id":1994,"date":"2022-10-17T15:24:19","date_gmt":"2022-10-17T13:24:19","guid":{"rendered":"https:\/\/anguilleresponsable.com\/?page_id=1994"},"modified":"2022-12-04T09:53:25","modified_gmt":"2022-12-04T08:53:25","slug":"facade-atlantique","status":"publish","type":"page","link":"https:\/\/anguilleresponsable.com\/index.php\/facade-atlantique\/","title":{"rendered":"Fa\u00e7ade Atlantique"},"content":{"rendered":"\t\t<div data-elementor-type=\"wp-page\" data-elementor-id=\"1994\" class=\"elementor elementor-1994\">\n\t\t\t\t\t\t<section class=\"elementor-section elementor-top-section elementor-element elementor-element-f864419 elementor-section-boxed elementor-section-height-default elementor-section-height-default\" data-id=\"f864419\" data-element_type=\"section\" data-e-type=\"section\">\n\t\t\t\t\t\t<div class=\"elementor-container elementor-column-gap-default\">\n\t\t\t\t\t<div class=\"elementor-column elementor-col-50 elementor-top-column elementor-element elementor-element-2065a02\" data-id=\"2065a02\" data-element_type=\"column\" data-e-type=\"column\">\n\t\t\t<div class=\"elementor-widget-wrap elementor-element-populated\">\n\t\t\t\t\t\t<div class=\"elementor-element elementor-element-a2453b6 elementor-widget elementor-widget-text-editor\" data-id=\"a2453b6\" data-element_type=\"widget\" data-e-type=\"widget\" data-widget_type=\"text-editor.default\">\n\t\t\t\t<div class=\"elementor-widget-container\">\n\t\t\t\t\t\t\t\t\t<p>De la Bretagne jusqu&rsquo;au Pays basque, l&rsquo;anguille est exploit\u00e9e dans diff\u00e9rents milieux : estuaires, baies littorales, bassins c\u00f4tiers, lacs, fleuves et rivi\u00e8res.\u00a0<\/p><p>C&rsquo;est une activit\u00e9 encore tr\u00e8s importante pour l&rsquo;\u00e9conomie des petites p\u00eaches maritimes et continentales. En 2000, le programme PECOSUDE coordonn\u00e9 par IFREMER montrait que l&rsquo;activit\u00e9 de p\u00eache \u00e0 l&rsquo;anguille constituait une des toutes premi\u00e8res ressources halieutiques du golfe de Gascogne. Depuis, la r\u00e9glementation anguille 1100\/2007 et l&rsquo;interdiction d&rsquo;exporter l&rsquo;anguille en-dehors des fronti\u00e8res de l&rsquo;Union Europ\u00e9enne ont fortement affect\u00e9 l&rsquo;\u00e9conomie de cette activit\u00e9, mais qui reste encore une activit\u00e9 majeure pour de nombreuses petites flottilles de la fa\u00e7ade atlantique.\u00a0\u00a0<\/p><p><strong>En Bretagne<\/strong>, <strong>74 marins-p\u00eacheurs<\/strong> capturent la civelle et <strong>73<\/strong> l&rsquo;anguille jaune. Leurs embarcations sont immatricul\u00e9es dans diff\u00e9rents quartiers : Saint-Malo, Saint-Brieuc, Brest, Camaret, Douarnenez, Le Guilvinec, Lorient, Auray, Vannes et Saint-Nazaire.\u00a0<\/p><p><strong>Dans les Pays de Loire<\/strong>, en plus des marins-p\u00eacheurs, les p\u00eacheurs professionnels en eau douce exploitent \u00e9galement cette esp\u00e8ce.<\/p>\t\t\t\t\t\t\t\t<\/div>\n\t\t\t\t<\/div>\n\t\t\t\t\t<\/div>\n\t\t<\/div>\n\t\t\t\t<div class=\"elementor-column elementor-col-50 elementor-top-column elementor-element elementor-element-5285c3d\" data-id=\"5285c3d\" data-element_type=\"column\" data-e-type=\"column\">\n\t\t\t<div class=\"elementor-widget-wrap elementor-element-populated\">\n\t\t\t\t\t\t<div class=\"elementor-element elementor-element-cea1858 elementor-widget elementor-widget-text-editor\" data-id=\"cea1858\" data-element_type=\"widget\" data-e-type=\"widget\" data-widget_type=\"text-editor.default\">\n\t\t\t\t<div class=\"elementor-widget-container\">\n\t\t\t\t\t\t\t\t\t<p><strong>148 marins-p\u00eacheurs<\/strong> dont les embarcations sont immatricul\u00e9s dans les ports de Noirmoutier, Les Sables d&rsquo;Olonne, Saint-Nazaire et Nantes recherchent la civelle et l&rsquo;anguille jaune.\u00a0<\/p><p>Les p\u00eacheurs fluviaux sont moins nombreux \u00e0 exploiter la civelle: <strong>20 entreprises de p\u00eache<\/strong> sont d\u00e9nombr\u00e9es sur les lots de la partie fluviale de La Loire. Ils p\u00eachent \u00e9galement l&rsquo;anguille jaune (52 entreprises) et l&rsquo;anguille argent\u00e9e (22 entreprises) notamment sur le lac de Grand-Lieu et la plaine de Mazerolles, mais aussi sur La Loire et ses affluents.\u00a0<\/p><p><strong>En Nouvelle-Aquitaine<\/strong>, les p\u00eacheurs vont exploiter de nombreux \u00e9cosyst\u00e8mes de la Charente \u00e0 la fronti\u00e8re espagnole. On d\u00e9nombre <strong>185 marins-p\u00eacheurs civeliers<\/strong> et <strong>184 marins<\/strong> exploitant l&rsquo;anguille jaune et <strong>10 p\u00eacheurs<\/strong> sans embarcation qui pratiquent une p\u00eache particuli\u00e8re\u00a0 dite \u00ab\u00a0\u00e0 la vague\u00a0\u00bb pour capturer les civelles qui sont projet\u00e9es par les vagues d\u00e9ferlant sur la c\u00f4te landaise.\u00a0<\/p><p>Les p\u00eacheurs professionnels fluviaux se r\u00e9partissent sur diff\u00e9rents fleuves pour p\u00eacher la civelle: Charente, Garonne, Dordogne, Adour, Gaves R\u00e9unis et courants c\u00f4tiers de Mimizan et du Contis. <strong>On en d\u00e9nombre 80<\/strong>. <strong>66 p\u00eacheurs professionnels fluviaux<\/strong> d\u00e9clarent p\u00eacher l&rsquo;anguille jaune sur ces cours d&rsquo;eau.\u00a0<\/p>\t\t\t\t\t\t\t\t<\/div>\n\t\t\t\t<\/div>\n\t\t\t\t\t<\/div>\n\t\t<\/div>\n\t\t\t\t\t<\/div>\n\t\t<\/section>\n\t\t\t\t<\/div>\n\t\t","protected":false},"excerpt":{"rendered":"De la Bretagne jusqu&rsquo;au Pays basque, l&rsquo;anguille est exploit\u00e9e dans diff\u00e9rents milieux : estuaires, baies littorales, bassins c\u00f4tiers, lacs, fleuves et rivi\u00e8res.\u00a0 C&rsquo;est une activit\u00e9 encore tr\u00e8s importante pour l&rsquo;\u00e9conomie des petites p\u00eaches maritimes et continentales. En 2000, le programme PECOSUDE coordonn\u00e9 par IFREMER montrait que l&rsquo;activit\u00e9 de p\u00eache \u00e0 l&rsquo;anguille constituait une des toutes ","protected":false},"author":2,"featured_media":0,"parent":0,"menu_order":0,"comment_status":"closed","ping_status":"closed","template":"","meta":{"footnotes":""},"class_list":["post-1994","page","type-page","status-publish","hentry"],"yoast_head":"<!-- This site is optimized with the Yoast SEO plugin v27.2 - https:\/\/yoast.com\/product\/yoast-seo-wordpress\/ -->\n<title>Fa\u00e7ade Atlantique - Anguille Responsable<\/title>\n<meta name=\"robots\" content=\"index, follow, max-snippet:-1, max-image-preview:large, max-video-preview:-1\" \/>\n<link rel=\"canonical\" href=\"https:\/\/anguilleresponsable.com\/index.php\/facade-atlantique\/\" \/>\n<meta property=\"og:locale\" content=\"fr_FR\" \/>\n<meta property=\"og:type\" content=\"article\" \/>\n<meta property=\"og:title\" content=\"Fa\u00e7ade Atlantique - Anguille Responsable\" \/>\n<meta property=\"og:description\" content=\"De la Bretagne jusqu&rsquo;au Pays basque, l&rsquo;anguille est exploit\u00e9e dans diff\u00e9rents milieux : estuaires, baies littorales, bassins c\u00f4tiers, lacs, fleuves et rivi\u00e8res.\u00a0 C&rsquo;est une activit\u00e9 encore tr\u00e8s importante pour l&rsquo;\u00e9conomie des petites p\u00eaches maritimes et continentales. En 2000, le programme PECOSUDE coordonn\u00e9 par IFREMER montrait que l&rsquo;activit\u00e9 de p\u00eache \u00e0 l&rsquo;anguille constituait une des toutes\" \/>\n<meta property=\"og:url\" content=\"https:\/\/anguilleresponsable.com\/index.php\/facade-atlantique\/\" \/>\n<meta property=\"og:site_name\" content=\"Anguille Responsable\" \/>\n<meta property=\"article:modified_time\" content=\"2022-12-04T08:53:25+00:00\" \/>\n<meta property=\"og:image\" content=\"https:\/\/anguilleresponsable.com\/wp-content\/uploads\/2024\/06\/marqueAFPMAR.jpg\" \/>\n\t<meta property=\"og:image:width\" content=\"1563\" \/>\n\t<meta property=\"og:image:height\" content=\"1563\" \/>\n\t<meta property=\"og:image:type\" content=\"image\/jpeg\" \/>\n<meta name=\"twitter:card\" content=\"summary_large_image\" \/>\n<meta name=\"twitter:label1\" content=\"Dur\u00e9e de lecture estim\u00e9e\" \/>\n\t<meta name=\"twitter:data1\" content=\"2 minutes\" \/>\n<script type=\"application\/ld+json\" class=\"yoast-schema-graph\">{\"@context\":\"https:\/\/schema.org\",\"@graph\":[{\"@type\":\"WebPage\",\"@id\":\"https:\/\/anguilleresponsable.com\/index.php\/facade-atlantique\/\",\"url\":\"https:\/\/anguilleresponsable.com\/index.php\/facade-atlantique\/\",\"name\":\"Fa\u00e7ade Atlantique - Anguille Responsable\",\"isPartOf\":{\"@id\":\"https:\/\/anguilleresponsable.com\/#website\"},\"datePublished\":\"2022-10-17T13:24:19+00:00\",\"dateModified\":\"2022-12-04T08:53:25+00:00\",\"breadcrumb\":{\"@id\":\"https:\/\/anguilleresponsable.com\/index.php\/facade-atlantique\/#breadcrumb\"},\"inLanguage\":\"fr-FR\",\"potentialAction\":[{\"@type\":\"ReadAction\",\"target\":[\"https:\/\/anguilleresponsable.com\/index.php\/facade-atlantique\/\"]}]},{\"@type\":\"BreadcrumbList\",\"@id\":\"https:\/\/anguilleresponsable.com\/index.php\/facade-atlantique\/#breadcrumb\",\"itemListElement\":[{\"@type\":\"ListItem\",\"position\":1,\"name\":\"Accueil\",\"item\":\"https:\/\/anguilleresponsable.com\/\"},{\"@type\":\"ListItem\",\"position\":2,\"name\":\"Fa\u00e7ade Atlantique\"}]},{\"@type\":\"WebSite\",\"@id\":\"https:\/\/anguilleresponsable.com\/#website\",\"url\":\"https:\/\/anguilleresponsable.com\/\",\"name\":\"Anguille Responsable\",\"description\":\"Association Fran\u00e7aise pour la Promotion de la Marque Anguille Responsable\",\"publisher\":{\"@id\":\"https:\/\/anguilleresponsable.com\/#organization\"},\"alternateName\":\"AFPMAR\",\"potentialAction\":[{\"@type\":\"SearchAction\",\"target\":{\"@type\":\"EntryPoint\",\"urlTemplate\":\"https:\/\/anguilleresponsable.com\/?s={search_term_string}\"},\"query-input\":{\"@type\":\"PropertyValueSpecification\",\"valueRequired\":true,\"valueName\":\"search_term_string\"}}],\"inLanguage\":\"fr-FR\"},{\"@type\":\"Organization\",\"@id\":\"https:\/\/anguilleresponsable.com\/#organization\",\"name\":\"Anguille responsable\",\"alternateName\":\"AFPMAR\",\"url\":\"https:\/\/anguilleresponsable.com\/\",\"logo\":{\"@type\":\"ImageObject\",\"inLanguage\":\"fr-FR\",\"@id\":\"https:\/\/anguilleresponsable.com\/#\/schema\/logo\/image\/\",\"url\":\"https:\/\/anguilleresponsable.com\/wp-content\/uploads\/2024\/06\/marqueAFPMAR.jpg\",\"contentUrl\":\"https:\/\/anguilleresponsable.com\/wp-content\/uploads\/2024\/06\/marqueAFPMAR.jpg\",\"width\":1563,\"height\":1563,\"caption\":\"Anguille responsable\"},\"image\":{\"@id\":\"https:\/\/anguilleresponsable.com\/#\/schema\/logo\/image\/\"}}]}<\/script>\n<!-- \/ Yoast SEO plugin. -->","yoast_head_json":{"title":"Fa\u00e7ade Atlantique - Anguille Responsable","robots":{"index":"index","follow":"follow","max-snippet":"max-snippet:-1","max-image-preview":"max-image-preview:large","max-video-preview":"max-video-preview:-1"},"canonical":"https:\/\/anguilleresponsable.com\/index.php\/facade-atlantique\/","og_locale":"fr_FR","og_type":"article","og_title":"Fa\u00e7ade Atlantique - Anguille Responsable","og_description":"De la Bretagne jusqu&rsquo;au Pays basque, l&rsquo;anguille est exploit\u00e9e dans diff\u00e9rents milieux : estuaires, baies littorales, bassins c\u00f4tiers, lacs, fleuves et rivi\u00e8res.\u00a0 C&rsquo;est une activit\u00e9 encore tr\u00e8s importante pour l&rsquo;\u00e9conomie des petites p\u00eaches maritimes et continentales. En 2000, le programme PECOSUDE coordonn\u00e9 par IFREMER montrait que l&rsquo;activit\u00e9 de p\u00eache \u00e0 l&rsquo;anguille constituait une des toutes","og_url":"https:\/\/anguilleresponsable.com\/index.php\/facade-atlantique\/","og_site_name":"Anguille Responsable","article_modified_time":"2022-12-04T08:53:25+00:00","og_image":[{"width":1563,"height":1563,"url":"https:\/\/anguilleresponsable.com\/wp-content\/uploads\/2024\/06\/marqueAFPMAR.jpg","type":"image\/jpeg"}],"twitter_card":"summary_large_image","twitter_misc":{"Dur\u00e9e de lecture estim\u00e9e":"2 minutes"},"schema":{"@context":"https:\/\/schema.org","@graph":[{"@type":"WebPage","@id":"https:\/\/anguilleresponsable.com\/index.php\/facade-atlantique\/","url":"https:\/\/anguilleresponsable.com\/index.php\/facade-atlantique\/","name":"Fa\u00e7ade Atlantique - Anguille Responsable","isPartOf":{"@id":"https:\/\/anguilleresponsable.com\/#website"},"datePublished":"2022-10-17T13:24:19+00:00","dateModified":"2022-12-04T08:53:25+00:00","breadcrumb":{"@id":"https:\/\/anguilleresponsable.com\/index.php\/facade-atlantique\/#breadcrumb"},"inLanguage":"fr-FR","potentialAction":[{"@type":"ReadAction","target":["https:\/\/anguilleresponsable.com\/index.php\/facade-atlantique\/"]}]},{"@type":"BreadcrumbList","@id":"https:\/\/anguilleresponsable.com\/index.php\/facade-atlantique\/#breadcrumb","itemListElement":[{"@type":"ListItem","position":1,"name":"Accueil","item":"https:\/\/anguilleresponsable.com\/"},{"@type":"ListItem","position":2,"name":"Fa\u00e7ade Atlantique"}]},{"@type":"WebSite","@id":"https:\/\/anguilleresponsable.com\/#website","url":"https:\/\/anguilleresponsable.com\/","name":"Anguille Responsable","description":"Association Fran\u00e7aise pour la Promotion de la Marque Anguille Responsable","publisher":{"@id":"https:\/\/anguilleresponsable.com\/#organization"},"alternateName":"AFPMAR","potentialAction":[{"@type":"SearchAction","target":{"@type":"EntryPoint","urlTemplate":"https:\/\/anguilleresponsable.com\/?s={search_term_string}"},"query-input":{"@type":"PropertyValueSpecification","valueRequired":true,"valueName":"search_term_string"}}],"inLanguage":"fr-FR"},{"@type":"Organization","@id":"https:\/\/anguilleresponsable.com\/#organization","name":"Anguille responsable","alternateName":"AFPMAR","url":"https:\/\/anguilleresponsable.com\/","logo":{"@type":"ImageObject","inLanguage":"fr-FR","@id":"https:\/\/anguilleresponsable.com\/#\/schema\/logo\/image\/","url":"https:\/\/anguilleresponsable.com\/wp-content\/uploads\/2024\/06\/marqueAFPMAR.jpg","contentUrl":"https:\/\/anguilleresponsable.com\/wp-content\/uploads\/2024\/06\/marqueAFPMAR.jpg","width":1563,"height":1563,"caption":"Anguille responsable"},"image":{"@id":"https:\/\/anguilleresponsable.com\/#\/schema\/logo\/image\/"}}]}},"_links":{"self":[{"href":"https:\/\/anguilleresponsable.com\/index.php\/wp-json\/wp\/v2\/pages\/1994","targetHints":{"allow":["GET"]}}],"collection":[{"href":"https:\/\/anguilleresponsable.com\/index.php\/wp-json\/wp\/v2\/pages"}],"about":[{"href":"https:\/\/anguilleresponsable.com\/index.php\/wp-json\/wp\/v2\/types\/page"}],"author":[{"embeddable":true,"href":"https:\/\/anguilleresponsable.com\/index.php\/wp-json\/wp\/v2\/users\/2"}],"replies":[{"embeddable":true,"href":"https:\/\/anguilleresponsable.com\/index.php\/wp-json\/wp\/v2\/comments?post=1994"}],"version-history":[{"count":64,"href":"https:\/\/anguilleresponsable.com\/index.php\/wp-json\/wp\/v2\/pages\/1994\/revisions"}],"predecessor-version":[{"id":4895,"href":"https:\/\/anguilleresponsable.com\/index.php\/wp-json\/wp\/v2\/pages\/1994\/revisions\/4895"}],"wp:attachment":[{"href":"https:\/\/anguilleresponsable.com\/index.php\/wp-json\/wp\/v2\/media?parent=1994"}],"curies":[{"name":"wp","href":"https:\/\/api.w.org\/{rel}","templated":true}]}}