{"id":1567,"date":"2022-10-02T15:35:05","date_gmt":"2022-10-02T13:35:05","guid":{"rendered":"https:\/\/anguilleresponsable.com\/?page_id=1567"},"modified":"2022-12-09T07:53:12","modified_gmt":"2022-12-09T06:53:12","slug":"fichier-traces","status":"publish","type":"page","link":"https:\/\/anguilleresponsable.com\/index.php\/criteres-de-tracabilite\/fichier-traces\/","title":{"rendered":"Fichier TRACES"},"content":{"rendered":"\t\t<div data-elementor-type=\"wp-page\" data-elementor-id=\"1567\" class=\"elementor elementor-1567\">\n\t\t\t\t\t\t<section class=\"elementor-section elementor-top-section elementor-element elementor-element-5ac17fb elementor-section-boxed elementor-section-height-default elementor-section-height-default\" data-id=\"5ac17fb\" data-element_type=\"section\" data-e-type=\"section\">\n\t\t\t\t\t\t<div class=\"elementor-container elementor-column-gap-default\">\n\t\t\t\t\t<div class=\"elementor-column elementor-col-50 elementor-top-column elementor-element elementor-element-c35f2da\" data-id=\"c35f2da\" data-element_type=\"column\" data-e-type=\"column\">\n\t\t\t<div class=\"elementor-widget-wrap elementor-element-populated\">\n\t\t\t\t\t\t<div class=\"elementor-element elementor-element-e94e4b7 elementor-widget elementor-widget-text-editor\" data-id=\"e94e4b7\" data-element_type=\"widget\" data-e-type=\"widget\" data-widget_type=\"text-editor.default\">\n\t\t\t\t<div class=\"elementor-widget-container\">\n\t\t\t\t\t\t\t\t\t<p>TRACES est un acronyme qui signifie \u00ab\u00a0TRAde Control and Expert System\u00a0\u00bb.<\/p><p>Il existe diff\u00e9rents types de certificats dont certains sp\u00e9cifiques aux produits de la p\u00eache : morts, vivants ou transform\u00e9s.<\/p><p>Le certificat utilis\u00e9 pour le transport de la civelle vivante\u00a0 doit indiquer la nature du transport et l&rsquo;esp\u00e8ce transport\u00e9e; le lieu de chargement et le lieu de d\u00e9chargement avec le moyen de transport et son identification.\u00a0Le mode de conditionnement : par exemple caisses de polystyr\u00e8ne et leur nombre ainsi que le poids net et le poids brut. Ce certificat doit \u00eatre sign\u00e9 par un v\u00e9t\u00e9rinaire agr\u00e9\u00e9.\u00a0<\/p><p>L&rsquo;image ci-contre donne une id\u00e9e pr\u00e9cise des renseignements demand\u00e9s. Les noms des structures et des personnes impliqu\u00e9es sont masqu\u00e9es pour des raisons de confidentialit\u00e9.\u00a0<\/p><p>Ce type de certificat est accompagn\u00e9 des copies des justificatifs concernant: les fiches de p\u00eaches, les bons de livraison et le d\u00e9tail des lots de civelles qui constituent la commande. Aucun m\u00e9lange ne peut \u00eatre fait: si la commande est de la civelle de consommation, l&rsquo;ensemble des civelles transport\u00e9es doit venir des achats identifi\u00e9s comme consommation et de m\u00eame pour une commande concernant de la civelle de repeuplement. Le mareyeur doit apr\u00e8s chaque op\u00e9ration d&rsquo;achat ou bien de vente ajuster le poids du stock restant dans ses viviers.\u00a0\u00a0<\/p>\t\t\t\t\t\t\t\t<\/div>\n\t\t\t\t<\/div>\n\t\t\t\t\t<\/div>\n\t\t<\/div>\n\t\t\t\t<div class=\"elementor-column elementor-col-50 elementor-top-column elementor-element elementor-element-8db79cb\" data-id=\"8db79cb\" data-element_type=\"column\" data-e-type=\"column\">\n\t\t\t<div class=\"elementor-widget-wrap elementor-element-populated\">\n\t\t\t\t\t\t<div class=\"elementor-element elementor-element-d03de25 elementor-widget elementor-widget-image\" data-id=\"d03de25\" data-element_type=\"widget\" data-e-type=\"widget\" data-widget_type=\"image.default\">\n\t\t\t\t<div class=\"elementor-widget-container\">\n\t\t\t\t\t\t\t\t\t\t\t\t<figure class=\"wp-caption\">\n\t\t\t\t\t\t\t\t\t\t<img fetchpriority=\"high\" decoding=\"async\" width=\"355\" height=\"678\" src=\"https:\/\/anguilleresponsable.com\/wp-content\/uploads\/2022\/11\/TRACES-e1667399113136.jpg\" class=\"attachment-full size-full wp-image-3194\" alt=\"\" srcset=\"https:\/\/anguilleresponsable.com\/wp-content\/uploads\/2022\/11\/TRACES-e1667399113136.jpg 355w, https:\/\/anguilleresponsable.com\/wp-content\/uploads\/2022\/11\/TRACES-e1667399113136-157x300.jpg 157w, https:\/\/anguilleresponsable.com\/wp-content\/uploads\/2022\/11\/TRACES-e1667399113136-141x270.jpg 141w\" sizes=\"(max-width: 355px) 100vw, 355px\" \/>\t\t\t\t\t\t\t\t\t\t\t<figcaption class=\"widget-image-caption wp-caption-text\">Certificat TRADES  de transport intra communautaire. <\/figcaption>\n\t\t\t\t\t\t\t\t\t\t<\/figure>\n\t\t\t\t\t\t\t\t\t<\/div>\n\t\t\t\t<\/div>\n\t\t\t\t\t<\/div>\n\t\t<\/div>\n\t\t\t\t\t<\/div>\n\t\t<\/section>\n\t\t\t\t<\/div>\n\t\t","protected":false},"excerpt":{"rendered":"TRACES est un acronyme qui signifie \u00ab\u00a0TRAde Control and Expert System\u00a0\u00bb. Il existe diff\u00e9rents types de certificats dont certains sp\u00e9cifiques aux produits de la p\u00eache : morts, vivants ou transform\u00e9s. Le certificat utilis\u00e9 pour le transport de la civelle vivante\u00a0 doit indiquer la nature du transport et l&rsquo;esp\u00e8ce transport\u00e9e; le lieu de chargement et le ","protected":false},"author":2,"featured_media":0,"parent":1537,"menu_order":0,"comment_status":"closed","ping_status":"closed","template":"","meta":{"footnotes":""},"class_list":["post-1567","page","type-page","status-publish","hentry"],"yoast_head":"<!-- This site is optimized with the Yoast SEO plugin v27.2 - https:\/\/yoast.com\/product\/yoast-seo-wordpress\/ -->\n<title>Fichier TRACES - Anguille Responsable<\/title>\n<meta name=\"robots\" content=\"index, follow, max-snippet:-1, max-image-preview:large, max-video-preview:-1\" \/>\n<link rel=\"canonical\" href=\"https:\/\/anguilleresponsable.com\/index.php\/criteres-de-tracabilite\/fichier-traces\/\" \/>\n<meta property=\"og:locale\" content=\"fr_FR\" \/>\n<meta property=\"og:type\" content=\"article\" \/>\n<meta property=\"og:title\" content=\"Fichier TRACES - Anguille Responsable\" \/>\n<meta property=\"og:description\" content=\"TRACES est un acronyme qui signifie \u00ab\u00a0TRAde Control and Expert System\u00a0\u00bb. Il existe diff\u00e9rents types de certificats dont certains sp\u00e9cifiques aux produits de la p\u00eache : morts, vivants ou transform\u00e9s. Le certificat utilis\u00e9 pour le transport de la civelle vivante\u00a0 doit indiquer la nature du transport et l&rsquo;esp\u00e8ce transport\u00e9e; le lieu de chargement et le\" \/>\n<meta property=\"og:url\" content=\"https:\/\/anguilleresponsable.com\/index.php\/criteres-de-tracabilite\/fichier-traces\/\" \/>\n<meta property=\"og:site_name\" content=\"Anguille Responsable\" \/>\n<meta property=\"article:modified_time\" content=\"2022-12-09T06:53:12+00:00\" \/>\n<meta property=\"og:image\" content=\"https:\/\/anguilleresponsable.com\/wp-content\/uploads\/2022\/11\/TRACES-e1667399113136.jpg\" \/>\n<meta name=\"twitter:card\" content=\"summary_large_image\" \/>\n<meta name=\"twitter:label1\" content=\"Dur\u00e9e de lecture estim\u00e9e\" \/>\n\t<meta name=\"twitter:data1\" content=\"1 minute\" \/>\n<script type=\"application\/ld+json\" class=\"yoast-schema-graph\">{\"@context\":\"https:\/\/schema.org\",\"@graph\":[{\"@type\":\"WebPage\",\"@id\":\"https:\/\/anguilleresponsable.com\/index.php\/criteres-de-tracabilite\/fichier-traces\/\",\"url\":\"https:\/\/anguilleresponsable.com\/index.php\/criteres-de-tracabilite\/fichier-traces\/\",\"name\":\"Fichier TRACES - Anguille Responsable\",\"isPartOf\":{\"@id\":\"https:\/\/anguilleresponsable.com\/#website\"},\"primaryImageOfPage\":{\"@id\":\"https:\/\/anguilleresponsable.com\/index.php\/criteres-de-tracabilite\/fichier-traces\/#primaryimage\"},\"image\":{\"@id\":\"https:\/\/anguilleresponsable.com\/index.php\/criteres-de-tracabilite\/fichier-traces\/#primaryimage\"},\"thumbnailUrl\":\"https:\/\/anguilleresponsable.com\/wp-content\/uploads\/2022\/11\/TRACES-e1667399113136.jpg\",\"datePublished\":\"2022-10-02T13:35:05+00:00\",\"dateModified\":\"2022-12-09T06:53:12+00:00\",\"breadcrumb\":{\"@id\":\"https:\/\/anguilleresponsable.com\/index.php\/criteres-de-tracabilite\/fichier-traces\/#breadcrumb\"},\"inLanguage\":\"fr-FR\",\"potentialAction\":[{\"@type\":\"ReadAction\",\"target\":[\"https:\/\/anguilleresponsable.com\/index.php\/criteres-de-tracabilite\/fichier-traces\/\"]}]},{\"@type\":\"ImageObject\",\"inLanguage\":\"fr-FR\",\"@id\":\"https:\/\/anguilleresponsable.com\/index.php\/criteres-de-tracabilite\/fichier-traces\/#primaryimage\",\"url\":\"https:\/\/anguilleresponsable.com\/wp-content\/uploads\/2022\/11\/TRACES-e1667399113136.jpg\",\"contentUrl\":\"https:\/\/anguilleresponsable.com\/wp-content\/uploads\/2022\/11\/TRACES-e1667399113136.jpg\",\"width\":355,\"height\":678},{\"@type\":\"BreadcrumbList\",\"@id\":\"https:\/\/anguilleresponsable.com\/index.php\/criteres-de-tracabilite\/fichier-traces\/#breadcrumb\",\"itemListElement\":[{\"@type\":\"ListItem\",\"position\":1,\"name\":\"Accueil\",\"item\":\"https:\/\/anguilleresponsable.com\/\"},{\"@type\":\"ListItem\",\"position\":2,\"name\":\"Crit\u00e8res de tra\u00e7abilit\u00e9\",\"item\":\"https:\/\/anguilleresponsable.com\/index.php\/criteres-de-tracabilite\/\"},{\"@type\":\"ListItem\",\"position\":3,\"name\":\"Fichier TRACES\"}]},{\"@type\":\"WebSite\",\"@id\":\"https:\/\/anguilleresponsable.com\/#website\",\"url\":\"https:\/\/anguilleresponsable.com\/\",\"name\":\"Anguille Responsable\",\"description\":\"Association Fran\u00e7aise pour la Promotion de la Marque Anguille Responsable\",\"publisher\":{\"@id\":\"https:\/\/anguilleresponsable.com\/#organization\"},\"alternateName\":\"AFPMAR\",\"potentialAction\":[{\"@type\":\"SearchAction\",\"target\":{\"@type\":\"EntryPoint\",\"urlTemplate\":\"https:\/\/anguilleresponsable.com\/?s={search_term_string}\"},\"query-input\":{\"@type\":\"PropertyValueSpecification\",\"valueRequired\":true,\"valueName\":\"search_term_string\"}}],\"inLanguage\":\"fr-FR\"},{\"@type\":\"Organization\",\"@id\":\"https:\/\/anguilleresponsable.com\/#organization\",\"name\":\"Anguille responsable\",\"alternateName\":\"AFPMAR\",\"url\":\"https:\/\/anguilleresponsable.com\/\",\"logo\":{\"@type\":\"ImageObject\",\"inLanguage\":\"fr-FR\",\"@id\":\"https:\/\/anguilleresponsable.com\/#\/schema\/logo\/image\/\",\"url\":\"https:\/\/anguilleresponsable.com\/wp-content\/uploads\/2024\/06\/marqueAFPMAR.jpg\",\"contentUrl\":\"https:\/\/anguilleresponsable.com\/wp-content\/uploads\/2024\/06\/marqueAFPMAR.jpg\",\"width\":1563,\"height\":1563,\"caption\":\"Anguille responsable\"},\"image\":{\"@id\":\"https:\/\/anguilleresponsable.com\/#\/schema\/logo\/image\/\"}}]}<\/script>\n<!-- \/ Yoast SEO plugin. -->","yoast_head_json":{"title":"Fichier TRACES - Anguille Responsable","robots":{"index":"index","follow":"follow","max-snippet":"max-snippet:-1","max-image-preview":"max-image-preview:large","max-video-preview":"max-video-preview:-1"},"canonical":"https:\/\/anguilleresponsable.com\/index.php\/criteres-de-tracabilite\/fichier-traces\/","og_locale":"fr_FR","og_type":"article","og_title":"Fichier TRACES - Anguille Responsable","og_description":"TRACES est un acronyme qui signifie \u00ab\u00a0TRAde Control and Expert System\u00a0\u00bb. Il existe diff\u00e9rents types de certificats dont certains sp\u00e9cifiques aux produits de la p\u00eache : morts, vivants ou transform\u00e9s. Le certificat utilis\u00e9 pour le transport de la civelle vivante\u00a0 doit indiquer la nature du transport et l&rsquo;esp\u00e8ce transport\u00e9e; le lieu de chargement et le","og_url":"https:\/\/anguilleresponsable.com\/index.php\/criteres-de-tracabilite\/fichier-traces\/","og_site_name":"Anguille Responsable","article_modified_time":"2022-12-09T06:53:12+00:00","og_image":[{"url":"https:\/\/anguilleresponsable.com\/wp-content\/uploads\/2022\/11\/TRACES-e1667399113136.jpg","type":"","width":"","height":""}],"twitter_card":"summary_large_image","twitter_misc":{"Dur\u00e9e de lecture estim\u00e9e":"1 minute"},"schema":{"@context":"https:\/\/schema.org","@graph":[{"@type":"WebPage","@id":"https:\/\/anguilleresponsable.com\/index.php\/criteres-de-tracabilite\/fichier-traces\/","url":"https:\/\/anguilleresponsable.com\/index.php\/criteres-de-tracabilite\/fichier-traces\/","name":"Fichier TRACES - Anguille Responsable","isPartOf":{"@id":"https:\/\/anguilleresponsable.com\/#website"},"primaryImageOfPage":{"@id":"https:\/\/anguilleresponsable.com\/index.php\/criteres-de-tracabilite\/fichier-traces\/#primaryimage"},"image":{"@id":"https:\/\/anguilleresponsable.com\/index.php\/criteres-de-tracabilite\/fichier-traces\/#primaryimage"},"thumbnailUrl":"https:\/\/anguilleresponsable.com\/wp-content\/uploads\/2022\/11\/TRACES-e1667399113136.jpg","datePublished":"2022-10-02T13:35:05+00:00","dateModified":"2022-12-09T06:53:12+00:00","breadcrumb":{"@id":"https:\/\/anguilleresponsable.com\/index.php\/criteres-de-tracabilite\/fichier-traces\/#breadcrumb"},"inLanguage":"fr-FR","potentialAction":[{"@type":"ReadAction","target":["https:\/\/anguilleresponsable.com\/index.php\/criteres-de-tracabilite\/fichier-traces\/"]}]},{"@type":"ImageObject","inLanguage":"fr-FR","@id":"https:\/\/anguilleresponsable.com\/index.php\/criteres-de-tracabilite\/fichier-traces\/#primaryimage","url":"https:\/\/anguilleresponsable.com\/wp-content\/uploads\/2022\/11\/TRACES-e1667399113136.jpg","contentUrl":"https:\/\/anguilleresponsable.com\/wp-content\/uploads\/2022\/11\/TRACES-e1667399113136.jpg","width":355,"height":678},{"@type":"BreadcrumbList","@id":"https:\/\/anguilleresponsable.com\/index.php\/criteres-de-tracabilite\/fichier-traces\/#breadcrumb","itemListElement":[{"@type":"ListItem","position":1,"name":"Accueil","item":"https:\/\/anguilleresponsable.com\/"},{"@type":"ListItem","position":2,"name":"Crit\u00e8res de tra\u00e7abilit\u00e9","item":"https:\/\/anguilleresponsable.com\/index.php\/criteres-de-tracabilite\/"},{"@type":"ListItem","position":3,"name":"Fichier TRACES"}]},{"@type":"WebSite","@id":"https:\/\/anguilleresponsable.com\/#website","url":"https:\/\/anguilleresponsable.com\/","name":"Anguille Responsable","description":"Association Fran\u00e7aise pour la Promotion de la Marque Anguille Responsable","publisher":{"@id":"https:\/\/anguilleresponsable.com\/#organization"},"alternateName":"AFPMAR","potentialAction":[{"@type":"SearchAction","target":{"@type":"EntryPoint","urlTemplate":"https:\/\/anguilleresponsable.com\/?s={search_term_string}"},"query-input":{"@type":"PropertyValueSpecification","valueRequired":true,"valueName":"search_term_string"}}],"inLanguage":"fr-FR"},{"@type":"Organization","@id":"https:\/\/anguilleresponsable.com\/#organization","name":"Anguille responsable","alternateName":"AFPMAR","url":"https:\/\/anguilleresponsable.com\/","logo":{"@type":"ImageObject","inLanguage":"fr-FR","@id":"https:\/\/anguilleresponsable.com\/#\/schema\/logo\/image\/","url":"https:\/\/anguilleresponsable.com\/wp-content\/uploads\/2024\/06\/marqueAFPMAR.jpg","contentUrl":"https:\/\/anguilleresponsable.com\/wp-content\/uploads\/2024\/06\/marqueAFPMAR.jpg","width":1563,"height":1563,"caption":"Anguille responsable"},"image":{"@id":"https:\/\/anguilleresponsable.com\/#\/schema\/logo\/image\/"}}]}},"_links":{"self":[{"href":"https:\/\/anguilleresponsable.com\/index.php\/wp-json\/wp\/v2\/pages\/1567","targetHints":{"allow":["GET"]}}],"collection":[{"href":"https:\/\/anguilleresponsable.com\/index.php\/wp-json\/wp\/v2\/pages"}],"about":[{"href":"https:\/\/anguilleresponsable.com\/index.php\/wp-json\/wp\/v2\/types\/page"}],"author":[{"embeddable":true,"href":"https:\/\/anguilleresponsable.com\/index.php\/wp-json\/wp\/v2\/users\/2"}],"replies":[{"embeddable":true,"href":"https:\/\/anguilleresponsable.com\/index.php\/wp-json\/wp\/v2\/comments?post=1567"}],"version-history":[{"count":34,"href":"https:\/\/anguilleresponsable.com\/index.php\/wp-json\/wp\/v2\/pages\/1567\/revisions"}],"predecessor-version":[{"id":4984,"href":"https:\/\/anguilleresponsable.com\/index.php\/wp-json\/wp\/v2\/pages\/1567\/revisions\/4984"}],"up":[{"embeddable":true,"href":"https:\/\/anguilleresponsable.com\/index.php\/wp-json\/wp\/v2\/pages\/1537"}],"wp:attachment":[{"href":"https:\/\/anguilleresponsable.com\/index.php\/wp-json\/wp\/v2\/media?parent=1567"}],"curies":[{"name":"wp","href":"https:\/\/api.w.org\/{rel}","templated":true}]}}