{"id":1565,"date":"2022-10-02T15:34:45","date_gmt":"2022-10-02T13:34:45","guid":{"rendered":"https:\/\/anguilleresponsable.com\/?page_id=1565"},"modified":"2022-11-13T12:08:02","modified_gmt":"2022-11-13T11:08:02","slug":"teledeclaration","status":"publish","type":"page","link":"https:\/\/anguilleresponsable.com\/index.php\/criteres-de-tracabilite\/teledeclaration\/","title":{"rendered":"Bordereau de transport et de mareyage"},"content":{"rendered":"\t\t<div data-elementor-type=\"wp-page\" data-elementor-id=\"1565\" class=\"elementor elementor-1565\">\n\t\t\t\t\t\t<section class=\"elementor-section elementor-top-section elementor-element elementor-element-a4c6b0b elementor-section-boxed elementor-section-height-default elementor-section-height-default\" data-id=\"a4c6b0b\" data-element_type=\"section\" data-e-type=\"section\">\n\t\t\t\t\t\t<div class=\"elementor-container elementor-column-gap-default\">\n\t\t\t\t\t<div class=\"elementor-column elementor-col-50 elementor-top-column elementor-element elementor-element-1c5ed63\" data-id=\"1c5ed63\" data-element_type=\"column\" data-e-type=\"column\">\n\t\t\t<div class=\"elementor-widget-wrap elementor-element-populated\">\n\t\t\t\t\t\t<div class=\"elementor-element elementor-element-75325c7 elementor-widget elementor-widget-text-editor\" data-id=\"75325c7\" data-element_type=\"widget\" data-e-type=\"widget\" data-widget_type=\"text-editor.default\">\n\t\t\t\t<div class=\"elementor-widget-container\">\n\t\t\t\t\t\t\t\t\t<p>Une fois arriv\u00e9es chez le mareyeur, les civelles sont \u00e9goutt\u00e9es et pes\u00e9es pr\u00e9cis\u00e9ment. Un bon de livraison est alors effectu\u00e9 par le mareyeur. Ce bon doit indiquer les informations suivantes : num\u00e9ro de la fiche de p\u00eache (ou des fiches de p\u00eache), quantit\u00e9 de civelles vendues et sur quel quota: consommation ou repeuplement et le prix au kg apr\u00e8s accord avec le p\u00eacheur.<\/p>\t\t\t\t\t\t\t\t<\/div>\n\t\t\t\t<\/div>\n\t\t\t\t<div class=\"elementor-element elementor-element-fc382c4 elementor-widget elementor-widget-image\" data-id=\"fc382c4\" data-element_type=\"widget\" data-e-type=\"widget\" data-widget_type=\"image.default\">\n\t\t\t\t<div class=\"elementor-widget-container\">\n\t\t\t\t\t\t\t\t\t\t\t\t<figure class=\"wp-caption\">\n\t\t\t\t\t\t\t\t\t\t<img fetchpriority=\"high\" decoding=\"async\" width=\"720\" height=\"480\" src=\"https:\/\/anguilleresponsable.com\/wp-content\/uploads\/2022\/10\/IMG_4318.jpg\" class=\"attachment-large size-large wp-image-1657\" alt=\"\" srcset=\"https:\/\/anguilleresponsable.com\/wp-content\/uploads\/2022\/10\/IMG_4318.jpg 720w, https:\/\/anguilleresponsable.com\/wp-content\/uploads\/2022\/10\/IMG_4318-300x200.jpg 300w, https:\/\/anguilleresponsable.com\/wp-content\/uploads\/2022\/10\/IMG_4318-378x252.jpg 378w\" sizes=\"(max-width: 720px) 100vw, 720px\" \/>\t\t\t\t\t\t\t\t\t\t\t<figcaption class=\"widget-image-caption wp-caption-text\">c\u00f4nes \u00e0 mailles fines pour \u00e9goutter la civelle avant toute pes\u00e9e chez le mareyeur<\/figcaption>\n\t\t\t\t\t\t\t\t\t\t<\/figure>\n\t\t\t\t\t\t\t\t\t<\/div>\n\t\t\t\t<\/div>\n\t\t\t\t<div class=\"elementor-element elementor-element-29279eb elementor-widget elementor-widget-text-editor\" data-id=\"29279eb\" data-element_type=\"widget\" data-e-type=\"widget\" data-widget_type=\"text-editor.default\">\n\t\t\t\t<div class=\"elementor-widget-container\">\n\t\t\t\t\t\t\t\t\t<p>Le p\u00eacheur \u00e9met ensuite une facture num\u00e9rot\u00e9e qui sera r\u00e9gl\u00e9e \u00e0 la fin de la semaine. Cette facture comporte la quantit\u00e9 de civelles vendues (au gramme pr\u00e8s) et le prix au kg ; les coordonn\u00e9es du p\u00eacheur et du bateau (num\u00e9ro de licence et d&rsquo;immatriculation) ; la zone de p\u00eache : maritime ou fluviale et l&rsquo;Unit\u00e9 de Gestion Anguille exploit\u00e9e ; les num\u00e9ros des fiches de p\u00eache qui correspondent \u00e0 la capture vendue et enfin si la civelle d\u00e9barqu\u00e9e est prise sur le quota de repeuplement ou de consommation.\u00a0\u00a0<\/p><p>Une copie de l&rsquo;ensemble de ces informations et de ces documents doit \u00eatre gard\u00e9e par le mareyeur afin qu&rsquo;il puisse prouver que la civelle stock\u00e9e dans ses viviers provient d&rsquo;une p\u00eache pratiqu\u00e9e par un professionnel licenci\u00e9 et sur un quota de consommation ou de repeuplement non \u00e9puis\u00e9. Le stock ainsi gard\u00e9 en vivier sera ensuite d\u00e9nombr\u00e9 (pes\u00e9) jusqu&rsquo;\u00e0 la vente par le mareyeur avec une perte admise de 10% (perte de poids d\u00fb \u00e0 l&rsquo;amaigrissement de la civelle au cours de sa phase de pigmentation et de non alimentation) et de la mortalit\u00e9 des civelles stock\u00e9es (mortalit\u00e9 qui devra \u00eatre prouv\u00e9e).\u00a0<\/p>\t\t\t\t\t\t\t\t<\/div>\n\t\t\t\t<\/div>\n\t\t\t\t\t<\/div>\n\t\t<\/div>\n\t\t\t\t<div class=\"elementor-column elementor-col-50 elementor-top-column elementor-element elementor-element-0498397\" data-id=\"0498397\" data-element_type=\"column\" data-e-type=\"column\">\n\t\t\t<div class=\"elementor-widget-wrap elementor-element-populated\">\n\t\t\t\t\t\t<div class=\"elementor-element elementor-element-d296d84 elementor-widget elementor-widget-image\" data-id=\"d296d84\" data-element_type=\"widget\" data-e-type=\"widget\" data-widget_type=\"image.default\">\n\t\t\t\t<div class=\"elementor-widget-container\">\n\t\t\t\t\t\t\t\t\t\t\t\t<figure class=\"wp-caption\">\n\t\t\t\t\t\t\t\t\t\t<img decoding=\"async\" width=\"1024\" height=\"683\" src=\"https:\/\/anguilleresponsable.com\/wp-content\/uploads\/2022\/10\/IMG_4108-1-1024x683.jpg\" class=\"attachment-large size-large wp-image-1758\" alt=\"\" srcset=\"https:\/\/anguilleresponsable.com\/wp-content\/uploads\/2022\/10\/IMG_4108-1-1024x683.jpg 1024w, https:\/\/anguilleresponsable.com\/wp-content\/uploads\/2022\/10\/IMG_4108-1-300x200.jpg 300w, https:\/\/anguilleresponsable.com\/wp-content\/uploads\/2022\/10\/IMG_4108-1-768x512.jpg 768w, https:\/\/anguilleresponsable.com\/wp-content\/uploads\/2022\/10\/IMG_4108-1-1536x1024.jpg 1536w, https:\/\/anguilleresponsable.com\/wp-content\/uploads\/2022\/10\/IMG_4108-1-2048x1365.jpg 2048w, https:\/\/anguilleresponsable.com\/wp-content\/uploads\/2022\/10\/IMG_4108-1-378x252.jpg 378w\" sizes=\"(max-width: 1024px) 100vw, 1024px\" \/>\t\t\t\t\t\t\t\t\t\t\t<figcaption class=\"widget-image-caption wp-caption-text\">Civelles pigment\u00e9es en attente de transport et stock\u00e9es dans les viviers de stabulation. <\/figcaption>\n\t\t\t\t\t\t\t\t\t\t<\/figure>\n\t\t\t\t\t\t\t\t\t<\/div>\n\t\t\t\t<\/div>\n\t\t\t\t<div class=\"elementor-element elementor-element-1d11e2e elementor-widget elementor-widget-image\" data-id=\"1d11e2e\" data-element_type=\"widget\" data-e-type=\"widget\" data-widget_type=\"image.default\">\n\t\t\t\t<div class=\"elementor-widget-container\">\n\t\t\t\t\t\t\t\t\t\t\t\t<figure class=\"wp-caption\">\n\t\t\t\t\t\t\t\t\t\t<img decoding=\"async\" width=\"757\" height=\"934\" src=\"https:\/\/anguilleresponsable.com\/wp-content\/uploads\/2022\/10\/BLcoupe.jpg\" class=\"attachment-large size-large wp-image-3110\" alt=\"\" srcset=\"https:\/\/anguilleresponsable.com\/wp-content\/uploads\/2022\/10\/BLcoupe.jpg 757w, https:\/\/anguilleresponsable.com\/wp-content\/uploads\/2022\/10\/BLcoupe-243x300.jpg 243w, https:\/\/anguilleresponsable.com\/wp-content\/uploads\/2022\/10\/BLcoupe-219x270.jpg 219w\" sizes=\"(max-width: 757px) 100vw, 757px\" \/>\t\t\t\t\t\t\t\t\t\t\t<figcaption class=\"widget-image-caption wp-caption-text\">Annexe devant accompagner le bordereau de livraison des civelles chez l'utilisateur final. On notera l'ensemble des informations demand\u00e9es qui permet aux autorit\u00e9s d'avoir une tra\u00e7abilit\u00e9 de la civelle commercialis\u00e9e par le mareyeur. <\/figcaption>\n\t\t\t\t\t\t\t\t\t\t<\/figure>\n\t\t\t\t\t\t\t\t\t<\/div>\n\t\t\t\t<\/div>\n\t\t\t\t\t<\/div>\n\t\t<\/div>\n\t\t\t\t\t<\/div>\n\t\t<\/section>\n\t\t\t\t<\/div>\n\t\t","protected":false},"excerpt":{"rendered":"Une fois arriv\u00e9es chez le mareyeur, les civelles sont \u00e9goutt\u00e9es et pes\u00e9es pr\u00e9cis\u00e9ment. Un bon de livraison est alors effectu\u00e9 par le mareyeur. Ce bon doit indiquer les informations suivantes : num\u00e9ro de la fiche de p\u00eache (ou des fiches de p\u00eache), quantit\u00e9 de civelles vendues et sur quel quota: consommation ou repeuplement et le ","protected":false},"author":2,"featured_media":0,"parent":1537,"menu_order":0,"comment_status":"closed","ping_status":"closed","template":"","meta":{"footnotes":""},"class_list":["post-1565","page","type-page","status-publish","hentry"],"yoast_head":"<!-- This site is optimized with the Yoast SEO plugin v27.2 - https:\/\/yoast.com\/product\/yoast-seo-wordpress\/ -->\n<title>Bordereau de transport et de mareyage - Anguille Responsable<\/title>\n<meta name=\"robots\" content=\"index, follow, max-snippet:-1, max-image-preview:large, max-video-preview:-1\" \/>\n<link rel=\"canonical\" href=\"https:\/\/anguilleresponsable.com\/index.php\/criteres-de-tracabilite\/teledeclaration\/\" \/>\n<meta property=\"og:locale\" content=\"fr_FR\" \/>\n<meta property=\"og:type\" content=\"article\" \/>\n<meta property=\"og:title\" content=\"Bordereau de transport et de mareyage - Anguille Responsable\" \/>\n<meta property=\"og:description\" content=\"Une fois arriv\u00e9es chez le mareyeur, les civelles sont \u00e9goutt\u00e9es et pes\u00e9es pr\u00e9cis\u00e9ment. Un bon de livraison est alors effectu\u00e9 par le mareyeur. Ce bon doit indiquer les informations suivantes : num\u00e9ro de la fiche de p\u00eache (ou des fiches de p\u00eache), quantit\u00e9 de civelles vendues et sur quel quota: consommation ou repeuplement et le\" \/>\n<meta property=\"og:url\" content=\"https:\/\/anguilleresponsable.com\/index.php\/criteres-de-tracabilite\/teledeclaration\/\" \/>\n<meta property=\"og:site_name\" content=\"Anguille Responsable\" \/>\n<meta property=\"article:modified_time\" content=\"2022-11-13T11:08:02+00:00\" \/>\n<meta property=\"og:image\" content=\"https:\/\/anguilleresponsable.com\/wp-content\/uploads\/2022\/10\/IMG_4318.jpg\" \/>\n<meta name=\"twitter:card\" content=\"summary_large_image\" \/>\n<meta name=\"twitter:label1\" content=\"Dur\u00e9e de lecture estim\u00e9e\" \/>\n\t<meta name=\"twitter:data1\" content=\"2 minutes\" \/>\n<script type=\"application\/ld+json\" class=\"yoast-schema-graph\">{\"@context\":\"https:\/\/schema.org\",\"@graph\":[{\"@type\":\"WebPage\",\"@id\":\"https:\/\/anguilleresponsable.com\/index.php\/criteres-de-tracabilite\/teledeclaration\/\",\"url\":\"https:\/\/anguilleresponsable.com\/index.php\/criteres-de-tracabilite\/teledeclaration\/\",\"name\":\"Bordereau de transport et de mareyage - Anguille Responsable\",\"isPartOf\":{\"@id\":\"https:\/\/anguilleresponsable.com\/#website\"},\"primaryImageOfPage\":{\"@id\":\"https:\/\/anguilleresponsable.com\/index.php\/criteres-de-tracabilite\/teledeclaration\/#primaryimage\"},\"image\":{\"@id\":\"https:\/\/anguilleresponsable.com\/index.php\/criteres-de-tracabilite\/teledeclaration\/#primaryimage\"},\"thumbnailUrl\":\"https:\/\/anguilleresponsable.com\/wp-content\/uploads\/2022\/10\/IMG_4318.jpg\",\"datePublished\":\"2022-10-02T13:34:45+00:00\",\"dateModified\":\"2022-11-13T11:08:02+00:00\",\"breadcrumb\":{\"@id\":\"https:\/\/anguilleresponsable.com\/index.php\/criteres-de-tracabilite\/teledeclaration\/#breadcrumb\"},\"inLanguage\":\"fr-FR\",\"potentialAction\":[{\"@type\":\"ReadAction\",\"target\":[\"https:\/\/anguilleresponsable.com\/index.php\/criteres-de-tracabilite\/teledeclaration\/\"]}]},{\"@type\":\"ImageObject\",\"inLanguage\":\"fr-FR\",\"@id\":\"https:\/\/anguilleresponsable.com\/index.php\/criteres-de-tracabilite\/teledeclaration\/#primaryimage\",\"url\":\"https:\/\/anguilleresponsable.com\/wp-content\/uploads\/2022\/10\/IMG_4318.jpg\",\"contentUrl\":\"https:\/\/anguilleresponsable.com\/wp-content\/uploads\/2022\/10\/IMG_4318.jpg\",\"width\":720,\"height\":480},{\"@type\":\"BreadcrumbList\",\"@id\":\"https:\/\/anguilleresponsable.com\/index.php\/criteres-de-tracabilite\/teledeclaration\/#breadcrumb\",\"itemListElement\":[{\"@type\":\"ListItem\",\"position\":1,\"name\":\"Accueil\",\"item\":\"https:\/\/anguilleresponsable.com\/\"},{\"@type\":\"ListItem\",\"position\":2,\"name\":\"Crit\u00e8res de tra\u00e7abilit\u00e9\",\"item\":\"https:\/\/anguilleresponsable.com\/index.php\/criteres-de-tracabilite\/\"},{\"@type\":\"ListItem\",\"position\":3,\"name\":\"Bordereau de transport et de mareyage\"}]},{\"@type\":\"WebSite\",\"@id\":\"https:\/\/anguilleresponsable.com\/#website\",\"url\":\"https:\/\/anguilleresponsable.com\/\",\"name\":\"Anguille Responsable\",\"description\":\"Association Fran\u00e7aise pour la Promotion de la Marque Anguille Responsable\",\"publisher\":{\"@id\":\"https:\/\/anguilleresponsable.com\/#organization\"},\"alternateName\":\"AFPMAR\",\"potentialAction\":[{\"@type\":\"SearchAction\",\"target\":{\"@type\":\"EntryPoint\",\"urlTemplate\":\"https:\/\/anguilleresponsable.com\/?s={search_term_string}\"},\"query-input\":{\"@type\":\"PropertyValueSpecification\",\"valueRequired\":true,\"valueName\":\"search_term_string\"}}],\"inLanguage\":\"fr-FR\"},{\"@type\":\"Organization\",\"@id\":\"https:\/\/anguilleresponsable.com\/#organization\",\"name\":\"Anguille responsable\",\"alternateName\":\"AFPMAR\",\"url\":\"https:\/\/anguilleresponsable.com\/\",\"logo\":{\"@type\":\"ImageObject\",\"inLanguage\":\"fr-FR\",\"@id\":\"https:\/\/anguilleresponsable.com\/#\/schema\/logo\/image\/\",\"url\":\"https:\/\/anguilleresponsable.com\/wp-content\/uploads\/2024\/06\/marqueAFPMAR.jpg\",\"contentUrl\":\"https:\/\/anguilleresponsable.com\/wp-content\/uploads\/2024\/06\/marqueAFPMAR.jpg\",\"width\":1563,\"height\":1563,\"caption\":\"Anguille responsable\"},\"image\":{\"@id\":\"https:\/\/anguilleresponsable.com\/#\/schema\/logo\/image\/\"}}]}<\/script>\n<!-- \/ Yoast SEO plugin. -->","yoast_head_json":{"title":"Bordereau de transport et de mareyage - Anguille Responsable","robots":{"index":"index","follow":"follow","max-snippet":"max-snippet:-1","max-image-preview":"max-image-preview:large","max-video-preview":"max-video-preview:-1"},"canonical":"https:\/\/anguilleresponsable.com\/index.php\/criteres-de-tracabilite\/teledeclaration\/","og_locale":"fr_FR","og_type":"article","og_title":"Bordereau de transport et de mareyage - Anguille Responsable","og_description":"Une fois arriv\u00e9es chez le mareyeur, les civelles sont \u00e9goutt\u00e9es et pes\u00e9es pr\u00e9cis\u00e9ment. Un bon de livraison est alors effectu\u00e9 par le mareyeur. Ce bon doit indiquer les informations suivantes : num\u00e9ro de la fiche de p\u00eache (ou des fiches de p\u00eache), quantit\u00e9 de civelles vendues et sur quel quota: consommation ou repeuplement et le","og_url":"https:\/\/anguilleresponsable.com\/index.php\/criteres-de-tracabilite\/teledeclaration\/","og_site_name":"Anguille Responsable","article_modified_time":"2022-11-13T11:08:02+00:00","og_image":[{"url":"https:\/\/anguilleresponsable.com\/wp-content\/uploads\/2022\/10\/IMG_4318.jpg","type":"","width":"","height":""}],"twitter_card":"summary_large_image","twitter_misc":{"Dur\u00e9e de lecture estim\u00e9e":"2 minutes"},"schema":{"@context":"https:\/\/schema.org","@graph":[{"@type":"WebPage","@id":"https:\/\/anguilleresponsable.com\/index.php\/criteres-de-tracabilite\/teledeclaration\/","url":"https:\/\/anguilleresponsable.com\/index.php\/criteres-de-tracabilite\/teledeclaration\/","name":"Bordereau de transport et de mareyage - Anguille Responsable","isPartOf":{"@id":"https:\/\/anguilleresponsable.com\/#website"},"primaryImageOfPage":{"@id":"https:\/\/anguilleresponsable.com\/index.php\/criteres-de-tracabilite\/teledeclaration\/#primaryimage"},"image":{"@id":"https:\/\/anguilleresponsable.com\/index.php\/criteres-de-tracabilite\/teledeclaration\/#primaryimage"},"thumbnailUrl":"https:\/\/anguilleresponsable.com\/wp-content\/uploads\/2022\/10\/IMG_4318.jpg","datePublished":"2022-10-02T13:34:45+00:00","dateModified":"2022-11-13T11:08:02+00:00","breadcrumb":{"@id":"https:\/\/anguilleresponsable.com\/index.php\/criteres-de-tracabilite\/teledeclaration\/#breadcrumb"},"inLanguage":"fr-FR","potentialAction":[{"@type":"ReadAction","target":["https:\/\/anguilleresponsable.com\/index.php\/criteres-de-tracabilite\/teledeclaration\/"]}]},{"@type":"ImageObject","inLanguage":"fr-FR","@id":"https:\/\/anguilleresponsable.com\/index.php\/criteres-de-tracabilite\/teledeclaration\/#primaryimage","url":"https:\/\/anguilleresponsable.com\/wp-content\/uploads\/2022\/10\/IMG_4318.jpg","contentUrl":"https:\/\/anguilleresponsable.com\/wp-content\/uploads\/2022\/10\/IMG_4318.jpg","width":720,"height":480},{"@type":"BreadcrumbList","@id":"https:\/\/anguilleresponsable.com\/index.php\/criteres-de-tracabilite\/teledeclaration\/#breadcrumb","itemListElement":[{"@type":"ListItem","position":1,"name":"Accueil","item":"https:\/\/anguilleresponsable.com\/"},{"@type":"ListItem","position":2,"name":"Crit\u00e8res de tra\u00e7abilit\u00e9","item":"https:\/\/anguilleresponsable.com\/index.php\/criteres-de-tracabilite\/"},{"@type":"ListItem","position":3,"name":"Bordereau de transport et de mareyage"}]},{"@type":"WebSite","@id":"https:\/\/anguilleresponsable.com\/#website","url":"https:\/\/anguilleresponsable.com\/","name":"Anguille Responsable","description":"Association Fran\u00e7aise pour la Promotion de la Marque Anguille Responsable","publisher":{"@id":"https:\/\/anguilleresponsable.com\/#organization"},"alternateName":"AFPMAR","potentialAction":[{"@type":"SearchAction","target":{"@type":"EntryPoint","urlTemplate":"https:\/\/anguilleresponsable.com\/?s={search_term_string}"},"query-input":{"@type":"PropertyValueSpecification","valueRequired":true,"valueName":"search_term_string"}}],"inLanguage":"fr-FR"},{"@type":"Organization","@id":"https:\/\/anguilleresponsable.com\/#organization","name":"Anguille responsable","alternateName":"AFPMAR","url":"https:\/\/anguilleresponsable.com\/","logo":{"@type":"ImageObject","inLanguage":"fr-FR","@id":"https:\/\/anguilleresponsable.com\/#\/schema\/logo\/image\/","url":"https:\/\/anguilleresponsable.com\/wp-content\/uploads\/2024\/06\/marqueAFPMAR.jpg","contentUrl":"https:\/\/anguilleresponsable.com\/wp-content\/uploads\/2024\/06\/marqueAFPMAR.jpg","width":1563,"height":1563,"caption":"Anguille responsable"},"image":{"@id":"https:\/\/anguilleresponsable.com\/#\/schema\/logo\/image\/"}}]}},"_links":{"self":[{"href":"https:\/\/anguilleresponsable.com\/index.php\/wp-json\/wp\/v2\/pages\/1565","targetHints":{"allow":["GET"]}}],"collection":[{"href":"https:\/\/anguilleresponsable.com\/index.php\/wp-json\/wp\/v2\/pages"}],"about":[{"href":"https:\/\/anguilleresponsable.com\/index.php\/wp-json\/wp\/v2\/types\/page"}],"author":[{"embeddable":true,"href":"https:\/\/anguilleresponsable.com\/index.php\/wp-json\/wp\/v2\/users\/2"}],"replies":[{"embeddable":true,"href":"https:\/\/anguilleresponsable.com\/index.php\/wp-json\/wp\/v2\/comments?post=1565"}],"version-history":[{"count":53,"href":"https:\/\/anguilleresponsable.com\/index.php\/wp-json\/wp\/v2\/pages\/1565\/revisions"}],"predecessor-version":[{"id":4052,"href":"https:\/\/anguilleresponsable.com\/index.php\/wp-json\/wp\/v2\/pages\/1565\/revisions\/4052"}],"up":[{"embeddable":true,"href":"https:\/\/anguilleresponsable.com\/index.php\/wp-json\/wp\/v2\/pages\/1537"}],"wp:attachment":[{"href":"https:\/\/anguilleresponsable.com\/index.php\/wp-json\/wp\/v2\/media?parent=1565"}],"curies":[{"name":"wp","href":"https:\/\/api.w.org\/{rel}","templated":true}]}}