{"id":1563,"date":"2022-10-02T15:34:20","date_gmt":"2022-10-02T13:34:20","guid":{"rendered":"https:\/\/anguilleresponsable.com\/?page_id=1563"},"modified":"2022-11-13T12:02:54","modified_gmt":"2022-11-13T11:02:54","slug":"fiches-de-peche","status":"publish","type":"page","link":"https:\/\/anguilleresponsable.com\/index.php\/criteres-de-tracabilite\/fiches-de-peche\/","title":{"rendered":"Fiches de p\u00eache"},"content":{"rendered":"\t\t<div data-elementor-type=\"wp-page\" data-elementor-id=\"1563\" class=\"elementor elementor-1563\">\n\t\t\t\t\t\t<section class=\"elementor-section elementor-top-section elementor-element elementor-element-cf87b85 elementor-section-boxed elementor-section-height-default elementor-section-height-default\" data-id=\"cf87b85\" data-element_type=\"section\" data-e-type=\"section\">\n\t\t\t\t\t\t<div class=\"elementor-container elementor-column-gap-default\">\n\t\t\t\t\t<div class=\"elementor-column elementor-col-100 elementor-top-column elementor-element elementor-element-46f821c\" data-id=\"46f821c\" data-element_type=\"column\" data-e-type=\"column\">\n\t\t\t<div class=\"elementor-widget-wrap elementor-element-populated\">\n\t\t\t\t\t\t<div class=\"elementor-element elementor-element-0da8b21 elementor-widget elementor-widget-heading\" data-id=\"0da8b21\" data-element_type=\"widget\" data-e-type=\"widget\" data-widget_type=\"heading.default\">\n\t\t\t\t<div class=\"elementor-widget-container\">\n\t\t\t\t\t<h2 class=\"elementor-heading-title elementor-size-default\">Une d\u00e9claration d\u00e8s la fin de la sortie et sur le lieu de p\u00eache<\/h2>\t\t\t\t<\/div>\n\t\t\t\t<\/div>\n\t\t\t\t\t<\/div>\n\t\t<\/div>\n\t\t\t\t\t<\/div>\n\t\t<\/section>\n\t\t\t\t<section class=\"elementor-section elementor-top-section elementor-element elementor-element-38ea31d elementor-section-boxed elementor-section-height-default elementor-section-height-default\" data-id=\"38ea31d\" data-element_type=\"section\" data-e-type=\"section\">\n\t\t\t\t\t\t<div class=\"elementor-container elementor-column-gap-default\">\n\t\t\t\t\t<div class=\"elementor-column elementor-col-50 elementor-top-column elementor-element elementor-element-2050e11\" data-id=\"2050e11\" data-element_type=\"column\" data-e-type=\"column\">\n\t\t\t<div class=\"elementor-widget-wrap elementor-element-populated\">\n\t\t\t\t\t\t<div class=\"elementor-element elementor-element-e7822c6 elementor-widget elementor-widget-text-editor\" data-id=\"e7822c6\" data-element_type=\"widget\" data-e-type=\"widget\" data-widget_type=\"text-editor.default\">\n\t\t\t\t<div class=\"elementor-widget-container\">\n\t\t\t\t\t\t\t\t\t<p>D\u00e8s la fin de la p\u00eache et sur son lieu de p\u00eache, le p\u00eacheur professionnel doit peser la capture le plus pr\u00e9cis\u00e9ment possible (10% d&rsquo;erreur admise). Il remplit alors une fiche de p\u00eache qui va lui permettre de circuler vers son point de vente ou de stockage.\u00a0Un <i>specimen<\/i> de cette fiche utilis\u00e9e en zone maritime est repr\u00e9sent\u00e9 ci-dessous :<\/p>\t\t\t\t\t\t\t\t<\/div>\n\t\t\t\t<\/div>\n\t\t\t\t<div class=\"elementor-element elementor-element-5368658 elementor-widget elementor-widget-image\" data-id=\"5368658\" data-element_type=\"widget\" data-e-type=\"widget\" data-widget_type=\"image.default\">\n\t\t\t\t<div class=\"elementor-widget-container\">\n\t\t\t\t\t\t\t\t\t\t\t\t<figure class=\"wp-caption\">\n\t\t\t\t\t\t\t\t\t\t<img fetchpriority=\"high\" decoding=\"async\" width=\"1024\" height=\"690\" src=\"https:\/\/anguilleresponsable.com\/wp-content\/uploads\/2022\/10\/specimenFP-1024x690.jpg\" class=\"attachment-large size-large wp-image-2403\" alt=\"\" srcset=\"https:\/\/anguilleresponsable.com\/wp-content\/uploads\/2022\/10\/specimenFP-1024x690.jpg 1024w, https:\/\/anguilleresponsable.com\/wp-content\/uploads\/2022\/10\/specimenFP-300x202.jpg 300w, https:\/\/anguilleresponsable.com\/wp-content\/uploads\/2022\/10\/specimenFP-768x517.jpg 768w, https:\/\/anguilleresponsable.com\/wp-content\/uploads\/2022\/10\/specimenFP-378x255.jpg 378w, https:\/\/anguilleresponsable.com\/wp-content\/uploads\/2022\/10\/specimenFP.jpg 1514w\" sizes=\"(max-width: 1024px) 100vw, 1024px\" \/>\t\t\t\t\t\t\t\t\t\t\t<figcaption class=\"widget-image-caption wp-caption-text\">Fiche de p\u00eache utilis\u00e9e pour la capture de la civelle en zone maritime. Il en existe une en zone fluviale de pr\u00e9sentation diff\u00e9rente, mais demandant les m\u00eames informations et devant \u00eatre remplie avec la m\u00eame c\u00e9l\u00e9rit\u00e9 pour \u00eatre pr\u00e9sent\u00e9e d\u00e8s le d\u00e9barquement aux structures de contr\u00f4le. <\/figcaption>\n\t\t\t\t\t\t\t\t\t\t<\/figure>\n\t\t\t\t\t\t\t\t\t<\/div>\n\t\t\t\t<\/div>\n\t\t\t\t\t<\/div>\n\t\t<\/div>\n\t\t\t\t<div class=\"elementor-column elementor-col-50 elementor-top-column elementor-element elementor-element-a62b59b\" data-id=\"a62b59b\" data-element_type=\"column\" data-e-type=\"column\">\n\t\t\t<div class=\"elementor-widget-wrap elementor-element-populated\">\n\t\t\t\t\t\t<div class=\"elementor-element elementor-element-e391991 elementor-widget elementor-widget-text-editor\" data-id=\"e391991\" data-element_type=\"widget\" data-e-type=\"widget\" data-widget_type=\"text-editor.default\">\n\t\t\t\t<div class=\"elementor-widget-container\">\n\t\t\t\t\t\t\t\t\t<p>Cette fiche de p\u00eache donne le nom et l&rsquo;immatriculation du navire, le nom de l&rsquo;armateur et son adresse.\u00a0<\/p><p>Dans le bloc en-dessous, il d\u00e9taille la date et le lieu de capture avec la nomenclature en vigueur, le temps de p\u00eache et les caract\u00e9ristiques de l&rsquo;engin utilis\u00e9 (ici un pibalour).\u00a0<\/p><p>Dans le bloc suivant, il pr\u00e9cise la nature de la prise avec le code FAO et l&rsquo;appellation commune, le poids captur\u00e9 au dixi\u00e8me de kilogramme (ici de la civelle) estim\u00e9 sur le navire et pes\u00e9 sur le lieu de stockage. Le mode de transport est identifi\u00e9 du lieu de p\u00eache au lieu de stockage. Le p\u00eacheur doit \u00e9galement pr\u00e9ciser si cette capture est faite sur le <strong>quota de consommation<\/strong> ou le <strong>quota de repeuplement<\/strong> (ici consommation). Ce poids sera alors d\u00e9falqu\u00e9 soit du quota de consommation total allou\u00e9 \u00e0 l&rsquo;Unit\u00e9 de Gestion Anguille (ici GDC Seudre) ou bien du quota individuel allou\u00e9 au p\u00eacheur.\u00a0<\/p><p>Le dernier bloc est relatif aux esp\u00e8ces rejet\u00e9es (ELE +12 cm : anguille et SOM : silure glane)<\/p><p>Ce document suivra la capture tout au long de la transaction et est r\u00e9f\u00e9renc\u00e9 par un num\u00e9ro (ici FDP 1499351) qui doit \u00eatre mentionn\u00e9 sur toutes les factures et fiches de ventes.\u00a0\u00a0<\/p>\t\t\t\t\t\t\t\t<\/div>\n\t\t\t\t<\/div>\n\t\t\t\t\t<\/div>\n\t\t<\/div>\n\t\t\t\t\t<\/div>\n\t\t<\/section>\n\t\t\t\t<\/div>\n\t\t","protected":false},"excerpt":{"rendered":"Une d\u00e9claration d\u00e8s la fin de la sortie et sur le lieu de p\u00eache D\u00e8s la fin de la p\u00eache et sur son lieu de p\u00eache, le p\u00eacheur professionnel doit peser la capture le plus pr\u00e9cis\u00e9ment possible (10% d&rsquo;erreur admise). Il remplit alors une fiche de p\u00eache qui va lui permettre de circuler vers son ","protected":false},"author":2,"featured_media":0,"parent":1537,"menu_order":0,"comment_status":"closed","ping_status":"closed","template":"","meta":{"footnotes":""},"class_list":["post-1563","page","type-page","status-publish","hentry"],"yoast_head":"<!-- This site is optimized with the Yoast SEO plugin v27.2 - https:\/\/yoast.com\/product\/yoast-seo-wordpress\/ -->\n<title>Fiches de p\u00eache - Anguille Responsable<\/title>\n<meta name=\"robots\" content=\"index, follow, max-snippet:-1, max-image-preview:large, max-video-preview:-1\" \/>\n<link rel=\"canonical\" href=\"https:\/\/anguilleresponsable.com\/index.php\/criteres-de-tracabilite\/fiches-de-peche\/\" \/>\n<meta property=\"og:locale\" content=\"fr_FR\" \/>\n<meta property=\"og:type\" content=\"article\" \/>\n<meta property=\"og:title\" content=\"Fiches de p\u00eache - Anguille Responsable\" \/>\n<meta property=\"og:description\" content=\"Une d\u00e9claration d\u00e8s la fin de la sortie et sur le lieu de p\u00eache D\u00e8s la fin de la p\u00eache et sur son lieu de p\u00eache, le p\u00eacheur professionnel doit peser la capture le plus pr\u00e9cis\u00e9ment possible (10% d&rsquo;erreur admise). Il remplit alors une fiche de p\u00eache qui va lui permettre de circuler vers son\" \/>\n<meta property=\"og:url\" content=\"https:\/\/anguilleresponsable.com\/index.php\/criteres-de-tracabilite\/fiches-de-peche\/\" \/>\n<meta property=\"og:site_name\" content=\"Anguille Responsable\" \/>\n<meta property=\"article:modified_time\" content=\"2022-11-13T11:02:54+00:00\" \/>\n<meta property=\"og:image\" content=\"https:\/\/anguilleresponsable.com\/wp-content\/uploads\/2022\/10\/specimenFP-1024x690.jpg\" \/>\n<meta name=\"twitter:card\" content=\"summary_large_image\" \/>\n<meta name=\"twitter:label1\" content=\"Dur\u00e9e de lecture estim\u00e9e\" \/>\n\t<meta name=\"twitter:data1\" content=\"2 minutes\" \/>\n<script type=\"application\/ld+json\" class=\"yoast-schema-graph\">{\"@context\":\"https:\/\/schema.org\",\"@graph\":[{\"@type\":\"WebPage\",\"@id\":\"https:\/\/anguilleresponsable.com\/index.php\/criteres-de-tracabilite\/fiches-de-peche\/\",\"url\":\"https:\/\/anguilleresponsable.com\/index.php\/criteres-de-tracabilite\/fiches-de-peche\/\",\"name\":\"Fiches de p\u00eache - Anguille Responsable\",\"isPartOf\":{\"@id\":\"https:\/\/anguilleresponsable.com\/#website\"},\"primaryImageOfPage\":{\"@id\":\"https:\/\/anguilleresponsable.com\/index.php\/criteres-de-tracabilite\/fiches-de-peche\/#primaryimage\"},\"image\":{\"@id\":\"https:\/\/anguilleresponsable.com\/index.php\/criteres-de-tracabilite\/fiches-de-peche\/#primaryimage\"},\"thumbnailUrl\":\"https:\/\/anguilleresponsable.com\/wp-content\/uploads\/2022\/10\/specimenFP-1024x690.jpg\",\"datePublished\":\"2022-10-02T13:34:20+00:00\",\"dateModified\":\"2022-11-13T11:02:54+00:00\",\"breadcrumb\":{\"@id\":\"https:\/\/anguilleresponsable.com\/index.php\/criteres-de-tracabilite\/fiches-de-peche\/#breadcrumb\"},\"inLanguage\":\"fr-FR\",\"potentialAction\":[{\"@type\":\"ReadAction\",\"target\":[\"https:\/\/anguilleresponsable.com\/index.php\/criteres-de-tracabilite\/fiches-de-peche\/\"]}]},{\"@type\":\"ImageObject\",\"inLanguage\":\"fr-FR\",\"@id\":\"https:\/\/anguilleresponsable.com\/index.php\/criteres-de-tracabilite\/fiches-de-peche\/#primaryimage\",\"url\":\"https:\/\/anguilleresponsable.com\/wp-content\/uploads\/2022\/10\/specimenFP.jpg\",\"contentUrl\":\"https:\/\/anguilleresponsable.com\/wp-content\/uploads\/2022\/10\/specimenFP.jpg\",\"width\":1514,\"height\":1020},{\"@type\":\"BreadcrumbList\",\"@id\":\"https:\/\/anguilleresponsable.com\/index.php\/criteres-de-tracabilite\/fiches-de-peche\/#breadcrumb\",\"itemListElement\":[{\"@type\":\"ListItem\",\"position\":1,\"name\":\"Accueil\",\"item\":\"https:\/\/anguilleresponsable.com\/\"},{\"@type\":\"ListItem\",\"position\":2,\"name\":\"Crit\u00e8res de tra\u00e7abilit\u00e9\",\"item\":\"https:\/\/anguilleresponsable.com\/index.php\/criteres-de-tracabilite\/\"},{\"@type\":\"ListItem\",\"position\":3,\"name\":\"Fiches de p\u00eache\"}]},{\"@type\":\"WebSite\",\"@id\":\"https:\/\/anguilleresponsable.com\/#website\",\"url\":\"https:\/\/anguilleresponsable.com\/\",\"name\":\"Anguille Responsable\",\"description\":\"Association Fran\u00e7aise pour la Promotion de la Marque Anguille Responsable\",\"publisher\":{\"@id\":\"https:\/\/anguilleresponsable.com\/#organization\"},\"alternateName\":\"AFPMAR\",\"potentialAction\":[{\"@type\":\"SearchAction\",\"target\":{\"@type\":\"EntryPoint\",\"urlTemplate\":\"https:\/\/anguilleresponsable.com\/?s={search_term_string}\"},\"query-input\":{\"@type\":\"PropertyValueSpecification\",\"valueRequired\":true,\"valueName\":\"search_term_string\"}}],\"inLanguage\":\"fr-FR\"},{\"@type\":\"Organization\",\"@id\":\"https:\/\/anguilleresponsable.com\/#organization\",\"name\":\"Anguille responsable\",\"alternateName\":\"AFPMAR\",\"url\":\"https:\/\/anguilleresponsable.com\/\",\"logo\":{\"@type\":\"ImageObject\",\"inLanguage\":\"fr-FR\",\"@id\":\"https:\/\/anguilleresponsable.com\/#\/schema\/logo\/image\/\",\"url\":\"https:\/\/anguilleresponsable.com\/wp-content\/uploads\/2024\/06\/marqueAFPMAR.jpg\",\"contentUrl\":\"https:\/\/anguilleresponsable.com\/wp-content\/uploads\/2024\/06\/marqueAFPMAR.jpg\",\"width\":1563,\"height\":1563,\"caption\":\"Anguille responsable\"},\"image\":{\"@id\":\"https:\/\/anguilleresponsable.com\/#\/schema\/logo\/image\/\"}}]}<\/script>\n<!-- \/ Yoast SEO plugin. -->","yoast_head_json":{"title":"Fiches de p\u00eache - Anguille Responsable","robots":{"index":"index","follow":"follow","max-snippet":"max-snippet:-1","max-image-preview":"max-image-preview:large","max-video-preview":"max-video-preview:-1"},"canonical":"https:\/\/anguilleresponsable.com\/index.php\/criteres-de-tracabilite\/fiches-de-peche\/","og_locale":"fr_FR","og_type":"article","og_title":"Fiches de p\u00eache - Anguille Responsable","og_description":"Une d\u00e9claration d\u00e8s la fin de la sortie et sur le lieu de p\u00eache D\u00e8s la fin de la p\u00eache et sur son lieu de p\u00eache, le p\u00eacheur professionnel doit peser la capture le plus pr\u00e9cis\u00e9ment possible (10% d&rsquo;erreur admise). Il remplit alors une fiche de p\u00eache qui va lui permettre de circuler vers son","og_url":"https:\/\/anguilleresponsable.com\/index.php\/criteres-de-tracabilite\/fiches-de-peche\/","og_site_name":"Anguille Responsable","article_modified_time":"2022-11-13T11:02:54+00:00","og_image":[{"url":"https:\/\/anguilleresponsable.com\/wp-content\/uploads\/2022\/10\/specimenFP-1024x690.jpg","type":"","width":"","height":""}],"twitter_card":"summary_large_image","twitter_misc":{"Dur\u00e9e de lecture estim\u00e9e":"2 minutes"},"schema":{"@context":"https:\/\/schema.org","@graph":[{"@type":"WebPage","@id":"https:\/\/anguilleresponsable.com\/index.php\/criteres-de-tracabilite\/fiches-de-peche\/","url":"https:\/\/anguilleresponsable.com\/index.php\/criteres-de-tracabilite\/fiches-de-peche\/","name":"Fiches de p\u00eache - Anguille Responsable","isPartOf":{"@id":"https:\/\/anguilleresponsable.com\/#website"},"primaryImageOfPage":{"@id":"https:\/\/anguilleresponsable.com\/index.php\/criteres-de-tracabilite\/fiches-de-peche\/#primaryimage"},"image":{"@id":"https:\/\/anguilleresponsable.com\/index.php\/criteres-de-tracabilite\/fiches-de-peche\/#primaryimage"},"thumbnailUrl":"https:\/\/anguilleresponsable.com\/wp-content\/uploads\/2022\/10\/specimenFP-1024x690.jpg","datePublished":"2022-10-02T13:34:20+00:00","dateModified":"2022-11-13T11:02:54+00:00","breadcrumb":{"@id":"https:\/\/anguilleresponsable.com\/index.php\/criteres-de-tracabilite\/fiches-de-peche\/#breadcrumb"},"inLanguage":"fr-FR","potentialAction":[{"@type":"ReadAction","target":["https:\/\/anguilleresponsable.com\/index.php\/criteres-de-tracabilite\/fiches-de-peche\/"]}]},{"@type":"ImageObject","inLanguage":"fr-FR","@id":"https:\/\/anguilleresponsable.com\/index.php\/criteres-de-tracabilite\/fiches-de-peche\/#primaryimage","url":"https:\/\/anguilleresponsable.com\/wp-content\/uploads\/2022\/10\/specimenFP.jpg","contentUrl":"https:\/\/anguilleresponsable.com\/wp-content\/uploads\/2022\/10\/specimenFP.jpg","width":1514,"height":1020},{"@type":"BreadcrumbList","@id":"https:\/\/anguilleresponsable.com\/index.php\/criteres-de-tracabilite\/fiches-de-peche\/#breadcrumb","itemListElement":[{"@type":"ListItem","position":1,"name":"Accueil","item":"https:\/\/anguilleresponsable.com\/"},{"@type":"ListItem","position":2,"name":"Crit\u00e8res de tra\u00e7abilit\u00e9","item":"https:\/\/anguilleresponsable.com\/index.php\/criteres-de-tracabilite\/"},{"@type":"ListItem","position":3,"name":"Fiches de p\u00eache"}]},{"@type":"WebSite","@id":"https:\/\/anguilleresponsable.com\/#website","url":"https:\/\/anguilleresponsable.com\/","name":"Anguille Responsable","description":"Association Fran\u00e7aise pour la Promotion de la Marque Anguille Responsable","publisher":{"@id":"https:\/\/anguilleresponsable.com\/#organization"},"alternateName":"AFPMAR","potentialAction":[{"@type":"SearchAction","target":{"@type":"EntryPoint","urlTemplate":"https:\/\/anguilleresponsable.com\/?s={search_term_string}"},"query-input":{"@type":"PropertyValueSpecification","valueRequired":true,"valueName":"search_term_string"}}],"inLanguage":"fr-FR"},{"@type":"Organization","@id":"https:\/\/anguilleresponsable.com\/#organization","name":"Anguille responsable","alternateName":"AFPMAR","url":"https:\/\/anguilleresponsable.com\/","logo":{"@type":"ImageObject","inLanguage":"fr-FR","@id":"https:\/\/anguilleresponsable.com\/#\/schema\/logo\/image\/","url":"https:\/\/anguilleresponsable.com\/wp-content\/uploads\/2024\/06\/marqueAFPMAR.jpg","contentUrl":"https:\/\/anguilleresponsable.com\/wp-content\/uploads\/2024\/06\/marqueAFPMAR.jpg","width":1563,"height":1563,"caption":"Anguille responsable"},"image":{"@id":"https:\/\/anguilleresponsable.com\/#\/schema\/logo\/image\/"}}]}},"_links":{"self":[{"href":"https:\/\/anguilleresponsable.com\/index.php\/wp-json\/wp\/v2\/pages\/1563","targetHints":{"allow":["GET"]}}],"collection":[{"href":"https:\/\/anguilleresponsable.com\/index.php\/wp-json\/wp\/v2\/pages"}],"about":[{"href":"https:\/\/anguilleresponsable.com\/index.php\/wp-json\/wp\/v2\/types\/page"}],"author":[{"embeddable":true,"href":"https:\/\/anguilleresponsable.com\/index.php\/wp-json\/wp\/v2\/users\/2"}],"replies":[{"embeddable":true,"href":"https:\/\/anguilleresponsable.com\/index.php\/wp-json\/wp\/v2\/comments?post=1563"}],"version-history":[{"count":46,"href":"https:\/\/anguilleresponsable.com\/index.php\/wp-json\/wp\/v2\/pages\/1563\/revisions"}],"predecessor-version":[{"id":4046,"href":"https:\/\/anguilleresponsable.com\/index.php\/wp-json\/wp\/v2\/pages\/1563\/revisions\/4046"}],"up":[{"embeddable":true,"href":"https:\/\/anguilleresponsable.com\/index.php\/wp-json\/wp\/v2\/pages\/1537"}],"wp:attachment":[{"href":"https:\/\/anguilleresponsable.com\/index.php\/wp-json\/wp\/v2\/media?parent=1563"}],"curies":[{"name":"wp","href":"https:\/\/api.w.org\/{rel}","templated":true}]}}