{"id":1559,"date":"2022-10-02T15:29:33","date_gmt":"2022-10-02T13:29:33","guid":{"rendered":"https:\/\/anguilleresponsable.com\/?page_id=1559"},"modified":"2022-11-09T11:13:08","modified_gmt":"2022-11-09T10:13:08","slug":"repeuplement","status":"publish","type":"page","link":"https:\/\/anguilleresponsable.com\/index.php\/nos-engins-et-nos-pratiques\/valorisation-des-produits\/repeuplement\/","title":{"rendered":"Repeuplement"},"content":{"rendered":"\t\t<div data-elementor-type=\"wp-page\" data-elementor-id=\"1559\" class=\"elementor elementor-1559\">\n\t\t\t\t\t\t<section class=\"elementor-section elementor-top-section elementor-element elementor-element-decfcd6 elementor-section-boxed elementor-section-height-default elementor-section-height-default\" data-id=\"decfcd6\" data-element_type=\"section\" data-e-type=\"section\">\n\t\t\t\t\t\t<div class=\"elementor-container elementor-column-gap-default\">\n\t\t\t\t\t<div class=\"elementor-column elementor-col-50 elementor-top-column elementor-element elementor-element-27c898f\" data-id=\"27c898f\" data-element_type=\"column\" data-e-type=\"column\">\n\t\t\t<div class=\"elementor-widget-wrap elementor-element-populated\">\n\t\t\t\t\t\t<div class=\"elementor-element elementor-element-0d08cdc elementor-widget elementor-widget-text-editor\" data-id=\"0d08cdc\" data-element_type=\"widget\" data-e-type=\"widget\" data-widget_type=\"text-editor.default\">\n\t\t\t\t<div class=\"elementor-widget-container\">\n\t\t\t\t\t\t\t\t\t<p>Le r\u00e8glement UE 1100\/2007 instaure l\u2019obligation de r\u00e9server 60% des captures effectu\u00e9es pour alimenter le repeuplement en Europe \u00e0 partir des civelles captur\u00e9es exclusivement en milieu naturel puisque la reproduction artificielle de l\u2019anguille europ\u00e9enne n\u2019a pu \u00eatre encore r\u00e9alis\u00e9e. C\u2019est pour cela que la France a opt\u00e9 pour la d\u00e9finition d\u2019un quota global d\u00e9fini par un comit\u00e9 scientifique ind\u00e9pendant des instances administratives et de la p\u00eache professionnelle et de loisir, quota qui est scind\u00e9 en <strong>sous quota pour la consommation<\/strong> et <strong>sous-quota pour le repeuplement.<\/strong> C\u2019est le seul pays de l\u2019Union qui a opt\u00e9 pour ce mode de gestion.<\/p><p><strong>La p\u00eacherie civeli\u00e8re fran\u00e7aise est la plus importante en Europe\u00a0: 80% des 60 tonnes d\u00e9clar\u00e9es par les pays producteurs en moyenne sur les 5 derni\u00e8res ann\u00e9es<\/strong> (d\u2019apr\u00e8s WGEEL 2022). C\u2019est donc sur elle que repose en grande partie le plan de repeuplement europ\u00e9en et sur la qualit\u00e9 de ses produits.<\/p><p>\u00a0La contribution fran\u00e7aise est loin d\u2019\u00eatre n\u00e9gligeable \u00e0 l\u2019\u00e9chelle de l\u2019Europe puisque\u00a0\u00a0 la part fran\u00e7aise atteint pour le stade civelle presque 60% (dans un contexte de diminution des d\u00e9versements de civelles au niveau europ\u00e9en) et un peu plus de 45% pour le stade anguille argent\u00e9e (individus uniquement issus de la fili\u00e8re p\u00eache) des totaux d\u00e9vers\u00e9s. La France ne rel\u00e2che pas d\u2019individus au stade anguille jaune dont la majeure partie est issue en Europe de la fili\u00e8re aquacole (th\u00e9oriquement produite sur le quota repeuplement civelle).<\/p>\t\t\t\t\t\t\t\t<\/div>\n\t\t\t\t<\/div>\n\t\t\t\t\t<\/div>\n\t\t<\/div>\n\t\t\t\t<div class=\"elementor-column elementor-col-50 elementor-top-column elementor-element elementor-element-565424e\" data-id=\"565424e\" data-element_type=\"column\" data-e-type=\"column\">\n\t\t\t<div class=\"elementor-widget-wrap elementor-element-populated\">\n\t\t\t\t\t\t<div class=\"elementor-element elementor-element-0bb9d84 elementor-widget elementor-widget-image\" data-id=\"0bb9d84\" data-element_type=\"widget\" data-e-type=\"widget\" data-widget_type=\"image.default\">\n\t\t\t\t<div class=\"elementor-widget-container\">\n\t\t\t\t\t\t\t\t\t\t\t\t<figure class=\"wp-caption\">\n\t\t\t\t\t\t\t\t\t\t<img fetchpriority=\"high\" decoding=\"async\" width=\"765\" height=\"516\" src=\"https:\/\/anguilleresponsable.com\/wp-content\/uploads\/2022\/11\/partrepeuplement.jpg\" class=\"attachment-large size-large wp-image-3737\" alt=\"\" srcset=\"https:\/\/anguilleresponsable.com\/wp-content\/uploads\/2022\/11\/partrepeuplement.jpg 765w, https:\/\/anguilleresponsable.com\/wp-content\/uploads\/2022\/11\/partrepeuplement-300x202.jpg 300w, https:\/\/anguilleresponsable.com\/wp-content\/uploads\/2022\/11\/partrepeuplement-378x255.jpg 378w\" sizes=\"(max-width: 765px) 100vw, 765px\" \/>\t\t\t\t\t\t\t\t\t\t\t<figcaption class=\"widget-image-caption wp-caption-text\">Evolution du nombre d\u2019anguilles rel\u00e2ch\u00e9es dans le milieu naturel en Europe \u00e0 diff\u00e9rents stades de leur cycle biologique et \u00e9volution de la part fran\u00e7aise dans ces transferts de population (d\u2019apr\u00e8s donn\u00e9es WGEEL 2022).<\/figcaption>\n\t\t\t\t\t\t\t\t\t\t<\/figure>\n\t\t\t\t\t\t\t\t\t<\/div>\n\t\t\t\t<\/div>\n\t\t\t\t<div class=\"elementor-element elementor-element-93e966a elementor-widget elementor-widget-text-editor\" data-id=\"93e966a\" data-element_type=\"widget\" data-e-type=\"widget\" data-widget_type=\"text-editor.default\">\n\t\t\t\t<div class=\"elementor-widget-container\">\n\t\t\t\t\t\t\t\t\t<p>La mise en place de la charte de bonnes pratiques que tout p\u00eacheur fran\u00e7ais doit valider au moment de sa prise de licence et qui est appliqu\u00e9e par l&rsquo;AFPMAR a permis d&rsquo;am\u00e9liorer la survie des alevins apr\u00e8s p\u00eache et de proposer aux acheteurs des lots de grande qualit\u00e9. Cette charte a \u00e9t\u00e9 d\u00e9finie par le CONAPPED, le CNPMEM en collaboration avec le WWF France.\u00a0<\/p><p>La coordination du repeuplement en France et le suivi des r\u00e9sultats obtenus en la mati\u00e8re sont assur\u00e9s par l&rsquo;Association pour le Repeuplement de l&rsquo;Anguille en France ARA France qui est membre partenaire de l&rsquo;AFPMAR.\u00a0<\/p><p><a href=\"https:\/\/repeuplementanguille.fr\/\">https:\/\/repeuplementanguille.fr\/<\/a><\/p><p>\u00a0<\/p>\t\t\t\t\t\t\t\t<\/div>\n\t\t\t\t<\/div>\n\t\t\t\t\t<\/div>\n\t\t<\/div>\n\t\t\t\t\t<\/div>\n\t\t<\/section>\n\t\t\t\t<\/div>\n\t\t","protected":false},"excerpt":{"rendered":"Le r\u00e8glement UE 1100\/2007 instaure l\u2019obligation de r\u00e9server 60% des captures effectu\u00e9es pour alimenter le repeuplement en Europe \u00e0 partir des civelles captur\u00e9es exclusivement en milieu naturel puisque la reproduction artificielle de l\u2019anguille europ\u00e9enne n\u2019a pu \u00eatre encore r\u00e9alis\u00e9e. C\u2019est pour cela que la France a opt\u00e9 pour la d\u00e9finition d\u2019un quota global d\u00e9fini par ","protected":false},"author":2,"featured_media":0,"parent":1555,"menu_order":0,"comment_status":"closed","ping_status":"closed","template":"","meta":{"footnotes":""},"class_list":["post-1559","page","type-page","status-publish","hentry"],"yoast_head":"<!-- This site is optimized with the Yoast SEO plugin v27.2 - https:\/\/yoast.com\/product\/yoast-seo-wordpress\/ -->\n<title>Repeuplement - Anguille Responsable<\/title>\n<meta name=\"robots\" content=\"index, follow, max-snippet:-1, max-image-preview:large, max-video-preview:-1\" \/>\n<link rel=\"canonical\" href=\"https:\/\/anguilleresponsable.com\/index.php\/nos-engins-et-nos-pratiques\/valorisation-des-produits\/repeuplement\/\" \/>\n<meta property=\"og:locale\" content=\"fr_FR\" \/>\n<meta property=\"og:type\" content=\"article\" \/>\n<meta property=\"og:title\" content=\"Repeuplement - Anguille Responsable\" \/>\n<meta property=\"og:description\" content=\"Le r\u00e8glement UE 1100\/2007 instaure l\u2019obligation de r\u00e9server 60% des captures effectu\u00e9es pour alimenter le repeuplement en Europe \u00e0 partir des civelles captur\u00e9es exclusivement en milieu naturel puisque la reproduction artificielle de l\u2019anguille europ\u00e9enne n\u2019a pu \u00eatre encore r\u00e9alis\u00e9e. C\u2019est pour cela que la France a opt\u00e9 pour la d\u00e9finition d\u2019un quota global d\u00e9fini par\" \/>\n<meta property=\"og:url\" content=\"https:\/\/anguilleresponsable.com\/index.php\/nos-engins-et-nos-pratiques\/valorisation-des-produits\/repeuplement\/\" \/>\n<meta property=\"og:site_name\" content=\"Anguille Responsable\" \/>\n<meta property=\"article:modified_time\" content=\"2022-11-09T10:13:08+00:00\" \/>\n<meta property=\"og:image\" content=\"https:\/\/anguilleresponsable.com\/wp-content\/uploads\/2022\/11\/partrepeuplement.jpg\" \/>\n<meta name=\"twitter:card\" content=\"summary_large_image\" \/>\n<meta name=\"twitter:label1\" content=\"Dur\u00e9e de lecture estim\u00e9e\" \/>\n\t<meta name=\"twitter:data1\" content=\"2 minutes\" \/>\n<script type=\"application\/ld+json\" class=\"yoast-schema-graph\">{\"@context\":\"https:\/\/schema.org\",\"@graph\":[{\"@type\":\"WebPage\",\"@id\":\"https:\/\/anguilleresponsable.com\/index.php\/nos-engins-et-nos-pratiques\/valorisation-des-produits\/repeuplement\/\",\"url\":\"https:\/\/anguilleresponsable.com\/index.php\/nos-engins-et-nos-pratiques\/valorisation-des-produits\/repeuplement\/\",\"name\":\"Repeuplement - Anguille Responsable\",\"isPartOf\":{\"@id\":\"https:\/\/anguilleresponsable.com\/#website\"},\"primaryImageOfPage\":{\"@id\":\"https:\/\/anguilleresponsable.com\/index.php\/nos-engins-et-nos-pratiques\/valorisation-des-produits\/repeuplement\/#primaryimage\"},\"image\":{\"@id\":\"https:\/\/anguilleresponsable.com\/index.php\/nos-engins-et-nos-pratiques\/valorisation-des-produits\/repeuplement\/#primaryimage\"},\"thumbnailUrl\":\"https:\/\/anguilleresponsable.com\/wp-content\/uploads\/2022\/11\/partrepeuplement.jpg\",\"datePublished\":\"2022-10-02T13:29:33+00:00\",\"dateModified\":\"2022-11-09T10:13:08+00:00\",\"breadcrumb\":{\"@id\":\"https:\/\/anguilleresponsable.com\/index.php\/nos-engins-et-nos-pratiques\/valorisation-des-produits\/repeuplement\/#breadcrumb\"},\"inLanguage\":\"fr-FR\",\"potentialAction\":[{\"@type\":\"ReadAction\",\"target\":[\"https:\/\/anguilleresponsable.com\/index.php\/nos-engins-et-nos-pratiques\/valorisation-des-produits\/repeuplement\/\"]}]},{\"@type\":\"ImageObject\",\"inLanguage\":\"fr-FR\",\"@id\":\"https:\/\/anguilleresponsable.com\/index.php\/nos-engins-et-nos-pratiques\/valorisation-des-produits\/repeuplement\/#primaryimage\",\"url\":\"https:\/\/anguilleresponsable.com\/wp-content\/uploads\/2022\/11\/partrepeuplement.jpg\",\"contentUrl\":\"https:\/\/anguilleresponsable.com\/wp-content\/uploads\/2022\/11\/partrepeuplement.jpg\",\"width\":765,\"height\":516},{\"@type\":\"BreadcrumbList\",\"@id\":\"https:\/\/anguilleresponsable.com\/index.php\/nos-engins-et-nos-pratiques\/valorisation-des-produits\/repeuplement\/#breadcrumb\",\"itemListElement\":[{\"@type\":\"ListItem\",\"position\":1,\"name\":\"Accueil\",\"item\":\"https:\/\/anguilleresponsable.com\/\"},{\"@type\":\"ListItem\",\"position\":2,\"name\":\"Nos engins et nos pratiques\",\"item\":\"https:\/\/anguilleresponsable.com\/index.php\/nos-engins-et-nos-pratiques\/\"},{\"@type\":\"ListItem\",\"position\":3,\"name\":\"Valorisation des produits\",\"item\":\"https:\/\/anguilleresponsable.com\/index.php\/nos-engins-et-nos-pratiques\/valorisation-des-produits\/\"},{\"@type\":\"ListItem\",\"position\":4,\"name\":\"Repeuplement\"}]},{\"@type\":\"WebSite\",\"@id\":\"https:\/\/anguilleresponsable.com\/#website\",\"url\":\"https:\/\/anguilleresponsable.com\/\",\"name\":\"Anguille Responsable\",\"description\":\"Association Fran\u00e7aise pour la Promotion de la Marque Anguille Responsable\",\"publisher\":{\"@id\":\"https:\/\/anguilleresponsable.com\/#organization\"},\"alternateName\":\"AFPMAR\",\"potentialAction\":[{\"@type\":\"SearchAction\",\"target\":{\"@type\":\"EntryPoint\",\"urlTemplate\":\"https:\/\/anguilleresponsable.com\/?s={search_term_string}\"},\"query-input\":{\"@type\":\"PropertyValueSpecification\",\"valueRequired\":true,\"valueName\":\"search_term_string\"}}],\"inLanguage\":\"fr-FR\"},{\"@type\":\"Organization\",\"@id\":\"https:\/\/anguilleresponsable.com\/#organization\",\"name\":\"Anguille responsable\",\"alternateName\":\"AFPMAR\",\"url\":\"https:\/\/anguilleresponsable.com\/\",\"logo\":{\"@type\":\"ImageObject\",\"inLanguage\":\"fr-FR\",\"@id\":\"https:\/\/anguilleresponsable.com\/#\/schema\/logo\/image\/\",\"url\":\"https:\/\/anguilleresponsable.com\/wp-content\/uploads\/2024\/06\/marqueAFPMAR.jpg\",\"contentUrl\":\"https:\/\/anguilleresponsable.com\/wp-content\/uploads\/2024\/06\/marqueAFPMAR.jpg\",\"width\":1563,\"height\":1563,\"caption\":\"Anguille responsable\"},\"image\":{\"@id\":\"https:\/\/anguilleresponsable.com\/#\/schema\/logo\/image\/\"}}]}<\/script>\n<!-- \/ Yoast SEO plugin. -->","yoast_head_json":{"title":"Repeuplement - Anguille Responsable","robots":{"index":"index","follow":"follow","max-snippet":"max-snippet:-1","max-image-preview":"max-image-preview:large","max-video-preview":"max-video-preview:-1"},"canonical":"https:\/\/anguilleresponsable.com\/index.php\/nos-engins-et-nos-pratiques\/valorisation-des-produits\/repeuplement\/","og_locale":"fr_FR","og_type":"article","og_title":"Repeuplement - Anguille Responsable","og_description":"Le r\u00e8glement UE 1100\/2007 instaure l\u2019obligation de r\u00e9server 60% des captures effectu\u00e9es pour alimenter le repeuplement en Europe \u00e0 partir des civelles captur\u00e9es exclusivement en milieu naturel puisque la reproduction artificielle de l\u2019anguille europ\u00e9enne n\u2019a pu \u00eatre encore r\u00e9alis\u00e9e. C\u2019est pour cela que la France a opt\u00e9 pour la d\u00e9finition d\u2019un quota global d\u00e9fini par","og_url":"https:\/\/anguilleresponsable.com\/index.php\/nos-engins-et-nos-pratiques\/valorisation-des-produits\/repeuplement\/","og_site_name":"Anguille Responsable","article_modified_time":"2022-11-09T10:13:08+00:00","og_image":[{"url":"https:\/\/anguilleresponsable.com\/wp-content\/uploads\/2022\/11\/partrepeuplement.jpg","type":"","width":"","height":""}],"twitter_card":"summary_large_image","twitter_misc":{"Dur\u00e9e de lecture estim\u00e9e":"2 minutes"},"schema":{"@context":"https:\/\/schema.org","@graph":[{"@type":"WebPage","@id":"https:\/\/anguilleresponsable.com\/index.php\/nos-engins-et-nos-pratiques\/valorisation-des-produits\/repeuplement\/","url":"https:\/\/anguilleresponsable.com\/index.php\/nos-engins-et-nos-pratiques\/valorisation-des-produits\/repeuplement\/","name":"Repeuplement - Anguille Responsable","isPartOf":{"@id":"https:\/\/anguilleresponsable.com\/#website"},"primaryImageOfPage":{"@id":"https:\/\/anguilleresponsable.com\/index.php\/nos-engins-et-nos-pratiques\/valorisation-des-produits\/repeuplement\/#primaryimage"},"image":{"@id":"https:\/\/anguilleresponsable.com\/index.php\/nos-engins-et-nos-pratiques\/valorisation-des-produits\/repeuplement\/#primaryimage"},"thumbnailUrl":"https:\/\/anguilleresponsable.com\/wp-content\/uploads\/2022\/11\/partrepeuplement.jpg","datePublished":"2022-10-02T13:29:33+00:00","dateModified":"2022-11-09T10:13:08+00:00","breadcrumb":{"@id":"https:\/\/anguilleresponsable.com\/index.php\/nos-engins-et-nos-pratiques\/valorisation-des-produits\/repeuplement\/#breadcrumb"},"inLanguage":"fr-FR","potentialAction":[{"@type":"ReadAction","target":["https:\/\/anguilleresponsable.com\/index.php\/nos-engins-et-nos-pratiques\/valorisation-des-produits\/repeuplement\/"]}]},{"@type":"ImageObject","inLanguage":"fr-FR","@id":"https:\/\/anguilleresponsable.com\/index.php\/nos-engins-et-nos-pratiques\/valorisation-des-produits\/repeuplement\/#primaryimage","url":"https:\/\/anguilleresponsable.com\/wp-content\/uploads\/2022\/11\/partrepeuplement.jpg","contentUrl":"https:\/\/anguilleresponsable.com\/wp-content\/uploads\/2022\/11\/partrepeuplement.jpg","width":765,"height":516},{"@type":"BreadcrumbList","@id":"https:\/\/anguilleresponsable.com\/index.php\/nos-engins-et-nos-pratiques\/valorisation-des-produits\/repeuplement\/#breadcrumb","itemListElement":[{"@type":"ListItem","position":1,"name":"Accueil","item":"https:\/\/anguilleresponsable.com\/"},{"@type":"ListItem","position":2,"name":"Nos engins et nos pratiques","item":"https:\/\/anguilleresponsable.com\/index.php\/nos-engins-et-nos-pratiques\/"},{"@type":"ListItem","position":3,"name":"Valorisation des produits","item":"https:\/\/anguilleresponsable.com\/index.php\/nos-engins-et-nos-pratiques\/valorisation-des-produits\/"},{"@type":"ListItem","position":4,"name":"Repeuplement"}]},{"@type":"WebSite","@id":"https:\/\/anguilleresponsable.com\/#website","url":"https:\/\/anguilleresponsable.com\/","name":"Anguille Responsable","description":"Association Fran\u00e7aise pour la Promotion de la Marque Anguille Responsable","publisher":{"@id":"https:\/\/anguilleresponsable.com\/#organization"},"alternateName":"AFPMAR","potentialAction":[{"@type":"SearchAction","target":{"@type":"EntryPoint","urlTemplate":"https:\/\/anguilleresponsable.com\/?s={search_term_string}"},"query-input":{"@type":"PropertyValueSpecification","valueRequired":true,"valueName":"search_term_string"}}],"inLanguage":"fr-FR"},{"@type":"Organization","@id":"https:\/\/anguilleresponsable.com\/#organization","name":"Anguille responsable","alternateName":"AFPMAR","url":"https:\/\/anguilleresponsable.com\/","logo":{"@type":"ImageObject","inLanguage":"fr-FR","@id":"https:\/\/anguilleresponsable.com\/#\/schema\/logo\/image\/","url":"https:\/\/anguilleresponsable.com\/wp-content\/uploads\/2024\/06\/marqueAFPMAR.jpg","contentUrl":"https:\/\/anguilleresponsable.com\/wp-content\/uploads\/2024\/06\/marqueAFPMAR.jpg","width":1563,"height":1563,"caption":"Anguille responsable"},"image":{"@id":"https:\/\/anguilleresponsable.com\/#\/schema\/logo\/image\/"}}]}},"_links":{"self":[{"href":"https:\/\/anguilleresponsable.com\/index.php\/wp-json\/wp\/v2\/pages\/1559","targetHints":{"allow":["GET"]}}],"collection":[{"href":"https:\/\/anguilleresponsable.com\/index.php\/wp-json\/wp\/v2\/pages"}],"about":[{"href":"https:\/\/anguilleresponsable.com\/index.php\/wp-json\/wp\/v2\/types\/page"}],"author":[{"embeddable":true,"href":"https:\/\/anguilleresponsable.com\/index.php\/wp-json\/wp\/v2\/users\/2"}],"replies":[{"embeddable":true,"href":"https:\/\/anguilleresponsable.com\/index.php\/wp-json\/wp\/v2\/comments?post=1559"}],"version-history":[{"count":22,"href":"https:\/\/anguilleresponsable.com\/index.php\/wp-json\/wp\/v2\/pages\/1559\/revisions"}],"predecessor-version":[{"id":3754,"href":"https:\/\/anguilleresponsable.com\/index.php\/wp-json\/wp\/v2\/pages\/1559\/revisions\/3754"}],"up":[{"embeddable":true,"href":"https:\/\/anguilleresponsable.com\/index.php\/wp-json\/wp\/v2\/pages\/1555"}],"wp:attachment":[{"href":"https:\/\/anguilleresponsable.com\/index.php\/wp-json\/wp\/v2\/media?parent=1559"}],"curies":[{"name":"wp","href":"https:\/\/api.w.org\/{rel}","templated":true}]}}