{"id":1553,"date":"2022-10-02T15:27:58","date_gmt":"2022-10-02T13:27:58","guid":{"rendered":"https:\/\/anguilleresponsable.com\/?page_id=1553"},"modified":"2022-12-04T09:30:43","modified_gmt":"2022-12-04T08:30:43","slug":"anguille-argentee","status":"publish","type":"page","link":"https:\/\/anguilleresponsable.com\/index.php\/nos-engins-et-nos-pratiques\/anguille-argentee\/","title":{"rendered":"Anguille argent\u00e9e"},"content":{"rendered":"\t\t<div data-elementor-type=\"wp-page\" data-elementor-id=\"1553\" class=\"elementor elementor-1553\">\n\t\t\t\t\t\t<section class=\"elementor-section elementor-top-section elementor-element elementor-element-872e629 elementor-section-boxed elementor-section-height-default elementor-section-height-default\" data-id=\"872e629\" data-element_type=\"section\" data-e-type=\"section\">\n\t\t\t\t\t\t<div class=\"elementor-container elementor-column-gap-default\">\n\t\t\t\t\t<div class=\"elementor-column elementor-col-100 elementor-top-column elementor-element elementor-element-15a2fba\" data-id=\"15a2fba\" data-element_type=\"column\" data-e-type=\"column\">\n\t\t\t<div class=\"elementor-widget-wrap elementor-element-populated\">\n\t\t\t\t\t\t<div class=\"elementor-element elementor-element-8d785c6 elementor-widget elementor-widget-text-editor\" data-id=\"8d785c6\" data-element_type=\"widget\" data-e-type=\"widget\" data-widget_type=\"text-editor.default\">\n\t\t\t\t<div class=\"elementor-widget-container\">\n\t\t\t\t\t\t\t\t\t<p>Elle est appel\u00e9e aussi anguille d&rsquo;avalaison, forme v\u00e9ritablement migratrice de l&rsquo;anguille. C&rsquo;est le stade biologique qui annonce le d\u00e9but de la phase de reproduction dont le lieu\u00a0 est situ\u00e9 dans l&rsquo;Atlantique Nord en mer des Sargasses. Les derniers marquages effectu\u00e9s avec des balises Argos, balises implant\u00e9es sur de grosses anguilles et qui apr\u00e8s un certain temps se d\u00e9tachent de l&rsquo;animal et \u00e9mettent \u00e0 la surface un certain nombre de donn\u00e9es: temp\u00e9rature des masses d&rsquo;eau travers\u00e9es, variations de pression subies par l&rsquo;animal et position g\u00e9ographique du lieu de d\u00e9tachement de la marque, ont montr\u00e9 que les anguilles de l&rsquo;ensemble de l&rsquo;aire de r\u00e9partition se dirigeaient vers les A\u00e7ores. Les marquages d&rsquo;anguilles adultes effectu\u00e9s en 2018 et 2019 aux A\u00e7ores ont pu ensuite montrer que celles-ci se dirigeaient vers un lieu situ\u00e9 dans la mer des Sargasses, lieu identifi\u00e9 par J. Schmidt au d\u00e9but du si\u00e8cle dernier comme le lieu de reproduction unique de notre anguille europ\u00e9enne. Ainsi, le voile recouvrant le myst\u00e8re de la reproduction de l&rsquo;anguille europ\u00e9enne se d\u00e9chire peu \u00e0 peu. Il reste cependant \u00e0 observer <em>in situ<\/em> la reproduction de l&rsquo;anguille dans son milieu naturel.<\/p><p>C&rsquo;est au d\u00e9but de son long p\u00e9riple g\u00e9n\u00e9sique que l&rsquo;anguille argent\u00e9e est captur\u00e9e par divers engins de p\u00eache et sur des zones restreintes. Sa p\u00eache sur la fa\u00e7ade atlantique est tr\u00e8s r\u00e9glement\u00e9e et souvent non autoris\u00e9e pour des raisons de protection de l&rsquo;esp\u00e8ce. Quelques p\u00eacheurs pratiquent cette p\u00eache en Loire, sur l&rsquo;Erdre ou sur le lac de Grand-Lieu.\u00a0 Elle est par contre, et jusqu&rsquo;\u00e0 pr\u00e9sent, couramment exploit\u00e9e dans les lagunes m\u00e9diterran\u00e9ennes. Les donn\u00e9es recueillies sont fort utiles pour l&rsquo;\u00e9valuation de ce que l&rsquo;on appelle le stock d\u00e9valant ou \u00ab\u00a0\u00e9chappement\u00a0\u00bb. Malheureusement, les pouvoirs publics n&rsquo;ont pas donn\u00e9 les moyens n\u00e9cessaires aux structures professionnelles pour continuer cette s\u00e9rie de suivis, estimant \u00e0 tort que l&rsquo;on en savait assez sur l&rsquo;\u00e9volution de cet indicateur pourtant bien utile pour connaitre l&rsquo;\u00e9volution de la population sur le bassin de La Loire.\u00a0<\/p><p>Cette p\u00eache est pratiqu\u00e9e par des engins de grande dimension et certains sont particuliers au bassin de la Loire comme le guideau ou dideau qui est un filet avec une ouverture conique accroch\u00e9 \u00e0 une toue, embarcation \u00e0 fond plat. Ce filet est termin\u00e9 par un verveux ou t\u00e9zelle<\/p>\t\t\t\t\t\t\t\t<\/div>\n\t\t\t\t<\/div>\n\t\t\t\t<div class=\"elementor-element elementor-element-2c70651 elementor-widget elementor-widget-image\" data-id=\"2c70651\" data-element_type=\"widget\" data-e-type=\"widget\" data-widget_type=\"image.default\">\n\t\t\t\t<div class=\"elementor-widget-container\">\n\t\t\t\t\t\t\t\t\t\t\t\t<figure class=\"wp-caption\">\n\t\t\t\t\t\t\t\t\t\t<img fetchpriority=\"high\" decoding=\"async\" width=\"665\" height=\"156\" src=\"https:\/\/anguilleresponsable.com\/wp-content\/uploads\/2022\/10\/guideauschema.jpg\" class=\"attachment-1536x1536 size-1536x1536 wp-image-2992\" alt=\"\" srcset=\"https:\/\/anguilleresponsable.com\/wp-content\/uploads\/2022\/10\/guideauschema.jpg 665w, https:\/\/anguilleresponsable.com\/wp-content\/uploads\/2022\/10\/guideauschema-300x70.jpg 300w, https:\/\/anguilleresponsable.com\/wp-content\/uploads\/2022\/10\/guideauschema-378x89.jpg 378w\" sizes=\"(max-width: 665px) 100vw, 665px\" \/>\t\t\t\t\t\t\t\t\t\t\t<figcaption class=\"widget-image-caption wp-caption-text\">Principe du fonctionnement d'un guideau de Loire ou dideau. La toue (embarcation) est ancr\u00e9e au fond. L'ouverture du filet est assur\u00e9e par deux rondins de bois qui sont accroch\u00e9s \u00e0 un treuil fix\u00e9 sur la toue. Le filet est plac\u00e9 \u00e0 contre-courant (ouverture tourn\u00e9e vers l'amont) et prend une partie des anguilles qui d\u00e9valent vers la mer. La r\u00e9colte est faite par relev\u00e9 de la poche terminale ou verveux. <\/figcaption>\n\t\t\t\t\t\t\t\t\t\t<\/figure>\n\t\t\t\t\t\t\t\t\t<\/div>\n\t\t\t\t<\/div>\n\t\t\t\t<div class=\"elementor-element elementor-element-739df9c elementor-widget elementor-widget-text-editor\" data-id=\"739df9c\" data-element_type=\"widget\" data-e-type=\"widget\" data-widget_type=\"text-editor.default\">\n\t\t\t\t<div class=\"elementor-widget-container\">\n\t\t\t\t\t\t\t\t\t<p>Dans les lagunes m\u00e9diterran\u00e9ennes l&rsquo;anguille est guid\u00e9e dans les verveux par des filets barrages. L&rsquo;ensemble forme un engin de p\u00eache caract\u00e9ristique des lagunes m\u00e9diterran\u00e9ennes: la capetchade. Dans le sud du bassin m\u00e9diterran\u00e9en on trouve ce que l&rsquo;on appelle des bordigues, syst\u00e8mes de p\u00eache non sp\u00e9cifiques \u00e0 l&rsquo;anguille, mais qui permettent de capturer au moment de sa migration cette esp\u00e8ce.\u00a0<\/p>\t\t\t\t\t\t\t\t<\/div>\n\t\t\t\t<\/div>\n\t\t\t\t\t<\/div>\n\t\t<\/div>\n\t\t\t\t\t<\/div>\n\t\t<\/section>\n\t\t\t\t<section class=\"elementor-section elementor-top-section elementor-element elementor-element-3b22263 elementor-section-boxed elementor-section-height-default elementor-section-height-default\" data-id=\"3b22263\" data-element_type=\"section\" data-e-type=\"section\">\n\t\t\t\t\t\t<div class=\"elementor-container elementor-column-gap-default\">\n\t\t\t\t\t<div class=\"elementor-column elementor-col-100 elementor-top-column elementor-element elementor-element-8e4e637\" data-id=\"8e4e637\" data-element_type=\"column\" data-e-type=\"column\">\n\t\t\t<div class=\"elementor-widget-wrap elementor-element-populated\">\n\t\t\t\t\t\t<div class=\"elementor-element elementor-element-1bfbfbd elementor-arrows-position-inside elementor-pagination-position-outside elementor-widget elementor-widget-image-carousel\" data-id=\"1bfbfbd\" data-element_type=\"widget\" data-e-type=\"widget\" data-settings=\"{&quot;navigation&quot;:&quot;both&quot;,&quot;autoplay&quot;:&quot;yes&quot;,&quot;pause_on_hover&quot;:&quot;yes&quot;,&quot;pause_on_interaction&quot;:&quot;yes&quot;,&quot;autoplay_speed&quot;:5000,&quot;infinite&quot;:&quot;yes&quot;,&quot;speed&quot;:500}\" data-widget_type=\"image-carousel.default\">\n\t\t\t\t<div class=\"elementor-widget-container\">\n\t\t\t\t\t\t\t<div class=\"elementor-image-carousel-wrapper swiper\" role=\"region\" aria-roledescription=\"carousel\" aria-label=\"Carrousel d\u2019images\" dir=\"ltr\">\n\t\t\t<div class=\"elementor-image-carousel swiper-wrapper\" aria-live=\"off\">\n\t\t\t\t\t\t\t\t<div class=\"swiper-slide\" role=\"group\" aria-roledescription=\"slide\" aria-label=\"1 sur 5\"><figure class=\"swiper-slide-inner\"><img decoding=\"async\" class=\"swiper-slide-image\" src=\"https:\/\/anguilleresponsable.com\/wp-content\/uploads\/2022\/10\/DSC06785-768x576.jpg\" alt=\"filet d&#039;entr\u00e9e du guideau\" \/><figcaption class=\"elementor-image-carousel-caption\">filet d'entr\u00e9e du guideau<\/figcaption><\/figure><\/div><div class=\"swiper-slide\" role=\"group\" aria-roledescription=\"slide\" aria-label=\"2 sur 5\"><figure class=\"swiper-slide-inner\"><img decoding=\"async\" class=\"swiper-slide-image\" src=\"https:\/\/anguilleresponsable.com\/wp-content\/uploads\/2022\/10\/thau5-768x576.jpg\" alt=\"capetchade Etang de Thau\" \/><figcaption class=\"elementor-image-carousel-caption\">capetchade Etang de Thau<\/figcaption><\/figure><\/div><div class=\"swiper-slide\" role=\"group\" aria-roledescription=\"slide\" aria-label=\"3 sur 5\"><figure class=\"swiper-slide-inner\"><img decoding=\"async\" class=\"swiper-slide-image\" src=\"https:\/\/anguilleresponsable.com\/wp-content\/uploads\/2022\/10\/thau11-2.bmp\" alt=\"capetchade de l&#039;\u00e9tang de Thau\" \/><figcaption class=\"elementor-image-carousel-caption\">capetchade de l'\u00e9tang de Thau<\/figcaption><\/figure><\/div><div class=\"swiper-slide\" role=\"group\" aria-roledescription=\"slide\" aria-label=\"4 sur 5\"><figure class=\"swiper-slide-inner\"><img decoding=\"async\" class=\"swiper-slide-image\" src=\"https:\/\/anguilleresponsable.com\/wp-content\/uploads\/2022\/10\/DSC06777-768x576.jpg\" alt=\"Toue de Loire\" \/><figcaption class=\"elementor-image-carousel-caption\">Toue de Loire<\/figcaption><\/figure><\/div><div class=\"swiper-slide\" role=\"group\" aria-roledescription=\"slide\" aria-label=\"5 sur 5\"><figure class=\"swiper-slide-inner\"><img decoding=\"async\" class=\"swiper-slide-image\" src=\"https:\/\/anguilleresponsable.com\/wp-content\/uploads\/2022\/10\/DSC06786-768x576.jpg\" alt=\"DSC06786\" \/><\/figure><\/div>\t\t\t<\/div>\n\t\t\t\t\t\t\t\t\t\t\t\t<div class=\"elementor-swiper-button elementor-swiper-button-prev\" role=\"button\" tabindex=\"0\">\n\t\t\t\t\t\t<i aria-hidden=\"true\" class=\"eicon-chevron-left\"><\/i>\t\t\t\t\t<\/div>\n\t\t\t\t\t<div class=\"elementor-swiper-button elementor-swiper-button-next\" role=\"button\" tabindex=\"0\">\n\t\t\t\t\t\t<i aria-hidden=\"true\" class=\"eicon-chevron-right\"><\/i>\t\t\t\t\t<\/div>\n\t\t\t\t\n\t\t\t\t\t\t\t\t\t<div class=\"swiper-pagination\"><\/div>\n\t\t\t\t\t\t\t\t\t<\/div>\n\t\t\t\t\t\t<\/div>\n\t\t\t\t<\/div>\n\t\t\t\t\t<\/div>\n\t\t<\/div>\n\t\t\t\t\t<\/div>\n\t\t<\/section>\n\t\t\t\t<\/div>\n\t\t","protected":false},"excerpt":{"rendered":"Elle est appel\u00e9e aussi anguille d&rsquo;avalaison, forme v\u00e9ritablement migratrice de l&rsquo;anguille. C&rsquo;est le stade biologique qui annonce le d\u00e9but de la phase de reproduction dont le lieu\u00a0 est situ\u00e9 dans l&rsquo;Atlantique Nord en mer des Sargasses. Les derniers marquages effectu\u00e9s avec des balises Argos, balises implant\u00e9es sur de grosses anguilles et qui apr\u00e8s un certain ","protected":false},"author":2,"featured_media":0,"parent":1533,"menu_order":0,"comment_status":"closed","ping_status":"closed","template":"","meta":{"footnotes":""},"class_list":["post-1553","page","type-page","status-publish","hentry"],"yoast_head":"<!-- This site is optimized with the Yoast SEO plugin v27.2 - https:\/\/yoast.com\/product\/yoast-seo-wordpress\/ -->\n<title>Anguille argent\u00e9e - Anguille Responsable<\/title>\n<meta name=\"robots\" content=\"index, follow, max-snippet:-1, max-image-preview:large, max-video-preview:-1\" \/>\n<link rel=\"canonical\" href=\"https:\/\/anguilleresponsable.com\/index.php\/nos-engins-et-nos-pratiques\/anguille-argentee\/\" \/>\n<meta property=\"og:locale\" content=\"fr_FR\" \/>\n<meta property=\"og:type\" content=\"article\" \/>\n<meta property=\"og:title\" content=\"Anguille argent\u00e9e - Anguille Responsable\" \/>\n<meta property=\"og:description\" content=\"Elle est appel\u00e9e aussi anguille d&rsquo;avalaison, forme v\u00e9ritablement migratrice de l&rsquo;anguille. C&rsquo;est le stade biologique qui annonce le d\u00e9but de la phase de reproduction dont le lieu\u00a0 est situ\u00e9 dans l&rsquo;Atlantique Nord en mer des Sargasses. Les derniers marquages effectu\u00e9s avec des balises Argos, balises implant\u00e9es sur de grosses anguilles et qui apr\u00e8s un certain\" \/>\n<meta property=\"og:url\" content=\"https:\/\/anguilleresponsable.com\/index.php\/nos-engins-et-nos-pratiques\/anguille-argentee\/\" \/>\n<meta property=\"og:site_name\" content=\"Anguille Responsable\" \/>\n<meta property=\"article:modified_time\" content=\"2022-12-04T08:30:43+00:00\" \/>\n<meta property=\"og:image\" content=\"https:\/\/anguilleresponsable.com\/wp-content\/uploads\/2022\/10\/guideauschema.jpg\" \/>\n<meta name=\"twitter:card\" content=\"summary_large_image\" \/>\n<meta name=\"twitter:label1\" content=\"Dur\u00e9e de lecture estim\u00e9e\" \/>\n\t<meta name=\"twitter:data1\" content=\"3 minutes\" \/>\n<script type=\"application\/ld+json\" class=\"yoast-schema-graph\">{\"@context\":\"https:\/\/schema.org\",\"@graph\":[{\"@type\":\"WebPage\",\"@id\":\"https:\/\/anguilleresponsable.com\/index.php\/nos-engins-et-nos-pratiques\/anguille-argentee\/\",\"url\":\"https:\/\/anguilleresponsable.com\/index.php\/nos-engins-et-nos-pratiques\/anguille-argentee\/\",\"name\":\"Anguille argent\u00e9e - Anguille Responsable\",\"isPartOf\":{\"@id\":\"https:\/\/anguilleresponsable.com\/#website\"},\"primaryImageOfPage\":{\"@id\":\"https:\/\/anguilleresponsable.com\/index.php\/nos-engins-et-nos-pratiques\/anguille-argentee\/#primaryimage\"},\"image\":{\"@id\":\"https:\/\/anguilleresponsable.com\/index.php\/nos-engins-et-nos-pratiques\/anguille-argentee\/#primaryimage\"},\"thumbnailUrl\":\"https:\/\/anguilleresponsable.com\/wp-content\/uploads\/2022\/10\/guideauschema.jpg\",\"datePublished\":\"2022-10-02T13:27:58+00:00\",\"dateModified\":\"2022-12-04T08:30:43+00:00\",\"breadcrumb\":{\"@id\":\"https:\/\/anguilleresponsable.com\/index.php\/nos-engins-et-nos-pratiques\/anguille-argentee\/#breadcrumb\"},\"inLanguage\":\"fr-FR\",\"potentialAction\":[{\"@type\":\"ReadAction\",\"target\":[\"https:\/\/anguilleresponsable.com\/index.php\/nos-engins-et-nos-pratiques\/anguille-argentee\/\"]}]},{\"@type\":\"ImageObject\",\"inLanguage\":\"fr-FR\",\"@id\":\"https:\/\/anguilleresponsable.com\/index.php\/nos-engins-et-nos-pratiques\/anguille-argentee\/#primaryimage\",\"url\":\"https:\/\/anguilleresponsable.com\/wp-content\/uploads\/2022\/10\/guideauschema.jpg\",\"contentUrl\":\"https:\/\/anguilleresponsable.com\/wp-content\/uploads\/2022\/10\/guideauschema.jpg\",\"width\":665,\"height\":156},{\"@type\":\"BreadcrumbList\",\"@id\":\"https:\/\/anguilleresponsable.com\/index.php\/nos-engins-et-nos-pratiques\/anguille-argentee\/#breadcrumb\",\"itemListElement\":[{\"@type\":\"ListItem\",\"position\":1,\"name\":\"Accueil\",\"item\":\"https:\/\/anguilleresponsable.com\/\"},{\"@type\":\"ListItem\",\"position\":2,\"name\":\"Nos engins et nos pratiques\",\"item\":\"https:\/\/anguilleresponsable.com\/index.php\/nos-engins-et-nos-pratiques\/\"},{\"@type\":\"ListItem\",\"position\":3,\"name\":\"Anguille argent\u00e9e\"}]},{\"@type\":\"WebSite\",\"@id\":\"https:\/\/anguilleresponsable.com\/#website\",\"url\":\"https:\/\/anguilleresponsable.com\/\",\"name\":\"Anguille Responsable\",\"description\":\"Association Fran\u00e7aise pour la Promotion de la Marque Anguille Responsable\",\"publisher\":{\"@id\":\"https:\/\/anguilleresponsable.com\/#organization\"},\"alternateName\":\"AFPMAR\",\"potentialAction\":[{\"@type\":\"SearchAction\",\"target\":{\"@type\":\"EntryPoint\",\"urlTemplate\":\"https:\/\/anguilleresponsable.com\/?s={search_term_string}\"},\"query-input\":{\"@type\":\"PropertyValueSpecification\",\"valueRequired\":true,\"valueName\":\"search_term_string\"}}],\"inLanguage\":\"fr-FR\"},{\"@type\":\"Organization\",\"@id\":\"https:\/\/anguilleresponsable.com\/#organization\",\"name\":\"Anguille responsable\",\"alternateName\":\"AFPMAR\",\"url\":\"https:\/\/anguilleresponsable.com\/\",\"logo\":{\"@type\":\"ImageObject\",\"inLanguage\":\"fr-FR\",\"@id\":\"https:\/\/anguilleresponsable.com\/#\/schema\/logo\/image\/\",\"url\":\"https:\/\/anguilleresponsable.com\/wp-content\/uploads\/2024\/06\/marqueAFPMAR.jpg\",\"contentUrl\":\"https:\/\/anguilleresponsable.com\/wp-content\/uploads\/2024\/06\/marqueAFPMAR.jpg\",\"width\":1563,\"height\":1563,\"caption\":\"Anguille responsable\"},\"image\":{\"@id\":\"https:\/\/anguilleresponsable.com\/#\/schema\/logo\/image\/\"}}]}<\/script>\n<!-- \/ Yoast SEO plugin. -->","yoast_head_json":{"title":"Anguille argent\u00e9e - Anguille Responsable","robots":{"index":"index","follow":"follow","max-snippet":"max-snippet:-1","max-image-preview":"max-image-preview:large","max-video-preview":"max-video-preview:-1"},"canonical":"https:\/\/anguilleresponsable.com\/index.php\/nos-engins-et-nos-pratiques\/anguille-argentee\/","og_locale":"fr_FR","og_type":"article","og_title":"Anguille argent\u00e9e - Anguille Responsable","og_description":"Elle est appel\u00e9e aussi anguille d&rsquo;avalaison, forme v\u00e9ritablement migratrice de l&rsquo;anguille. C&rsquo;est le stade biologique qui annonce le d\u00e9but de la phase de reproduction dont le lieu\u00a0 est situ\u00e9 dans l&rsquo;Atlantique Nord en mer des Sargasses. Les derniers marquages effectu\u00e9s avec des balises Argos, balises implant\u00e9es sur de grosses anguilles et qui apr\u00e8s un certain","og_url":"https:\/\/anguilleresponsable.com\/index.php\/nos-engins-et-nos-pratiques\/anguille-argentee\/","og_site_name":"Anguille Responsable","article_modified_time":"2022-12-04T08:30:43+00:00","og_image":[{"url":"https:\/\/anguilleresponsable.com\/wp-content\/uploads\/2022\/10\/guideauschema.jpg","type":"","width":"","height":""}],"twitter_card":"summary_large_image","twitter_misc":{"Dur\u00e9e de lecture estim\u00e9e":"3 minutes"},"schema":{"@context":"https:\/\/schema.org","@graph":[{"@type":"WebPage","@id":"https:\/\/anguilleresponsable.com\/index.php\/nos-engins-et-nos-pratiques\/anguille-argentee\/","url":"https:\/\/anguilleresponsable.com\/index.php\/nos-engins-et-nos-pratiques\/anguille-argentee\/","name":"Anguille argent\u00e9e - Anguille Responsable","isPartOf":{"@id":"https:\/\/anguilleresponsable.com\/#website"},"primaryImageOfPage":{"@id":"https:\/\/anguilleresponsable.com\/index.php\/nos-engins-et-nos-pratiques\/anguille-argentee\/#primaryimage"},"image":{"@id":"https:\/\/anguilleresponsable.com\/index.php\/nos-engins-et-nos-pratiques\/anguille-argentee\/#primaryimage"},"thumbnailUrl":"https:\/\/anguilleresponsable.com\/wp-content\/uploads\/2022\/10\/guideauschema.jpg","datePublished":"2022-10-02T13:27:58+00:00","dateModified":"2022-12-04T08:30:43+00:00","breadcrumb":{"@id":"https:\/\/anguilleresponsable.com\/index.php\/nos-engins-et-nos-pratiques\/anguille-argentee\/#breadcrumb"},"inLanguage":"fr-FR","potentialAction":[{"@type":"ReadAction","target":["https:\/\/anguilleresponsable.com\/index.php\/nos-engins-et-nos-pratiques\/anguille-argentee\/"]}]},{"@type":"ImageObject","inLanguage":"fr-FR","@id":"https:\/\/anguilleresponsable.com\/index.php\/nos-engins-et-nos-pratiques\/anguille-argentee\/#primaryimage","url":"https:\/\/anguilleresponsable.com\/wp-content\/uploads\/2022\/10\/guideauschema.jpg","contentUrl":"https:\/\/anguilleresponsable.com\/wp-content\/uploads\/2022\/10\/guideauschema.jpg","width":665,"height":156},{"@type":"BreadcrumbList","@id":"https:\/\/anguilleresponsable.com\/index.php\/nos-engins-et-nos-pratiques\/anguille-argentee\/#breadcrumb","itemListElement":[{"@type":"ListItem","position":1,"name":"Accueil","item":"https:\/\/anguilleresponsable.com\/"},{"@type":"ListItem","position":2,"name":"Nos engins et nos pratiques","item":"https:\/\/anguilleresponsable.com\/index.php\/nos-engins-et-nos-pratiques\/"},{"@type":"ListItem","position":3,"name":"Anguille argent\u00e9e"}]},{"@type":"WebSite","@id":"https:\/\/anguilleresponsable.com\/#website","url":"https:\/\/anguilleresponsable.com\/","name":"Anguille Responsable","description":"Association Fran\u00e7aise pour la Promotion de la Marque Anguille Responsable","publisher":{"@id":"https:\/\/anguilleresponsable.com\/#organization"},"alternateName":"AFPMAR","potentialAction":[{"@type":"SearchAction","target":{"@type":"EntryPoint","urlTemplate":"https:\/\/anguilleresponsable.com\/?s={search_term_string}"},"query-input":{"@type":"PropertyValueSpecification","valueRequired":true,"valueName":"search_term_string"}}],"inLanguage":"fr-FR"},{"@type":"Organization","@id":"https:\/\/anguilleresponsable.com\/#organization","name":"Anguille responsable","alternateName":"AFPMAR","url":"https:\/\/anguilleresponsable.com\/","logo":{"@type":"ImageObject","inLanguage":"fr-FR","@id":"https:\/\/anguilleresponsable.com\/#\/schema\/logo\/image\/","url":"https:\/\/anguilleresponsable.com\/wp-content\/uploads\/2024\/06\/marqueAFPMAR.jpg","contentUrl":"https:\/\/anguilleresponsable.com\/wp-content\/uploads\/2024\/06\/marqueAFPMAR.jpg","width":1563,"height":1563,"caption":"Anguille responsable"},"image":{"@id":"https:\/\/anguilleresponsable.com\/#\/schema\/logo\/image\/"}}]}},"_links":{"self":[{"href":"https:\/\/anguilleresponsable.com\/index.php\/wp-json\/wp\/v2\/pages\/1553","targetHints":{"allow":["GET"]}}],"collection":[{"href":"https:\/\/anguilleresponsable.com\/index.php\/wp-json\/wp\/v2\/pages"}],"about":[{"href":"https:\/\/anguilleresponsable.com\/index.php\/wp-json\/wp\/v2\/types\/page"}],"author":[{"embeddable":true,"href":"https:\/\/anguilleresponsable.com\/index.php\/wp-json\/wp\/v2\/users\/2"}],"replies":[{"embeddable":true,"href":"https:\/\/anguilleresponsable.com\/index.php\/wp-json\/wp\/v2\/comments?post=1553"}],"version-history":[{"count":79,"href":"https:\/\/anguilleresponsable.com\/index.php\/wp-json\/wp\/v2\/pages\/1553\/revisions"}],"predecessor-version":[{"id":4841,"href":"https:\/\/anguilleresponsable.com\/index.php\/wp-json\/wp\/v2\/pages\/1553\/revisions\/4841"}],"up":[{"embeddable":true,"href":"https:\/\/anguilleresponsable.com\/index.php\/wp-json\/wp\/v2\/pages\/1533"}],"wp:attachment":[{"href":"https:\/\/anguilleresponsable.com\/index.php\/wp-json\/wp\/v2\/media?parent=1553"}],"curies":[{"name":"wp","href":"https:\/\/api.w.org\/{rel}","templated":true}]}}