{"id":1543,"date":"2022-10-02T15:24:37","date_gmt":"2022-10-02T13:24:37","guid":{"rendered":"https:\/\/anguilleresponsable.com\/?page_id=1543"},"modified":"2022-12-05T08:00:03","modified_gmt":"2022-12-05T07:00:03","slug":"une-peche-responsable","status":"publish","type":"page","link":"https:\/\/anguilleresponsable.com\/index.php\/qui-sommes-nous\/une-peche-responsable\/","title":{"rendered":"Une p\u00eache responsable"},"content":{"rendered":"\t\t<div data-elementor-type=\"wp-page\" data-elementor-id=\"1543\" class=\"elementor elementor-1543\">\n\t\t\t\t\t\t<section class=\"elementor-section elementor-top-section elementor-element elementor-element-02ec203 elementor-section-boxed elementor-section-height-default elementor-section-height-default\" data-id=\"02ec203\" data-element_type=\"section\" data-e-type=\"section\">\n\t\t\t\t\t\t<div class=\"elementor-container elementor-column-gap-default\">\n\t\t\t\t\t<div class=\"elementor-column elementor-col-100 elementor-top-column elementor-element elementor-element-54bdac7\" data-id=\"54bdac7\" data-element_type=\"column\" data-e-type=\"column\">\n\t\t\t<div class=\"elementor-widget-wrap elementor-element-populated\">\n\t\t\t\t\t\t<div class=\"elementor-element elementor-element-0717e69 elementor-widget elementor-widget-heading\" data-id=\"0717e69\" data-element_type=\"widget\" data-e-type=\"widget\" data-widget_type=\"heading.default\">\n\t\t\t\t<div class=\"elementor-widget-container\">\n\t\t\t\t\t<h2 class=\"elementor-heading-title elementor-size-default\">Responsable plut\u00f4t que durable<\/h2>\t\t\t\t<\/div>\n\t\t\t\t<\/div>\n\t\t\t\t\t<\/div>\n\t\t<\/div>\n\t\t\t\t\t<\/div>\n\t\t<\/section>\n\t\t\t\t<section class=\"elementor-section elementor-top-section elementor-element elementor-element-b38dc32 elementor-section-boxed elementor-section-height-default elementor-section-height-default\" data-id=\"b38dc32\" data-element_type=\"section\" data-e-type=\"section\">\n\t\t\t\t\t\t<div class=\"elementor-container elementor-column-gap-default\">\n\t\t\t\t\t<div class=\"elementor-column elementor-col-50 elementor-top-column elementor-element elementor-element-b5c9c3e\" data-id=\"b5c9c3e\" data-element_type=\"column\" data-e-type=\"column\">\n\t\t\t<div class=\"elementor-widget-wrap elementor-element-populated\">\n\t\t\t\t\t\t<div class=\"elementor-element elementor-element-f0692ce elementor-widget elementor-widget-text-editor\" data-id=\"f0692ce\" data-element_type=\"widget\" data-e-type=\"widget\" data-widget_type=\"text-editor.default\">\n\t\t\t\t<div class=\"elementor-widget-container\">\n\t\t\t\t\t\t\t\t\t<p>La p\u00eache est qualifi\u00e9e d\u2019activit\u00e9<b> biologiquement durable<\/b> lorsqu\u2019elle pr\u00e9l\u00e8ve pour un stock de poissons d\u00e9termin\u00e9 une quantit\u00e9 maximale d\u2019individus \u00e9gale au <b>rendement maximal durable<\/b>. Afin de bien expliquer ce que signifie ce terme de durabilit\u00e9 il est important de revenir sur la d\u00e9finition de \u00ab\u00a0d\u00e9veloppement durable\u00a0\u00bb et de \u00ab\u00a0rendement maximal durable\u00a0\u00bb.<\/p><p>Le <b>concept de d\u00e9veloppement durable<\/b> (<strong>DD<\/strong>) est d\u00e9fini dans le rapport \u00ab Notre avenir \u00e0 tous \u00bb appel\u00e9 aussi Rapport Brundtland publi\u00e9 en 1987. Selon ce rapport le d\u00e9veloppement durable se trouve \u00e0 la convergence de trois sph\u00e8res d\u2019int\u00e9r\u00eat : \u00e9conomique, sociale et environnementale ainsi que le montre la figure ci-dessous.<\/p><h6>\u00a0<\/h6>\t\t\t\t\t\t\t\t<\/div>\n\t\t\t\t<\/div>\n\t\t\t\t<div class=\"elementor-element elementor-element-944c2d1 elementor-widget elementor-widget-image\" data-id=\"944c2d1\" data-element_type=\"widget\" data-e-type=\"widget\" data-widget_type=\"image.default\">\n\t\t\t\t<div class=\"elementor-widget-container\">\n\t\t\t\t\t\t\t\t\t\t\t\t<figure class=\"wp-caption\">\n\t\t\t\t\t\t\t\t\t\t<img fetchpriority=\"high\" decoding=\"async\" width=\"729\" height=\"587\" src=\"https:\/\/anguilleresponsable.com\/wp-content\/uploads\/2022\/10\/DEVDURABLEshema.jpg\" class=\"attachment-large size-large wp-image-1864\" alt=\"\" srcset=\"https:\/\/anguilleresponsable.com\/wp-content\/uploads\/2022\/10\/DEVDURABLEshema.jpg 729w, https:\/\/anguilleresponsable.com\/wp-content\/uploads\/2022\/10\/DEVDURABLEshema-300x242.jpg 300w, https:\/\/anguilleresponsable.com\/wp-content\/uploads\/2022\/10\/DEVDURABLEshema-335x270.jpg 335w\" sizes=\"(max-width: 729px) 100vw, 729px\" \/>\t\t\t\t\t\t\t\t\t\t\t<figcaption class=\"widget-image-caption wp-caption-text\">Expression graphique du D\u00e9veloppement Durable\u00a0 \"\u00e0 la convergence de trois sph\u00e8res d\u2019int\u00e9r\u00eat\" : \u00e9conomique, environnemental et social. (d'apr\u00e8s rapport \"Notre avenir \u00e0 tous\" 1988)<\/figcaption>\n\t\t\t\t\t\t\t\t\t\t<\/figure>\n\t\t\t\t\t\t\t\t\t<\/div>\n\t\t\t\t<\/div>\n\t\t\t\t\t<\/div>\n\t\t<\/div>\n\t\t\t\t<div class=\"elementor-column elementor-col-50 elementor-top-column elementor-element elementor-element-f2e83ac\" data-id=\"f2e83ac\" data-element_type=\"column\" data-e-type=\"column\">\n\t\t\t<div class=\"elementor-widget-wrap elementor-element-populated\">\n\t\t\t\t\t\t<div class=\"elementor-element elementor-element-4a500cc elementor-widget elementor-widget-text-editor\" data-id=\"4a500cc\" data-element_type=\"widget\" data-e-type=\"widget\" data-widget_type=\"text-editor.default\">\n\t\t\t\t<div class=\"elementor-widget-container\">\n\t\t\t\t\t\t\t\t\t<p>Le <strong>rendement maximal durable<\/strong> (<strong>RMD<\/strong>) est un indicateur utilis\u00e9 en biologie des p\u00eaches qui permet th\u00e9oriquement de connaitre la quantit\u00e9 maximale que l\u2019on peut extraire d\u2019une ressource de poissons sans affecter son abondance future. En gestion des p\u00eaches, il permet dans un environnement naturel de productivit\u00e9 donn\u00e9e de mieux ajuster la pression de p\u00eache pour que la ressource exploit\u00e9e puisse se p\u00e9renniser \u00e0 son meilleur niveau. Il constitue en fait ce que l\u2019on appelle l\u2019int\u00e9r\u00eat maximal que l\u2019on peut pr\u00e9lever (captures) sur le capital (stock de poissons) sans que celui-ci s\u2019amenuise.<\/p><p>On le mat\u00e9rialise graphiquement de la mani\u00e8re suivante\u00a0:<\/p><p>\u00a0<\/p>\t\t\t\t\t\t\t\t<\/div>\n\t\t\t\t<\/div>\n\t\t\t\t<div class=\"elementor-element elementor-element-4144a9d elementor-widget elementor-widget-image\" data-id=\"4144a9d\" data-element_type=\"widget\" data-e-type=\"widget\" data-widget_type=\"image.default\">\n\t\t\t\t<div class=\"elementor-widget-container\">\n\t\t\t\t\t\t\t\t\t\t\t\t<figure class=\"wp-caption\">\n\t\t\t\t\t\t\t\t\t\t<img decoding=\"async\" width=\"841\" height=\"606\" src=\"https:\/\/anguilleresponsable.com\/wp-content\/uploads\/2022\/10\/RMDsite.jpg\" class=\"attachment-large size-large wp-image-1865\" alt=\"\" srcset=\"https:\/\/anguilleresponsable.com\/wp-content\/uploads\/2022\/10\/RMDsite.jpg 841w, https:\/\/anguilleresponsable.com\/wp-content\/uploads\/2022\/10\/RMDsite-300x216.jpg 300w, https:\/\/anguilleresponsable.com\/wp-content\/uploads\/2022\/10\/RMDsite-768x553.jpg 768w, https:\/\/anguilleresponsable.com\/wp-content\/uploads\/2022\/10\/RMDsite-375x270.jpg 375w\" sizes=\"(max-width: 841px) 100vw, 841px\" \/>\t\t\t\t\t\t\t\t\t\t\t<figcaption class=\"widget-image-caption wp-caption-text\">Le trait vert vertical mat\u00e9rialise la quantit\u00e9 de captures maximale que l'on peut th\u00e9oriquement extraire en conservant le stock \u00e0 un niveau constant. Cette hauteur du trait d\u00e9pend de la forme de la courbe qui est elle-m\u00eame d\u00e9pendante de la productivit\u00e9 du milieu. Moins le milieu est productif et plus la forme de la courbe est plate au-dessus de la droite d'\u00e9quilibre et moins on peut extraire de captures. Cette forme ne d\u00e9pend pas de l'exploitation mais de la d\u00e9gradation du milieu.<\/figcaption>\n\t\t\t\t\t\t\t\t\t\t<\/figure>\n\t\t\t\t\t\t\t\t\t<\/div>\n\t\t\t\t<\/div>\n\t\t\t\t\t<\/div>\n\t\t<\/div>\n\t\t\t\t\t<\/div>\n\t\t<\/section>\n\t\t\t\t<section class=\"elementor-section elementor-top-section elementor-element elementor-element-555e7cd elementor-section-boxed elementor-section-height-default elementor-section-height-default\" data-id=\"555e7cd\" data-element_type=\"section\" data-e-type=\"section\">\n\t\t\t\t\t\t<div class=\"elementor-container elementor-column-gap-default\">\n\t\t\t\t\t<div class=\"elementor-column elementor-col-100 elementor-top-column elementor-element elementor-element-3714f30\" data-id=\"3714f30\" data-element_type=\"column\" data-e-type=\"column\">\n\t\t\t<div class=\"elementor-widget-wrap elementor-element-populated\">\n\t\t\t\t\t\t<div class=\"elementor-element elementor-element-73fef19 elementor-widget elementor-widget-text-editor\" data-id=\"73fef19\" data-element_type=\"widget\" data-e-type=\"widget\" data-widget_type=\"text-editor.default\">\n\t\t\t\t<div class=\"elementor-widget-container\">\n\t\t\t\t\t\t\t\t\t<p>Dans ces conditions, le p\u00eacheur assure la durabilit\u00e9 de son activit\u00e9 en respectant l\u2019aspect environnemental (ressource p\u00e9rennis\u00e9e \u00e0 son niveau optimal)\u00a0; l\u2019aspect \u00e9conomique (profit maximal et durable) et social (maintien des entreprises).<\/p>\t\t\t\t\t\t\t\t<\/div>\n\t\t\t\t<\/div>\n\t\t\t\t\t<\/div>\n\t\t<\/div>\n\t\t\t\t\t<\/div>\n\t\t<\/section>\n\t\t\t\t<section class=\"elementor-section elementor-top-section elementor-element elementor-element-ab62848 elementor-section-boxed elementor-section-height-default elementor-section-height-default\" data-id=\"ab62848\" data-element_type=\"section\" data-e-type=\"section\">\n\t\t\t\t\t\t<div class=\"elementor-container elementor-column-gap-default\">\n\t\t\t\t\t<div class=\"elementor-column elementor-col-50 elementor-top-column elementor-element elementor-element-90d7ebb\" data-id=\"90d7ebb\" data-element_type=\"column\" data-e-type=\"column\">\n\t\t\t<div class=\"elementor-widget-wrap elementor-element-populated\">\n\t\t\t\t\t\t<div class=\"elementor-element elementor-element-f2a4467 elementor-widget elementor-widget-text-editor\" data-id=\"f2a4467\" data-element_type=\"widget\" data-e-type=\"widget\" data-widget_type=\"text-editor.default\">\n\t\t\t\t<div class=\"elementor-widget-container\">\n\t\t\t\t\t\t\t\t\t<p><strong>Cependant, la r\u00e9alit\u00e9 est toute autre<\/strong> car si l\u2019on peut admettre que le capital constitu\u00e9 par une ressource de poissons purement marine (thon rouge par exemple) n\u2019est affect\u00e9 principalement que par l\u2019activit\u00e9 de p\u00eache, cela n\u2019est pas le cas pour des esp\u00e8ces comme l\u2019anguille dont une grande partie du cycle se d\u00e9roule dans des eaux et des environnements fortement impact\u00e9s par les activit\u00e9s humaines. Celles-ci ont fortement diminu\u00e9\u00a0\u00a0 la surface de production de l\u2019esp\u00e8ce soit par destruction d\u00e9finitive de nombreuses zones humides soit par une \u00e9dification de barri\u00e8res qui ont affect\u00e9 la continuit\u00e9 \u00e9cologique des bassins versants indispensable \u00e0 cette esp\u00e8ce pour coloniser l\u2019ensemble de ses habitats potentiels. Dans ce cas, et par rapport au milieu du si\u00e8cle dernier on voit s\u2019amenuiser la taille de cette population cons\u00e9quence logique de la diminution de la grandeur de son habitat accessible ; la surface de cet habitat conditionnant la taille de la population. On comprendra ais\u00e9ment que pour revenir \u00e0 un \u00e9tat ant\u00e9rieur (en ne parlant m\u00eame pas de l&rsquo;\u00e9tat pristine = origine) plus favorable, la seule r\u00e9gulation de la p\u00eache est une mesure bien insuffisante et beaucoup trop sectorielle entrainant des sacrifices inutiles des communaut\u00e9s de p\u00eacheurs ne d\u00e9bouchant pas sur les am\u00e9liorations escompt\u00e9es.<\/p><p><strong>Quelques chiffres<\/strong> : 90% de l&rsquo;habitat originel de l&rsquo;anguille a disparu en Espagne; 65% des zones humides en Europe ont disparu ou bien sont d\u00e9grad\u00e9es, 1200 barrages \u00e9rig\u00e9s dans le bassin m\u00e9diterran\u00e9en, imperm\u00e9ables ou presque \u00e0 la migration des civelles ou des anguillettes vers leurs habitats de production continentaux.<\/p>\t\t\t\t\t\t\t\t<\/div>\n\t\t\t\t<\/div>\n\t\t\t\t\t<\/div>\n\t\t<\/div>\n\t\t\t\t<div class=\"elementor-column elementor-col-50 elementor-top-column elementor-element elementor-element-8cf8ece\" data-id=\"8cf8ece\" data-element_type=\"column\" data-e-type=\"column\">\n\t\t\t<div class=\"elementor-widget-wrap elementor-element-populated\">\n\t\t\t\t\t\t<div class=\"elementor-element elementor-element-59cc1d0 elementor-widget elementor-widget-image\" data-id=\"59cc1d0\" data-element_type=\"widget\" data-e-type=\"widget\" data-widget_type=\"image.default\">\n\t\t\t\t<div class=\"elementor-widget-container\">\n\t\t\t\t\t\t\t\t\t\t\t\t<figure class=\"wp-caption\">\n\t\t\t\t\t\t\t\t\t\t<img decoding=\"async\" width=\"790\" height=\"600\" src=\"https:\/\/anguilleresponsable.com\/wp-content\/uploads\/2022\/10\/evolanguille.jpg\" class=\"attachment-large size-large wp-image-1863\" alt=\"\" srcset=\"https:\/\/anguilleresponsable.com\/wp-content\/uploads\/2022\/10\/evolanguille.jpg 790w, https:\/\/anguilleresponsable.com\/wp-content\/uploads\/2022\/10\/evolanguille-300x228.jpg 300w, https:\/\/anguilleresponsable.com\/wp-content\/uploads\/2022\/10\/evolanguille-768x583.jpg 768w, https:\/\/anguilleresponsable.com\/wp-content\/uploads\/2022\/10\/evolanguille-356x270.jpg 356w\" sizes=\"(max-width: 790px) 100vw, 790px\" \/>\t\t\t\t\t\t\t\t\t\t\t<figcaption class=\"widget-image-caption wp-caption-text\">Au d\u00e9but du 20\u00e8me si\u00e8cle les continuit\u00e9s \u00e9cologiques sont g\u00e9n\u00e9ralement assur\u00e9es, la pollution est principalement organique. Au milieu du 20\u00e8me si\u00e8cle de nombreux barrages infranchissables sont \u00e9rig\u00e9s limitant le champ d'expansion de cette esp\u00e8ce. A la pollution organique s'ajoute une pollution chimique de plus en plus importante. L'agriculture utilise de plus en plus de ressources en eau. On draine, on ass\u00e8che, on recalibre. La gestion de l'eau est principalement d\u00e9tourn\u00e9e vers les besoins industriels, urbains et touristiques. A la fin du 20\u00e8me si\u00e8cle, un triste bilan : aucune directive cadre n'a atteint les objectifs assign\u00e9s. La p\u00eache reste le principal bouc \u00e9missaire et un fusible bien commode pour masquer une gestion environnementale d\u00e9ficiente.<\/figcaption>\n\t\t\t\t\t\t\t\t\t\t<\/figure>\n\t\t\t\t\t\t\t\t\t<\/div>\n\t\t\t\t<\/div>\n\t\t\t\t\t<\/div>\n\t\t<\/div>\n\t\t\t\t\t<\/div>\n\t\t<\/section>\n\t\t\t\t<\/div>\n\t\t","protected":false},"excerpt":{"rendered":"Responsable plut\u00f4t que durable La p\u00eache est qualifi\u00e9e d\u2019activit\u00e9 biologiquement durable lorsqu\u2019elle pr\u00e9l\u00e8ve pour un stock de poissons d\u00e9termin\u00e9 une quantit\u00e9 maximale d\u2019individus \u00e9gale au rendement maximal durable. Afin de bien expliquer ce que signifie ce terme de durabilit\u00e9 il est important de revenir sur la d\u00e9finition de \u00ab\u00a0d\u00e9veloppement durable\u00a0\u00bb et de \u00ab\u00a0rendement maximal durable\u00a0\u00bb. ","protected":false},"author":2,"featured_media":0,"parent":1531,"menu_order":0,"comment_status":"closed","ping_status":"closed","template":"","meta":{"footnotes":""},"class_list":["post-1543","page","type-page","status-publish","hentry"],"yoast_head":"<!-- This site is optimized with the Yoast SEO plugin v27.2 - https:\/\/yoast.com\/product\/yoast-seo-wordpress\/ -->\n<title>Une p\u00eache responsable - Anguille Responsable<\/title>\n<meta name=\"robots\" content=\"index, follow, max-snippet:-1, max-image-preview:large, max-video-preview:-1\" \/>\n<link rel=\"canonical\" href=\"https:\/\/anguilleresponsable.com\/index.php\/qui-sommes-nous\/une-peche-responsable\/\" \/>\n<meta property=\"og:locale\" content=\"fr_FR\" \/>\n<meta property=\"og:type\" content=\"article\" \/>\n<meta property=\"og:title\" content=\"Une p\u00eache responsable - Anguille Responsable\" \/>\n<meta property=\"og:description\" content=\"Responsable plut\u00f4t que durable La p\u00eache est qualifi\u00e9e d\u2019activit\u00e9 biologiquement durable lorsqu\u2019elle pr\u00e9l\u00e8ve pour un stock de poissons d\u00e9termin\u00e9 une quantit\u00e9 maximale d\u2019individus \u00e9gale au rendement maximal durable. Afin de bien expliquer ce que signifie ce terme de durabilit\u00e9 il est important de revenir sur la d\u00e9finition de \u00ab\u00a0d\u00e9veloppement durable\u00a0\u00bb et de \u00ab\u00a0rendement maximal durable\u00a0\u00bb.\" \/>\n<meta property=\"og:url\" content=\"https:\/\/anguilleresponsable.com\/index.php\/qui-sommes-nous\/une-peche-responsable\/\" \/>\n<meta property=\"og:site_name\" content=\"Anguille Responsable\" \/>\n<meta property=\"article:modified_time\" content=\"2022-12-05T07:00:03+00:00\" \/>\n<meta property=\"og:image\" content=\"https:\/\/anguilleresponsable.com\/wp-content\/uploads\/2022\/10\/DEVDURABLEshema.jpg\" \/>\n<meta name=\"twitter:card\" content=\"summary_large_image\" \/>\n<meta name=\"twitter:label1\" content=\"Dur\u00e9e de lecture estim\u00e9e\" \/>\n\t<meta name=\"twitter:data1\" content=\"4 minutes\" \/>\n<script type=\"application\/ld+json\" class=\"yoast-schema-graph\">{\"@context\":\"https:\/\/schema.org\",\"@graph\":[{\"@type\":\"WebPage\",\"@id\":\"https:\/\/anguilleresponsable.com\/index.php\/qui-sommes-nous\/une-peche-responsable\/\",\"url\":\"https:\/\/anguilleresponsable.com\/index.php\/qui-sommes-nous\/une-peche-responsable\/\",\"name\":\"Une p\u00eache responsable - Anguille Responsable\",\"isPartOf\":{\"@id\":\"https:\/\/anguilleresponsable.com\/#website\"},\"primaryImageOfPage\":{\"@id\":\"https:\/\/anguilleresponsable.com\/index.php\/qui-sommes-nous\/une-peche-responsable\/#primaryimage\"},\"image\":{\"@id\":\"https:\/\/anguilleresponsable.com\/index.php\/qui-sommes-nous\/une-peche-responsable\/#primaryimage\"},\"thumbnailUrl\":\"https:\/\/anguilleresponsable.com\/wp-content\/uploads\/2022\/10\/DEVDURABLEshema.jpg\",\"datePublished\":\"2022-10-02T13:24:37+00:00\",\"dateModified\":\"2022-12-05T07:00:03+00:00\",\"breadcrumb\":{\"@id\":\"https:\/\/anguilleresponsable.com\/index.php\/qui-sommes-nous\/une-peche-responsable\/#breadcrumb\"},\"inLanguage\":\"fr-FR\",\"potentialAction\":[{\"@type\":\"ReadAction\",\"target\":[\"https:\/\/anguilleresponsable.com\/index.php\/qui-sommes-nous\/une-peche-responsable\/\"]}]},{\"@type\":\"ImageObject\",\"inLanguage\":\"fr-FR\",\"@id\":\"https:\/\/anguilleresponsable.com\/index.php\/qui-sommes-nous\/une-peche-responsable\/#primaryimage\",\"url\":\"https:\/\/anguilleresponsable.com\/wp-content\/uploads\/2022\/10\/DEVDURABLEshema.jpg\",\"contentUrl\":\"https:\/\/anguilleresponsable.com\/wp-content\/uploads\/2022\/10\/DEVDURABLEshema.jpg\",\"width\":729,\"height\":587},{\"@type\":\"BreadcrumbList\",\"@id\":\"https:\/\/anguilleresponsable.com\/index.php\/qui-sommes-nous\/une-peche-responsable\/#breadcrumb\",\"itemListElement\":[{\"@type\":\"ListItem\",\"position\":1,\"name\":\"Accueil\",\"item\":\"https:\/\/anguilleresponsable.com\/\"},{\"@type\":\"ListItem\",\"position\":2,\"name\":\"Qui sommes-nous ?\",\"item\":\"https:\/\/anguilleresponsable.com\/index.php\/qui-sommes-nous\/\"},{\"@type\":\"ListItem\",\"position\":3,\"name\":\"Une p\u00eache responsable\"}]},{\"@type\":\"WebSite\",\"@id\":\"https:\/\/anguilleresponsable.com\/#website\",\"url\":\"https:\/\/anguilleresponsable.com\/\",\"name\":\"Anguille Responsable\",\"description\":\"Association Fran\u00e7aise pour la Promotion de la Marque Anguille Responsable\",\"publisher\":{\"@id\":\"https:\/\/anguilleresponsable.com\/#organization\"},\"alternateName\":\"AFPMAR\",\"potentialAction\":[{\"@type\":\"SearchAction\",\"target\":{\"@type\":\"EntryPoint\",\"urlTemplate\":\"https:\/\/anguilleresponsable.com\/?s={search_term_string}\"},\"query-input\":{\"@type\":\"PropertyValueSpecification\",\"valueRequired\":true,\"valueName\":\"search_term_string\"}}],\"inLanguage\":\"fr-FR\"},{\"@type\":\"Organization\",\"@id\":\"https:\/\/anguilleresponsable.com\/#organization\",\"name\":\"Anguille responsable\",\"alternateName\":\"AFPMAR\",\"url\":\"https:\/\/anguilleresponsable.com\/\",\"logo\":{\"@type\":\"ImageObject\",\"inLanguage\":\"fr-FR\",\"@id\":\"https:\/\/anguilleresponsable.com\/#\/schema\/logo\/image\/\",\"url\":\"https:\/\/anguilleresponsable.com\/wp-content\/uploads\/2024\/06\/marqueAFPMAR.jpg\",\"contentUrl\":\"https:\/\/anguilleresponsable.com\/wp-content\/uploads\/2024\/06\/marqueAFPMAR.jpg\",\"width\":1563,\"height\":1563,\"caption\":\"Anguille responsable\"},\"image\":{\"@id\":\"https:\/\/anguilleresponsable.com\/#\/schema\/logo\/image\/\"}}]}<\/script>\n<!-- \/ Yoast SEO plugin. -->","yoast_head_json":{"title":"Une p\u00eache responsable - Anguille Responsable","robots":{"index":"index","follow":"follow","max-snippet":"max-snippet:-1","max-image-preview":"max-image-preview:large","max-video-preview":"max-video-preview:-1"},"canonical":"https:\/\/anguilleresponsable.com\/index.php\/qui-sommes-nous\/une-peche-responsable\/","og_locale":"fr_FR","og_type":"article","og_title":"Une p\u00eache responsable - Anguille Responsable","og_description":"Responsable plut\u00f4t que durable La p\u00eache est qualifi\u00e9e d\u2019activit\u00e9 biologiquement durable lorsqu\u2019elle pr\u00e9l\u00e8ve pour un stock de poissons d\u00e9termin\u00e9 une quantit\u00e9 maximale d\u2019individus \u00e9gale au rendement maximal durable. Afin de bien expliquer ce que signifie ce terme de durabilit\u00e9 il est important de revenir sur la d\u00e9finition de \u00ab\u00a0d\u00e9veloppement durable\u00a0\u00bb et de \u00ab\u00a0rendement maximal durable\u00a0\u00bb.","og_url":"https:\/\/anguilleresponsable.com\/index.php\/qui-sommes-nous\/une-peche-responsable\/","og_site_name":"Anguille Responsable","article_modified_time":"2022-12-05T07:00:03+00:00","og_image":[{"url":"https:\/\/anguilleresponsable.com\/wp-content\/uploads\/2022\/10\/DEVDURABLEshema.jpg","type":"","width":"","height":""}],"twitter_card":"summary_large_image","twitter_misc":{"Dur\u00e9e de lecture estim\u00e9e":"4 minutes"},"schema":{"@context":"https:\/\/schema.org","@graph":[{"@type":"WebPage","@id":"https:\/\/anguilleresponsable.com\/index.php\/qui-sommes-nous\/une-peche-responsable\/","url":"https:\/\/anguilleresponsable.com\/index.php\/qui-sommes-nous\/une-peche-responsable\/","name":"Une p\u00eache responsable - Anguille Responsable","isPartOf":{"@id":"https:\/\/anguilleresponsable.com\/#website"},"primaryImageOfPage":{"@id":"https:\/\/anguilleresponsable.com\/index.php\/qui-sommes-nous\/une-peche-responsable\/#primaryimage"},"image":{"@id":"https:\/\/anguilleresponsable.com\/index.php\/qui-sommes-nous\/une-peche-responsable\/#primaryimage"},"thumbnailUrl":"https:\/\/anguilleresponsable.com\/wp-content\/uploads\/2022\/10\/DEVDURABLEshema.jpg","datePublished":"2022-10-02T13:24:37+00:00","dateModified":"2022-12-05T07:00:03+00:00","breadcrumb":{"@id":"https:\/\/anguilleresponsable.com\/index.php\/qui-sommes-nous\/une-peche-responsable\/#breadcrumb"},"inLanguage":"fr-FR","potentialAction":[{"@type":"ReadAction","target":["https:\/\/anguilleresponsable.com\/index.php\/qui-sommes-nous\/une-peche-responsable\/"]}]},{"@type":"ImageObject","inLanguage":"fr-FR","@id":"https:\/\/anguilleresponsable.com\/index.php\/qui-sommes-nous\/une-peche-responsable\/#primaryimage","url":"https:\/\/anguilleresponsable.com\/wp-content\/uploads\/2022\/10\/DEVDURABLEshema.jpg","contentUrl":"https:\/\/anguilleresponsable.com\/wp-content\/uploads\/2022\/10\/DEVDURABLEshema.jpg","width":729,"height":587},{"@type":"BreadcrumbList","@id":"https:\/\/anguilleresponsable.com\/index.php\/qui-sommes-nous\/une-peche-responsable\/#breadcrumb","itemListElement":[{"@type":"ListItem","position":1,"name":"Accueil","item":"https:\/\/anguilleresponsable.com\/"},{"@type":"ListItem","position":2,"name":"Qui sommes-nous ?","item":"https:\/\/anguilleresponsable.com\/index.php\/qui-sommes-nous\/"},{"@type":"ListItem","position":3,"name":"Une p\u00eache responsable"}]},{"@type":"WebSite","@id":"https:\/\/anguilleresponsable.com\/#website","url":"https:\/\/anguilleresponsable.com\/","name":"Anguille Responsable","description":"Association Fran\u00e7aise pour la Promotion de la Marque Anguille Responsable","publisher":{"@id":"https:\/\/anguilleresponsable.com\/#organization"},"alternateName":"AFPMAR","potentialAction":[{"@type":"SearchAction","target":{"@type":"EntryPoint","urlTemplate":"https:\/\/anguilleresponsable.com\/?s={search_term_string}"},"query-input":{"@type":"PropertyValueSpecification","valueRequired":true,"valueName":"search_term_string"}}],"inLanguage":"fr-FR"},{"@type":"Organization","@id":"https:\/\/anguilleresponsable.com\/#organization","name":"Anguille responsable","alternateName":"AFPMAR","url":"https:\/\/anguilleresponsable.com\/","logo":{"@type":"ImageObject","inLanguage":"fr-FR","@id":"https:\/\/anguilleresponsable.com\/#\/schema\/logo\/image\/","url":"https:\/\/anguilleresponsable.com\/wp-content\/uploads\/2024\/06\/marqueAFPMAR.jpg","contentUrl":"https:\/\/anguilleresponsable.com\/wp-content\/uploads\/2024\/06\/marqueAFPMAR.jpg","width":1563,"height":1563,"caption":"Anguille responsable"},"image":{"@id":"https:\/\/anguilleresponsable.com\/#\/schema\/logo\/image\/"}}]}},"_links":{"self":[{"href":"https:\/\/anguilleresponsable.com\/index.php\/wp-json\/wp\/v2\/pages\/1543","targetHints":{"allow":["GET"]}}],"collection":[{"href":"https:\/\/anguilleresponsable.com\/index.php\/wp-json\/wp\/v2\/pages"}],"about":[{"href":"https:\/\/anguilleresponsable.com\/index.php\/wp-json\/wp\/v2\/types\/page"}],"author":[{"embeddable":true,"href":"https:\/\/anguilleresponsable.com\/index.php\/wp-json\/wp\/v2\/users\/2"}],"replies":[{"embeddable":true,"href":"https:\/\/anguilleresponsable.com\/index.php\/wp-json\/wp\/v2\/comments?post=1543"}],"version-history":[{"count":86,"href":"https:\/\/anguilleresponsable.com\/index.php\/wp-json\/wp\/v2\/pages\/1543\/revisions"}],"predecessor-version":[{"id":4925,"href":"https:\/\/anguilleresponsable.com\/index.php\/wp-json\/wp\/v2\/pages\/1543\/revisions\/4925"}],"up":[{"embeddable":true,"href":"https:\/\/anguilleresponsable.com\/index.php\/wp-json\/wp\/v2\/pages\/1531"}],"wp:attachment":[{"href":"https:\/\/anguilleresponsable.com\/index.php\/wp-json\/wp\/v2\/media?parent=1543"}],"curies":[{"name":"wp","href":"https:\/\/api.w.org\/{rel}","templated":true}]}}