{"id":1537,"date":"2022-10-02T15:23:16","date_gmt":"2022-10-02T13:23:16","guid":{"rendered":"https:\/\/anguilleresponsable.com\/?page_id=1537"},"modified":"2022-10-18T09:25:13","modified_gmt":"2022-10-18T07:25:13","slug":"criteres-de-tracabilite","status":"publish","type":"page","link":"https:\/\/anguilleresponsable.com\/index.php\/criteres-de-tracabilite\/","title":{"rendered":"Crit\u00e8res de tra\u00e7abilit\u00e9"},"content":{"rendered":"\t\t<div data-elementor-type=\"wp-page\" data-elementor-id=\"1537\" class=\"elementor elementor-1537\">\n\t\t\t\t\t\t<section class=\"elementor-section elementor-top-section elementor-element elementor-element-4cb8ef3 elementor-section-boxed elementor-section-height-default elementor-section-height-default\" data-id=\"4cb8ef3\" data-element_type=\"section\" data-e-type=\"section\">\n\t\t\t\t\t\t<div class=\"elementor-container elementor-column-gap-default\">\n\t\t\t\t\t<div class=\"elementor-column elementor-col-100 elementor-top-column elementor-element elementor-element-8d08d3d\" data-id=\"8d08d3d\" data-element_type=\"column\" data-e-type=\"column\">\n\t\t\t<div class=\"elementor-widget-wrap elementor-element-populated\">\n\t\t\t\t\t\t<div class=\"elementor-element elementor-element-57a17f0 elementor-widget elementor-widget-heading\" data-id=\"57a17f0\" data-element_type=\"widget\" data-e-type=\"widget\" data-widget_type=\"heading.default\">\n\t\t\t\t<div class=\"elementor-widget-container\">\n\t\t\t\t\t<h2 class=\"elementor-heading-title elementor-size-default\">Vers une tra\u00e7abilit\u00e9 sans faille de la p\u00eache professionnelle et du mareyage.<\/h2>\t\t\t\t<\/div>\n\t\t\t\t<\/div>\n\t\t\t\t\t<\/div>\n\t\t<\/div>\n\t\t\t\t\t<\/div>\n\t\t<\/section>\n\t\t\t\t<section class=\"elementor-section elementor-top-section elementor-element elementor-element-d7f074b elementor-section-boxed elementor-section-height-default elementor-section-height-default\" data-id=\"d7f074b\" data-element_type=\"section\" data-e-type=\"section\">\n\t\t\t\t\t\t<div class=\"elementor-container elementor-column-gap-default\">\n\t\t\t\t\t<div class=\"elementor-column elementor-col-50 elementor-top-column elementor-element elementor-element-f7d817d\" data-id=\"f7d817d\" data-element_type=\"column\" data-e-type=\"column\">\n\t\t\t<div class=\"elementor-widget-wrap elementor-element-populated\">\n\t\t\t\t\t\t<div class=\"elementor-element elementor-element-b4f9b9d elementor-widget elementor-widget-text-editor\" data-id=\"b4f9b9d\" data-element_type=\"widget\" data-e-type=\"widget\" data-widget_type=\"text-editor.default\">\n\t\t\t\t<div class=\"elementor-widget-container\">\n\t\t\t\t\t\t\t\t\t<p>La p\u00eache professionnelle de la civelle en France est une des mieux contr\u00f4l\u00e9es de l&rsquo;hexagone. Depuis sa capture, son d\u00e9barquement, son transport vers le mareyeur, son stockage et son acheminement vers l&rsquo;utilisateur final pour des besoins de consommation et de repeuplement.\u00a0<\/p><p>Bien s\u00fbr, il existe et existera toujours des fraudes compte-tenu du prix pay\u00e9 par le march\u00e9 asiatique pour cet alevin et qui est 5 fois plus important que celui octroy\u00e9 par le march\u00e9 europ\u00e9en, mais cela a toujours \u00e9t\u00e9 combattu par la fili\u00e8re anguille fran\u00e7aise et l&rsquo;AFPMAR fait de la transparence de l&rsquo;activit\u00e9 de ses adh\u00e9rents et du commerce que cela g\u00e9n\u00e8re un objectif majeur.\u00a0 Le sch\u00e9ma ci-joint montre de mani\u00e8re sch\u00e9matique les diff\u00e9rentes \u00e9tapes de contr\u00f4le que subit le p\u00eacheur et le mareyage de la capture \u00e0 la vente vers l&rsquo;utilisateur final.\u00a0 \u00a0<\/p>\t\t\t\t\t\t\t\t<\/div>\n\t\t\t\t<\/div>\n\t\t\t\t\t<\/div>\n\t\t<\/div>\n\t\t\t\t<div class=\"elementor-column elementor-col-50 elementor-top-column elementor-element elementor-element-6853657\" data-id=\"6853657\" data-element_type=\"column\" data-e-type=\"column\">\n\t\t\t<div class=\"elementor-widget-wrap elementor-element-populated\">\n\t\t\t\t\t\t<div class=\"elementor-element elementor-element-05d99ba elementor-widget elementor-widget-image\" data-id=\"05d99ba\" data-element_type=\"widget\" data-e-type=\"widget\" data-widget_type=\"image.default\">\n\t\t\t\t<div class=\"elementor-widget-container\">\n\t\t\t\t\t\t\t\t\t\t\t\t<figure class=\"wp-caption\">\n\t\t\t\t\t\t\t\t\t\t<img fetchpriority=\"high\" decoding=\"async\" width=\"1280\" height=\"720\" src=\"https:\/\/anguilleresponsable.com\/wp-content\/uploads\/2022\/10\/mareyage.jpg\" class=\"attachment-full size-full wp-image-2057\" alt=\"\" srcset=\"https:\/\/anguilleresponsable.com\/wp-content\/uploads\/2022\/10\/mareyage.jpg 1280w, https:\/\/anguilleresponsable.com\/wp-content\/uploads\/2022\/10\/mareyage-300x169.jpg 300w, https:\/\/anguilleresponsable.com\/wp-content\/uploads\/2022\/10\/mareyage-1024x576.jpg 1024w, https:\/\/anguilleresponsable.com\/wp-content\/uploads\/2022\/10\/mareyage-768x432.jpg 768w, https:\/\/anguilleresponsable.com\/wp-content\/uploads\/2022\/10\/mareyage-378x213.jpg 378w\" sizes=\"(max-width: 1280px) 100vw, 1280px\" \/>\t\t\t\t\t\t\t\t\t\t\t<figcaption class=\"widget-image-caption wp-caption-text\">D\u00e8s la fin de la sortie de p\u00eache, le professionnel doit remplir imm\u00e9diatement et avant tout transport, sa fiche de p\u00eache indiquant le poids (mesur\u00e9 \u00e0 10% pr\u00e8s), son lieu de p\u00eache, l'utilisation du produit (consommation ou d\u00e9barquement) et le lieu de d\u00e9chargement de sa prise : adresse du mareyeur ou de son lieu de stockage provisoire. Chez le mareyeur, la prise est pes\u00e9e apr\u00e8s \u00e9gouttage, le mareyeur d\u00e9livre alors un bon de livraison indiquant le poids, le prix au kg et le ou les num\u00e9ros de fiches de p\u00eache qui correspondent au lot pes\u00e9 qui est pris soit sur le quota de consommation soit sur le quota de repeuplement. Le mareyeur stocke les civelles dans un ou plusieurs viviers et devra comptabiliser la mortalit\u00e9 et d\u00e9falquer la perte de poids li\u00e9e \u00e0 l'amaigrissement des civelles. D\u00e8s qu'une commande est faite par un utilisateur final pour de la consommation ou du repeuplement, il est pr\u00e9lev\u00e9 sur le stock en place la quantit\u00e9 demand\u00e9e qui sera d\u00e9compt\u00e9e sur le stock de consommation ou de repeuplement suivant la nature de la commande. Un mareyeur ne peut en aucun cas pr\u00e9lever des civelles sur le stock de repeuplement pour honorer une commande concernant de la consommation et vice-versa. Le mareyeur \u00e9tabli ensuite un bordereau de livraison \u00e9tablissant le prix au kg et la quantit\u00e9 d\u00e9livr\u00e9e \u00e0 l'acheteur accompagn\u00e9 d'un listing indiquant les fiches de p\u00eache num\u00e9rot\u00e9es qui ont servi \u00e0 honorer la commande. Ces documents sont ensuite r\u00e9pertori\u00e9s dans un fichier TRACES \u00e0 la r\u00e9ception chez l'acheteur. <\/figcaption>\n\t\t\t\t\t\t\t\t\t\t<\/figure>\n\t\t\t\t\t\t\t\t\t<\/div>\n\t\t\t\t<\/div>\n\t\t\t\t\t<\/div>\n\t\t<\/div>\n\t\t\t\t\t<\/div>\n\t\t<\/section>\n\t\t\t\t<\/div>\n\t\t","protected":false},"excerpt":{"rendered":"Vers une tra\u00e7abilit\u00e9 sans faille de la p\u00eache professionnelle et du mareyage. La p\u00eache professionnelle de la civelle en France est une des mieux contr\u00f4l\u00e9es de l&rsquo;hexagone. Depuis sa capture, son d\u00e9barquement, son transport vers le mareyeur, son stockage et son acheminement vers l&rsquo;utilisateur final pour des besoins de consommation et de repeuplement.\u00a0 Bien s\u00fbr, ","protected":false},"author":2,"featured_media":0,"parent":0,"menu_order":0,"comment_status":"closed","ping_status":"closed","template":"","meta":{"footnotes":""},"class_list":["post-1537","page","type-page","status-publish","hentry"],"yoast_head":"<!-- This site is optimized with the Yoast SEO plugin v27.2 - https:\/\/yoast.com\/product\/yoast-seo-wordpress\/ -->\n<title>Crit\u00e8res de tra\u00e7abilit\u00e9 - Anguille Responsable<\/title>\n<meta name=\"robots\" content=\"index, follow, max-snippet:-1, max-image-preview:large, max-video-preview:-1\" \/>\n<link rel=\"canonical\" href=\"https:\/\/anguilleresponsable.com\/index.php\/criteres-de-tracabilite\/\" \/>\n<meta property=\"og:locale\" content=\"fr_FR\" \/>\n<meta property=\"og:type\" content=\"article\" \/>\n<meta property=\"og:title\" content=\"Crit\u00e8res de tra\u00e7abilit\u00e9 - Anguille Responsable\" \/>\n<meta property=\"og:description\" content=\"Vers une tra\u00e7abilit\u00e9 sans faille de la p\u00eache professionnelle et du mareyage. La p\u00eache professionnelle de la civelle en France est une des mieux contr\u00f4l\u00e9es de l&rsquo;hexagone. Depuis sa capture, son d\u00e9barquement, son transport vers le mareyeur, son stockage et son acheminement vers l&rsquo;utilisateur final pour des besoins de consommation et de repeuplement.\u00a0 Bien s\u00fbr,\" \/>\n<meta property=\"og:url\" content=\"https:\/\/anguilleresponsable.com\/index.php\/criteres-de-tracabilite\/\" \/>\n<meta property=\"og:site_name\" content=\"Anguille Responsable\" \/>\n<meta property=\"article:modified_time\" content=\"2022-10-18T07:25:13+00:00\" \/>\n<meta property=\"og:image\" content=\"https:\/\/anguilleresponsable.com\/wp-content\/uploads\/2022\/10\/mareyage.jpg\" \/>\n<meta name=\"twitter:card\" content=\"summary_large_image\" \/>\n<meta name=\"twitter:label1\" content=\"Dur\u00e9e de lecture estim\u00e9e\" \/>\n\t<meta name=\"twitter:data1\" content=\"2 minutes\" \/>\n<script type=\"application\/ld+json\" class=\"yoast-schema-graph\">{\"@context\":\"https:\/\/schema.org\",\"@graph\":[{\"@type\":\"WebPage\",\"@id\":\"https:\/\/anguilleresponsable.com\/index.php\/criteres-de-tracabilite\/\",\"url\":\"https:\/\/anguilleresponsable.com\/index.php\/criteres-de-tracabilite\/\",\"name\":\"Crit\u00e8res de tra\u00e7abilit\u00e9 - Anguille Responsable\",\"isPartOf\":{\"@id\":\"https:\/\/anguilleresponsable.com\/#website\"},\"primaryImageOfPage\":{\"@id\":\"https:\/\/anguilleresponsable.com\/index.php\/criteres-de-tracabilite\/#primaryimage\"},\"image\":{\"@id\":\"https:\/\/anguilleresponsable.com\/index.php\/criteres-de-tracabilite\/#primaryimage\"},\"thumbnailUrl\":\"https:\/\/anguilleresponsable.com\/wp-content\/uploads\/2022\/10\/mareyage.jpg\",\"datePublished\":\"2022-10-02T13:23:16+00:00\",\"dateModified\":\"2022-10-18T07:25:13+00:00\",\"breadcrumb\":{\"@id\":\"https:\/\/anguilleresponsable.com\/index.php\/criteres-de-tracabilite\/#breadcrumb\"},\"inLanguage\":\"fr-FR\",\"potentialAction\":[{\"@type\":\"ReadAction\",\"target\":[\"https:\/\/anguilleresponsable.com\/index.php\/criteres-de-tracabilite\/\"]}]},{\"@type\":\"ImageObject\",\"inLanguage\":\"fr-FR\",\"@id\":\"https:\/\/anguilleresponsable.com\/index.php\/criteres-de-tracabilite\/#primaryimage\",\"url\":\"https:\/\/anguilleresponsable.com\/wp-content\/uploads\/2022\/10\/mareyage.jpg\",\"contentUrl\":\"https:\/\/anguilleresponsable.com\/wp-content\/uploads\/2022\/10\/mareyage.jpg\",\"width\":1280,\"height\":720},{\"@type\":\"BreadcrumbList\",\"@id\":\"https:\/\/anguilleresponsable.com\/index.php\/criteres-de-tracabilite\/#breadcrumb\",\"itemListElement\":[{\"@type\":\"ListItem\",\"position\":1,\"name\":\"Accueil\",\"item\":\"https:\/\/anguilleresponsable.com\/\"},{\"@type\":\"ListItem\",\"position\":2,\"name\":\"Crit\u00e8res de tra\u00e7abilit\u00e9\"}]},{\"@type\":\"WebSite\",\"@id\":\"https:\/\/anguilleresponsable.com\/#website\",\"url\":\"https:\/\/anguilleresponsable.com\/\",\"name\":\"Anguille Responsable\",\"description\":\"Association Fran\u00e7aise pour la Promotion de la Marque Anguille Responsable\",\"publisher\":{\"@id\":\"https:\/\/anguilleresponsable.com\/#organization\"},\"alternateName\":\"AFPMAR\",\"potentialAction\":[{\"@type\":\"SearchAction\",\"target\":{\"@type\":\"EntryPoint\",\"urlTemplate\":\"https:\/\/anguilleresponsable.com\/?s={search_term_string}\"},\"query-input\":{\"@type\":\"PropertyValueSpecification\",\"valueRequired\":true,\"valueName\":\"search_term_string\"}}],\"inLanguage\":\"fr-FR\"},{\"@type\":\"Organization\",\"@id\":\"https:\/\/anguilleresponsable.com\/#organization\",\"name\":\"Anguille responsable\",\"alternateName\":\"AFPMAR\",\"url\":\"https:\/\/anguilleresponsable.com\/\",\"logo\":{\"@type\":\"ImageObject\",\"inLanguage\":\"fr-FR\",\"@id\":\"https:\/\/anguilleresponsable.com\/#\/schema\/logo\/image\/\",\"url\":\"https:\/\/anguilleresponsable.com\/wp-content\/uploads\/2024\/06\/marqueAFPMAR.jpg\",\"contentUrl\":\"https:\/\/anguilleresponsable.com\/wp-content\/uploads\/2024\/06\/marqueAFPMAR.jpg\",\"width\":1563,\"height\":1563,\"caption\":\"Anguille responsable\"},\"image\":{\"@id\":\"https:\/\/anguilleresponsable.com\/#\/schema\/logo\/image\/\"}}]}<\/script>\n<!-- \/ Yoast SEO plugin. -->","yoast_head_json":{"title":"Crit\u00e8res de tra\u00e7abilit\u00e9 - Anguille Responsable","robots":{"index":"index","follow":"follow","max-snippet":"max-snippet:-1","max-image-preview":"max-image-preview:large","max-video-preview":"max-video-preview:-1"},"canonical":"https:\/\/anguilleresponsable.com\/index.php\/criteres-de-tracabilite\/","og_locale":"fr_FR","og_type":"article","og_title":"Crit\u00e8res de tra\u00e7abilit\u00e9 - Anguille Responsable","og_description":"Vers une tra\u00e7abilit\u00e9 sans faille de la p\u00eache professionnelle et du mareyage. La p\u00eache professionnelle de la civelle en France est une des mieux contr\u00f4l\u00e9es de l&rsquo;hexagone. Depuis sa capture, son d\u00e9barquement, son transport vers le mareyeur, son stockage et son acheminement vers l&rsquo;utilisateur final pour des besoins de consommation et de repeuplement.\u00a0 Bien s\u00fbr,","og_url":"https:\/\/anguilleresponsable.com\/index.php\/criteres-de-tracabilite\/","og_site_name":"Anguille Responsable","article_modified_time":"2022-10-18T07:25:13+00:00","og_image":[{"url":"https:\/\/anguilleresponsable.com\/wp-content\/uploads\/2022\/10\/mareyage.jpg","type":"","width":"","height":""}],"twitter_card":"summary_large_image","twitter_misc":{"Dur\u00e9e de lecture estim\u00e9e":"2 minutes"},"schema":{"@context":"https:\/\/schema.org","@graph":[{"@type":"WebPage","@id":"https:\/\/anguilleresponsable.com\/index.php\/criteres-de-tracabilite\/","url":"https:\/\/anguilleresponsable.com\/index.php\/criteres-de-tracabilite\/","name":"Crit\u00e8res de tra\u00e7abilit\u00e9 - Anguille Responsable","isPartOf":{"@id":"https:\/\/anguilleresponsable.com\/#website"},"primaryImageOfPage":{"@id":"https:\/\/anguilleresponsable.com\/index.php\/criteres-de-tracabilite\/#primaryimage"},"image":{"@id":"https:\/\/anguilleresponsable.com\/index.php\/criteres-de-tracabilite\/#primaryimage"},"thumbnailUrl":"https:\/\/anguilleresponsable.com\/wp-content\/uploads\/2022\/10\/mareyage.jpg","datePublished":"2022-10-02T13:23:16+00:00","dateModified":"2022-10-18T07:25:13+00:00","breadcrumb":{"@id":"https:\/\/anguilleresponsable.com\/index.php\/criteres-de-tracabilite\/#breadcrumb"},"inLanguage":"fr-FR","potentialAction":[{"@type":"ReadAction","target":["https:\/\/anguilleresponsable.com\/index.php\/criteres-de-tracabilite\/"]}]},{"@type":"ImageObject","inLanguage":"fr-FR","@id":"https:\/\/anguilleresponsable.com\/index.php\/criteres-de-tracabilite\/#primaryimage","url":"https:\/\/anguilleresponsable.com\/wp-content\/uploads\/2022\/10\/mareyage.jpg","contentUrl":"https:\/\/anguilleresponsable.com\/wp-content\/uploads\/2022\/10\/mareyage.jpg","width":1280,"height":720},{"@type":"BreadcrumbList","@id":"https:\/\/anguilleresponsable.com\/index.php\/criteres-de-tracabilite\/#breadcrumb","itemListElement":[{"@type":"ListItem","position":1,"name":"Accueil","item":"https:\/\/anguilleresponsable.com\/"},{"@type":"ListItem","position":2,"name":"Crit\u00e8res de tra\u00e7abilit\u00e9"}]},{"@type":"WebSite","@id":"https:\/\/anguilleresponsable.com\/#website","url":"https:\/\/anguilleresponsable.com\/","name":"Anguille Responsable","description":"Association Fran\u00e7aise pour la Promotion de la Marque Anguille Responsable","publisher":{"@id":"https:\/\/anguilleresponsable.com\/#organization"},"alternateName":"AFPMAR","potentialAction":[{"@type":"SearchAction","target":{"@type":"EntryPoint","urlTemplate":"https:\/\/anguilleresponsable.com\/?s={search_term_string}"},"query-input":{"@type":"PropertyValueSpecification","valueRequired":true,"valueName":"search_term_string"}}],"inLanguage":"fr-FR"},{"@type":"Organization","@id":"https:\/\/anguilleresponsable.com\/#organization","name":"Anguille responsable","alternateName":"AFPMAR","url":"https:\/\/anguilleresponsable.com\/","logo":{"@type":"ImageObject","inLanguage":"fr-FR","@id":"https:\/\/anguilleresponsable.com\/#\/schema\/logo\/image\/","url":"https:\/\/anguilleresponsable.com\/wp-content\/uploads\/2024\/06\/marqueAFPMAR.jpg","contentUrl":"https:\/\/anguilleresponsable.com\/wp-content\/uploads\/2024\/06\/marqueAFPMAR.jpg","width":1563,"height":1563,"caption":"Anguille responsable"},"image":{"@id":"https:\/\/anguilleresponsable.com\/#\/schema\/logo\/image\/"}}]}},"_links":{"self":[{"href":"https:\/\/anguilleresponsable.com\/index.php\/wp-json\/wp\/v2\/pages\/1537","targetHints":{"allow":["GET"]}}],"collection":[{"href":"https:\/\/anguilleresponsable.com\/index.php\/wp-json\/wp\/v2\/pages"}],"about":[{"href":"https:\/\/anguilleresponsable.com\/index.php\/wp-json\/wp\/v2\/types\/page"}],"author":[{"embeddable":true,"href":"https:\/\/anguilleresponsable.com\/index.php\/wp-json\/wp\/v2\/users\/2"}],"replies":[{"embeddable":true,"href":"https:\/\/anguilleresponsable.com\/index.php\/wp-json\/wp\/v2\/comments?post=1537"}],"version-history":[{"count":28,"href":"https:\/\/anguilleresponsable.com\/index.php\/wp-json\/wp\/v2\/pages\/1537\/revisions"}],"predecessor-version":[{"id":2086,"href":"https:\/\/anguilleresponsable.com\/index.php\/wp-json\/wp\/v2\/pages\/1537\/revisions\/2086"}],"wp:attachment":[{"href":"https:\/\/anguilleresponsable.com\/index.php\/wp-json\/wp\/v2\/media?parent=1537"}],"curies":[{"name":"wp","href":"https:\/\/api.w.org\/{rel}","templated":true}]}}